{"id":29304,"date":"2022-09-10T23:06:47","date_gmt":"2022-09-10T21:06:47","guid":{"rendered":"https:\/\/www.amsterdamrepublic.com\/geschmacksrichtungen\/"},"modified":"2025-12-15T13:43:05","modified_gmt":"2025-12-15T12:43:05","slug":"geschmacksrichtungen","status":"publish","type":"page","link":"https:\/\/www.amsterdamrepublic.com\/de\/geschmacksrichtungen\/","title":{"rendered":"Geschmacksrichtungen"},"content":{"rendered":"\n\n  \n    <div class=\"row large-columns-4 medium-columns-3 small-columns-2 row-small\" >\n  <div class=\"product-category col\" data-animate=\"fadeInUp\">\n            <div class=\"col-inner\">\n              <a aria-label=\"Produktkategorie Premium Wodkas besuchen\" href=\"https:\/\/www.amsterdamrepublic.com\/de\/premium-wodkas\/\">                <div class=\"box box-category has-hover box-default \">\n                <div class=\"box-image\" >\n                  <div class=\"\" >\n                  <img loading=\"lazy\" decoding=\"async\" src=\"https:\/\/www.amsterdamrepublic.com\/wp-content\/uploads\/2025\/12\/vodka-splash-2-400x400.png\" alt=\"Premium Wodkas\" width=\"300\" height=\"300\" \/>                                                      <\/div>\n                <\/div>\n                <div class=\"box-text text-center is-large\" >\n                  <div class=\"box-text-inner\">\n                      <h5 class=\"uppercase header-title\">\n                              Premium Wodkas                      <\/h5>\n                                            <p class=\"is-xsmall uppercase count \">\n\t                      4 Produkte                      <\/p>\n                                            \n                  <\/div>\n                <\/div>\n                <\/div>\n            <\/a>            <\/div>\n            <\/div><div class=\"product-category col\" data-animate=\"fadeInUp\">\n            <div class=\"col-inner\">\n              <a aria-label=\"Produktkategorie Gin &amp; Lik\u00f6re besuchen\" href=\"https:\/\/www.amsterdamrepublic.com\/de\/gin-likore\/\">                <div class=\"box box-category has-hover box-default \">\n                <div class=\"box-image\" >\n                  <div class=\"\" >\n                  <img loading=\"lazy\" decoding=\"async\" src=\"https:\/\/www.amsterdamrepublic.com\/wp-content\/uploads\/2025\/12\/Gin-en-likeuren-categorie-1-1-400x400.png\" alt=\"Gin &amp; Lik\u00f6re\" width=\"300\" height=\"300\" \/>                                                      <\/div>\n                <\/div>\n                <div class=\"box-text text-center is-large\" >\n                  <div class=\"box-text-inner\">\n                      <h5 class=\"uppercase header-title\">\n                              Gin &amp; Lik\u00f6re                      <\/h5>\n                                            <p class=\"is-xsmall uppercase count \">\n\t                      3 Produkte                      <\/p>\n                                            \n                  <\/div>\n                <\/div>\n                <\/div>\n            <\/a>            <\/div>\n            <\/div><div class=\"product-category col\" data-animate=\"fadeInUp\">\n            <div class=\"col-inner\">\n              <a aria-label=\"Produktkategorie Limited Editions &amp; Specials besuchen\" href=\"https:\/\/www.amsterdamrepublic.com\/de\/limited-editions-specials\/\">                <div class=\"box box-category has-hover box-default \">\n                <div class=\"box-image\" >\n                  <div class=\"\" >\n                  <img loading=\"lazy\" decoding=\"async\" src=\"https:\/\/www.amsterdamrepublic.com\/wp-content\/uploads\/2025\/12\/Specials-1-400x400.png\" alt=\"Limited Editions &amp; Specials\" width=\"300\" height=\"300\" \/>                                                      <\/div>\n                <\/div>\n                <div class=\"box-text text-center is-large\" >\n                  <div class=\"box-text-inner\">\n                      <h5 class=\"uppercase header-title\">\n                              Limited Editions &amp; Specials                      <\/h5>\n                                            <p class=\"is-xsmall uppercase count \">\n\t                      4 Produkte                      <\/p>\n                                            \n                  <\/div>\n                <\/div>\n                <\/div>\n            <\/a>            <\/div>\n            <\/div><div class=\"product-category col\" data-animate=\"fadeInUp\">\n            <div class=\"col-inner\">\n              <a aria-label=\"Produktkategorie Kanister besuchen\" href=\"https:\/\/www.amsterdamrepublic.com\/de\/kanister\/\">                <div class=\"box box-category has-hover box-default \">\n                <div class=\"box-image\" >\n                  <div class=\"\" >\n                  <img loading=\"lazy\" decoding=\"async\" src=\"https:\/\/www.amsterdamrepublic.com\/wp-content\/uploads\/2025\/10\/Jerrycans-categorie-vodka.png\" alt=\"Kanister\" width=\"300\" height=\"300\" \/>                                                      <\/div>\n                <\/div>\n                <div class=\"box-text text-center is-large\" >\n                  <div class=\"box-text-inner\">\n                      <h5 class=\"uppercase header-title\">\n                              Kanister                      <\/h5>\n                                            <p class=\"is-xsmall uppercase count \">\n\t                      2 Produkte                      <\/p>\n                                            \n                  <\/div>\n                <\/div>\n                <\/div>\n            <\/a>            <\/div>\n            <\/div><\/div>\n\n\n\t<section class=\"section\" id=\"section_1608856316\">\n\t\t<div class=\"section-bg fill\" >\n\t\t\t<img loading=\"lazy\" decoding=\"async\" width=\"1920\" height=\"1280\" src=\"https:\/\/www.amsterdamrepublic.com\/wp-content\/uploads\/2021\/07\/Amsterdam-Vodka-Full-Pink.jpg\" class=\"bg attachment-original size-original\" alt=\"Amsterdam\">\t\t\t\t\t\t<div class=\"section-bg-overlay absolute fill\"><\/div>\n\t\t\t\n\n\t\t<\/div>\n\n\t\t\n\n\t\t<div class=\"section-content relative\">\n\t\t\t\n\n<div class=\"row align-middle\"  id=\"row-1548842346\">\n\n\n\t<div id=\"col-1025958245\" class=\"col medium-12 small-12 large-6\"  >\n\t\t\t\t<div class=\"col-inner\"  >\n\t\t\t\n\t\t\t\n\n\t<div id=\"text-3998428904\" class=\"text\">\n\t\t\n\n<h1><strong><span style=\"color: #ffffff;\">Premium Wodka<\/span><\/strong><\/h1>\n\t\t\n<style>\n#text-3998428904 {\n  font-size: 1.75rem;\n  line-height: 1.5;\n}\n@media (min-width:550px) {\n  #text-3998428904 {\n    font-size: 1.5rem;\n  }\n}\n<\/style>\n\t<\/div>\n\t\n\t<div id=\"text-3077146900\" class=\"text\">\n\t\t\n\n<h3><span style=\"font-size: 100%; color: #ffffff;\">Ein Muss f\u00fcr jeden, der sich mit Amsterdam verbunden f\u00fchlt, aber auch sch\u00f6n, um es an Freunde au\u00dferhalb der Stadt zu verschenken. Diese <span style=\"text-decoration: underline;\"><strong><a style=\"color: #ffffff; text-decoration: underline;\" href=\"https:\/\/www.amsterdamrepublic.com\/de\/produkt\/premium-amsterdam-vodka\/\">Amsterdamse fles<\/a><\/strong><\/span> ist mit echtem Amsterdamer Wodka gef\u00fcllt und schmeckt weich auf der Zunge. <\/span><\/h3>\n<h3><span style=\"font-size: 100%; color: #ffffff;\">Amsterdam Republic Vodka ist ein unvergleichlich weicher Wodka, der in Amsterdam destilliert und abgef\u00fcllt wird. Das Bio-Getreide stammt von Bauern aus der Umgebung der Stadt, das wir mit dem herrlich weichen Amsterdamer Wasser kombinieren. <\/span><\/h3>\n\t\t\n<style>\n#text-3077146900 {\n  font-size: 1rem;\n  color: rgb(255, 255, 255);\n}\n#text-3077146900 > * {\n  color: rgb(255, 255, 255);\n}\n<\/style>\n\t<\/div>\n\t\n\t<div id=\"gap-1545091353\" class=\"gap-element clearfix\" style=\"display:block; height:auto;\">\n\t\t\n<style>\n#gap-1545091353 {\n  padding-top: 58px;\n}\n<\/style>\n\t<\/div>\n\t\n\n\t<div id=\"stack-1028347203\" class=\"stack stack-row justify-start items-stretch\">\n\t\t\n\n<a href=\"https:\/\/www.amsterdamrepublic.com\/de\/produkt\/premium-amsterdam-vodka\/\" class=\"button secondary\" style=\"border-radius:7px;padding:10px 30px 10px 30px;\">\n\t<i class=\"icon-shopping-cart\" aria-hidden=\"true\"><\/i>\t<span>Bestellen<\/span>\n\t<\/a>\n\n\n<a href=\"https:\/\/www.amsterdamrepublic.com\/de\/wo-zu-kaufen\/\" class=\"button white\" style=\"border-radius:7px;padding:10px 30px 10px 30px;\">\n\t\t<span>Shop suchen<\/span>\n\t<i class=\"icon-angle-right\" aria-hidden=\"true\"><\/i><\/a>\n\n\n\n\t\t\n<style>\n#stack-1028347203 > * {\n  --stack-gap: 1.5rem;\n}\n<\/style>\n\t<\/div>\n\t\n\n\t\t<\/div>\n\t\t\t\t\t<\/div>\n\n\t\n\n<\/div>\n\n\t\t<\/div>\n\n\t\t\n<style>\n#section_1608856316 {\n  padding-top: 20px;\n  padding-bottom: 20px;\n  background-color: rgb(255, 255, 255);\n}\n#section_1608856316 .section-bg-overlay {\n  background-color: rgba(0, 0, 0, 0.424);\n}\n#section_1608856316 .section-bg img {\n  object-position: 79% 37%;\n}\n@media (min-width:550px) {\n  #section_1608856316 {\n    padding-top: 50px;\n    padding-bottom: 50px;\n  }\n}\n@media (min-width:850px) {\n  #section_1608856316 {\n    padding-top: 92px;\n    padding-bottom: 92px;\n  }\n}\n<\/style>\n\t<\/section>\n\t\n\n\t<section class=\"section\" id=\"section_1782760645\">\n\t\t<div class=\"section-bg fill\" >\n\t\t\t<img loading=\"lazy\" decoding=\"async\" width=\"1652\" height=\"747\" src=\"https:\/\/www.amsterdamrepublic.com\/wp-content\/uploads\/2023\/04\/vanilla-banner-smaken.jpg\" class=\"bg attachment-original size-original\" alt=\"Amsterdam\">\t\t\t\t\t\t<div class=\"section-bg-overlay absolute fill\"><\/div>\n\t\t\t\n\n\t\t<\/div>\n\n\t\t\n\n\t\t<div class=\"section-content relative\">\n\t\t\t\n\n<div class=\"row align-middle\"  id=\"row-539244845\">\n\n\n\t<div id=\"col-1715202087\" class=\"col medium-12 small-12 large-6\"  >\n\t\t\t\t<div class=\"col-inner\"  >\n\t\t\t\n\t\t\t\n\n\t<div id=\"text-3891133454\" class=\"text\">\n\t\t\n\n<h2><strong>Vanille Wodka<\/strong><\/h2>\n\t\t\n<style>\n#text-3891133454 {\n  font-size: 1.75rem;\n  line-height: 1.5;\n  color: rgb(255, 255, 255);\n}\n#text-3891133454 > * {\n  color: rgb(255, 255, 255);\n}\n@media (min-width:550px) {\n  #text-3891133454 {\n    font-size: 1.5rem;\n  }\n}\n<\/style>\n\t<\/div>\n\t\n\t<div id=\"text-3759837404\" class=\"text\">\n\t\t\n\n<h3 class=\"lead\">Amsterdam Republic Vanilla Vodka hat einen herrlich weichen und s\u00fc\u00dfen Geschmack, kombiniert mit der leichten W\u00fcrze unseres <span style=\"color: #ffffff;\"><strong> <a style=\"color: #ffffff;\" href=\"https:\/\/www.amsterdamrepublic.com\/de\/produkt\/premium-amsterdam-vodka\/\" data-wplink-edit=\"true\">Premium Wodkas<\/a><\/strong>.<\/span> Der Duft des Vanilla Wodkas ist warm, s\u00fc\u00df und erinnert an das Backen von k\u00f6stlichen Keksen.<\/h3>\n\t\t\n<style>\n#text-3759837404 {\n  font-size: 1rem;\n  color: rgb(255, 255, 255);\n}\n#text-3759837404 > * {\n  color: rgb(255, 255, 255);\n}\n<\/style>\n\t<\/div>\n\t\n\t<div id=\"gap-80950505\" class=\"gap-element clearfix\" style=\"display:block; height:auto;\">\n\t\t\n<style>\n#gap-80950505 {\n  padding-top: 58px;\n}\n<\/style>\n\t<\/div>\n\t\n\n\t<div id=\"stack-737659463\" class=\"stack stack-row justify-start items-stretch\">\n\t\t\n\n<a href=\"https:\/\/www.amsterdamrepublic.com\/de\/produkt\/vanille-wodka\/\" class=\"button secondary\" style=\"border-radius:7px;padding:10px 30px 10px 30px;\">\n\t<i class=\"icon-shopping-cart\" aria-hidden=\"true\"><\/i>\t<span>Bestellen<\/span>\n\t<\/a>\n\n\n<a href=\"https:\/\/www.amsterdamrepublic.com\/de\/wo-zu-kaufen\/\" class=\"button white\" style=\"border-radius:7px;padding:10px 30px 10px 30px;\">\n\t\t<span>Shop suchen<\/span>\n\t<i class=\"icon-angle-right\" aria-hidden=\"true\"><\/i><\/a>\n\n\n\n\t\t\n<style>\n#stack-737659463 > * {\n  --stack-gap: 1.5rem;\n}\n<\/style>\n\t<\/div>\n\t\n\n\t\t<\/div>\n\t\t\t\t\t<\/div>\n\n\t\n\n<\/div>\n\n\t\t<\/div>\n\n\t\t\n<style>\n#section_1782760645 {\n  padding-top: 20px;\n  padding-bottom: 20px;\n}\n#section_1782760645 .section-bg-overlay {\n  background-color: rgba(0, 0, 0, 0.221);\n}\n#section_1782760645 .section-bg img {\n  object-position: 71% 58%;\n}\n@media (min-width:550px) {\n  #section_1782760645 {\n    padding-top: 50px;\n    padding-bottom: 50px;\n  }\n}\n@media (min-width:850px) {\n  #section_1782760645 {\n    padding-top: 94px;\n    padding-bottom: 94px;\n  }\n}\n<\/style>\n\t<\/section>\n\t\n\n\t<section class=\"section\" id=\"section_613973368\">\n\t\t<div class=\"section-bg fill\" >\n\t\t\t<img loading=\"lazy\" decoding=\"async\" width=\"1652\" height=\"747\" src=\"https:\/\/www.amsterdamrepublic.com\/wp-content\/uploads\/2023\/07\/watermelon-banner-smaken.jpg\" class=\"bg attachment-original size-original\" alt=\"Amsterdam\">\t\t\t\t\t\t<div class=\"section-bg-overlay absolute fill\"><\/div>\n\t\t\t\n\n\t\t<\/div>\n\n\t\t\n\n\t\t<div class=\"section-content relative\">\n\t\t\t\n\n<div class=\"row align-middle\"  id=\"row-1004697612\">\n\n\n\t<div id=\"col-177609548\" class=\"col medium-12 small-12 large-6\"  >\n\t\t\t\t<div class=\"col-inner\"  >\n\t\t\t\n\t\t\t\n\n\t<div id=\"text-79310517\" class=\"text\">\n\t\t\n\n<h2><strong>Wassermelonen Wodka<\/strong><\/h2>\n\t\t\n<style>\n#text-79310517 {\n  font-size: 1.75rem;\n  line-height: 1.5;\n  color: rgb(255, 255, 255);\n}\n#text-79310517 > * {\n  color: rgb(255, 255, 255);\n}\n@media (min-width:550px) {\n  #text-79310517 {\n    font-size: 1.5rem;\n  }\n}\n<\/style>\n\t<\/div>\n\t\n\t<div id=\"text-3040461981\" class=\"text\">\n\t\t\n\n<h3 class=\"lead\"><span style=\"color: #ffffff;\">Wassermelone ist bekannt f\u00fcr ihre saftigen und erfrischenden Eigenschaften, und in Kombination mit unserem <a style=\"color: #ffffff;\" href=\"https:\/\/www.amsterdamrepublic.com\/de\/produkt\/premium-amsterdam-vodka\/\"><strong>Premium Vodka<\/strong><\/a> entsteht ein einzigartiges und \u00fcberraschendes Geschmackserlebnis. Die S\u00fc\u00dfe der Wassermelone vermischt sich mit unserem starken Wodka, ein sommerliches Zusammenspiel der Aromen. <\/span><\/h3>\n\t\t\n<style>\n#text-3040461981 {\n  font-size: 1rem;\n  color: rgb(255, 255, 255);\n}\n#text-3040461981 > * {\n  color: rgb(255, 255, 255);\n}\n<\/style>\n\t<\/div>\n\t\n\t<div id=\"gap-585154015\" class=\"gap-element clearfix\" style=\"display:block; height:auto;\">\n\t\t\n<style>\n#gap-585154015 {\n  padding-top: 58px;\n}\n<\/style>\n\t<\/div>\n\t\n\n\t<div id=\"stack-1772529320\" class=\"stack stack-row justify-start items-stretch\">\n\t\t\n\n<a href=\"https:\/\/www.amsterdamrepublic.com\/de\/produkt\/wassermelonen-wodka\/\" class=\"button secondary\" style=\"border-radius:7px;padding:10px 30px 10px 30px;\">\n\t<i class=\"icon-shopping-cart\" aria-hidden=\"true\"><\/i>\t<span>Bestellen<\/span>\n\t<\/a>\n\n\n<a href=\"https:\/\/www.amsterdamrepublic.com\/de\/wo-zu-kaufen\/\" class=\"button white\" style=\"border-radius:7px;padding:10px 30px 10px 30px;\">\n\t\t<span>Shop suchen<\/span>\n\t<i class=\"icon-angle-right\" aria-hidden=\"true\"><\/i><\/a>\n\n\n\n\t\t\n<style>\n#stack-1772529320 > * {\n  --stack-gap: 1.5rem;\n}\n<\/style>\n\t<\/div>\n\t\n\n\t\t<\/div>\n\t\t\t\t\t<\/div>\n\n\t\n\n<\/div>\n\n\t\t<\/div>\n\n\t\t\n<style>\n#section_613973368 {\n  padding-top: 20px;\n  padding-bottom: 20px;\n}\n#section_613973368 .section-bg-overlay {\n  background-color: rgba(0, 0, 0, 0.221);\n}\n#section_613973368 .section-bg img {\n  object-position: 71% 58%;\n}\n@media (min-width:550px) {\n  #section_613973368 {\n    padding-top: 50px;\n    padding-bottom: 50px;\n  }\n}\n@media (min-width:850px) {\n  #section_613973368 {\n    padding-top: 94px;\n    padding-bottom: 94px;\n  }\n}\n<\/style>\n\t<\/section>\n\t\n\n\t<section class=\"section\" id=\"section_1458551644\">\n\t\t<div class=\"section-bg fill\" >\n\t\t\t<img loading=\"lazy\" decoding=\"async\" width=\"1652\" height=\"747\" src=\"https:\/\/www.amsterdamrepublic.com\/wp-content\/uploads\/2022\/09\/stroopwafel-min.png\" class=\"bg attachment-original size-original\" alt=\"Amsterdam\">\t\t\t\t\t\t<div class=\"section-bg-overlay absolute fill\"><\/div>\n\t\t\t\n\n\t\t<\/div>\n\n\t\t\n\n\t\t<div class=\"section-content relative\">\n\t\t\t\n\n<div class=\"row align-middle\"  id=\"row-1250305016\">\n\n\n\t<div id=\"col-1079926685\" class=\"col medium-12 small-12 large-6\"  >\n\t\t\t\t<div class=\"col-inner\"  >\n\t\t\t\n\t\t\t\n\n\t<div id=\"text-1514212220\" class=\"text\">\n\t\t\n\n<h2><strong>Holl\u00e4ndische Stroopwafel<\/strong><\/h2>\n\t\t\n<style>\n#text-1514212220 {\n  font-size: 1.75rem;\n  line-height: 1.5;\n  color: rgb(255, 255, 255);\n}\n#text-1514212220 > * {\n  color: rgb(255, 255, 255);\n}\n@media (min-width:550px) {\n  #text-1514212220 {\n    font-size: 1.5rem;\n  }\n}\n<\/style>\n\t<\/div>\n\t\n\t<div id=\"text-3375369505\" class=\"text\">\n\t\t\n\n<h3 class=\"lead\"><span style=\"color: #ffffff;\">Dutch Stroopwafel ist eine herrlich weiche und geschmackvolle <strong><span style=\"text-decoration: underline;\"><a style=\"color: #ffffff; text-decoration: underline;\" href=\"https:\/\/www.amsterdamrepublic.com\/de\/produkt\/hollaendischer-stroopwafel-likoer\/\">Stroopwafel gemischt mit unserem eigenen Wodka<\/a><\/span><\/strong>. Genau wie echte Amsterdamer Stroopwafels wird dieses Getr\u00e4nk mit den besten lokalen Zutaten hergestellt. <\/span><\/h3>\n<h3 class=\"lead\"><span style=\"color: #ffffff;\">Genie\u00dfen Sie die herrlich s\u00fc\u00dfe und weiche Dutch Stroopwafel, pur mit einem Eisw\u00fcrfel als After-Dinner-Drink, in einem Cocktail oder als Zugabe zu einem (Eis-)Dessert.<\/span><\/h3>\n\t\t\n<style>\n#text-3375369505 {\n  font-size: 1rem;\n  color: rgb(255, 255, 255);\n}\n#text-3375369505 > * {\n  color: rgb(255, 255, 255);\n}\n<\/style>\n\t<\/div>\n\t\n\t<div id=\"gap-444140315\" class=\"gap-element clearfix\" style=\"display:block; height:auto;\">\n\t\t\n<style>\n#gap-444140315 {\n  padding-top: 58px;\n}\n<\/style>\n\t<\/div>\n\t\n\n\t<div id=\"stack-1583819548\" class=\"stack stack-row justify-start items-stretch\">\n\t\t\n\n<a href=\"https:\/\/www.amsterdamrepublic.com\/de\/produkt\/hollaendischer-stroopwafel-likoer\/\" class=\"button secondary\" style=\"border-radius:7px;padding:10px 30px 10px 30px;\">\n\t<i class=\"icon-shopping-cart\" aria-hidden=\"true\"><\/i>\t<span>Bestellen<\/span>\n\t<\/a>\n\n\n<a href=\"https:\/\/www.amsterdamrepublic.com\/de\/wo-zu-kaufen\/\" class=\"button white\" style=\"border-radius:7px;padding:10px 30px 10px 30px;\">\n\t\t<span>Shop suchen<\/span>\n\t<i class=\"icon-angle-right\" aria-hidden=\"true\"><\/i><\/a>\n\n\n\n\t\t\n<style>\n#stack-1583819548 > * {\n  --stack-gap: 1.5rem;\n}\n<\/style>\n\t<\/div>\n\t\n\n\t\t<\/div>\n\t\t\t\t\t<\/div>\n\n\t\n\n<\/div>\n\n\t\t<\/div>\n\n\t\t\n<style>\n#section_1458551644 {\n  padding-top: 20px;\n  padding-bottom: 20px;\n}\n#section_1458551644 .section-bg-overlay {\n  background-color: rgba(0, 0, 0, 0.424);\n}\n#section_1458551644 .section-bg img {\n  object-position: 82% 0%;\n}\n@media (min-width:550px) {\n  #section_1458551644 {\n    padding-top: 50px;\n    padding-bottom: 50px;\n  }\n}\n@media (min-width:850px) {\n  #section_1458551644 {\n    padding-top: 94px;\n    padding-bottom: 94px;\n  }\n}\n<\/style>\n\t<\/section>\n\t\n\n\n","protected":false},"excerpt":{"rendered":"","protected":false},"author":1,"featured_media":0,"parent":0,"menu_order":0,"comment_status":"closed","ping_status":"closed","template":"page-blank.php","meta":{"bwfblock_default_font":"","footnotes":""},"class_list":["post-29304","page","type-page","status-publish","hentry"],"_links":{"self":[{"href":"https:\/\/www.amsterdamrepublic.com\/de\/wp-json\/wp\/v2\/pages\/29304","targetHints":{"allow":["GET"]}}],"collection":[{"href":"https:\/\/www.amsterdamrepublic.com\/de\/wp-json\/wp\/v2\/pages"}],"about":[{"href":"https:\/\/www.amsterdamrepublic.com\/de\/wp-json\/wp\/v2\/types\/page"}],"author":[{"embeddable":true,"href":"https:\/\/www.amsterdamrepublic.com\/de\/wp-json\/wp\/v2\/users\/1"}],"replies":[{"embeddable":true,"href":"https:\/\/www.amsterdamrepublic.com\/de\/wp-json\/wp\/v2\/comments?post=29304"}],"version-history":[{"count":0,"href":"https:\/\/www.amsterdamrepublic.com\/de\/wp-json\/wp\/v2\/pages\/29304\/revisions"}],"wp:attachment":[{"href":"https:\/\/www.amsterdamrepublic.com\/de\/wp-json\/wp\/v2\/media?parent=29304"}],"curies":[{"name":"wp","href":"https:\/\/api.w.org\/{rel}","templated":true}]}}