{"id":29340,"date":"2021-07-05T17:28:17","date_gmt":"2021-07-05T15:28:17","guid":{"rendered":"https:\/\/www.amsterdamrepublic.com\/wo-zu-kaufen\/"},"modified":"2025-12-15T14:21:03","modified_gmt":"2025-12-15T13:21:03","slug":"wo-zu-kaufen","status":"publish","type":"page","link":"https:\/\/www.amsterdamrepublic.com\/de\/wo-zu-kaufen\/","title":{"rendered":"Wo zu kaufen"},"content":{"rendered":"\n\n\t<section class=\"section\" id=\"section_2074774360\">\n\t\t<div class=\"section-bg fill\" >\n\t\t\t\t\t\t\t\t\t\n\t\t\t\n\n\t\t<\/div>\n\n\t\t\n\n\t\t<div class=\"section-content relative\">\n\t\t\t\n\n<div class=\"row\"  id=\"row-2032447016\">\n\n\n\t<div id=\"col-270043185\" class=\"col small-12 large-12\"  >\n\t\t\t\t<div class=\"col-inner\"  >\n\t\t\t\n\t\t\t\n\n<h2 style=\"font-size: 300%;\"><strong><span style=\"font-size: 100%;\">Wo zu kaufen<\/span><\/strong><\/h2>\n<p>Sind Sie neugierig, wo Sie unseren Amsterdamer Wodka kaufen k\u00f6nnen? Hier finden Sie eine \u00dcbersicht aller Standorte, an denen unser Wodka erh\u00e4ltlich ist. Genie\u00dfen Sie den authentischen Geschmack unseres k\u00f6stlichen Wodkas im Amsterdammertje.  <\/p>\n<p><span style=\"font-size: 100%;\">M\u00f6chten Sie gerne unsere Flaschen verkaufen, dann nehmen Sie <span style=\"text-decoration: underline;\"><a class=\"rank-math-link\" href=\"https:\/\/www.amsterdamrepublic.com\/de\/kontakt\/\"><strong>Kontakt mit uns auf<\/strong><\/a><\/span>.<\/span><\/p>\n\n\n<style>\r\n\t#wpsl-stores .wpsl-store-thumb {height:45px !important; width:45px !important;}\r\n\t#wpsl-stores, #wpsl-direction-details, #wpsl-gmap {height:400px !important;}\r\n\t#wpsl-gmap .wpsl-info-window {max-width:225px !important;}\r\n\t.wpsl-input label, #wpsl-radius label, #wpsl-category label {width:95px;}\r\n\t#wpsl-search-input ,#wpsl-category .wpsl-dropdown {width:350px;}\r\n<\/style>\r\n<div id=\"wpsl-wrap\">\r\n\t<div class=\"wpsl-search wpsl-clearfix \">\r\n\t\t<div id=\"wpsl-search-wrap\">\r\n\t\t\t<form autocomplete=\"off\">\r\n\t\t\t<div class=\"wpsl-input\">\r\n\t\t\t\t<div><label for=\"wpsl-search-input\">Dein Standort<\/label><\/div>\r\n\t\t\t\t<input id=\"wpsl-search-input\" type=\"text\" value=\"\" name=\"wpsl-search-input\" placeholder=\"\" aria-required=\"true\" \/>\r\n\t\t\t<\/div>\r\n<div id=\"wpsl-category\">\r\n<label for=\"wpsl-category-list\">Kategorie<\/label>\r\n<select  name='wpsl-category' id='wpsl-category-list' class='wpsl-dropdown'>\n\t<option value='0'>Alle<\/option>\n\t<option class=\"level-0\" value=\"96\">Horeca<\/option>\n\t<option class=\"level-0\" value=\"95\">Winkel<\/option>\n<\/select>\n<\/div>\r\n\t\t\t\t<div class=\"wpsl-search-btn-wrap\"><input id=\"wpsl-search-btn\" type=\"submit\" value=\"Suche\"><\/div>\r\n\t\t<\/form>\r\n\t\t<\/div>\r\n\t<\/div>\r\n\t<div id=\"wpsl-gmap\" class=\"wpsl-gmap-canvas\"><\/div>\r\n\t<div id=\"wpsl-result-list\">\r\n\t\t<div id=\"wpsl-stores\" >\r\n\t\t\t<ul><\/ul>\r\n\t\t<\/div>\r\n\t\t<div id=\"wpsl-direction-details\">\r\n\t\t\t<ul><\/ul>\r\n\t\t<\/div>\r\n\t<\/div>\r\n<\/div>\r\n\n\n\n\t\t<\/div>\n\t\t\t\t\t<\/div>\n\n\t\n\n<\/div>\n\n\t\t<\/div>\n\n\t\t\n<style>\n#section_2074774360 {\n  padding-top: 30px;\n  padding-bottom: 30px;\n}\n<\/style>\n\t<\/section>\n\t\n\n\t<section class=\"section\" id=\"section_1191320582\">\n\t\t<div class=\"section-bg fill\" >\n\t\t\t\t\t\t\t\t\t\n\t\t\t\n\n\t\t<\/div>\n\n\t\t\n\n\t\t<div class=\"section-content relative\">\n\t\t\t\n\n<div class=\"row row-small align-equal align-center\"  id=\"row-1331368397\">\n\n\n\t<div id=\"col-178995807\" class=\"col medium-8 small-12 large-4\"  >\n\t\t\t\t<div class=\"col-inner\"  >\n\t\t\t\n\t<div class=\"is-border\"\n\t\tstyle=\"border-radius:15px;border-width:1px 1px 1px 1px;\">\n\t<\/div>\n\t\t\t\n\n\n\t\t<div class=\"icon-box featured-box icon-box-left text-left\"  >\n\t\t\t\t<div class=\"icon-box-text last-reset\">\n\t\t\t\t\t\t\t\t\t\n\n<h3>Sehen Sie sich unsere Cocktails an<\/h3>\n\n\t\t<\/div>\n\t<\/div>\n\t\n\t\n\t<div id=\"gap-1839345533\" class=\"gap-element clearfix\" style=\"display:block; height:auto;\">\n\t\t\n<style>\n#gap-1839345533 {\n  padding-top: 15px;\n}\n<\/style>\n\t<\/div>\n\t\n\n<p>Durchsuchen Sie unsere praktischen Anleitungen und mixen Sie zu Hause den perfekten Cocktail<\/p>\n<a href=\"\/?cat_ID=79\" class=\"button primary is-link\" >\n\t\t<span>Alle Cocktails ansehen<\/span>\n\t<i class=\"icon-angle-right\" aria-hidden=\"true\"><\/i><\/a>\n\n\n\n\t\t<\/div>\n\t\t\t\t\n<style>\n#col-178995807 > .col-inner {\n  border-radius: 15px;\n}\n<\/style>\n\t<\/div>\n\n\t\n\n\t<div id=\"col-207857479\" class=\"col medium-8 small-12 large-4\"  >\n\t\t\t\t<div class=\"col-inner\"  >\n\t\t\t\n\t<div class=\"is-border\"\n\t\tstyle=\"border-radius:15px;border-width:1px 1px 1px 1px;\">\n\t<\/div>\n\t\t\t\n\n\n\t\t<div class=\"icon-box featured-box icon-box-left text-left\"  >\n\t\t\t\t<div class=\"icon-box-text last-reset\">\n\t\t\t\t\t\t\t\t\t\n\n<h3>Selbst verkaufen<\/h3>\n\n\t\t<\/div>\n\t<\/div>\n\t\n\t\n\t<div id=\"gap-1577907842\" class=\"gap-element clearfix\" style=\"display:block; height:auto;\">\n\t\t\n<style>\n#gap-1577907842 {\n  padding-top: 15px;\n}\n<\/style>\n\t<\/div>\n\t\n\n<p>Unsere Premium-Getr\u00e4nke in Ihrem Gesch\u00e4ft? Erstellen Sie ein Gro\u00dfhandelskonto <\/p>\n<a href=\"https:\/\/www.amsterdamrepublic.com\/de\/grosshandel\/\" class=\"button primary is-link\" >\n\t\t<span>Erstellen Sie ein Gro\u00dfhandelskonto<\/span>\n\t<i class=\"icon-angle-right\" aria-hidden=\"true\"><\/i><\/a>\n\n\n\n\t\t<\/div>\n\t\t\t\t\n<style>\n#col-207857479 > .col-inner {\n  border-radius: 15px;\n}\n<\/style>\n\t<\/div>\n\n\t\n\n\t<div id=\"col-1921952315\" class=\"col medium-8 small-12 large-4\"  >\n\t\t\t\t<div class=\"col-inner\"  >\n\t\t\t\n\t<div class=\"is-border\"\n\t\tstyle=\"border-radius:15px;border-width:1px 1px 1px 1px;\">\n\t<\/div>\n\t\t\t\n\n\n\t\t<div class=\"icon-box featured-box icon-box-left text-left\"  >\n\t\t\t\t<div class=\"icon-box-text last-reset\">\n\t\t\t\t\t\t\t\t\t\n\n<h3>Kontakt aufnehmen<\/h3>\n\n\t\t<\/div>\n\t<\/div>\n\t\n\t\n\t<div id=\"gap-1355234458\" class=\"gap-element clearfix\" style=\"display:block; height:auto;\">\n\t\t\n<style>\n#gap-1355234458 {\n  padding-top: 15px;\n}\n<\/style>\n\t<\/div>\n\t\n\n<p>Haben Sie Fragen zu unseren Produkten, der Lieferung oder haben Sie eine z\u00fcndende Idee?<\/p>\n<a href=\"https:\/\/www.amsterdamrepublic.com\/de\/kontakt\/\" class=\"button primary is-link\" >\n\t\t<span>Nehmen Sie Kontakt mit uns auf<\/span>\n\t<i class=\"icon-angle-right\" aria-hidden=\"true\"><\/i><\/a>\n\n\n\n\t\t<\/div>\n\t\t\t\t\n<style>\n#col-1921952315 > .col-inner {\n  border-radius: 15px;\n}\n<\/style>\n\t<\/div>\n\n\t\n\n\n<style>\n#row-1331368397 > .col > .col-inner {\n  padding: 25px 25px 10px 25px;\n  background-color: rgb(255,255,255);\n}\n<\/style>\n<\/div>\n\n\t\t<\/div>\n\n\t\t\n<style>\n#section_1191320582 {\n  padding-top: 30px;\n  padding-bottom: 30px;\n}\n<\/style>\n\t<\/section>\n\t\n\n\t<section class=\"section\" id=\"section_1082033538\">\n\t\t<div class=\"section-bg fill\" >\n\t\t\t\t\t\t\t\t\t\n\t\t\t\n\n\t\t<\/div>\n\n\t\t\n\n\t\t<div class=\"section-content relative\">\n\t\t\t\n\n<div class=\"row row-full-width\"  id=\"row-1003465090\">\n\n\n\t<div id=\"col-1473139860\" class=\"col medium-10 small-12 large-12\"  >\n\t\t\t\t<div class=\"col-inner\"  >\n\t\t\t\n\t\t\t\n\n\t<div id=\"text-2185395288\" class=\"text\">\n\t\t\n\n<h2 style=\"font-size: 220%;\">Vertriebspartner &amp; Gro\u00dfhandel<\/h2>\n<p> <\/p>\n\t\t\n<style>\n#text-2185395288 {\n  text-align: center;\n}\n<\/style>\n\t<\/div>\n\t\n\n\t\t<\/div>\n\t\t\t\t\t<\/div>\n\n\t\n\n<\/div>\n<div class=\"row row-full-width align-middle align-center\"  id=\"row-160142861\">\n\n\n\t<div id=\"col-243156193\" class=\"col medium-1 small-4 large-1\"  >\n\t\t\t\t<div class=\"col-inner\"  >\n\t\t\t\n\t\t\t\n\n\t<div class=\"img has-hover x md-x lg-x y md-y lg-y\" id=\"image_407554309\">\n\t\t\t\t\t\t\t\t<div class=\"img-inner dark\" >\n\t\t\t<img loading=\"lazy\" decoding=\"async\" width=\"227\" height=\"236\" src=\"https:\/\/www.amsterdamrepublic.com\/wp-content\/uploads\/2023\/04\/gerstengel-diap.png\" class=\"attachment-original size-original\" alt=\"Amsterdam\">\t\t\t\t\t\t\n\t\t\t\t\t<\/div>\n\t\t\t\t\t\t\t\t\n<style>\n#image_407554309 {\n  width: 100%;\n}\n<\/style>\n\t<\/div>\n\t\n\n\n\t\t<\/div>\n\t\t\t\t\t<\/div>\n\n\t\n\n\t<div id=\"col-701787701\" class=\"col medium-1 small-4 large-1\"  >\n\t\t\t\t<div class=\"col-inner\"  >\n\t\t\t\n\t\t\t\n\n\t<div class=\"img has-hover x md-x lg-x y md-y lg-y\" id=\"image_316539260\">\n\t\t<a class=\"\" href=\"https:\/\/www.moosdrankenhandel.nl\/\" target=\"_blank\" rel=\"noopener\">\t\t\t\t\t\t<div class=\"img-inner dark\" >\n\t\t\t<img loading=\"lazy\" decoding=\"async\" width=\"300\" height=\"149\" src=\"https:\/\/www.amsterdamrepublic.com\/wp-content\/uploads\/2023\/04\/Moos.png\" class=\"attachment-original size-original\" alt=\"Amsterdam\">\t\t\t\t\t\t\n\t\t\t\t\t<\/div>\n\t\t\t\t\t\t<\/a>\t\t\n<style>\n#image_316539260 {\n  width: 100%;\n}\n<\/style>\n\t<\/div>\n\t\n\n\n\t\t<\/div>\n\t\t\t\t\t<\/div>\n\n\t\n\n\t<div id=\"col-771981262\" class=\"col medium-1 small-4 large-1\"  >\n\t\t\t\t<div class=\"col-inner\"  >\n\t\t\t\n\t\t\t\n\n\t<div class=\"img has-hover x md-x lg-x y md-y lg-y\" id=\"image_901377807\">\n\t\t<a class=\"\" href=\"https:\/\/www.ankeramsterdamspirits.nl\/products\/L-59-240-00\" target=\"_blank\" rel=\"noopener\">\t\t\t\t\t\t<div class=\"img-inner dark\" >\n\t\t\t<img loading=\"lazy\" decoding=\"async\" width=\"412\" height=\"246\" src=\"https:\/\/www.amsterdamrepublic.com\/wp-content\/uploads\/2023\/03\/AnkerAmsterdam.png\" class=\"attachment-original size-original\" alt=\"Amsterdam\">\t\t\t\t\t\t\n\t\t\t\t\t<\/div>\n\t\t\t\t\t\t<\/a>\t\t\n<style>\n#image_901377807 {\n  width: 100%;\n}\n<\/style>\n\t<\/div>\n\t\n\n\n\t\t<\/div>\n\t\t\t\t\t<\/div>\n\n\t\n\n\t<div id=\"col-105969396\" class=\"col medium-1 small-4 large-1\"  >\n\t\t\t\t<div class=\"col-inner\"  >\n\t\t\t\n\t\t\t\n\n\t<div class=\"img has-hover x md-x lg-x y md-y lg-y\" id=\"image_604265667\">\n\t\t<a class=\"\" href=\"https:\/\/www.ankorstore.com\/brand\/amsterdam-republic-18187\" target=\"_blank\" rel=\"noopener\">\t\t\t\t\t\t<div class=\"img-inner dark\" >\n\t\t\t<img loading=\"lazy\" decoding=\"async\" width=\"911\" height=\"135\" src=\"https:\/\/www.amsterdamrepublic.com\/wp-content\/uploads\/2023\/01\/ankorstore.png\" class=\"attachment-original size-original\" alt=\"Amsterdam\" srcset=\"https:\/\/www.amsterdamrepublic.com\/wp-content\/uploads\/2023\/01\/ankorstore.png 911w, https:\/\/www.amsterdamrepublic.com\/wp-content\/uploads\/2023\/01\/ankorstore-705x104.png 705w, https:\/\/www.amsterdamrepublic.com\/wp-content\/uploads\/2023\/01\/ankorstore-800x119.png 800w, https:\/\/www.amsterdamrepublic.com\/wp-content\/uploads\/2023\/01\/ankorstore-768x114.png 768w, https:\/\/www.amsterdamrepublic.com\/wp-content\/uploads\/2023\/01\/ankorstore-750x111.png 750w\" sizes=\"auto, (max-width: 911px) 100vw, 911px\">\t\t\t\t\t\t\n\t\t\t\t\t<\/div>\n\t\t\t\t\t\t<\/a>\t\t\n<style>\n#image_604265667 {\n  width: 100%;\n}\n<\/style>\n\t<\/div>\n\t\n\n\n\t\t<\/div>\n\t\t\t\t\t<\/div>\n\n\t\n\n\t<div id=\"col-1803853573\" class=\"col medium-1 small-4 large-1\"  >\n\t\t\t\t<div class=\"col-inner\"  >\n\t\t\t\n\t\t\t\n\n\t<div class=\"img has-hover x md-x lg-x y md-y lg-y\" id=\"image_1874867777\">\n\t\t<a class=\"\" href=\"https:\/\/www.faire.com\/direct\/amsterdamrepublic?fdb=amsterdamrepublic\" target=\"_blank\" rel=\"noopener\">\t\t\t\t\t\t<div class=\"img-inner dark\" >\n\t\t\t<img loading=\"lazy\" decoding=\"async\" width=\"412\" height=\"246\" src=\"https:\/\/www.amsterdamrepublic.com\/wp-content\/uploads\/2023\/01\/faire.png\" class=\"attachment-original size-original\" alt=\"Amsterdam\">\t\t\t\t\t\t\n\t\t\t\t\t<\/div>\n\t\t\t\t\t\t<\/a>\t\t\n<style>\n#image_1874867777 {\n  width: 100%;\n}\n<\/style>\n\t<\/div>\n\t\n\n\n\t\t<\/div>\n\t\t\t\t\t<\/div>\n\n\t\n\n\t<div id=\"col-2023233824\" class=\"col medium-1 small-4 large-1\"  >\n\t\t\t\t<div class=\"col-inner\"  >\n\t\t\t\n\t\t\t\n\n\t<div class=\"img has-hover x md-x lg-x y md-y lg-y\" id=\"image_1180908246\">\n\t\t\t\t\t\t\t\t<div class=\"img-inner dark\" >\n\t\t\t<img loading=\"lazy\" decoding=\"async\" width=\"412\" height=\"246\" src=\"https:\/\/www.amsterdamrepublic.com\/wp-content\/uploads\/2023\/01\/hanos.png\" class=\"attachment-large size-large\" alt=\"Amsterdam\">\t\t\t\t\t\t\n\t\t\t\t\t<\/div>\n\t\t\t\t\t\t\t\t\n<style>\n#image_1180908246 {\n  width: 100%;\n}\n<\/style>\n\t<\/div>\n\t\n\n\n\t\t<\/div>\n\t\t\t\t\t<\/div>\n\n\t\n\n\t<div id=\"col-1220189808\" class=\"col medium-1 small-4 large-1\"  >\n\t\t\t\t<div class=\"col-inner\"  >\n\t\t\t\n\t\t\t\n\n\t<div class=\"img has-hover x md-x lg-x y md-y lg-y\" id=\"image_349594102\">\n\t\t<a class=\"\" href=\"https:\/\/www.mokumdranken.nl\" target=\"_blank\" rel=\"noopener\">\t\t\t\t\t\t<div class=\"img-inner dark\" >\n\t\t\t<img loading=\"lazy\" decoding=\"async\" width=\"1020\" height=\"460\" src=\"https:\/\/www.amsterdamrepublic.com\/wp-content\/uploads\/2024\/05\/logomokum-1400x631.png\" class=\"attachment-large size-large\" alt=\"Amsterdam\" srcset=\"https:\/\/www.amsterdamrepublic.com\/wp-content\/uploads\/2024\/05\/logomokum-1400x631.png 1400w, https:\/\/www.amsterdamrepublic.com\/wp-content\/uploads\/2024\/05\/logomokum-705x318.png 705w, https:\/\/www.amsterdamrepublic.com\/wp-content\/uploads\/2024\/05\/logomokum-800x361.png 800w, https:\/\/www.amsterdamrepublic.com\/wp-content\/uploads\/2024\/05\/logomokum-768x346.png 768w, https:\/\/www.amsterdamrepublic.com\/wp-content\/uploads\/2024\/05\/logomokum-750x338.png 750w, https:\/\/www.amsterdamrepublic.com\/wp-content\/uploads\/2024\/05\/logomokum-1320x595.png 1320w, https:\/\/www.amsterdamrepublic.com\/wp-content\/uploads\/2024\/05\/logomokum.png 1500w\" sizes=\"auto, (max-width: 1020px) 100vw, 1020px\">\t\t\t\t\t\t\n\t\t\t\t\t<\/div>\n\t\t\t\t\t\t<\/a>\t\t\n<style>\n#image_349594102 {\n  width: 100%;\n}\n<\/style>\n\t<\/div>\n\t\n\n\n\t\t<\/div>\n\t\t\t\t\t<\/div>\n\n\t\n\n<\/div>\n\n\n\t\t<\/div>\n\n\t\t\n<style>\n#section_1082033538 {\n  padding-top: 30px;\n  padding-bottom: 30px;\n}\n<\/style>\n\t<\/section>\n\t\n\n\t<section class=\"section\" id=\"section_2099969358\">\n\t\t<div class=\"section-bg fill\" >\n\t\t\t\t\t\t\t\t\t\n\t\t\t\n\n\t\t<\/div>\n\n\t\t\n\n\t\t<div class=\"section-content relative\">\n\t\t\t\n\n<div class=\"row\"  id=\"row-1054217175\">\n\n\n\t<div id=\"col-1293264604\" class=\"col medium-6 small-12 large-6\"  >\n\t\t\t\t<div class=\"col-inner\"  >\n\t\t\t\n\t\t\t\n\n\t<div class=\"img has-hover x md-x lg-x y md-y lg-y\" id=\"image_565346664\">\n\t\t\t\t\t\t\t\t<div class=\"img-inner dark\" >\n\t\t\t<img loading=\"lazy\" decoding=\"async\" width=\"1620\" height=\"1078\" src=\"https:\/\/www.amsterdamrepublic.com\/wp-content\/uploads\/2023\/07\/instagram-2023.jpg\" class=\"attachment-original size-original\" alt=\"Amsterdam\" srcset=\"https:\/\/www.amsterdamrepublic.com\/wp-content\/uploads\/2023\/07\/instagram-2023.jpg 1620w, https:\/\/www.amsterdamrepublic.com\/wp-content\/uploads\/2023\/07\/instagram-2023-705x469.jpg 705w, https:\/\/www.amsterdamrepublic.com\/wp-content\/uploads\/2023\/07\/instagram-2023-601x400.jpg 601w, https:\/\/www.amsterdamrepublic.com\/wp-content\/uploads\/2023\/07\/instagram-2023-1202x800.jpg 1202w, https:\/\/www.amsterdamrepublic.com\/wp-content\/uploads\/2023\/07\/instagram-2023-768x511.jpg 768w, https:\/\/www.amsterdamrepublic.com\/wp-content\/uploads\/2023\/07\/instagram-2023-1536x1022.jpg 1536w, https:\/\/www.amsterdamrepublic.com\/wp-content\/uploads\/2023\/07\/instagram-2023-750x499.jpg 750w, https:\/\/www.amsterdamrepublic.com\/wp-content\/uploads\/2023\/07\/instagram-2023-1320x878.jpg 1320w\" sizes=\"auto, (max-width: 1620px) 100vw, 1620px\">\t\t\t\t\t\t\n\t\t\t\t\t<\/div>\n\t\t\t\t\t\t\t\t\n<style>\n#image_565346664 {\n  width: 100%;\n}\n<\/style>\n\t<\/div>\n\t\n\n\n\t\t<\/div>\n\t\t\t\t\t<\/div>\n\n\t\n\n\t<div id=\"col-1908415835\" class=\"col medium-6 small-12 large-6\"  >\n\t\t\t\t<div class=\"col-inner\"  >\n\t\t\t\n\t\t\t\n\n\t<div id=\"text-2974768452\" class=\"text\">\n\t\t\n\n<h2>Melden Sie sich als Verk\u00e4ufer an<\/h2>\n<p class=\"thin-font\">M\u00f6chten Sie unseren Amsterdamer Wodka, Dutch Stroopwafel oder andere Produkte in Ihrem eigenen (Online-)Shop verkaufen? Melden Sie sich \u00fcber das untenstehende Formular an und wir werden uns umgehend mit Ihnen in Verbindung setzen. <\/p>\n<h3 class=\"thin-font\"><div class=\"forminator-ui forminator-custom-form forminator-custom-form-7338 forminator-design--material  forminator_ajax\" data-forminator-render=\"0\" data-form=\"forminator-module-7338\" data-uid=\"69f3750b08928\"><br\/><\/div><form\n\t\t\t\tid=\"forminator-module-7338\"\n\t\t\t\tclass=\"forminator-ui forminator-custom-form forminator-custom-form-7338 forminator-design--material  forminator_ajax\"\n\t\t\t\tmethod=\"post\"\n\t\t\t\tdata-forminator-render=\"0\"\n\t\t\t\tdata-form-id=\"7338\"\n\t\t\t\t data-color-option=\"default\" data-design=\"material\" data-grid=\"open\" style=\"display: none;\"\n\t\t\t\tdata-uid=\"69f3750b08928\"\n\t\t\t><div role=\"alert\" aria-live=\"polite\" class=\"forminator-response-message forminator-error\" aria-hidden=\"true\"><\/div><div class=\"forminator-row\"><div id=\"name-1\" class=\"forminator-field-name forminator-col forminator-col-4 \"><div class=\"forminator-field\"><label for=\"forminator-field-name-1_69f3750b08928\" id=\"forminator-field-name-1_69f3750b08928-label\" class=\"forminator-label\">Naam <span class=\"forminator-required\">*<\/span><\/label><input type=\"text\" name=\"name-1\" value=\"\" placeholder=\"Naam\" id=\"forminator-field-name-1_69f3750b08928\" class=\"forminator-input forminator-name--field\" aria-required=\"true\" autocomplete=\"name\" \/><\/div><\/div><div id=\"email-1\" class=\"forminator-field-email forminator-col forminator-col-4 \"><div class=\"forminator-field\"><label for=\"forminator-field-email-1_69f3750b08928\" id=\"forminator-field-email-1_69f3750b08928-label\" class=\"forminator-label\">E-mailadres <span class=\"forminator-required\">*<\/span><\/label><input type=\"email\" name=\"email-1\" value=\"\" placeholder=\"E-mailadres\" id=\"forminator-field-email-1_69f3750b08928\" class=\"forminator-input forminator-email--field\" data-required=\"true\" aria-required=\"true\" autocomplete=\"email\" \/><\/div><\/div><div id=\"phone-1\" class=\"forminator-field-phone forminator-col forminator-col-4 \"><div class=\"forminator-field\"><label for=\"forminator-field-phone-1_69f3750b08928\" id=\"forminator-field-phone-1_69f3750b08928-label\" class=\"forminator-label\">Telefoonnummer<\/label><input type=\"text\" name=\"phone-1\" value=\"\" placeholder=\"E-mailadres\" id=\"forminator-field-phone-1_69f3750b08928\" class=\"forminator-input forminator-field--phone\" data-required=\"\" aria-required=\"false\" autocomplete=\"off\" \/><\/div><\/div><\/div><div class=\"forminator-row\"><div id=\"textarea-1\" class=\"forminator-field-textarea forminator-col forminator-col-12 \"><div class=\"forminator-field\"><label for=\"forminator-field-textarea-1_69f3750b08928\" id=\"forminator-field-textarea-1_69f3750b08928-label\" class=\"forminator-label\">Bericht<\/label><textarea name=\"textarea-1\" placeholder=\"Bericht..\" id=\"forminator-field-textarea-1_69f3750b08928\" class=\"forminator-textarea\" rows=\"6\" style=\"min-height:140px;\" ><\/textarea><\/div><\/div><\/div><div class=\"forminator-row\"><div id=\"captcha-1\" class=\"forminator-field-captcha forminator-col forminator-col-12 \"><div class=\"forminator-captcha-left forminator-turnstile\" data-theme=\"auto\" data-language=\"de-de\" data-sitekey=\"0x4AAAAAACGyqL-7wXz8dZ63\" data-size=\"flexible\"><\/div> <\/div><\/div><input type=\"hidden\" name=\"referer_url\" value=\"\" \/><div class=\"forminator-row forminator-row-last\"><div class=\"forminator-col\"><div class=\"forminator-field\"><button class=\"forminator-button forminator-button-submit\"><span>Stuur bericht<\/span><span aria-hidden=\"true\"><\/span><\/button><\/div><\/div><\/div><input type=\"hidden\" id=\"forminator_nonce\" name=\"forminator_nonce\" value=\"bc56334b6a\" \/><input type=\"hidden\" name=\"_wp_http_referer\" value=\"\/de\/wp-json\/wp\/v2\/pages\/29340\" \/><input type=\"hidden\" name=\"form_id\" value=\"7338\"><input type=\"hidden\" name=\"page_id\" value=\"29340\"><input type=\"hidden\" name=\"form_type\" value=\"default\"><input type=\"hidden\" name=\"current_url\" value=\"https:\/\/www.amsterdamrepublic.com\/de\/wo-zu-kaufen\/\"><input type=\"hidden\" name=\"render_id\" value=\"0\"><input type=\"hidden\" name=\"action\" value=\"forminator_submit_form_custom-forms\"><\/form><\/h3>\n\t\t\n<style>\n#text-2974768452 {\n  text-align: left;\n}\n<\/style>\n\t<\/div>\n\t\n\n\t\t<\/div>\n\t\t\t\t\t<\/div>\n\n\t\n\n<\/div>\n\n\t\t<\/div>\n\n\t\t\n<style>\n#section_2099969358 {\n  padding-top: 30px;\n  padding-bottom: 30px;\n}\n<\/style>\n\t<\/section>\n\t\n\n","protected":false},"excerpt":{"rendered":"","protected":false},"author":1,"featured_media":0,"parent":0,"menu_order":0,"comment_status":"closed","ping_status":"closed","template":"page-blank.php","meta":{"bwfblock_default_font":"","footnotes":""},"class_list":["post-29340","page","type-page","status-publish","hentry"],"_links":{"self":[{"href":"https:\/\/www.amsterdamrepublic.com\/de\/wp-json\/wp\/v2\/pages\/29340","targetHints":{"allow":["GET"]}}],"collection":[{"href":"https:\/\/www.amsterdamrepublic.com\/de\/wp-json\/wp\/v2\/pages"}],"about":[{"href":"https:\/\/www.amsterdamrepublic.com\/de\/wp-json\/wp\/v2\/types\/page"}],"author":[{"embeddable":true,"href":"https:\/\/www.amsterdamrepublic.com\/de\/wp-json\/wp\/v2\/users\/1"}],"replies":[{"embeddable":true,"href":"https:\/\/www.amsterdamrepublic.com\/de\/wp-json\/wp\/v2\/comments?post=29340"}],"version-history":[{"count":0,"href":"https:\/\/www.amsterdamrepublic.com\/de\/wp-json\/wp\/v2\/pages\/29340\/revisions"}],"wp:attachment":[{"href":"https:\/\/www.amsterdamrepublic.com\/de\/wp-json\/wp\/v2\/media?parent=29340"}],"curies":[{"name":"wp","href":"https:\/\/api.w.org\/{rel}","templated":true}]}}