{"id":29364,"date":"2021-07-06T15:21:16","date_gmt":"2021-07-06T13:21:16","guid":{"rendered":"https:\/\/www.amsterdamrepublic.com\/kontakt\/"},"modified":"2025-12-15T14:19:03","modified_gmt":"2025-12-15T13:19:03","slug":"kontakt","status":"publish","type":"page","link":"https:\/\/www.amsterdamrepublic.com\/de\/kontakt\/","title":{"rendered":"Kontakt"},"content":{"rendered":"\n\n\t<section class=\"section dark\" id=\"section_1680240534\">\n\t\t<div class=\"section-bg fill\" >\n\t\t\t<img loading=\"lazy\" decoding=\"async\" width=\"1920\" height=\"1861\" src=\"https:\/\/www.amsterdamrepublic.com\/wp-content\/uploads\/2022\/10\/contact-page.jpg\" class=\"bg attachment-original size-original\" alt=\"Amsterdam\">\t\t\t\t\t\t<div class=\"section-bg-overlay absolute fill\"><\/div>\n\t\t\t\n\n\t\t<\/div>\n\n\t\t\n\n\t\t<div class=\"section-content relative\">\n\t\t\t\n\n<div class=\"row\"  id=\"row-1816039575\">\n\n\n\t<div id=\"col-1689471185\" class=\"col medium-8 small-12 large-12\"  >\n\t\t\t\t<div class=\"col-inner text-center\"  >\n\t\t\t\n\t\t\t\n\n\t<div id=\"text-3976451158\" class=\"text\">\n\t\t\n\n<h6 style=\"text-align: center;\">Abgef\u00fcllt seit 2003, Amsterdam<\/h6>\n<h2 style=\"text-align: center;\"><span style=\"font-size: 200%;\">AMSTERDAM REPUBLIC<\/span><\/h2>\n\n\t\t\n<style>\n#text-3976451158 {\n  text-align: center;\n}\n<\/style>\n\t<\/div>\n\t\n\n\t\t<\/div>\n\t\t\t\t\t<\/div>\n\n\t\n\n<\/div>\n\n\t\t<\/div>\n\n\t\t\n<style>\n#section_1680240534 {\n  padding-top: 30px;\n  padding-bottom: 30px;\n  min-height: 450px;\n  background-color: rgb(0,0,0);\n}\n#section_1680240534 .section-bg-overlay {\n  background-color: rgba(11, 21, 33, 0.57);\n}\n#section_1680240534 .section-bg img {\n  object-position: 50% 67%;\n}\n<\/style>\n\t<\/section>\n\t\n<div class=\"row row-collapse align-right\"  id=\"row-1420706325\">\n\n\n\t<div id=\"col-1042250958\" class=\"col medium-6 small-12 large-6\"  >\n\t\t\t\t<div class=\"col-inner\" style=\"background-color:#4ac193;\" >\n\t\t\t\n\t\t\t\n\n\n\t<section class=\"section\" id=\"section_458497889\">\n\t\t<div class=\"section-bg fill\" >\n\t\t\t\t\t\t\t\t\t\n\t\t\t\n\n\t\t<\/div>\n\n\t\t\n\n\t\t<div class=\"section-content relative\">\n\t\t\t\n\n<div class=\"row row-collapse align-center\"  id=\"row-1725772968\">\n\n\n\t<div id=\"col-521685160\" class=\"col small-12 large-12\"  >\n\t\t\t\t<div class=\"col-inner dark\"  >\n\t\t\t\n\t\t\t\n\n<h2>FRAGEN?<\/h2>\n<p>Senden Sie uns eine E-Mail an info@amsterdamrepublic.com<\/p>\n\n\t\t<\/div>\n\t\t\t\t\t<\/div>\n\n\t\n\n\n<style>\n#row-1725772968 > .col > .col-inner {\n  padding: 40px 20px 20px 20px;\n}\n<\/style>\n<\/div>\n\n\t\t<\/div>\n\n\t\t\n<style>\n#section_458497889 {\n  padding-top: 0px;\n  padding-bottom: 0px;\n  background-color: rgb(0,0,0);\n}\n<\/style>\n\t<\/section>\n\t\n\n\t\t<\/div>\n\t\t\t\t\n<style>\n#col-1042250958 > .col-inner {\n  margin: -80px 0px 80px 0px;\n}\n<\/style>\n\t<\/div>\n\n\t\n\n<\/div>\n<div class=\"row align-equal\"  id=\"row-563138861\">\n\n\n\t<div id=\"col-950695947\" class=\"col medium-4 small-12 large-4\"  >\n\t\t\t\t<div class=\"col-inner\"  >\n\t\t\t\n\t\t\t\n\n\n\t<section class=\"section\" id=\"section_585574793\">\n\t\t<div class=\"section-bg fill\" >\n\t\t\t\t\t\t\t\t\t\n\t\t\t\n\t<div class=\"is-border\"\n\t\tstyle=\"border-color:rgb(39, 54, 71);border-width:2px 2px 2px 2px;\">\n\t<\/div>\n\n\t\t<\/div>\n\n\t\t\n\n\t\t<div class=\"section-content relative\">\n\t\t\t\n\n<h6>01<\/h6>\n<h2>Caf\u00e9s<\/h2>\n<p>\u00dcberraschen Sie Ihre G\u00e4ste mit der Amsterdam Republic-Flasche. Mit dieser Flasche in Ihrem Schrank lenken Sie auf besondere Weise die Aufmerksamkeit auf Ihre Bar. Jede Flasche erz\u00e4hlt eine einzigartige Geschichte, da sie alle von Hand gefertigt sind.  \n<\/p>\n<p><\/span><\/p>\n\n\n\t\t<\/div>\n\n\t\t\n<style>\n#section_585574793 {\n  padding-top: 30px;\n  padding-bottom: 30px;\n}\n<\/style>\n\t<\/section>\n\t\n\n\t\t<\/div>\n\t\t\t\t\t<\/div>\n\n\t\n\n\t<div id=\"col-383351051\" class=\"col medium-4 small-12 large-4\"  >\n\t\t\t\t<div class=\"col-inner\"  >\n\t\t\t\n\t\t\t\n\n\n\t<section class=\"section dark\" id=\"section_1299930295\">\n\t\t<div class=\"section-bg fill\" >\n\t\t\t\t\t\t\t\t\t\n\t\t\t\n\t<div class=\"is-border\"\n\t\tstyle=\"border-color:rgb(39, 54, 71);border-width:2px 2px 2px 2px;\">\n\t<\/div>\n\n\t\t<\/div>\n\n\t\t\n\n\t\t<div class=\"section-content relative\">\n\t\t\t\n\n<h6>02<\/h6>\n<h2>Gesch\u00e4fte<\/h2>\n<p>Mit unserer ikonischen Flasche in Ihren Regalen sind Sie DER Laden, zu dem jeder geht. Die Zusammenarbeit mit uns ist innovativ und wird von dem Wunsch angetrieben, das Beste f\u00fcr unsere Flaschen und das Beste f\u00fcr unsere Kunden zu tun. <\/span><\/p>\n\n\n\t\t<\/div>\n\n\t\t\n<style>\n#section_1299930295 {\n  padding-top: 30px;\n  padding-bottom: 30px;\n  background-color: rgb(0, 0, 0);\n}\n<\/style>\n\t<\/section>\n\t\n\n\t\t<\/div>\n\t\t\t\t\t<\/div>\n\n\t\n\n\t<div id=\"col-1442235524\" class=\"col medium-4 small-12 large-4\"  >\n\t\t\t\t<div class=\"col-inner\"  >\n\t\t\t\n\t\t\t\n\n\n\t<section class=\"section\" id=\"section_136130768\">\n\t\t<div class=\"section-bg fill\" >\n\t\t\t\t\t\t\t\t\t\n\t\t\t\n\t<div class=\"is-border\"\n\t\tstyle=\"border-color:rgb(39, 54, 71);border-width:2px 2px 2px 2px;\">\n\t<\/div>\n\n\t\t<\/div>\n\n\t\t\n\n\t\t<div class=\"section-content relative\">\n\t\t\t\n\n<h6>03<\/h6>\n<h2>Partner<\/h2>\n<p>Wachsen Sie gemeinsam mit uns auf ein h\u00f6heres Niveau und werden Sie Botschafter f\u00fcr uns und Ihre Marke. Es gibt eine gro\u00dfe Nachfrage nach unseren Getr\u00e4nken und wir brauchen lokale Partner, die uns helfen, den Markt zu bedienen und unsere k\u00fchnsten Tr\u00e4ume zu \u00fcbertreffen. <\/p>\n\n\n\t\t<\/div>\n\n\t\t\n<style>\n#section_136130768 {\n  padding-top: 30px;\n  padding-bottom: 30px;\n}\n<\/style>\n\t<\/section>\n\t\n\n\t\t<\/div>\n\t\t\t\t\t<\/div>\n\n\t\n\n<\/div>\n\n\t<section class=\"section\" id=\"section_38547737\">\n\t\t<div class=\"section-bg fill\" >\n\t\t\t\t\t\t\t\t\t\n\t\t\t\n\n\t\t<\/div>\n\n\t\t\n\n\t\t<div class=\"section-content relative\">\n\t\t\t\n\n<div class=\"row\"  id=\"row-699838722\">\n\n\n\t<div id=\"col-1128580475\" class=\"col small-12 large-12\"  >\n\t\t\t\t<div class=\"col-inner text-right\"  >\n\t\t\t\n\t\t\t\n\n\t<div id=\"text-3767003682\" class=\"text\">\n\t\t\n\n<h2>Unsere Standorte<\/h2>\n<h2>Unsere Standorte<\/h2>\n\n\t\t\n<style>\n#text-3767003682 {\n  text-align: center;\n}\n<\/style>\n\t<\/div>\n\t\n\n\t\t<\/div>\n\t\t\t\t\n<style>\n#col-1128580475 > .col-inner {\n  margin: 0 0px 0px 0px;\n}\n<\/style>\n\t<\/div>\n\n\t\n\n\t<div id=\"col-1907998823\" class=\"col medium-6 small-12 large-6\"  >\n\t\t\t\t<div class=\"col-inner\"  >\n\t\t\t\n\t\t\t\n\n\t<div id=\"gap-776281513\" class=\"gap-element clearfix\" style=\"display:block; height:auto;\">\n\t\t\n<style>\n#gap-776281513 {\n  padding-top: 20px;\n}\n<\/style>\n\t<\/div>\n\t\n\n<h3>Hauptsitz Amsterdam Republic<\/h3>\n<p>Johan van hasseltweg 12A, 1022WV, Amsterdam <br>Niederlande<\/p>\n\n\n\t\t<\/div>\n\t\t\t\t\t<\/div>\n\n\t\n\n\t<div id=\"col-428975000\" class=\"col medium-6 small-12 large-6\"  >\n\t\t\t\t<div class=\"col-inner\"  >\n\t\t\t\n\t\t\t\n\n\t<div id=\"gap-785319862\" class=\"gap-element clearfix\" style=\"display:block; height:auto;\">\n\t\t\n<style>\n#gap-785319862 {\n  padding-top: 20px;\n}\n<\/style>\n\t<\/div>\n\t\n\n<h3>Amsterdam Republic Destillerie<\/h3>\n<p>Metaalbewerkerweg 21, 1032 KW, Amsterdam<br>Niederlande<\/p>\n\n\t\t<\/div>\n\t\t\t\t\t<\/div>\n\n\t\n\n\t<div id=\"col-1564605527\" class=\"col medium-4 small-12 large-4\"  >\n\t\t\t\t<div class=\"col-inner\"  >\n\t\t\t\n\t\t\t\n\n\t<div id=\"gap-1146029738\" class=\"gap-element clearfix\" style=\"display:block; height:auto;\">\n\t\t\n<style>\n#gap-1146029738 {\n  padding-top: 20px;\n}\n<\/style>\n\t<\/div>\n\t\n\n\n\t\t<\/div>\n\t\t\t\t\t<\/div>\n\n\t\n\n<\/div>\n\n\t\t<\/div>\n\n\t\t\n<style>\n#section_38547737 {\n  padding-top: 30px;\n  padding-bottom: 30px;\n}\n<\/style>\n\t<\/section>\n\t\n<div class=\"row align-equal\"  id=\"row-854907202\">\n\n\n\t<div id=\"col-58538425\" class=\"col small-12 large-12\"  >\n\t\t\t\t<div class=\"col-inner\"  >\n\t\t\t\n\t\t\t\n\n<h2>Lass uns zusammen etwas trinken<\/h2>\n<p>F\u00fcllen Sie unten Ihre Daten aus. Es spielt keine Rolle, ob Sie ein Caf\u00e9, ein Spirituosengesch\u00e4ft, ein Lager oder ein Friseursalon sind. Wir sind f\u00fcr Sie da.   <\/span><\/p>\n\n<span class=\"scroll-to\" data-label=\"Scroll to: #trinken\" data-bullet=\"false\" data-link=\"#trinken\" data-title=\"trinken\"><a name=\"trinken\"><\/a><\/span>\n\n\n\t\t<\/div>\n\t\t\t\t\t<\/div>\n\n\t\n\n\t<div id=\"col-851663181\" class=\"col small-12 large-12\"  >\n\t\t\t\t<div class=\"col-inner text-center\"  >\n\t\t\t\n\t\t\t\n\n\n\t<section class=\"section\" id=\"section_722461383\">\n\t\t<div class=\"section-bg fill\" >\n\t\t\t\t\t\t\t\t\t\n\t\t\t\n\t<div class=\"is-border\"\n\t\tstyle=\"border-color:rgb(39, 54, 71);border-width:2px 2px 2px 2px;\">\n\t<\/div>\n\n\t\t<\/div>\n\n\t\t\n\n\t\t<div class=\"section-content relative\">\n\t\t\t\n\n<div class=\"forminator-ui forminator-custom-form forminator-custom-form-7338 forminator-design--material  forminator_ajax\" data-forminator-render=\"0\" data-form=\"forminator-module-7338\" data-uid=\"69f4aa0cb8ccd\"><br\/><\/div><form\n\t\t\t\tid=\"forminator-module-7338\"\n\t\t\t\tclass=\"forminator-ui forminator-custom-form forminator-custom-form-7338 forminator-design--material  forminator_ajax\"\n\t\t\t\tmethod=\"post\"\n\t\t\t\tdata-forminator-render=\"0\"\n\t\t\t\tdata-form-id=\"7338\"\n\t\t\t\t data-color-option=\"default\" data-design=\"material\" data-grid=\"open\" style=\"display: none;\"\n\t\t\t\tdata-uid=\"69f4aa0cb8ccd\"\n\t\t\t><div role=\"alert\" aria-live=\"polite\" class=\"forminator-response-message forminator-error\" aria-hidden=\"true\"><\/div><div class=\"forminator-row\"><div id=\"name-1\" class=\"forminator-field-name forminator-col forminator-col-4 \"><div class=\"forminator-field\"><label for=\"forminator-field-name-1_69f4aa0cb8ccd\" id=\"forminator-field-name-1_69f4aa0cb8ccd-label\" class=\"forminator-label\">Naam <span class=\"forminator-required\">*<\/span><\/label><input type=\"text\" name=\"name-1\" value=\"\" placeholder=\"Naam\" id=\"forminator-field-name-1_69f4aa0cb8ccd\" class=\"forminator-input forminator-name--field\" aria-required=\"true\" autocomplete=\"name\" \/><\/div><\/div><div id=\"email-1\" class=\"forminator-field-email forminator-col forminator-col-4 \"><div class=\"forminator-field\"><label for=\"forminator-field-email-1_69f4aa0cb8ccd\" id=\"forminator-field-email-1_69f4aa0cb8ccd-label\" class=\"forminator-label\">E-mailadres <span class=\"forminator-required\">*<\/span><\/label><input type=\"email\" name=\"email-1\" value=\"\" placeholder=\"E-mailadres\" id=\"forminator-field-email-1_69f4aa0cb8ccd\" class=\"forminator-input forminator-email--field\" data-required=\"true\" aria-required=\"true\" autocomplete=\"email\" \/><\/div><\/div><div id=\"phone-1\" class=\"forminator-field-phone forminator-col forminator-col-4 \"><div class=\"forminator-field\"><label for=\"forminator-field-phone-1_69f4aa0cb8ccd\" id=\"forminator-field-phone-1_69f4aa0cb8ccd-label\" class=\"forminator-label\">Telefoonnummer<\/label><input type=\"text\" name=\"phone-1\" value=\"\" placeholder=\"E-mailadres\" id=\"forminator-field-phone-1_69f4aa0cb8ccd\" class=\"forminator-input forminator-field--phone\" data-required=\"\" aria-required=\"false\" autocomplete=\"off\" \/><\/div><\/div><\/div><div class=\"forminator-row\"><div id=\"textarea-1\" class=\"forminator-field-textarea forminator-col forminator-col-12 \"><div class=\"forminator-field\"><label for=\"forminator-field-textarea-1_69f4aa0cb8ccd\" id=\"forminator-field-textarea-1_69f4aa0cb8ccd-label\" class=\"forminator-label\">Bericht<\/label><textarea name=\"textarea-1\" placeholder=\"Bericht..\" id=\"forminator-field-textarea-1_69f4aa0cb8ccd\" class=\"forminator-textarea\" rows=\"6\" style=\"min-height:140px;\" ><\/textarea><\/div><\/div><\/div><div class=\"forminator-row\"><div id=\"captcha-1\" class=\"forminator-field-captcha forminator-col forminator-col-12 \"><div class=\"forminator-captcha-left forminator-turnstile\" data-theme=\"auto\" data-language=\"de-de\" data-sitekey=\"0x4AAAAAACGyqL-7wXz8dZ63\" data-size=\"flexible\"><\/div> <\/div><\/div><input type=\"hidden\" name=\"referer_url\" value=\"\" \/><div class=\"forminator-row forminator-row-last\"><div class=\"forminator-col\"><div class=\"forminator-field\"><button class=\"forminator-button forminator-button-submit\"><span>Stuur bericht<\/span><span aria-hidden=\"true\"><\/span><\/button><\/div><\/div><\/div><input type=\"hidden\" id=\"forminator_nonce\" name=\"forminator_nonce\" value=\"9a6e534a1d\" \/><input type=\"hidden\" name=\"_wp_http_referer\" value=\"\/de\/wp-json\/wp\/v2\/pages\/29364\" \/><input type=\"hidden\" name=\"form_id\" value=\"7338\"><input type=\"hidden\" name=\"page_id\" value=\"29364\"><input type=\"hidden\" name=\"form_type\" value=\"default\"><input type=\"hidden\" name=\"current_url\" value=\"https:\/\/www.amsterdamrepublic.com\/de\/kontakt\/\"><input type=\"hidden\" name=\"render_id\" value=\"0\"><input type=\"hidden\" name=\"action\" value=\"forminator_submit_form_custom-forms\"><\/form>\n\n\t\t<\/div>\n\n\t\t\n<style>\n#section_722461383 {\n  padding-top: 30px;\n  padding-bottom: 30px;\n}\n<\/style>\n\t<\/section>\n\t\n\n\t\t<\/div>\n\t\t\t\t\t<\/div>\n\n\t\n\n<\/div>\n\n\t<section class=\"section\" id=\"section_1386618386\">\n\t\t<div class=\"section-bg fill\" >\n\t\t\t\t\t\t\t\t\t\n\t\t\t\n\n\t\t<\/div>\n\n\t\t\n\n\t\t<div class=\"section-content relative\">\n\t\t\t\n\n<div class=\"row align-center\"  id=\"row-1253825679\">\n\n\n\t<div id=\"col-2026840645\" class=\"col small-12 large-12\"  >\n\t\t\t\t<div class=\"col-inner text-center\"  >\n\t\t\t\n\t\t\t\n\n\n\t\t<\/div>\n\t\t\t\t\t<\/div>\n\n\t\n\n<\/div>\n\n\t\t<\/div>\n\n\t\t\n<style>\n#section_1386618386 {\n  padding-top: 60px;\n  padding-bottom: 60px;\n}\n<\/style>\n\t<\/section>\n\t\n\n","protected":false},"excerpt":{"rendered":"","protected":false},"author":1,"featured_media":0,"parent":0,"menu_order":0,"comment_status":"closed","ping_status":"closed","template":"page-blank.php","meta":{"bwfblock_default_font":"","footnotes":""},"class_list":["post-29364","page","type-page","status-publish","hentry"],"_links":{"self":[{"href":"https:\/\/www.amsterdamrepublic.com\/de\/wp-json\/wp\/v2\/pages\/29364","targetHints":{"allow":["GET"]}}],"collection":[{"href":"https:\/\/www.amsterdamrepublic.com\/de\/wp-json\/wp\/v2\/pages"}],"about":[{"href":"https:\/\/www.amsterdamrepublic.com\/de\/wp-json\/wp\/v2\/types\/page"}],"author":[{"embeddable":true,"href":"https:\/\/www.amsterdamrepublic.com\/de\/wp-json\/wp\/v2\/users\/1"}],"replies":[{"embeddable":true,"href":"https:\/\/www.amsterdamrepublic.com\/de\/wp-json\/wp\/v2\/comments?post=29364"}],"version-history":[{"count":0,"href":"https:\/\/www.amsterdamrepublic.com\/de\/wp-json\/wp\/v2\/pages\/29364\/revisions"}],"wp:attachment":[{"href":"https:\/\/www.amsterdamrepublic.com\/de\/wp-json\/wp\/v2\/media?parent=29364"}],"curies":[{"name":"wp","href":"https:\/\/api.w.org\/{rel}","templated":true}]}}