{"id":30107,"date":"2021-07-22T12:36:05","date_gmt":"2021-07-22T10:36:05","guid":{"rendered":"https:\/\/www.amsterdamrepublic.com\/zusammenarbeiten\/"},"modified":"2025-12-15T14:13:22","modified_gmt":"2025-12-15T13:13:22","slug":"zusammenarbeiten","status":"publish","type":"page","link":"https:\/\/www.amsterdamrepublic.com\/de\/zusammenarbeiten\/","title":{"rendered":"Zusammenarbeiten"},"content":{"rendered":"\n\n\t<section class=\"section\" id=\"section_1431437146\">\n\t\t<div class=\"section-bg fill\" >\n\t\t\t\t\t\t\t\t\t\n\t\t\t\n\n\t\t<\/div>\n\n\t\t\n\n\t\t<div class=\"section-content relative\">\n\t\t\t\n\n<div class=\"row row-full-width\"  id=\"row-538778211\">\n\n\n\t<div id=\"col-2001212697\" class=\"col medium-7 small-12 large-6\"  >\n\t\t\t\t<div class=\"col-inner text-left\"  >\n\t\t\t\n\t\t\t\n\n\t<div id=\"text-894825595\" class=\"text\">\n\t\t\n\n<h2><span style=\"font-size: 100%;\">Kommt, lasst uns zusammenarbeiten<\/span><\/h2>\n\t\t\n<style>\n#text-894825595 {\n  font-size: 2.5rem;\n  text-align: left;\n}\n@media (min-width:550px) {\n  #text-894825595 {\n    font-size: 2.1rem;\n  }\n}\n<\/style>\n\t<\/div>\n\t\n\t<div id=\"text-1230016517\" class=\"text\">\n\t\t\n\n<p>Amsterdam Republic entstand aus der Idee, dass sich jeder willkommen f\u00fchlen soll, und mit diesem Gedanken arbeiten wir auch mit unseren bestehenden und neuen Partnern zusammen. Dies k\u00f6nnen Bars, Einzelhandelsstandorte, Influencer oder Distributoren sein. <\/p>\n<p>Haben Sie eine Leidenschaft f\u00fcr Geselligkeit, m\u00f6chten Sie diese gerne mit Ihrer Online-Reichweite teilen und auch noch etwas daf\u00fcr zur\u00fcckbekommen? Dann ist eine Influencer-Kooperation mit Amsterdam Republic m\u00f6glicherweise etwas f\u00fcr Sie! <\/p>\n\t\t\n<style>\n#text-1230016517 {\n  text-align: left;\n}\n<\/style>\n\t<\/div>\n\t\n\t<div id=\"gap-1251848326\" class=\"gap-element clearfix\" style=\"display:block; height:auto;\">\n\t\t\n<style>\n#gap-1251848326 {\n  padding-top: 30px;\n}\n<\/style>\n\t<\/div>\n\t\n\n<a href=\"https:\/\/www.amsterdamrepublic.com\/de\/ueber-uns\/\" class=\"button secondary is-large\" style=\"border-radius:11px;padding:10px 30px 10px 30px;\">\n\t\t<span>Lesen Sie unsere Geschichte<\/span>\n\t<\/a>\n\n\n\n\t\t<\/div>\n\t\t\t\t\t<\/div>\n\n\t\n\n\t<div id=\"col-2086390971\" class=\"col medium-5 small-12 large-6\"  >\n\t\t\t\t<div class=\"col-inner\"  >\n\t\t\t\n\t\t\t\n\n\t<div class=\"img has-hover x md-x lg-x y md-y lg-y\" id=\"image_1888956123\">\n\t\t\t\t\t\t\t\t<div class=\"img-inner image-cover dark\" style=\"padding-top:580px;\">\n\t\t\t<img loading=\"lazy\" decoding=\"async\" width=\"1000\" height=\"1000\" src=\"https:\/\/www.amsterdamrepublic.com\/wp-content\/uploads\/2021\/07\/Amsterdam-Vodka-Gaypride.jpg\" class=\"attachment-original size-original\" alt=\"Amsterdam\" srcset=\"https:\/\/www.amsterdamrepublic.com\/wp-content\/uploads\/2021\/07\/Amsterdam-Vodka-Gaypride.jpg 1000w, https:\/\/www.amsterdamrepublic.com\/wp-content\/uploads\/2021\/07\/Amsterdam-Vodka-Gaypride-247x247.jpg 247w, https:\/\/www.amsterdamrepublic.com\/wp-content\/uploads\/2021\/07\/Amsterdam-Vodka-Gaypride-100x100.jpg 100w, https:\/\/www.amsterdamrepublic.com\/wp-content\/uploads\/2021\/07\/Amsterdam-Vodka-Gaypride-705x705.jpg 705w, https:\/\/www.amsterdamrepublic.com\/wp-content\/uploads\/2021\/07\/Amsterdam-Vodka-Gaypride-400x400.jpg 400w, https:\/\/www.amsterdamrepublic.com\/wp-content\/uploads\/2021\/07\/Amsterdam-Vodka-Gaypride-800x800.jpg 800w, https:\/\/www.amsterdamrepublic.com\/wp-content\/uploads\/2021\/07\/Amsterdam-Vodka-Gaypride-280x280.jpg 280w, https:\/\/www.amsterdamrepublic.com\/wp-content\/uploads\/2021\/07\/Amsterdam-Vodka-Gaypride-768x768.jpg 768w, https:\/\/www.amsterdamrepublic.com\/wp-content\/uploads\/2021\/07\/Amsterdam-Vodka-Gaypride-530x530.jpg 530w, https:\/\/www.amsterdamrepublic.com\/wp-content\/uploads\/2021\/07\/Amsterdam-Vodka-Gaypride-750x750.jpg 750w, https:\/\/www.amsterdamrepublic.com\/wp-content\/uploads\/2021\/07\/Amsterdam-Vodka-Gaypride-500x500.jpg 500w\" sizes=\"auto, (max-width: 1000px) 100vw, 1000px\">\t\t\t\t\t\t\n\t\t\t\t\t<\/div>\n\t\t\t\t\t\t\t\t\n<style>\n#image_1888956123 {\n  width: 100%;\n}\n@media (min-width:550px) {\n  #image_1888956123 {\n    width: 100%;\n  }\n}\n<\/style>\n\t<\/div>\n\t\n\n\n\t\t<\/div>\n\t\t\t\t\t<\/div>\n\n\t\n\n<\/div>\n\n\t\t<\/div>\n\n\t\t\n<style>\n#section_1431437146 {\n  padding-top: 36px;\n  padding-bottom: 36px;\n}\n<\/style>\n\t<\/section>\n\t\n\n\t<section class=\"section\" id=\"section_505319215\">\n\t\t<div class=\"section-bg fill\" >\n\t\t\t\t\t\t\t\t\t\n\t\t\t\n\n\t\t<\/div>\n\n\t\t\n\n\t\t<div class=\"section-content relative\">\n\t\t\t\n\n<div class=\"row row-full-width\"  id=\"row-1228088980\">\n\n\n\t<div id=\"col-198276371\" class=\"col small-12 large-12\"  >\n\t\t\t\t<div class=\"col-inner\"  >\n\t\t\t\n\t\t\t\n\n\t<div id=\"text-3966409430\" class=\"text\">\n\t\t\n\n<h3><span style=\"font-size: 100%;\">Wen suchen wir?<\/span><\/h3>\n\t\t\n<style>\n#text-3966409430 {\n  font-size: 1.75rem;\n  text-align: center;\n}\n<\/style>\n\t<\/div>\n\t\n\n\t\t<\/div>\n\t\t\t\t\n<style>\n#col-198276371 > .col-inner {\n  padding: 0px 0px 0px 0px;\n  margin: 0px 0px 0px 0px;\n}\n<\/style>\n\t<\/div>\n\n\t\n\n\t<div id=\"col-1778210035\" class=\"col medium-10 small-12 large-3\"  >\n\t\t\t\t<div class=\"col-inner\"  >\n\t\t\t\n\t\t\t\n\n\n\t\t<div class=\"icon-box featured-box icon-box-left text-left\"  style=\"margin:0px 0px 0px 0px;\">\n\t\t\t\t<div class=\"icon-box-text last-reset\">\n\t\t\t<h5 class=\"uppercase\">Lokale Gastronomie<\/h5>\t\t\t\t\t\t\n\n\t<div id=\"text-2072097317\" class=\"text\">\n\t\t\n\n<p>Kneipen, Bars und Clubs \u2013 fast \u00fcberall wird <span style=\"text-decoration: underline;\"><strong><a href=\"https:\/\/www.amsterdamrepublic.com\/de\/produkt\/premium-amsterdam-vodka\/\">unser Amsterdamer Wodka<\/a><\/strong><\/span> ausgeschenkt. Zusammen mit unseren Partnern denken wir \u00fcber neue Wege nach, um in Kombination mit unserer ikonischen Flasche mehr Kundschaft zu gewinnen. &nbsp;<\/p>\n\t\t\n<style>\n#text-2072097317 {\n  color: rgb(0,0,0);\n}\n#text-2072097317 > * {\n  color: rgb(0,0,0);\n}\n<\/style>\n\t<\/div>\n\t\n\n\t\t<\/div>\n\t<\/div>\n\t\n\t\n\n\t\t<\/div>\n\t\t\t\t\n<style>\n#col-1778210035 > .col-inner {\n  padding: 0px 0 0px 0px;\n}\n@media (min-width:850px) {\n  #col-1778210035 > .col-inner {\n    padding: 0px 0px 0px 0px;\n  }\n}\n<\/style>\n\t<\/div>\n\n\t\n\n\t<div id=\"col-1684202922\" class=\"col medium-10 small-12 large-3\"  >\n\t\t\t\t<div class=\"col-inner\"  >\n\t\t\t\n\t\t\t\n\n\n\t\t<div class=\"icon-box featured-box icon-box-left text-left\"  style=\"margin:0px 0px 0px 0px;\">\n\t\t\t\t<div class=\"icon-box-text last-reset\">\n\t\t\t<h5 class=\"uppercase\">Sponsoring<\/h5>\t\t\t\t\t\t\n\n<p>Mit Stolz sponsern wir kleine und gro\u00dfe Initiativen, die Menschen zusammenbringen. Dabei bleibt es nicht, wir versuchen immer, gemeinsam Ihre &#8218;Cause&#8216; eine lange Zusammenarbeit aufzubauen. &nbsp;<\/p>\n\n\t\t<\/div>\n\t<\/div>\n\t\n\t\n\n\t\t<\/div>\n\t\t\t\t\n<style>\n#col-1684202922 > .col-inner {\n  padding: 0px 0px 0px 0;\n}\n@media (min-width:850px) {\n  #col-1684202922 > .col-inner {\n    padding: 0px 0px 0px 0px;\n  }\n}\n<\/style>\n\t<\/div>\n\n\t\n\n\t<div id=\"col-1709087436\" class=\"col medium-3 small-12 large-3\"  >\n\t\t\t\t<div class=\"col-inner\"  >\n\t\t\t\n\t\t\t\n\n\n\t\t<div class=\"icon-box featured-box icon-box-left text-left\"  >\n\t\t\t\t<div class=\"icon-box-text last-reset\">\n\t\t\t<h5 class=\"uppercase\">Distributoren<\/h5>\t\t\t\t\t\t\n\n<p>Zusammen mit lokalen, regionalen und internationalen Distributoren vermarkten wir unsere Marke an die Partner, die wir lieben. Unsere Distributoren sind eines der wichtigsten Glieder in unserem gemeinsamen Erfolg. &nbsp;<\/p>\n\n\t\t<\/div>\n\t<\/div>\n\t\n\t\n\n\t\t<\/div>\n\t\t\t\t\t<\/div>\n\n\t\n\n\t<div id=\"col-270527674\" class=\"col medium-3 small-12 large-3\"  >\n\t\t\t\t<div class=\"col-inner\"  >\n\t\t\t\n\t\t\t\n\n\n\t\t<div class=\"icon-box featured-box icon-box-left text-left\"  style=\"margin:0px 0px 0px 0px;\">\n\t\t\t\t<div class=\"icon-box-text last-reset\">\n\t\t\t<h5 class=\"uppercase\">Influencer<\/h5>\t\t\t\t\t\t\n\n<p>Als Local Ambassador sind Sie unsere &#8218;Augen vor Ort&#8216; und wir arbeiten eng zusammen, um unsere Amsterdamer Spirituosenmarke weiter in die Welt zu tragen. Dies kann durch Sponsoring oder die gemeinsame Organisation von tollen Ausfl\u00fcgen geschehen. <\/p>\n\n\t\t<\/div>\n\t<\/div>\n\t\n\t\n\n\t\t<\/div>\n\t\t\t\t\t<\/div>\n\n\t\n\n<\/div>\n<div class=\"is-divider divider clearfix\" style=\"margin-top:40px;margin-bottom:40px;max-width:1920px;height:1px;\"><\/div>\n\n<h2>Melden Sie sich jetzt als Affiliate an!<\/h2>\n<p>Haben Sie eine gro\u00dfe Fangemeinde, ein tolles Social-Media-Profil oder einen Ort, an dem viele Leute vorbeikommen? Werden Sie dann Affiliate-Partner. A  <\/p>\n<p>Als Affiliate-Partner erhalten Sie direkten Zugriff auf:<\/p>\n<ul>\n<li>Einen einzigartigen Link, den Sie mit anderen teilen k\u00f6nnen. Sie erhalten eine Provision f\u00fcr jeden Verkauf <\/li>\n<li>Zugang zu einzigartigen Veranstaltungen, die vollst\u00e4ndig von Amsterdam Republic bezahlt werden<\/li>\n<li>Einladung zum Zugang zu Insiderinformationen<\/li>\n<\/ul>\n<p>F\u00fcllen Sie das untenstehende Formular aus und erhalten Sie direkt Ihren einzigartigen Link. Wenn Sie eine engere Zusammenarbeit aufbauen m\u00f6chten oder eine gute Idee haben, nehmen Sie <span style=\"text-decoration: underline;\"><strong><a href=\"https:\/\/www.amsterdamrepublic.com\/de\/kontakt\/\">Kontakt mit uns auf<\/a><\/strong><\/span>. <\/p>\n<div class=\"is-divider divider clearfix\" style=\"margin-top:40px;margin-bottom:40px;max-width:1920px;height:1px;\"><\/div>\n\n\n\t\t<\/div>\n\n\t\t\n<style>\n#section_505319215 {\n  padding-top: 26px;\n  padding-bottom: 26px;\n  background-color: rgb(255,255,255);\n}\n<\/style>\n\t<\/section>\n\t\n\n\t<section class=\"section\" id=\"section_247020526\">\n\t\t<div class=\"section-bg fill\" >\n\t\t\t\t\t\t\t\t\t\n\t\t\t\n\n\t\t<\/div>\n\n\t\t\n\n\t\t<div class=\"section-content relative\">\n\t\t\t\n\n\n\n[solid_affiliate_portal]\n\n\n\t\t<\/div>\n\n\t\t\n<style>\n#section_247020526 {\n  padding-top: 30px;\n  padding-bottom: 30px;\n}\n<\/style>\n\t<\/section>\n\t\n\n","protected":false},"excerpt":{"rendered":"","protected":false},"author":1,"featured_media":0,"parent":0,"menu_order":0,"comment_status":"closed","ping_status":"closed","template":"","meta":{"bwfblock_default_font":"","footnotes":""},"class_list":["post-30107","page","type-page","status-publish","hentry"],"_links":{"self":[{"href":"https:\/\/www.amsterdamrepublic.com\/de\/wp-json\/wp\/v2\/pages\/30107","targetHints":{"allow":["GET"]}}],"collection":[{"href":"https:\/\/www.amsterdamrepublic.com\/de\/wp-json\/wp\/v2\/pages"}],"about":[{"href":"https:\/\/www.amsterdamrepublic.com\/de\/wp-json\/wp\/v2\/types\/page"}],"author":[{"embeddable":true,"href":"https:\/\/www.amsterdamrepublic.com\/de\/wp-json\/wp\/v2\/users\/1"}],"replies":[{"embeddable":true,"href":"https:\/\/www.amsterdamrepublic.com\/de\/wp-json\/wp\/v2\/comments?post=30107"}],"version-history":[{"count":0,"href":"https:\/\/www.amsterdamrepublic.com\/de\/wp-json\/wp\/v2\/pages\/30107\/revisions"}],"wp:attachment":[{"href":"https:\/\/www.amsterdamrepublic.com\/de\/wp-json\/wp\/v2\/media?parent=30107"}],"curies":[{"name":"wp","href":"https:\/\/api.w.org\/{rel}","templated":true}]}}