{"id":29635,"date":"2023-04-20T17:57:06","date_gmt":"2023-04-20T15:57:06","guid":{"rendered":"https:\/\/www.amsterdamrepublic.com\/product\/wassermelonen-wodka\/"},"modified":"2026-04-20T11:27:31","modified_gmt":"2026-04-20T09:27:31","slug":"wassermelonen-wodka","status":"publish","type":"product","link":"https:\/\/www.amsterdamrepublic.com\/de\/produkt\/wassermelonen-wodka\/","title":{"rendered":"Watermelon Vodka"},"content":{"rendered":"<div class=\"row\"  id=\"row-1429832667\">\n\n\n\t<div id=\"col-856693313\" class=\"col medium-6 small-12 large-6 small-col-first\"  >\n\t\t\t\t<div class=\"col-inner\"  >\n\t\t\t\n\t\t\t\n\n\t<div class=\"img has-hover x md-x lg-x y md-y lg-y\" id=\"image_1285572209\">\n\t\t\t\t\t\t\t\t<div class=\"img-inner dark\" >\n\t\t\t<img loading=\"lazy\" decoding=\"async\" width=\"1652\" height=\"747\" src=\"https:\/\/www.amsterdamrepublic.com\/wp-content\/uploads\/2023\/07\/watermelon-banner-smaken.jpg\" class=\"attachment-original size-original\" alt=\"Amsterdam\" srcset=\"https:\/\/www.amsterdamrepublic.com\/wp-content\/uploads\/2023\/07\/watermelon-banner-smaken.jpg 1652w, https:\/\/www.amsterdamrepublic.com\/wp-content\/uploads\/2023\/07\/watermelon-banner-smaken-705x319.jpg 705w, https:\/\/www.amsterdamrepublic.com\/wp-content\/uploads\/2023\/07\/watermelon-banner-smaken-800x362.jpg 800w, https:\/\/www.amsterdamrepublic.com\/wp-content\/uploads\/2023\/07\/watermelon-banner-smaken-1400x633.jpg 1400w, https:\/\/www.amsterdamrepublic.com\/wp-content\/uploads\/2023\/07\/watermelon-banner-smaken-768x347.jpg 768w, https:\/\/www.amsterdamrepublic.com\/wp-content\/uploads\/2023\/07\/watermelon-banner-smaken-1536x695.jpg 1536w, https:\/\/www.amsterdamrepublic.com\/wp-content\/uploads\/2023\/07\/watermelon-banner-smaken-750x339.jpg 750w, https:\/\/www.amsterdamrepublic.com\/wp-content\/uploads\/2023\/07\/watermelon-banner-smaken-1320x597.jpg 1320w\" sizes=\"auto, (max-width: 1652px) 100vw, 1652px\">\t\t\t\t\t\t\n\t\t\t\t\t<\/div>\n\t\t\t\t\t\t\t\t\n<style>\n#image_1285572209 {\n  width: 100%;\n}\n<\/style>\n\t<\/div>\n\t\n\n\n\t\t<\/div>\n\t\t\t\t\t<\/div>\n\n\t\n\n\t<div id=\"col-33777853\" class=\"col medium-6 small-12 large-6\"  >\n\t\t\t\t<div class=\"col-inner\"  >\n\t\t\t\n\t\t\t\n\n<p class=\"lead\">Unser Wassermelonen-Wodka ist eine erfrischende Mischung aus s\u00fc\u00dfem Wassermelonengeschmack und <span style=\"text-decoration: underline;\"><strong><a href=\"https:\/\/www.amsterdamrepublic.com\/de\/produkt\/premium-amsterdam-vodka\/\">unserem Premium-Wodka<\/a><\/strong><\/span>. Diese lokale Amsterdamer Kreation wird aus biologischem Getreide hergestellt und verspricht einen nat\u00fcrlichen und hochwertigen Geschmack. Er eignet sich ideal f\u00fcr Cocktails oder zum puren Genie\u00dfen, perfekt f\u00fcr Partys, Grillabende oder einfach, wenn Sie Lust auf etwas K\u00f6stliches und Erfrischendes haben.   <\/p>\n\n\t\t<\/div>\n\t\t\t\t\t<\/div>\n\n\t\n\n<\/div>\n<div class=\"row\"  id=\"row-1309723027\">\n\n\n\t<div id=\"col-1213637270\" class=\"col medium-6 small-12 large-6\"  >\n\t\t\t\t<div class=\"col-inner\"  >\n\t\t\t\n\t\t\t\n\n<p class=\"lead\">Der s\u00fc\u00dfe Duft von Wassermelone str\u00f6mt Ihnen entgegen, sobald Sie den Verschluss der Flasche \u00f6ffnen. Sie f\u00fchlen sich sofort in sommerliche Stimmung versetzt. Amsterdam Republic Watermelon Vodka ist perfekt, um auf Partys, bei Grillabenden oder einfach, wenn Sie Lust auf etwas Leckeres und Erfrischendes haben, zu trinken. Er ist ein gro\u00dfartiger Wodka f\u00fcr Cocktails und Mixgetr\u00e4nke, der Ihren Drinks eine zus\u00e4tzliche Dimension verleiht. Wir haben schon ein paar davon probiert, die Sie alle in      <a href=\"\/?cat_ID=79\"><span style=\"text-decoration: underline;\"><strong>unserem Cocktail-Booklet<\/strong><\/a> finden.<\/p>\n\n\t\t<\/div>\n\t\t\t\t\t<\/div>\n\n\t\n\n\t<div id=\"col-861919207\" class=\"col medium-6 small-12 large-6 small-col-first\"  >\n\t\t\t\t<div class=\"col-inner\"  >\n\t\t\t\n\t\t\t\n\n\t<div class=\"img has-hover x md-x lg-x y md-y lg-y\" id=\"image_985568447\">\n\t\t\t\t\t\t\t\t<div class=\"img-inner image-cover dark\" style=\"padding-top:70%;\">\n\t\t\t<img loading=\"lazy\" decoding=\"async\" width=\"1480\" height=\"1531\" src=\"https:\/\/www.amsterdamrepublic.com\/wp-content\/uploads\/2023\/03\/waterlmelon-vodka-hands.jpg\" class=\"attachment-original size-original\" alt=\"watermelon vodka\" srcset=\"https:\/\/www.amsterdamrepublic.com\/wp-content\/uploads\/2023\/03\/waterlmelon-vodka-hands.jpg 1480w, https:\/\/www.amsterdamrepublic.com\/wp-content\/uploads\/2023\/03\/waterlmelon-vodka-hands-705x729.jpg 705w, https:\/\/www.amsterdamrepublic.com\/wp-content\/uploads\/2023\/03\/waterlmelon-vodka-hands-387x400.jpg 387w, https:\/\/www.amsterdamrepublic.com\/wp-content\/uploads\/2023\/03\/waterlmelon-vodka-hands-773x800.jpg 773w, https:\/\/www.amsterdamrepublic.com\/wp-content\/uploads\/2023\/03\/waterlmelon-vodka-hands-768x794.jpg 768w, https:\/\/www.amsterdamrepublic.com\/wp-content\/uploads\/2023\/03\/waterlmelon-vodka-hands-750x776.jpg 750w, https:\/\/www.amsterdamrepublic.com\/wp-content\/uploads\/2023\/03\/waterlmelon-vodka-hands-1320x1365.jpg 1320w\" sizes=\"auto, (max-width: 1480px) 100vw, 1480px\" \/>\t\t\t\t\t\t\n\t\t\t\t\t<\/div>\n\t\t\t\t\t\t\t\t\n<style>\n#image_985568447 {\n  width: 100%;\n}\n<\/style>\n\t<\/div>\n\t\n\n\n\t\t<\/div>\n\t\t\t\t\t<\/div>\n\n\t\n\n<\/div>\n\n\t<section class=\"section\" id=\"section_1161471782\">\n\t\t<div class=\"section-bg fill\" >\n\t\t\t\t\t\t\t\t\t\n\t\t\t\n\n\t\t<\/div>\n\n\t\t\n\n\t\t<div class=\"section-content relative\">\n\t\t\t\n\n<div class=\"row\"  id=\"row-673407144\">\n\n\n\t<div id=\"col-1107173804\" class=\"col small-12 large-12\"  >\n\t\t\t\t<div class=\"col-inner\"  >\n\t\t\t\n\t\t\t\n\n\t<div id=\"text-2910475054\" class=\"text\">\n\t\t\n\n<h1 style=\"text-align: center;\">WASSERMELONEN-COCKTAILS<\/h1>\n\t\t\n<style>\n#text-2910475054 {\n  font-size: 2.25rem;\n}\n<\/style>\n\t<\/div>\n\t\n\n  \n    <div class=\"row large-columns-3 medium-columns-1 small-columns-1 slider row-slider slider-nav-reveal slider-nav-push\"  data-flickity-options='{&quot;imagesLoaded&quot;: true, &quot;groupCells&quot;: &quot;100%&quot;, &quot;dragThreshold&quot; : 5, &quot;cellAlign&quot;: &quot;left&quot;,&quot;wrapAround&quot;: true,&quot;prevNextButtons&quot;: true,&quot;percentPosition&quot;: true,&quot;pageDots&quot;: false, &quot;rightToLeft&quot;: false, &quot;autoPlay&quot; : false}' >\n\n  <\/div>\n\n<a href=\"\/?cat_ID=79\" class=\"button primary is-large expand\" style=\"border-radius:10px;padding:10px 30px 10px 30px;\">\n\t\t<span>WASSERMELONEN-COCKTAILS<\/span>\n\t<\/a>\n\n\n\n\t\t<\/div>\n\t\t\t\t\t<\/div>\n\n\t\n\n\n<style>\n#row-673407144 > .col > .col-inner {\n  background-color: rgb(254, 212, 212);\n}\n<\/style>\n<\/div>\n\n\t\t<\/div>\n\n\t\t\n<style>\n#section_1161471782 {\n  padding-top: 30px;\n  padding-bottom: 30px;\n  background-color: rgb(254, 212, 212);\n}\n<\/style>\n\t<\/section>\n\t\n","protected":false},"excerpt":{"rendered":"<p>Der saftige, s\u00fc\u00dfe Geschmack von Wassermelone kombiniert mit dem weichen Abgang unseres <span style=\"text-decoration: underline;\"><strong><a href=\"https:\/\/www.amsterdamrepublic.com\/de\/produkt\/premium-amsterdam-vodka\/\">hochwertigen Wodkas<\/a><\/strong><\/span>. Das ist die Basis f\u00fcr deinen n\u00e4chsten Lieblingscocktail. <\/p>\n<p>Herrlich milder Wassermelonen-Wodka f\u00fcr Cocktails oder pur<\/p>\n<p>Ein echtes lokales Amsterdamer Produkt<\/p>\n<p>Hergestellt aus biologischem Getreide<\/p>\n<p>Gratis Cocktail-Booklet<\/p>\n","protected":false},"featured_media":29654,"comment_status":"open","ping_status":"closed","template":"","meta":{"bwfblock_default_font":""},"product_brand":[],"product_cat":[263,264],"product_tag":[],"class_list":{"0":"post-29635","1":"product","2":"type-product","3":"status-publish","4":"has-post-thumbnail","6":"product_cat-premium-wodkas","7":"product_cat-limited-editions-specials","9":"first","10":"instock","11":"sale","12":"taxable","13":"shipping-taxable","14":"purchasable","15":"product-type-simple"},"_links":{"self":[{"href":"https:\/\/www.amsterdamrepublic.com\/de\/wp-json\/wp\/v2\/product\/29635","targetHints":{"allow":["GET"]}}],"collection":[{"href":"https:\/\/www.amsterdamrepublic.com\/de\/wp-json\/wp\/v2\/product"}],"about":[{"href":"https:\/\/www.amsterdamrepublic.com\/de\/wp-json\/wp\/v2\/types\/product"}],"replies":[{"embeddable":true,"href":"https:\/\/www.amsterdamrepublic.com\/de\/wp-json\/wp\/v2\/comments?post=29635"}],"wp:featuredmedia":[{"embeddable":true,"href":"https:\/\/www.amsterdamrepublic.com\/de\/wp-json\/wp\/v2\/media\/29654"}],"wp:attachment":[{"href":"https:\/\/www.amsterdamrepublic.com\/de\/wp-json\/wp\/v2\/media?parent=29635"}],"wp:term":[{"taxonomy":"product_brand","embeddable":true,"href":"https:\/\/www.amsterdamrepublic.com\/de\/wp-json\/wp\/v2\/product_brand?post=29635"},{"taxonomy":"product_cat","embeddable":true,"href":"https:\/\/www.amsterdamrepublic.com\/de\/wp-json\/wp\/v2\/product_cat?post=29635"},{"taxonomy":"product_tag","embeddable":true,"href":"https:\/\/www.amsterdamrepublic.com\/de\/wp-json\/wp\/v2\/product_tag?post=29635"}],"curies":[{"name":"wp","href":"https:\/\/api.w.org\/{rel}","templated":true}]}}