{"id":29658,"date":"2025-02-11T11:12:11","date_gmt":"2025-02-11T10:12:11","guid":{"rendered":"https:\/\/www.amsterdamrepublic.com\/product\/premium-dutch-gin\/"},"modified":"2026-04-20T11:26:25","modified_gmt":"2026-04-20T09:26:25","slug":"premium-dutch-gin","status":"publish","type":"product","link":"https:\/\/www.amsterdamrepublic.com\/de\/produkt\/premium-dutch-gin\/","title":{"rendered":"Premium Dutch Gin"},"content":{"rendered":"<div class=\"row align-middle align-center\" style=\"max-width:1300px\" id=\"row-730831143\">\n\n\n\t<div id=\"col-411182045\" class=\"col medium-5 small-12 large-6\"  >\n\t\t\t\t<div class=\"col-inner\"  >\n\t\t\t\n\t\t\t\n\n\t<div id=\"text-3654385737\" class=\"text\">\n\t\t\n\n<h2>Geschmack und Ausgewogenheit<\/h2>\n\t\t\n<style>\n#text-3654385737 {\n  font-size: 1.4rem;\n  text-align: left;\n}\n@media (min-width:550px) {\n  #text-3654385737 {\n    font-size: 2rem;\n  }\n}\n<\/style>\n\t<\/div>\n\t\n\t<div id=\"text-2678758946\" class=\"text\">\n\t\t\n\n<p>Unser Gin ist frisch, w\u00fcrzig und raffiniert in jedem Schluck. Wacholder bildet die Basis, w\u00e4hrend Zitrusfr\u00fcchte, Koriander und Kardamom f\u00fcr lebendige Frische sorgen. Subtile Noten von Lavendel, Pfeffer und Zimt verleihen Tiefe und Charakter, ohne dabei \u00fcberw\u00e4ltigend geschmackvoll zu werden.  <\/p>\n<p>Ein reiner, geschmeidiger Gin, der vor Erlebnisreichtum strotzt.<\/p>\n\t\t\n<style>\n#text-2678758946 {\n  font-size: 1.1rem;\n}\n@media (min-width:550px) {\n  #text-2678758946 {\n    font-size: 1.4rem;\n  }\n}\n<\/style>\n\t<\/div>\n\t\n\n\t\t<\/div>\n\t\t\t\t\n<style>\n#col-411182045 > .col-inner {\n  padding: 0px 0px 0px 0px;\n}\n<\/style>\n\t<\/div>\n\n\t\n\n\t<div id=\"col-1255788711\" class=\"col medium-6 small-12 large-6 small-col-first\"  >\n\t\t\t\t<div class=\"col-inner\"  >\n\t\t\t\n\t\t\t\n\n\t<div class=\"img has-hover radiusimage x md-x lg-x y md-y lg-y\" id=\"image_757843075\">\n\t\t\t\t\t\t\t\t<div class=\"img-inner image-cover dark\" style=\"padding-top:100%;\">\n\t\t\t<img loading=\"lazy\" decoding=\"async\" width=\"800\" height=\"800\" src=\"https:\/\/www.amsterdamrepublic.com\/wp-content\/uploads\/2025\/11\/gin-ingredien-800x800.jpg\" class=\"attachment-large size-large\" alt=\"Amsterdam\" srcset=\"https:\/\/www.amsterdamrepublic.com\/wp-content\/uploads\/2025\/11\/gin-ingredien-800x800.jpg 800w, https:\/\/www.amsterdamrepublic.com\/wp-content\/uploads\/2025\/11\/gin-ingredien-400x400.jpg 400w, https:\/\/www.amsterdamrepublic.com\/wp-content\/uploads\/2025\/11\/gin-ingredien-280x280.jpg 280w, https:\/\/www.amsterdamrepublic.com\/wp-content\/uploads\/2025\/11\/gin-ingredien-768x768.jpg 768w, https:\/\/www.amsterdamrepublic.com\/wp-content\/uploads\/2025\/11\/gin-ingredien-530x530.jpg 530w, https:\/\/www.amsterdamrepublic.com\/wp-content\/uploads\/2025\/11\/gin-ingredien-750x750.jpg 750w, https:\/\/www.amsterdamrepublic.com\/wp-content\/uploads\/2025\/11\/gin-ingredien-500x500.jpg 500w, https:\/\/www.amsterdamrepublic.com\/wp-content\/uploads\/2025\/11\/gin-ingredien-705x705.jpg 705w, https:\/\/www.amsterdamrepublic.com\/wp-content\/uploads\/2025\/11\/gin-ingredien-100x100.jpg 100w, https:\/\/www.amsterdamrepublic.com\/wp-content\/uploads\/2025\/11\/gin-ingredien.jpg 1024w\" sizes=\"auto, (max-width: 800px) 100vw, 800px\">\t\t\t\t\t\t\n\t\t\t\t\t<\/div>\n\t\t\t\t\t\t\t\t\n<style>\n#image_757843075 {\n  width: 100%;\n}\n<\/style>\n\t<\/div>\n\t\n\n\n\t\t<\/div>\n\t\t\t\t\t<\/div>\n\n\t\n\n<\/div>\n<div class=\"row align-middle align-center\"  id=\"row-2114494934\">\n\n\n\t<div id=\"col-1025985572\" class=\"col medium-6 small-12 large-6\"  >\n\t\t\t\t<div class=\"col-inner\"  >\n\t\t\t\n\t\t\t\n\n\t<div class=\"img has-hover radiusimage x md-x lg-x y md-y lg-y\" id=\"image_2090581096\">\n\t\t\t\t\t\t\t\t<div class=\"img-inner image-cover dark\" style=\"padding-top:100%;\">\n\t\t\t<img loading=\"lazy\" decoding=\"async\" width=\"800\" height=\"800\" src=\"https:\/\/www.amsterdamrepublic.com\/wp-content\/uploads\/2025\/11\/dutch-gin-red-800x800.jpg\" class=\"attachment-large size-large\" alt=\"Amsterdam\" srcset=\"https:\/\/www.amsterdamrepublic.com\/wp-content\/uploads\/2025\/11\/dutch-gin-red-800x800.jpg 800w, https:\/\/www.amsterdamrepublic.com\/wp-content\/uploads\/2025\/11\/dutch-gin-red-400x400.jpg 400w, https:\/\/www.amsterdamrepublic.com\/wp-content\/uploads\/2025\/11\/dutch-gin-red-280x280.jpg 280w, https:\/\/www.amsterdamrepublic.com\/wp-content\/uploads\/2025\/11\/dutch-gin-red-768x768.jpg 768w, https:\/\/www.amsterdamrepublic.com\/wp-content\/uploads\/2025\/11\/dutch-gin-red-530x530.jpg 530w, https:\/\/www.amsterdamrepublic.com\/wp-content\/uploads\/2025\/11\/dutch-gin-red-750x750.jpg 750w, https:\/\/www.amsterdamrepublic.com\/wp-content\/uploads\/2025\/11\/dutch-gin-red-500x500.jpg 500w, https:\/\/www.amsterdamrepublic.com\/wp-content\/uploads\/2025\/11\/dutch-gin-red-705x705.jpg 705w, https:\/\/www.amsterdamrepublic.com\/wp-content\/uploads\/2025\/11\/dutch-gin-red-100x100.jpg 100w, https:\/\/www.amsterdamrepublic.com\/wp-content\/uploads\/2025\/11\/dutch-gin-red.jpg 1024w\" sizes=\"auto, (max-width: 800px) 100vw, 800px\">\t\t\t\t\t\t\n\t\t\t\t\t<\/div>\n\t\t\t\t\t\t\t\t\n<style>\n#image_2090581096 {\n  width: 100%;\n}\n<\/style>\n\t<\/div>\n\t\n\n\n\t\t<\/div>\n\t\t\t\t\n<style>\n#col-1025985572 > .col-inner {\n  padding: 0px 0px 0px 0px;\n  margin: 0px 0px 0px 0px;\n}\n<\/style>\n\t<\/div>\n\n\t\n\n\t<div id=\"col-69848857\" class=\"col medium-6 small-12 large-6\"  >\n\t\t\t\t<div class=\"col-inner\"  >\n\t\t\t\n\t\t\t\n\n\t<div id=\"text-1449629986\" class=\"text\">\n\t\t\n\n<h2>F\u00fcr den perfekten Gin-Tonic-Moment<\/h2>\n\n\t\t\n<style>\n#text-1449629986 {\n  font-size: 1.4rem;\n  text-align: left;\n}\n@media (min-width:550px) {\n  #text-1449629986 {\n    font-size: 2rem;\n  }\n}\n<\/style>\n\t<\/div>\n\t\n\t<div id=\"text-1503581410\" class=\"text\">\n\t\t\n\n<p>Gin ist zum Mixen geboren. Kombinieren Sie ihn mit einem Premium-Tonic und einer Orangenscheibe oder einem Zweig Rosmarin, und Sie haben einen erfrischenden Klassiker mit einem Amsterdamer Twist. <br><br data-start=\"970\" data-end=\"973\">Der weiche, w\u00fcrzige Abgang macht ihn auch ideal f\u00fcr Cocktails: von einem frischen <em data-start=\"1053\" data-end=\"1066\">Tom Collins<\/em> bis zu einem aromatischen <em data-start=\"1087\" data-end=\"1096\">Negroni<\/em>. Nicht zu trocken, nicht zu s\u00fc\u00df, sondern genau die richtige Balance f\u00fcr jeden Moment. <\/p>\n\t\t\n<style>\n#text-1503581410 {\n  font-size: 1.1rem;\n}\n@media (min-width:550px) {\n  #text-1503581410 {\n    font-size: 1.4rem;\n  }\n}\n<\/style>\n\t<\/div>\n\t\n\n\t\t<\/div>\n\t\t\t\t\n<style>\n#col-69848857 > .col-inner {\n  padding: 0px 0px 0px 0px;\n  margin: 0px 0px 0px 0;\n}\n@media (min-width:550px) {\n  #col-69848857 > .col-inner {\n    margin: 0px 0px 0px 0px;\n  }\n}\n<\/style>\n\t<\/div>\n\n\t\n\n\n<style>\n#row-2114494934 > .col > .col-inner {\n  padding: 0px 0px 0px 0px;\n}\n<\/style>\n<\/div>\n<div class=\"row align-middle align-center\" style=\"max-width:1300px\" id=\"row-938045926\">\n\n\n\t<div id=\"col-1328605640\" class=\"col medium-6 small-12 large-6\"  >\n\t\t\t\t<div class=\"col-inner\"  >\n\t\t\t\n\t\t\t\n\n\t<div id=\"text-3248041982\" class=\"text\">\n\t\t\n\n<h2>Abgef\u00fcllt im Herzen von Amsterdam<\/h2>\n\t\t\n<style>\n#text-3248041982 {\n  font-size: 1.4rem;\n  text-align: left;\n}\n@media (min-width:550px) {\n  #text-3248041982 {\n    font-size: 2rem;\n  }\n}\n<\/style>\n\t<\/div>\n\t\n\t<div id=\"text-2705134504\" class=\"text\">\n\t\t\n\n<p>Wie es sich f\u00fcr etwas geh\u00f6rt, das wirklich Amsterdams ist, wird unser Gin lokal hergestellt und in dem ikonischen <em data-start=\"1345\" data-end=\"1362\">Amsterdammertje<\/em> abgef\u00fcllt, unserer mattierten, gefrosteten 1-Liter-Flasche.<br data-start=\"1401\" data-end=\"1404\"><br>Eine Ode an die Stadt und ihre freien Geister und eine stilvolle Erg\u00e4nzung f\u00fcr jede Bar. Hier kommen Handwerkskunst, Geschmack und Stolz in einer Flasche zusammen. <\/p>\n\t\t\n<style>\n#text-2705134504 {\n  font-size: 1.1rem;\n}\n@media (min-width:550px) {\n  #text-2705134504 {\n    font-size: 1.4rem;\n  }\n}\n<\/style>\n\t<\/div>\n\t\n\n\t\t<\/div>\n\t\t\t\t\n<style>\n#col-1328605640 > .col-inner {\n  padding: 0 0px 0px 0px;\n}\n@media (min-width:550px) {\n  #col-1328605640 > .col-inner {\n    padding: 30px 0px 0px 0px;\n  }\n}\n<\/style>\n\t<\/div>\n\n\t\n\n\t<div id=\"col-836143080\" class=\"col medium-6 small-12 large-6 medium-col-first\"  >\n\t\t\t\t<div class=\"col-inner\"  >\n\t\t\t\n\t\t\t\n\n\t<div class=\"img has-hover radiusimage x md-x lg-x y md-y lg-y\" id=\"image_55597421\">\n\t\t\t\t\t\t\t\t<div class=\"img-inner image-cover dark\" style=\"padding-top:100%;\">\n\t\t\t<img loading=\"lazy\" decoding=\"async\" width=\"800\" height=\"800\" src=\"https:\/\/www.amsterdamrepublic.com\/wp-content\/uploads\/2025\/11\/Dutch-ginn-800x800.jpg\" class=\"attachment-large size-large\" alt=\"Amsterdam\" srcset=\"https:\/\/www.amsterdamrepublic.com\/wp-content\/uploads\/2025\/11\/Dutch-ginn-800x800.jpg 800w, https:\/\/www.amsterdamrepublic.com\/wp-content\/uploads\/2025\/11\/Dutch-ginn-400x400.jpg 400w, https:\/\/www.amsterdamrepublic.com\/wp-content\/uploads\/2025\/11\/Dutch-ginn-280x280.jpg 280w, https:\/\/www.amsterdamrepublic.com\/wp-content\/uploads\/2025\/11\/Dutch-ginn-768x768.jpg 768w, https:\/\/www.amsterdamrepublic.com\/wp-content\/uploads\/2025\/11\/Dutch-ginn-530x530.jpg 530w, https:\/\/www.amsterdamrepublic.com\/wp-content\/uploads\/2025\/11\/Dutch-ginn-750x750.jpg 750w, https:\/\/www.amsterdamrepublic.com\/wp-content\/uploads\/2025\/11\/Dutch-ginn-500x500.jpg 500w, https:\/\/www.amsterdamrepublic.com\/wp-content\/uploads\/2025\/11\/Dutch-ginn-705x705.jpg 705w, https:\/\/www.amsterdamrepublic.com\/wp-content\/uploads\/2025\/11\/Dutch-ginn-100x100.jpg 100w, https:\/\/www.amsterdamrepublic.com\/wp-content\/uploads\/2025\/11\/Dutch-ginn.jpg 1024w\" sizes=\"auto, (max-width: 800px) 100vw, 800px\">\t\t\t\t\t\t\n\t\t\t\t\t<\/div>\n\t\t\t\t\t\t\t\t\n<style>\n#image_55597421 {\n  width: 100%;\n}\n<\/style>\n\t<\/div>\n\t\n\n\n\t\t<\/div>\n\t\t\t\t\n<style>\n#col-836143080 > .col-inner {\n  margin: -0 0px 0px 0px;\n}\n<\/style>\n\t<\/div>\n\n\t\n\n\t<div id=\"col-823221065\" class=\"col small-12 large-12\"  >\n\t\t\t\t<div class=\"col-inner\"  >\n\t\t\t\n\t\t\t\n\n\n\t\t<\/div>\n\t\t\t\t\t<\/div>\n\n\t\n\n<\/div>\n<div class=\"row\"  id=\"row-2031754811\">\n\n\n\t<div id=\"col-289504644\" class=\"col small-12 large-12\"  >\n\t\t\t\t<div class=\"col-inner\"  >\n\t\t\t\n\t\t\t\n\n<div class=\"container section-title-container\" ><h2 class=\"section-title section-title-bold\"><b aria-hidden=\"true\"><\/b><span class=\"section-title-main\" >H\u00e4ufig gestellte Fragen<\/span><b aria-hidden=\"true\"><\/b><\/h2><\/div>\n\n<div class=\"accordion\">\n\n\t<div id=\"accordion-2678096341\" class=\"accordion-item\">\n\t\t<a id=\"accordion-2678096341-label\" class=\"accordion-title plain\" href=\"#accordion-item-wann-wird-meine-bestellung-geliefert?\" aria-expanded=\"false\" aria-controls=\"accordion-2678096341-content\">\n\t\t\t<button class=\"toggle\" aria-label=\"Umschalten\"><i class=\"icon-angle-down\" aria-hidden=\"true\"><\/i><\/button>\n\t\t\t<span>Wann wird meine Bestellung geliefert?<\/span>\n\t\t<\/a>\n\t\t<div id=\"accordion-2678096341-content\" class=\"accordion-inner\" aria-labelledby=\"accordion-2678096341-label\">\n\t\t\t\n\n<p>Voraussichtlich <strong>levering aanstaande <strong>zaterdag<\/strong> of <strong>maandag<\/strong> <\/strong><\/p>\n\n\t\t<\/div>\n\t<\/div>\n\t\n\t<div id=\"accordion-1118836263\" class=\"accordion-item\">\n\t\t<a id=\"accordion-1118836263-label\" class=\"accordion-title plain\" href=\"#accordion-item-wie-wird-meine-bestellung-versendet?\" aria-expanded=\"false\" aria-controls=\"accordion-1118836263-content\">\n\t\t\t<button class=\"toggle\" aria-label=\"Umschalten\"><i class=\"icon-angle-down\" aria-hidden=\"true\"><\/i><\/button>\n\t\t\t<span>Wie wird meine Bestellung versendet?<\/span>\n\t\t<\/a>\n\t\t<div id=\"accordion-1118836263-content\" class=\"accordion-inner\" aria-labelledby=\"accordion-1118836263-label\">\n\t\t\t\n\n<p>Wir versenden mit PostNL, die eine 18+-Pr\u00fcfung an der T\u00fcr durchf\u00fchrt. Deine Bestellung wird 1x an die Lieferadresse angeboten, danach kann sie an einem PostNL-Punkt in der N\u00e4he abgeholt werden. <\/p>\n\n\t\t<\/div>\n\t<\/div>\n\t\n\t<div id=\"accordion-3536884341\" class=\"accordion-item\">\n\t\t<a id=\"accordion-3536884341-label\" class=\"accordion-title plain\" href=\"#accordion-item-erhalte-ich-auch-eine-rechnung?\" aria-expanded=\"false\" aria-controls=\"accordion-3536884341-content\">\n\t\t\t<button class=\"toggle\" aria-label=\"Umschalten\"><i class=\"icon-angle-down\" aria-hidden=\"true\"><\/i><\/button>\n\t\t\t<span>Erhalte ich auch eine Rechnung?<\/span>\n\t\t<\/a>\n\t\t<div id=\"accordion-3536884341-content\" class=\"accordion-inner\" aria-labelledby=\"accordion-3536884341-label\">\n\t\t\t\n\n<p>Ja, zu deiner Bestellung erh\u00e4ltst du eine Rechnung per E-Mail und der Bestellung wird ein Lieferschein beigef\u00fcgt. Du kannst auch eine Kopie der Rechnung auf deiner Kontoseite herunterladen. Wenn du beim Check-out angibst, dass das Paket 'nicht f\u00fcr dich selbst' ist, wird zwar ein Lieferschein in die Box gelegt, aber ohne Angabe von Preisen. Wir k\u00f6nnen Rechnungen nach der Bestellung nicht mehr anpassen.   <\/p>\n\n\t\t<\/div>\n\t<\/div>\n\t\n\n<\/div>\n\n\t\t<\/div>\n\t\t\t\t\t<\/div>\n\n\t\n\n<\/div>\n","protected":false},"excerpt":{"rendered":"<p>Unser Gin kombiniert Wacholder, Zitrusfr\u00fcchte, Koriander und einen Hauch Lavendel zu einem geschmeidigen, lebendigen Geschmack, der perfekt zu Tonic passt. Ein frischer, w\u00fcrziger Gin mit Charakter. <\/p>\n<p>Hergestellt aus biologischen Zutaten, abgef\u00fcllt im ikonischen Amsterdammertje.<\/p>\n","protected":false},"featured_media":29683,"comment_status":"open","ping_status":"closed","template":"","meta":{"bwfblock_default_font":""},"product_brand":[],"product_cat":[265],"product_tag":[],"class_list":{"0":"post-29658","1":"product","2":"type-product","3":"status-publish","4":"has-post-thumbnail","6":"product_cat-gin-likore","7":"pa_contents-1l-1000-ml-34-fl-oz","9":"first","10":"instock","11":"taxable","12":"shipping-taxable","13":"purchasable","14":"product-type-simple"},"_links":{"self":[{"href":"https:\/\/www.amsterdamrepublic.com\/de\/wp-json\/wp\/v2\/product\/29658","targetHints":{"allow":["GET"]}}],"collection":[{"href":"https:\/\/www.amsterdamrepublic.com\/de\/wp-json\/wp\/v2\/product"}],"about":[{"href":"https:\/\/www.amsterdamrepublic.com\/de\/wp-json\/wp\/v2\/types\/product"}],"replies":[{"embeddable":true,"href":"https:\/\/www.amsterdamrepublic.com\/de\/wp-json\/wp\/v2\/comments?post=29658"}],"wp:featuredmedia":[{"embeddable":true,"href":"https:\/\/www.amsterdamrepublic.com\/de\/wp-json\/wp\/v2\/media\/29683"}],"wp:attachment":[{"href":"https:\/\/www.amsterdamrepublic.com\/de\/wp-json\/wp\/v2\/media?parent=29658"}],"wp:term":[{"taxonomy":"product_brand","embeddable":true,"href":"https:\/\/www.amsterdamrepublic.com\/de\/wp-json\/wp\/v2\/product_brand?post=29658"},{"taxonomy":"product_cat","embeddable":true,"href":"https:\/\/www.amsterdamrepublic.com\/de\/wp-json\/wp\/v2\/product_cat?post=29658"},{"taxonomy":"product_tag","embeddable":true,"href":"https:\/\/www.amsterdamrepublic.com\/de\/wp-json\/wp\/v2\/product_tag?post=29658"}],"curies":[{"name":"wp","href":"https:\/\/api.w.org\/{rel}","templated":true}]}}