{"id":29659,"date":"2022-09-07T16:34:30","date_gmt":"2022-09-07T14:34:30","guid":{"rendered":"https:\/\/www.amsterdamrepublic.com\/product\/vodka-stroopwafel-doppelpack\/"},"modified":"2026-04-30T11:21:24","modified_gmt":"2026-04-30T09:21:24","slug":"vodka-stroopwafel-doppelpack","status":"publish","type":"product","link":"https:\/\/www.amsterdamrepublic.com\/de\/produkt\/vodka-stroopwafel-doppelpack\/","title":{"rendered":"Vodka &amp; Stroopwafel Doppelpack"},"content":{"rendered":"","protected":false},"excerpt":{"rendered":"<p>Der klassische Amsterdam Vodka Doppelpack, speziell f\u00fcr echte Amsterdam-Liebhaber. Genie\u00dfe diese herrliche Kombination aus &#8217;stark &amp; s\u00fc\u00df&#8216;. Du erh\u00e4ltst den Premium Amsterdam Vodka (1 l, 40 %) zusammen mit unserem authentischen Dutch Stroopwafel Vodka Lik\u00f6r (0,5 l, 14,5 %). Beide abgef\u00fcllt in dem ikonischen Amsterdammertje.   <\/p>\n<p>K\u00f6stlich mild und perfekt f\u00fcr Cocktails<\/p>\n<p>Ein echtes lokales Amsterdamer Produkt<\/p>\n<p>Hergestellt aus biologischem Getreide<\/p>\n<p>Gratis Cocktail-Booklet<\/p>\n","protected":false},"featured_media":29694,"comment_status":"open","ping_status":"closed","template":"","meta":{"bwfblock_default_font":""},"product_brand":[],"product_cat":[264],"product_tag":[],"class_list":{"0":"post-29659","1":"product","2":"type-product","3":"status-publish","4":"has-post-thumbnail","6":"product_cat-limited-editions-specials","8":"first","9":"instock","10":"sale","11":"taxable","12":"shipping-taxable","13":"purchasable","14":"product-type-simple"},"_links":{"self":[{"href":"https:\/\/www.amsterdamrepublic.com\/de\/wp-json\/wp\/v2\/product\/29659","targetHints":{"allow":["GET"]}}],"collection":[{"href":"https:\/\/www.amsterdamrepublic.com\/de\/wp-json\/wp\/v2\/product"}],"about":[{"href":"https:\/\/www.amsterdamrepublic.com\/de\/wp-json\/wp\/v2\/types\/product"}],"replies":[{"embeddable":true,"href":"https:\/\/www.amsterdamrepublic.com\/de\/wp-json\/wp\/v2\/comments?post=29659"}],"wp:featuredmedia":[{"embeddable":true,"href":"https:\/\/www.amsterdamrepublic.com\/de\/wp-json\/wp\/v2\/media\/29694"}],"wp:attachment":[{"href":"https:\/\/www.amsterdamrepublic.com\/de\/wp-json\/wp\/v2\/media?parent=29659"}],"wp:term":[{"taxonomy":"product_brand","embeddable":true,"href":"https:\/\/www.amsterdamrepublic.com\/de\/wp-json\/wp\/v2\/product_brand?post=29659"},{"taxonomy":"product_cat","embeddable":true,"href":"https:\/\/www.amsterdamrepublic.com\/de\/wp-json\/wp\/v2\/product_cat?post=29659"},{"taxonomy":"product_tag","embeddable":true,"href":"https:\/\/www.amsterdamrepublic.com\/de\/wp-json\/wp\/v2\/product_tag?post=29659"}],"curies":[{"name":"wp","href":"https:\/\/api.w.org\/{rel}","templated":true}]}}