{"id":29699,"date":"2024-03-25T13:07:36","date_gmt":"2024-03-25T12:07:36","guid":{"rendered":"https:\/\/www.amsterdamrepublic.com\/product\/gin-jerrycan-5-l-premium-40-vol\/"},"modified":"2026-04-11T23:18:13","modified_gmt":"2026-04-11T21:18:13","slug":"gin-jerrycan-5-l-premium-40-vol","status":"publish","type":"product","link":"https:\/\/www.amsterdamrepublic.com\/de\/produkt\/gin-jerrycan-5-l-premium-40-vol\/","title":{"rendered":"Gin-Kanister Premium 5 l \u2013 40 % Vol."},"content":{"rendered":"<div class=\"row align-middle align-center\" style=\"max-width:1300px\" id=\"row-1998381192\">\n\n\n\t<div id=\"col-1664290444\" class=\"col medium-5 small-12 large-6\"  >\n\t\t\t\t<div class=\"col-inner\"  >\n\t\t\t\n\t\t\t\n\n\t<div id=\"text-3744768034\" class=\"text\">\n\t\t\n\n<h2>Wir bringen den Gin, du das Tonic<\/h2>\n\t\t\n<style>\n#text-3744768034 {\n  font-size: 1.4rem;\n  text-align: left;\n}\n@media (min-width:550px) {\n  #text-3744768034 {\n    font-size: 2rem;\n  }\n}\n<\/style>\n\t<\/div>\n\t\n\t<div id=\"text-1095106856\" class=\"text\">\n\t\t\n\n<p>Dieser 5-Liter-Kanister ist gemacht f\u00fcr Momente, in denen eine Flasche einfach nicht genug ist. Im Inneren findest du unseren Premium Amsterdam Gin \u2013 klar, aromatisch und voller Charakter.  <\/p>\n<p>Perfekt zum Ausschenken bei Veranstaltungen, Festivals oder belebten Barabenden.<\/p>\n\t\t\n<style>\n#text-1095106856 {\n  font-size: 1.1rem;\n}\n@media (min-width:550px) {\n  #text-1095106856 {\n    font-size: 1.4rem;\n  }\n}\n<\/style>\n\t<\/div>\n\t\n\n\t\t<\/div>\n\t\t\t\t\n<style>\n#col-1664290444 > .col-inner {\n  padding: 0px 0px 0px 0px;\n}\n<\/style>\n\t<\/div>\n\n\t\n\n\t<div id=\"col-2093395456\" class=\"col medium-6 small-12 large-6 small-col-first\"  >\n\t\t\t\t<div class=\"col-inner\"  >\n\t\t\t\n\t\t\t\n\n\t<div class=\"img has-hover radiusimage x md-x lg-x y md-y lg-y\" id=\"image_1036240767\">\n\t\t\t\t\t\t\t\t<div class=\"img-inner image-cover dark\" style=\"padding-top:100%;\">\n\t\t\t<img loading=\"lazy\" decoding=\"async\" width=\"800\" height=\"800\" src=\"https:\/\/www.amsterdamrepublic.com\/wp-content\/uploads\/2025\/10\/Productpage-gallery-19-800x800.png\" class=\"attachment-large size-large\" alt=\"Amsterdam\" srcset=\"https:\/\/www.amsterdamrepublic.com\/wp-content\/uploads\/2025\/10\/Productpage-gallery-19-800x800.png 800w, https:\/\/www.amsterdamrepublic.com\/wp-content\/uploads\/2025\/10\/Productpage-gallery-19-400x400.png 400w, https:\/\/www.amsterdamrepublic.com\/wp-content\/uploads\/2025\/10\/Productpage-gallery-19-280x280.png 280w, https:\/\/www.amsterdamrepublic.com\/wp-content\/uploads\/2025\/10\/Productpage-gallery-19-768x768.png 768w, https:\/\/www.amsterdamrepublic.com\/wp-content\/uploads\/2025\/10\/Productpage-gallery-19-530x530.png 530w, https:\/\/www.amsterdamrepublic.com\/wp-content\/uploads\/2025\/10\/Productpage-gallery-19-750x750.png 750w, https:\/\/www.amsterdamrepublic.com\/wp-content\/uploads\/2025\/10\/Productpage-gallery-19-500x500.png 500w, https:\/\/www.amsterdamrepublic.com\/wp-content\/uploads\/2025\/10\/Productpage-gallery-19-247x247.png 247w, https:\/\/www.amsterdamrepublic.com\/wp-content\/uploads\/2025\/10\/Productpage-gallery-19-705x705.png 705w, https:\/\/www.amsterdamrepublic.com\/wp-content\/uploads\/2025\/10\/Productpage-gallery-19-100x100.png 100w, https:\/\/www.amsterdamrepublic.com\/wp-content\/uploads\/2025\/10\/Productpage-gallery-19.png 1000w\" sizes=\"auto, (max-width: 800px) 100vw, 800px\">\t\t\t\t\t\t\n\t\t\t\t\t<\/div>\n\t\t\t\t\t\t\t\t\n<style>\n#image_1036240767 {\n  width: 100%;\n}\n<\/style>\n\t<\/div>\n\t\n\n\n\t\t<\/div>\n\t\t\t\t\t<\/div>\n\n\t\n\n<\/div>\n<div class=\"row align-middle align-center\"  id=\"row-460927890\">\n\n\n\t<div id=\"col-108209223\" class=\"col medium-6 small-12 large-6\"  >\n\t\t\t\t<div class=\"col-inner\"  >\n\t\t\t\n\t\t\t\n\n\t<div class=\"img has-hover radiusimage x md-x lg-x y md-y lg-y\" id=\"image_1742818322\">\n\t\t\t\t\t\t\t\t<div class=\"img-inner image-cover dark\" style=\"padding-top:100%;\">\n\t\t\t<img loading=\"lazy\" decoding=\"async\" width=\"800\" height=\"800\" src=\"https:\/\/www.amsterdamrepublic.com\/wp-content\/uploads\/2025\/10\/Productpage-gallery-18-800x800.png\" class=\"attachment-large size-large\" alt=\"Amsterdam\" srcset=\"https:\/\/www.amsterdamrepublic.com\/wp-content\/uploads\/2025\/10\/Productpage-gallery-18-800x800.png 800w, https:\/\/www.amsterdamrepublic.com\/wp-content\/uploads\/2025\/10\/Productpage-gallery-18-400x400.png 400w, https:\/\/www.amsterdamrepublic.com\/wp-content\/uploads\/2025\/10\/Productpage-gallery-18-280x280.png 280w, https:\/\/www.amsterdamrepublic.com\/wp-content\/uploads\/2025\/10\/Productpage-gallery-18-768x768.png 768w, https:\/\/www.amsterdamrepublic.com\/wp-content\/uploads\/2025\/10\/Productpage-gallery-18-530x530.png 530w, https:\/\/www.amsterdamrepublic.com\/wp-content\/uploads\/2025\/10\/Productpage-gallery-18-750x750.png 750w, https:\/\/www.amsterdamrepublic.com\/wp-content\/uploads\/2025\/10\/Productpage-gallery-18-500x500.png 500w, https:\/\/www.amsterdamrepublic.com\/wp-content\/uploads\/2025\/10\/Productpage-gallery-18-247x247.png 247w, https:\/\/www.amsterdamrepublic.com\/wp-content\/uploads\/2025\/10\/Productpage-gallery-18-705x705.png 705w, https:\/\/www.amsterdamrepublic.com\/wp-content\/uploads\/2025\/10\/Productpage-gallery-18-100x100.png 100w, https:\/\/www.amsterdamrepublic.com\/wp-content\/uploads\/2025\/10\/Productpage-gallery-18.png 1000w\" sizes=\"auto, (max-width: 800px) 100vw, 800px\">\t\t\t\t\t\t\n\t\t\t\t\t<\/div>\n\t\t\t\t\t\t\t\t\n<style>\n#image_1742818322 {\n  width: 100%;\n}\n<\/style>\n\t<\/div>\n\t\n\n\n\t\t<\/div>\n\t\t\t\t\n<style>\n#col-108209223 > .col-inner {\n  padding: 0px 0px 0px 0px;\n  margin: 0px 0px 0px 0px;\n}\n<\/style>\n\t<\/div>\n\n\t\n\n\t<div id=\"col-515848636\" class=\"col medium-6 small-12 large-6\"  >\n\t\t\t\t<div class=\"col-inner\"  >\n\t\t\t\n\t\t\t\n\n\t<div id=\"text-1089104650\" class=\"text\">\n\t\t\n\n<h2>Amsterdam Gin, mit Charakter<\/h2>\n\t\t\n<style>\n#text-1089104650 {\n  font-size: 1.4rem;\n  text-align: left;\n}\n@media (min-width:550px) {\n  #text-1089104650 {\n    font-size: 2rem;\n  }\n}\n<\/style>\n\t<\/div>\n\t\n\t<div id=\"text-3145276445\" class=\"text\">\n\t\t\n\n<p>Destilliert aus nat\u00fcrlichen Botanicals und ausbalanciert mit der charakteristischen Amsterdamer N\u00fcchternheit. Wacholder bildet die Basis, erg\u00e4nzt durch frische Zitrusfr\u00fcchte und einen Hauch von Koriandersamen. <\/p>\n<p>Das Ergebnis ist ein Gin, der sich sanft in Cocktails mischen l\u00e4sst, aber auch pur seinen Mann steht. Abgef\u00fcllt mit 40% Vol. f\u00fcr einen vollen Geschmack ohne Sch\u00e4rfe. <\/p>\n\t\t\n<style>\n#text-3145276445 {\n  font-size: 1.1rem;\n}\n@media (min-width:550px) {\n  #text-3145276445 {\n    font-size: 1.4rem;\n  }\n}\n<\/style>\n\t<\/div>\n\t\n\n\t\t<\/div>\n\t\t\t\t\n<style>\n#col-515848636 > .col-inner {\n  padding: 0px 0px 0px 0px;\n  margin: 0px 0px 0px 0;\n}\n@media (min-width:550px) {\n  #col-515848636 > .col-inner {\n    margin: 0px 0px 0px 0px;\n  }\n}\n<\/style>\n\t<\/div>\n\n\t\n\n\n<style>\n#row-460927890 > .col > .col-inner {\n  padding: 0px 0px 0px 0px;\n}\n<\/style>\n<\/div>\n<div class=\"row align-middle align-center\" style=\"max-width:1300px\" id=\"row-28948903\">\n\n\n\t<div id=\"col-697800603\" class=\"col medium-6 small-12 large-6\"  >\n\t\t\t\t<div class=\"col-inner\"  >\n\t\t\t\n\t\t\t\n\n\t<div id=\"text-3116687399\" class=\"text\">\n\t\t\n\n<h2>Weniger Flaschen, mehr Komfort<\/h2>\n\t\t\n<style>\n#text-3116687399 {\n  font-size: 1.4rem;\n  text-align: left;\n}\n@media (min-width:550px) {\n  #text-3116687399 {\n    font-size: 2rem;\n  }\n}\n<\/style>\n\t<\/div>\n\t\n\t<div id=\"text-3501539462\" class=\"text\">\n\t\t\n\n<p>Mit f\u00fcnf Litern pro Kanister sparst du Zeit, Platz und Aufwand. Ideal f\u00fcr Cocktail-Caterer, Bars und Clubs, in denen die Flaschen schnell leer sind. <\/p>\n<p>Der robuste Kanister ist leicht auszugie\u00dfen und effizient zu stapeln, sodass du immer f\u00fcr die n\u00e4chste Runde bereit bist.<\/p>\n\t\t\n<style>\n#text-3501539462 {\n  font-size: 1.1rem;\n}\n@media (min-width:550px) {\n  #text-3501539462 {\n    font-size: 1.4rem;\n  }\n}\n<\/style>\n\t<\/div>\n\t\n\n\t\t<\/div>\n\t\t\t\t\n<style>\n#col-697800603 > .col-inner {\n  padding: 0 0px 0px 0px;\n}\n@media (min-width:550px) {\n  #col-697800603 > .col-inner {\n    padding: 30px 0px 0px 0px;\n  }\n}\n<\/style>\n\t<\/div>\n\n\t\n\n\t<div id=\"col-1402671753\" class=\"col medium-6 small-12 large-6 medium-col-first\"  >\n\t\t\t\t<div class=\"col-inner\"  >\n\t\t\t\n\t\t\t\n\n\t<div class=\"img has-hover radiusimage x md-x lg-x y md-y lg-y\" id=\"image_875927799\">\n\t\t\t\t\t\t\t\t<div class=\"img-inner image-cover dark\" style=\"padding-top:100%;\">\n\t\t\t<img loading=\"lazy\" decoding=\"async\" width=\"800\" height=\"800\" src=\"https:\/\/www.amsterdamrepublic.com\/wp-content\/uploads\/2025\/10\/Productpage-gallery-24-800x800.png\" class=\"attachment-large size-large\" alt=\"Amsterdam\" srcset=\"https:\/\/www.amsterdamrepublic.com\/wp-content\/uploads\/2025\/10\/Productpage-gallery-24-800x800.png 800w, https:\/\/www.amsterdamrepublic.com\/wp-content\/uploads\/2025\/10\/Productpage-gallery-24-400x400.png 400w, https:\/\/www.amsterdamrepublic.com\/wp-content\/uploads\/2025\/10\/Productpage-gallery-24-280x280.png 280w, https:\/\/www.amsterdamrepublic.com\/wp-content\/uploads\/2025\/10\/Productpage-gallery-24-768x768.png 768w, https:\/\/www.amsterdamrepublic.com\/wp-content\/uploads\/2025\/10\/Productpage-gallery-24-530x530.png 530w, https:\/\/www.amsterdamrepublic.com\/wp-content\/uploads\/2025\/10\/Productpage-gallery-24-750x750.png 750w, https:\/\/www.amsterdamrepublic.com\/wp-content\/uploads\/2025\/10\/Productpage-gallery-24-500x500.png 500w, https:\/\/www.amsterdamrepublic.com\/wp-content\/uploads\/2025\/10\/Productpage-gallery-24-247x247.png 247w, https:\/\/www.amsterdamrepublic.com\/wp-content\/uploads\/2025\/10\/Productpage-gallery-24-705x705.png 705w, https:\/\/www.amsterdamrepublic.com\/wp-content\/uploads\/2025\/10\/Productpage-gallery-24-100x100.png 100w, https:\/\/www.amsterdamrepublic.com\/wp-content\/uploads\/2025\/10\/Productpage-gallery-24.png 1000w\" sizes=\"auto, (max-width: 800px) 100vw, 800px\">\t\t\t\t\t\t\n\t\t\t\t\t<\/div>\n\t\t\t\t\t\t\t\t\n<style>\n#image_875927799 {\n  width: 100%;\n}\n<\/style>\n\t<\/div>\n\t\n\n\n\t\t<\/div>\n\t\t\t\t\n<style>\n#col-1402671753 > .col-inner {\n  margin: -0 0px 0px 0px;\n}\n<\/style>\n\t<\/div>\n\n\t\n\n\t<div id=\"col-1345273581\" class=\"col small-12 large-12\"  >\n\t\t\t\t<div class=\"col-inner\"  >\n\t\t\t\n\t\t\t\n\n\n\t\t<\/div>\n\t\t\t\t\t<\/div>\n\n\t\n\n<\/div>\n<div class=\"row\"  id=\"row-567617988\">\n\n\n\t<div id=\"col-1992700162\" class=\"col small-12 large-12\"  >\n\t\t\t\t<div class=\"col-inner\"  >\n\t\t\t\n\t\t\t\n\n<div class=\"container section-title-container\" ><h2 class=\"section-title section-title-bold\"><b aria-hidden=\"true\"><\/b><span class=\"section-title-main\" >H\u00e4ufig gestellte Fragen<\/span><b aria-hidden=\"true\"><\/b><\/h2><\/div>\n\n<div class=\"accordion\">\n\n\t<div id=\"accordion-524502674\" class=\"accordion-item\">\n\t\t<a id=\"accordion-524502674-label\" class=\"accordion-title plain\" href=\"#accordion-item-wann-wird-meine-bestellung-geliefert?\" aria-expanded=\"false\" aria-controls=\"accordion-524502674-content\">\n\t\t\t<button class=\"toggle\" aria-label=\"Umschalten\"><i class=\"icon-angle-down\" aria-hidden=\"true\"><\/i><\/button>\n\t\t\t<span>Wann wird meine Bestellung geliefert?<\/span>\n\t\t<\/a>\n\t\t<div id=\"accordion-524502674-content\" class=\"accordion-inner\" aria-labelledby=\"accordion-524502674-label\">\n\t\t\t\n\n<p>Voraussichtlich <strong>levering aanstaande <strong>woensdag<\/strong> of <strong>donderdag<\/strong> <\/strong><\/p>\n\n\t\t<\/div>\n\t<\/div>\n\t\n\t<div id=\"accordion-1523461119\" class=\"accordion-item\">\n\t\t<a id=\"accordion-1523461119-label\" class=\"accordion-title plain\" href=\"#accordion-item-wie-wird-meine-bestellung-versendet?\" aria-expanded=\"false\" aria-controls=\"accordion-1523461119-content\">\n\t\t\t<button class=\"toggle\" aria-label=\"Umschalten\"><i class=\"icon-angle-down\" aria-hidden=\"true\"><\/i><\/button>\n\t\t\t<span>Wie wird meine Bestellung versendet?<\/span>\n\t\t<\/a>\n\t\t<div id=\"accordion-1523461119-content\" class=\"accordion-inner\" aria-labelledby=\"accordion-1523461119-label\">\n\t\t\t\n\n<p>Wir versenden mit PostNL, die eine 18+-Pr\u00fcfung an der T\u00fcr durchf\u00fchrt. Deine Bestellung wird 1x an die Lieferadresse angeboten, danach kann sie an einem PostNL-Punkt in der N\u00e4he abgeholt werden. <\/p>\n\n\t\t<\/div>\n\t<\/div>\n\t\n\t<div id=\"accordion-4088264399\" class=\"accordion-item\">\n\t\t<a id=\"accordion-4088264399-label\" class=\"accordion-title plain\" href=\"#accordion-item-erhalte-ich-auch-eine-rechnung?\" aria-expanded=\"false\" aria-controls=\"accordion-4088264399-content\">\n\t\t\t<button class=\"toggle\" aria-label=\"Umschalten\"><i class=\"icon-angle-down\" aria-hidden=\"true\"><\/i><\/button>\n\t\t\t<span>Erhalte ich auch eine Rechnung?<\/span>\n\t\t<\/a>\n\t\t<div id=\"accordion-4088264399-content\" class=\"accordion-inner\" aria-labelledby=\"accordion-4088264399-label\">\n\t\t\t\n\n<p>Ja, zu deiner Bestellung erh\u00e4ltst du eine Rechnung per E-Mail und der Bestellung wird ein Lieferschein beigef\u00fcgt. Du kannst auch eine Kopie der Rechnung auf deiner Kontoseite herunterladen. Wenn du beim Check-out angibst, dass das Paket 'nicht f\u00fcr dich selbst' ist, wird zwar ein Lieferschein in die Box gelegt, aber ohne Angabe von Preisen. Wir k\u00f6nnen Rechnungen nach der Bestellung nicht mehr anpassen.   <\/p>\n\n\t\t<\/div>\n\t<\/div>\n\t\n\n<\/div>\n\n\t\t<\/div>\n\t\t\t\t\t<\/div>\n\n\t\n\n<\/div>\n","protected":false},"excerpt":{"rendered":"<p>Unser Gin Jerrycan 5 L \u2013 Premium 40 % Vol. ist gemacht f\u00fcr Bartender, Events und Gin-Liebhaber, die gro\u00df zu denken wagen.<\/p>\n<p>F\u00fcnf Liter frischer, w\u00fcrziger Gin mit einer geschmeidigen Balance aus Wacholder, Zitrusfr\u00fcchten und subtilen Kr\u00e4utern. Ideal f\u00fcr Cocktails, perfekt f\u00fcr gesch\u00e4ftige Abende hinter der Bar. <\/p>\n","protected":false},"featured_media":29703,"comment_status":"open","ping_status":"closed","template":"","meta":{"bwfblock_default_font":""},"product_brand":[],"product_cat":[266,265],"product_tag":[],"class_list":{"0":"post-29699","1":"product","2":"type-product","3":"status-publish","4":"has-post-thumbnail","6":"product_cat-kanister","7":"product_cat-gin-likore","8":"pa_contents-5l-5000-ml-169-fl-oz","10":"first","11":"instock","12":"taxable","13":"shipping-taxable","14":"purchasable","15":"product-type-simple"},"_links":{"self":[{"href":"https:\/\/www.amsterdamrepublic.com\/de\/wp-json\/wp\/v2\/product\/29699","targetHints":{"allow":["GET"]}}],"collection":[{"href":"https:\/\/www.amsterdamrepublic.com\/de\/wp-json\/wp\/v2\/product"}],"about":[{"href":"https:\/\/www.amsterdamrepublic.com\/de\/wp-json\/wp\/v2\/types\/product"}],"replies":[{"embeddable":true,"href":"https:\/\/www.amsterdamrepublic.com\/de\/wp-json\/wp\/v2\/comments?post=29699"}],"wp:featuredmedia":[{"embeddable":true,"href":"https:\/\/www.amsterdamrepublic.com\/de\/wp-json\/wp\/v2\/media\/29703"}],"wp:attachment":[{"href":"https:\/\/www.amsterdamrepublic.com\/de\/wp-json\/wp\/v2\/media?parent=29699"}],"wp:term":[{"taxonomy":"product_brand","embeddable":true,"href":"https:\/\/www.amsterdamrepublic.com\/de\/wp-json\/wp\/v2\/product_brand?post=29699"},{"taxonomy":"product_cat","embeddable":true,"href":"https:\/\/www.amsterdamrepublic.com\/de\/wp-json\/wp\/v2\/product_cat?post=29699"},{"taxonomy":"product_tag","embeddable":true,"href":"https:\/\/www.amsterdamrepublic.com\/de\/wp-json\/wp\/v2\/product_tag?post=29699"}],"curies":[{"name":"wp","href":"https:\/\/api.w.org\/{rel}","templated":true}]}}