{"id":29719,"date":"2023-03-08T17:40:28","date_gmt":"2023-03-08T16:40:28","guid":{"rendered":"https:\/\/www.amsterdamrepublic.com\/product\/vanille-wodka\/"},"modified":"2026-01-01T02:11:43","modified_gmt":"2026-01-01T01:11:43","slug":"vanille-wodka","status":"publish","type":"product","link":"https:\/\/www.amsterdamrepublic.com\/de\/produkt\/vanille-wodka\/","title":{"rendered":"Vanille Wodka"},"content":{"rendered":"<div class=\"row\"  id=\"row-2027893145\">\r\n\r\n\n\t<div id=\"col-1034927222\" class=\"col medium-6 small-12 large-6 small-col-first\"  >\n\t\t\t\t<div class=\"col-inner\"  >\n\t\t\t\n\t\t\t\r\n\r\n\t<div class=\"img has-hover x md-x lg-x y md-y lg-y\" id=\"image_986241764\">\n\t\t\t\t\t\t\t\t<div class=\"img-inner dark\" >\n\t\t\t<img loading=\"lazy\" decoding=\"async\" width=\"1920\" height=\"1280\" src=\"https:\/\/www.amsterdamrepublic.com\/wp-content\/uploads\/2023\/05\/vanilla-banner-02.jpg\" class=\"attachment-original size-original\" alt=\"Amsterdam\" srcset=\"https:\/\/www.amsterdamrepublic.com\/wp-content\/uploads\/2023\/05\/vanilla-banner-02.jpg 1920w, https:\/\/www.amsterdamrepublic.com\/wp-content\/uploads\/2023\/05\/vanilla-banner-02-705x470.jpg 705w, https:\/\/www.amsterdamrepublic.com\/wp-content\/uploads\/2023\/05\/vanilla-banner-02-600x400.jpg 600w, https:\/\/www.amsterdamrepublic.com\/wp-content\/uploads\/2023\/05\/vanilla-banner-02-1200x800.jpg 1200w, https:\/\/www.amsterdamrepublic.com\/wp-content\/uploads\/2023\/05\/vanilla-banner-02-768x512.jpg 768w, https:\/\/www.amsterdamrepublic.com\/wp-content\/uploads\/2023\/05\/vanilla-banner-02-1536x1024.jpg 1536w, https:\/\/www.amsterdamrepublic.com\/wp-content\/uploads\/2023\/05\/vanilla-banner-02-750x500.jpg 750w, https:\/\/www.amsterdamrepublic.com\/wp-content\/uploads\/2023\/05\/vanilla-banner-02-1320x880.jpg 1320w\" sizes=\"auto, (max-width: 1920px) 100vw, 1920px\">\t\t\t\t\t\t\n\t\t\t\t\t<\/div>\n\t\t\t\t\t\t\t\t\n<style>\n#image_986241764 {\n  width: 100%;\n}\n<\/style>\n\t<\/div>\n\t\r\n\r\n\r\n\t\t<\/div>\n\t\t\t\t\t<\/div>\n\n\t\r\n\n\t<div id=\"col-1135017538\" class=\"col medium-6 small-12 large-6\"  >\n\t\t\t\t<div class=\"col-inner\"  >\n\t\t\t\n\t\t\t\r\n\r\n<h2>Amsterdam Republic Vanille Wodka<\/h2>\r\n<p class=\"lead\">Vanille-Wodka wird h\u00e4ufig in Cocktails verwendet. Er eignet sich perfekt zum Ausschenken auf Partys, als Dessert oder einfach, wenn Sie Lust auf etwas S\u00fc\u00dfes haben. Wir haben bereits einige k\u00f6stliche Vanille-Mischungen f\u00fcr Sie zusammengestellt.   <br>Die Rezepte finden Sie hier. Prost! <\/p>\r\n\r\n\t\t<\/div>\n\t\t\t\t\t<\/div>\n\n\t\r\n\r\n<\/div>\r\n\n\t<section class=\"section\" id=\"section_1909070942\">\n\t\t<div class=\"section-bg fill\" >\n\t\t\t\t\t\t\t\t\t\n\t\t\t\n\n\t\t<\/div>\n\n\t\t\n\n\t\t<div class=\"section-content relative\">\n\t\t\t\r\n\r\n\t<div id=\"text-2866647103\" class=\"text\">\n\t\t\r\n\r\n<h1>VANILLE-COCKTAILS<\/h1>\r\n\t\t\n<style>\n#text-2866647103 {\n  font-size: 2.25rem;\n  text-align: center;\n  color: rgb(0,0,0);\n}\n#text-2866647103 > * {\n  color: rgb(0,0,0);\n}\n<\/style>\n\t<\/div>\n\t\r\n\n  \n    <div class=\"row large-columns-3 medium-columns-1 small-columns-1 slider row-slider slider-nav-reveal slider-nav-push\"  data-flickity-options='{&quot;imagesLoaded&quot;: true, &quot;groupCells&quot;: &quot;100%&quot;, &quot;dragThreshold&quot; : 5, &quot;cellAlign&quot;: &quot;left&quot;,&quot;wrapAround&quot;: true,&quot;prevNextButtons&quot;: true,&quot;percentPosition&quot;: true,&quot;pageDots&quot;: false, &quot;rightToLeft&quot;: false, &quot;autoPlay&quot; : false}' >\n\n  <div class=\"col post-item\" >\n\t\t\t<div class=\"col-inner\">\n\t\t\t\t<div class=\"box box-normal box-text-bottom box-blog-post has-hover\">\n            \t\t\t\t\t<div class=\"box-image\" >\n  \t\t\t\t\t\t<div class=\"image-cover\" style=\"padding-top:56.25%;\">\n\t\t\t\t\t\t\t<a href=\"https:\/\/www.amsterdamrepublic.com\/de\/wie-man-einen-vanilla-skinny-bitch-macht\/\" class=\"plain\" aria-label=\"Wie man einen Vanilla Skinny Bitch macht\">\n\t\t\t\t\t\t\t\t<img loading=\"lazy\" decoding=\"async\" width=\"600\" height=\"400\" src=\"https:\/\/www.amsterdamrepublic.com\/wp-content\/uploads\/2023\/02\/vanilla-skinnybitch-1620-600x400.jpg\" class=\"attachment-medium size-medium wp-post-image\" alt=\"Vanilla Skinny Bitch\" srcset=\"https:\/\/www.amsterdamrepublic.com\/wp-content\/uploads\/2023\/02\/vanilla-skinnybitch-1620-600x400.jpg 600w, https:\/\/www.amsterdamrepublic.com\/wp-content\/uploads\/2023\/02\/vanilla-skinnybitch-1620-768x512.jpg 768w, https:\/\/www.amsterdamrepublic.com\/wp-content\/uploads\/2023\/02\/vanilla-skinnybitch-1620-1200x800.jpg 1200w, https:\/\/www.amsterdamrepublic.com\/wp-content\/uploads\/2023\/02\/vanilla-skinnybitch-1620-1536x1024.jpg 1536w, https:\/\/www.amsterdamrepublic.com\/wp-content\/uploads\/2023\/02\/vanilla-skinnybitch-1620-750x500.jpg 750w, https:\/\/www.amsterdamrepublic.com\/wp-content\/uploads\/2023\/02\/vanilla-skinnybitch-1620-1320x880.jpg 1320w, https:\/\/www.amsterdamrepublic.com\/wp-content\/uploads\/2023\/02\/vanilla-skinnybitch-1620-705x470.jpg 705w, https:\/\/www.amsterdamrepublic.com\/wp-content\/uploads\/2023\/02\/vanilla-skinnybitch-1620.jpg 1620w\" sizes=\"auto, (max-width: 600px) 100vw, 600px\" \/>\t\t\t\t\t\t\t<\/a>\n  \t\t\t\t\t\t\t  \t\t\t\t\t\t\t  \t\t\t\t\t\t<\/div>\n  \t\t\t\t\t\t  \t\t\t\t\t<\/div>\n          \t\t\t\t\t<div class=\"box-text text-center\" >\n\t\t\t\t\t<div class=\"box-text-inner blog-post-inner\">\n\n\t\t\t\t\t\n\t\t\t\t\t\t\t\t\t\t<h5 class=\"post-title is-large \">\n\t\t\t\t\t\t<a href=\"https:\/\/www.amsterdamrepublic.com\/de\/wie-man-einen-vanilla-skinny-bitch-macht\/\" class=\"plain\">Wie man einen Vanilla Skinny Bitch macht<\/a>\n\t\t\t\t\t<\/h5>\n\t\t\t\t\t\t\t\t\t\t<div class=\"is-divider\"><\/div>\n\t\t\t\t\t                    \n\t\t\t\t\t\n\t\t\t\t\t\n\t\t\t\t\t<\/div>\n\t\t\t\t\t<\/div>\n\t\t\t\t\t\t\t\t\t<\/div>\n\t\t\t<\/div>\n\t\t<\/div><div class=\"col post-item\" >\n\t\t\t<div class=\"col-inner\">\n\t\t\t\t<div class=\"box box-normal box-text-bottom box-blog-post has-hover\">\n            \t\t\t\t\t<div class=\"box-image\" >\n  \t\t\t\t\t\t<div class=\"image-cover\" style=\"padding-top:56.25%;\">\n\t\t\t\t\t\t\t<a href=\"https:\/\/www.amsterdamrepublic.com\/de\/wie-man-einen-vanilla-screwdriver-zubereitet\/\" class=\"plain\" aria-label=\"Wie man einen Vanilla Screwdriver zubereitet\">\n\t\t\t\t\t\t\t\t<img loading=\"lazy\" decoding=\"async\" width=\"600\" height=\"400\" src=\"https:\/\/www.amsterdamrepublic.com\/wp-content\/uploads\/2023\/02\/vanilla-screwdriver-1620-600x400.jpg\" class=\"attachment-medium size-medium wp-post-image\" alt=\"Vanilla Screwdriver\" srcset=\"https:\/\/www.amsterdamrepublic.com\/wp-content\/uploads\/2023\/02\/vanilla-screwdriver-1620-600x400.jpg 600w, https:\/\/www.amsterdamrepublic.com\/wp-content\/uploads\/2023\/02\/vanilla-screwdriver-1620-768x512.jpg 768w, https:\/\/www.amsterdamrepublic.com\/wp-content\/uploads\/2023\/02\/vanilla-screwdriver-1620-1200x800.jpg 1200w, https:\/\/www.amsterdamrepublic.com\/wp-content\/uploads\/2023\/02\/vanilla-screwdriver-1620-1536x1024.jpg 1536w, https:\/\/www.amsterdamrepublic.com\/wp-content\/uploads\/2023\/02\/vanilla-screwdriver-1620-750x500.jpg 750w, https:\/\/www.amsterdamrepublic.com\/wp-content\/uploads\/2023\/02\/vanilla-screwdriver-1620-1320x880.jpg 1320w, https:\/\/www.amsterdamrepublic.com\/wp-content\/uploads\/2023\/02\/vanilla-screwdriver-1620-705x470.jpg 705w, https:\/\/www.amsterdamrepublic.com\/wp-content\/uploads\/2023\/02\/vanilla-screwdriver-1620.jpg 1620w\" sizes=\"auto, (max-width: 600px) 100vw, 600px\" \/>\t\t\t\t\t\t\t<\/a>\n  \t\t\t\t\t\t\t  \t\t\t\t\t\t\t  \t\t\t\t\t\t<\/div>\n  \t\t\t\t\t\t  \t\t\t\t\t<\/div>\n          \t\t\t\t\t<div class=\"box-text text-center\" >\n\t\t\t\t\t<div class=\"box-text-inner blog-post-inner\">\n\n\t\t\t\t\t\n\t\t\t\t\t\t\t\t\t\t<h5 class=\"post-title is-large \">\n\t\t\t\t\t\t<a href=\"https:\/\/www.amsterdamrepublic.com\/de\/wie-man-einen-vanilla-screwdriver-zubereitet\/\" class=\"plain\">Wie man einen Vanilla Screwdriver zubereitet<\/a>\n\t\t\t\t\t<\/h5>\n\t\t\t\t\t\t\t\t\t\t<div class=\"is-divider\"><\/div>\n\t\t\t\t\t                    \n\t\t\t\t\t\n\t\t\t\t\t\n\t\t\t\t\t<\/div>\n\t\t\t\t\t<\/div>\n\t\t\t\t\t\t\t\t\t<\/div>\n\t\t\t<\/div>\n\t\t<\/div><div class=\"col post-item\" >\n\t\t\t<div class=\"col-inner\">\n\t\t\t\t<div class=\"box box-normal box-text-bottom box-blog-post has-hover\">\n            \t\t\t\t\t<div class=\"box-image\" >\n  \t\t\t\t\t\t<div class=\"image-cover\" style=\"padding-top:56.25%;\">\n\t\t\t\t\t\t\t<a href=\"https:\/\/www.amsterdamrepublic.com\/de\/wie-man-eine-vanilla-cola-macht\/\" class=\"plain\" aria-label=\"Wie man eine Vanilla Cola macht\">\n\t\t\t\t\t\t\t\t<img loading=\"lazy\" decoding=\"async\" width=\"600\" height=\"400\" src=\"https:\/\/www.amsterdamrepublic.com\/wp-content\/uploads\/2023\/02\/vanilla-cola-1620-600x400.jpg\" class=\"attachment-medium size-medium wp-post-image\" alt=\"Vanilla Cola\" srcset=\"https:\/\/www.amsterdamrepublic.com\/wp-content\/uploads\/2023\/02\/vanilla-cola-1620-600x400.jpg 600w, https:\/\/www.amsterdamrepublic.com\/wp-content\/uploads\/2023\/02\/vanilla-cola-1620-768x512.jpg 768w, https:\/\/www.amsterdamrepublic.com\/wp-content\/uploads\/2023\/02\/vanilla-cola-1620-1200x800.jpg 1200w, https:\/\/www.amsterdamrepublic.com\/wp-content\/uploads\/2023\/02\/vanilla-cola-1620-1536x1024.jpg 1536w, https:\/\/www.amsterdamrepublic.com\/wp-content\/uploads\/2023\/02\/vanilla-cola-1620-750x500.jpg 750w, https:\/\/www.amsterdamrepublic.com\/wp-content\/uploads\/2023\/02\/vanilla-cola-1620-1320x880.jpg 1320w, https:\/\/www.amsterdamrepublic.com\/wp-content\/uploads\/2023\/02\/vanilla-cola-1620-705x470.jpg 705w, https:\/\/www.amsterdamrepublic.com\/wp-content\/uploads\/2023\/02\/vanilla-cola-1620.jpg 1620w\" sizes=\"auto, (max-width: 600px) 100vw, 600px\" \/>\t\t\t\t\t\t\t<\/a>\n  \t\t\t\t\t\t\t  \t\t\t\t\t\t\t  \t\t\t\t\t\t<\/div>\n  \t\t\t\t\t\t  \t\t\t\t\t<\/div>\n          \t\t\t\t\t<div class=\"box-text text-center\" >\n\t\t\t\t\t<div class=\"box-text-inner blog-post-inner\">\n\n\t\t\t\t\t\n\t\t\t\t\t\t\t\t\t\t<h5 class=\"post-title is-large \">\n\t\t\t\t\t\t<a href=\"https:\/\/www.amsterdamrepublic.com\/de\/wie-man-eine-vanilla-cola-macht\/\" class=\"plain\">Wie man eine Vanilla Cola macht<\/a>\n\t\t\t\t\t<\/h5>\n\t\t\t\t\t\t\t\t\t\t<div class=\"is-divider\"><\/div>\n\t\t\t\t\t                    \n\t\t\t\t\t\n\t\t\t\t\t\n\t\t\t\t\t<\/div>\n\t\t\t\t\t<\/div>\n\t\t\t\t\t\t\t\t\t<\/div>\n\t\t\t<\/div>\n\t\t<\/div><div class=\"col post-item\" >\n\t\t\t<div class=\"col-inner\">\n\t\t\t\t<div class=\"box box-normal box-text-bottom box-blog-post has-hover\">\n            \t\t\t\t\t<div class=\"box-image\" >\n  \t\t\t\t\t\t<div class=\"image-cover\" style=\"padding-top:56.25%;\">\n\t\t\t\t\t\t\t<a href=\"https:\/\/www.amsterdamrepublic.com\/de\/wie-macht-man-einen-vanilla-sky\/\" class=\"plain\" aria-label=\"Wie macht man einen Vanilla Sky?\">\n\t\t\t\t\t\t\t\t<img loading=\"lazy\" decoding=\"async\" width=\"600\" height=\"400\" src=\"https:\/\/www.amsterdamrepublic.com\/wp-content\/uploads\/2023\/02\/vanilla-sky-1620-600x400.jpg\" class=\"attachment-medium size-medium wp-post-image\" alt=\"Vanilla Sky\" srcset=\"https:\/\/www.amsterdamrepublic.com\/wp-content\/uploads\/2023\/02\/vanilla-sky-1620-600x400.jpg 600w, https:\/\/www.amsterdamrepublic.com\/wp-content\/uploads\/2023\/02\/vanilla-sky-1620-768x512.jpg 768w, https:\/\/www.amsterdamrepublic.com\/wp-content\/uploads\/2023\/02\/vanilla-sky-1620-1200x800.jpg 1200w, https:\/\/www.amsterdamrepublic.com\/wp-content\/uploads\/2023\/02\/vanilla-sky-1620-1536x1024.jpg 1536w, https:\/\/www.amsterdamrepublic.com\/wp-content\/uploads\/2023\/02\/vanilla-sky-1620-750x500.jpg 750w, https:\/\/www.amsterdamrepublic.com\/wp-content\/uploads\/2023\/02\/vanilla-sky-1620-1320x880.jpg 1320w, https:\/\/www.amsterdamrepublic.com\/wp-content\/uploads\/2023\/02\/vanilla-sky-1620-705x470.jpg 705w, https:\/\/www.amsterdamrepublic.com\/wp-content\/uploads\/2023\/02\/vanilla-sky-1620.jpg 1620w\" sizes=\"auto, (max-width: 600px) 100vw, 600px\" \/>\t\t\t\t\t\t\t<\/a>\n  \t\t\t\t\t\t\t  \t\t\t\t\t\t\t  \t\t\t\t\t\t<\/div>\n  \t\t\t\t\t\t  \t\t\t\t\t<\/div>\n          \t\t\t\t\t<div class=\"box-text text-center\" >\n\t\t\t\t\t<div class=\"box-text-inner blog-post-inner\">\n\n\t\t\t\t\t\n\t\t\t\t\t\t\t\t\t\t<h5 class=\"post-title is-large \">\n\t\t\t\t\t\t<a href=\"https:\/\/www.amsterdamrepublic.com\/de\/wie-macht-man-einen-vanilla-sky\/\" class=\"plain\">Wie macht man einen Vanilla Sky?<\/a>\n\t\t\t\t\t<\/h5>\n\t\t\t\t\t\t\t\t\t\t<div class=\"is-divider\"><\/div>\n\t\t\t\t\t                    \n\t\t\t\t\t\n\t\t\t\t\t\n\t\t\t\t\t<\/div>\n\t\t\t\t\t<\/div>\n\t\t\t\t\t\t\t\t\t<\/div>\n\t\t\t<\/div>\n\t\t<\/div><div class=\"col post-item\" >\n\t\t\t<div class=\"col-inner\">\n\t\t\t\t<div class=\"box box-normal box-text-bottom box-blog-post has-hover\">\n            \t\t\t\t\t<div class=\"box-image\" >\n  \t\t\t\t\t\t<div class=\"image-cover\" style=\"padding-top:56.25%;\">\n\t\t\t\t\t\t\t<a href=\"https:\/\/www.amsterdamrepublic.com\/de\/wie-macht-man-einen-vanilla-mule\/\" class=\"plain\" aria-label=\"Wie macht man einen Vanilla Mule?\">\n\t\t\t\t\t\t\t\t<img loading=\"lazy\" decoding=\"async\" width=\"600\" height=\"400\" src=\"https:\/\/www.amsterdamrepublic.com\/wp-content\/uploads\/2023\/02\/vanilla-mule-1620-600x400.jpg\" class=\"attachment-medium size-medium wp-post-image\" alt=\"Vanilla Mule\" srcset=\"https:\/\/www.amsterdamrepublic.com\/wp-content\/uploads\/2023\/02\/vanilla-mule-1620-600x400.jpg 600w, https:\/\/www.amsterdamrepublic.com\/wp-content\/uploads\/2023\/02\/vanilla-mule-1620-768x512.jpg 768w, https:\/\/www.amsterdamrepublic.com\/wp-content\/uploads\/2023\/02\/vanilla-mule-1620-1200x800.jpg 1200w, https:\/\/www.amsterdamrepublic.com\/wp-content\/uploads\/2023\/02\/vanilla-mule-1620-1536x1024.jpg 1536w, https:\/\/www.amsterdamrepublic.com\/wp-content\/uploads\/2023\/02\/vanilla-mule-1620-750x500.jpg 750w, https:\/\/www.amsterdamrepublic.com\/wp-content\/uploads\/2023\/02\/vanilla-mule-1620-1320x880.jpg 1320w, https:\/\/www.amsterdamrepublic.com\/wp-content\/uploads\/2023\/02\/vanilla-mule-1620-705x470.jpg 705w, https:\/\/www.amsterdamrepublic.com\/wp-content\/uploads\/2023\/02\/vanilla-mule-1620.jpg 1620w\" sizes=\"auto, (max-width: 600px) 100vw, 600px\" \/>\t\t\t\t\t\t\t<\/a>\n  \t\t\t\t\t\t\t  \t\t\t\t\t\t\t  \t\t\t\t\t\t<\/div>\n  \t\t\t\t\t\t  \t\t\t\t\t<\/div>\n          \t\t\t\t\t<div class=\"box-text text-center\" >\n\t\t\t\t\t<div class=\"box-text-inner blog-post-inner\">\n\n\t\t\t\t\t\n\t\t\t\t\t\t\t\t\t\t<h5 class=\"post-title is-large \">\n\t\t\t\t\t\t<a href=\"https:\/\/www.amsterdamrepublic.com\/de\/wie-macht-man-einen-vanilla-mule\/\" class=\"plain\">Wie macht man einen Vanilla Mule?<\/a>\n\t\t\t\t\t<\/h5>\n\t\t\t\t\t\t\t\t\t\t<div class=\"is-divider\"><\/div>\n\t\t\t\t\t                    \n\t\t\t\t\t\n\t\t\t\t\t\n\t\t\t\t\t<\/div>\n\t\t\t\t\t<\/div>\n\t\t\t\t\t\t\t\t\t<\/div>\n\t\t\t<\/div>\n\t\t<\/div><\/div>\r\n\r\n<div class=\"row\"  id=\"row-540900296\">\r\n\r\n\n\t<div id=\"col-1421876395\" class=\"col small-12 large-12\"  >\n\t\t\t\t<div class=\"col-inner\"  >\n\t\t\t\n\t\t\t\r\n\r\n<div class=\"row align-equal align-center\"  id=\"row-2040112151\">\r\n\r\n\n\t<div id=\"col-1017503401\" class=\"col small-12 large-12\"  >\n\t\t\t\t<div class=\"col-inner text-center\"  >\n\t\t\t\n\t\t\t\r\n\r\n<a href=\"\/?cat_ID=79\" class=\"button primary is-large\" style=\"border-radius:10px;padding:10px 30px 10px 30px;\">\n\t\t<span>Vanille-Cocktails<\/span>\n\t<\/a>\n\r\n\r\n\r\n\t\t<\/div>\n\t\t\t\t\t<\/div>\n\n\t\r\n\r\n<\/div>\r\n\r\n\t\t<\/div>\n\t\t\t\t\t<\/div>\n\n\t\r\n\r\n<\/div>\r\n\r\n\t\t<\/div>\n\n\t\t\n<style>\n#section_1909070942 {\n  padding-top: 30px;\n  padding-bottom: 30px;\n  background-color: rgba(229, 211, 163, 0.459);\n}\n<\/style>\n\t<\/section>\n\t\n","protected":false},"excerpt":{"rendered":"<p>Amsterdam Republic Vanilla Vodka hat einen herrlich weichen und s\u00fc\u00dfen Geschmack, kombiniert mit der leichten Sch\u00e4rfe unseres <a href=\"https:\/\/www.amsterdamrepublic.com\/product\/amsterdam-republic-vodka\/\">Premium Vodkas<\/a>. Der Duft des Vanilla Vodkas ist warm, s\u00fc\u00df und erinnert an das Backen von k\u00f6stlichen Keksen. <\/p>\n<p>Herrlich weicher Vanille-Wodka f\u00fcr Cocktails oder pur<\/p>\n<p>Ein echtes lokales Amsterdamer Produkt<\/p>\n<p>Hergestellt aus biologischem Getreide<\/p>\n","protected":false},"featured_media":29752,"comment_status":"open","ping_status":"closed","template":"","meta":{"bwfblock_default_font":""},"product_brand":[],"product_cat":[263,264],"product_tag":[],"class_list":{"0":"post-29719","1":"product","2":"type-product","3":"status-publish","4":"has-post-thumbnail","6":"product_cat-premium-wodkas","7":"product_cat-limited-editions-specials","8":"pa_contents-1l-1000-ml-34-fl-oz-nl","10":"first","11":"instock","12":"taxable","13":"shipping-taxable","14":"purchasable","15":"product-type-simple"},"_links":{"self":[{"href":"https:\/\/www.amsterdamrepublic.com\/de\/wp-json\/wp\/v2\/product\/29719","targetHints":{"allow":["GET"]}}],"collection":[{"href":"https:\/\/www.amsterdamrepublic.com\/de\/wp-json\/wp\/v2\/product"}],"about":[{"href":"https:\/\/www.amsterdamrepublic.com\/de\/wp-json\/wp\/v2\/types\/product"}],"replies":[{"embeddable":true,"href":"https:\/\/www.amsterdamrepublic.com\/de\/wp-json\/wp\/v2\/comments?post=29719"}],"wp:featuredmedia":[{"embeddable":true,"href":"https:\/\/www.amsterdamrepublic.com\/de\/wp-json\/wp\/v2\/media\/29752"}],"wp:attachment":[{"href":"https:\/\/www.amsterdamrepublic.com\/de\/wp-json\/wp\/v2\/media?parent=29719"}],"wp:term":[{"taxonomy":"product_brand","embeddable":true,"href":"https:\/\/www.amsterdamrepublic.com\/de\/wp-json\/wp\/v2\/product_brand?post=29719"},{"taxonomy":"product_cat","embeddable":true,"href":"https:\/\/www.amsterdamrepublic.com\/de\/wp-json\/wp\/v2\/product_cat?post=29719"},{"taxonomy":"product_tag","embeddable":true,"href":"https:\/\/www.amsterdamrepublic.com\/de\/wp-json\/wp\/v2\/product_tag?post=29719"}],"curies":[{"name":"wp","href":"https:\/\/api.w.org\/{rel}","templated":true}]}}