{"id":29755,"date":"2021-07-05T12:46:17","date_gmt":"2021-07-05T10:46:17","guid":{"rendered":"https:\/\/www.amsterdamrepublic.com\/product\/vodka-kanister-5-l-40-vol\/"},"modified":"2026-04-20T11:27:27","modified_gmt":"2026-04-20T09:27:27","slug":"vodka-kanister-5-l-40-vol","status":"publish","type":"product","link":"https:\/\/www.amsterdamrepublic.com\/de\/produkt\/vodka-kanister-5-l-40-vol\/","title":{"rendered":"Wodka Kanister 5L \u2013 40 % Vol."},"content":{"rendered":"<div class=\"row align-middle align-center\" style=\"max-width:1300px\" id=\"row-1854408251\">\n\n\n\t<div id=\"col-965406330\" class=\"col medium-5 small-12 large-6\"  >\n\t\t\t\t<div class=\"col-inner\"  >\n\t\t\t\n\t\t\t\n\n\t<div id=\"text-2442029867\" class=\"text\">\n\t\t\n\n<h2>F\u00fcr grandiose Momente<\/h2>\n\t\t\n<style>\n#text-2442029867 {\n  font-size: 1.4rem;\n  text-align: left;\n}\n@media (min-width:550px) {\n  #text-2442029867 {\n    font-size: 2rem;\n  }\n}\n<\/style>\n\t<\/div>\n\t\n\t<div id=\"text-746429018\" class=\"text\">\n\t\t\n\n<p>Ob hinter der Bar, auf einer Hochzeit oder w\u00e4hrend einer zu kurzen Nacht \u2013 dieser 5-Liter-Kanister sorgt daf\u00fcr, dass die Gl\u00e4ser gef\u00fcllt bleiben.<\/p>\n<p>Unser Premium-Wodka ist weich, klar und zum Mixen gemacht, ohne dass der Geschmack verloren geht. Perfekt f\u00fcr professionelle Barkeeper, Cocktail-Caterer und alle, die gro\u00dfz\u00fcgig ausschenken m\u00f6chten. <\/p>\n\t\t\n<style>\n#text-746429018 {\n  font-size: 1.1rem;\n}\n@media (min-width:550px) {\n  #text-746429018 {\n    font-size: 1.4rem;\n  }\n}\n<\/style>\n\t<\/div>\n\t\n\n\t\t<\/div>\n\t\t\t\t\n<style>\n#col-965406330 > .col-inner {\n  padding: 0px 0px 0px 0px;\n}\n<\/style>\n\t<\/div>\n\n\t\n\n\t<div id=\"col-500353124\" class=\"col medium-6 small-12 large-6 small-col-first\"  >\n\t\t\t\t<div class=\"col-inner\"  >\n\t\t\t\n\t\t\t\n\n\t<div class=\"img has-hover radiusimage x md-x lg-x y md-y lg-y\" id=\"image_49761727\">\n\t\t\t\t\t\t\t\t<div class=\"img-inner image-cover dark\" style=\"padding-top:100%;\">\n\t\t\t<img loading=\"lazy\" decoding=\"async\" width=\"800\" height=\"800\" src=\"https:\/\/www.amsterdamrepublic.com\/wp-content\/uploads\/2025\/10\/Productpage-gallery-11-800x800.png\" class=\"attachment-large size-large\" alt=\"Amsterdam\" srcset=\"https:\/\/www.amsterdamrepublic.com\/wp-content\/uploads\/2025\/10\/Productpage-gallery-11-800x800.png 800w, https:\/\/www.amsterdamrepublic.com\/wp-content\/uploads\/2025\/10\/Productpage-gallery-11-400x400.png 400w, https:\/\/www.amsterdamrepublic.com\/wp-content\/uploads\/2025\/10\/Productpage-gallery-11-280x280.png 280w, https:\/\/www.amsterdamrepublic.com\/wp-content\/uploads\/2025\/10\/Productpage-gallery-11-768x768.png 768w, https:\/\/www.amsterdamrepublic.com\/wp-content\/uploads\/2025\/10\/Productpage-gallery-11-530x530.png 530w, https:\/\/www.amsterdamrepublic.com\/wp-content\/uploads\/2025\/10\/Productpage-gallery-11-750x750.png 750w, https:\/\/www.amsterdamrepublic.com\/wp-content\/uploads\/2025\/10\/Productpage-gallery-11-500x500.png 500w, https:\/\/www.amsterdamrepublic.com\/wp-content\/uploads\/2025\/10\/Productpage-gallery-11-247x247.png 247w, https:\/\/www.amsterdamrepublic.com\/wp-content\/uploads\/2025\/10\/Productpage-gallery-11-705x705.png 705w, https:\/\/www.amsterdamrepublic.com\/wp-content\/uploads\/2025\/10\/Productpage-gallery-11-100x100.png 100w, https:\/\/www.amsterdamrepublic.com\/wp-content\/uploads\/2025\/10\/Productpage-gallery-11.png 1000w\" sizes=\"auto, (max-width: 800px) 100vw, 800px\">\t\t\t\t\t\t\n\t\t\t\t\t<\/div>\n\t\t\t\t\t\t\t\t\n<style>\n#image_49761727 {\n  width: 100%;\n}\n<\/style>\n\t<\/div>\n\t\n\n\n\t\t<\/div>\n\t\t\t\t\t<\/div>\n\n\t\n\n<\/div>\n<div class=\"row align-middle align-center\"  id=\"row-2019947227\">\n\n\n\t<div id=\"col-619843576\" class=\"col medium-6 small-12 large-6\"  >\n\t\t\t\t<div class=\"col-inner\"  >\n\t\t\t\n\t\t\t\n\n\t<div class=\"img has-hover radiusimage x md-x lg-x y md-y lg-y\" id=\"image_516603498\">\n\t\t\t\t\t\t\t\t<div class=\"img-inner image-cover dark\" style=\"padding-top:100%;\">\n\t\t\t<img loading=\"lazy\" decoding=\"async\" width=\"800\" height=\"800\" src=\"https:\/\/www.amsterdamrepublic.com\/wp-content\/uploads\/2025\/10\/Productpage-gallery-16-800x800.png\" class=\"attachment-large size-large\" alt=\"Amsterdam\" srcset=\"https:\/\/www.amsterdamrepublic.com\/wp-content\/uploads\/2025\/10\/Productpage-gallery-16-800x800.png 800w, https:\/\/www.amsterdamrepublic.com\/wp-content\/uploads\/2025\/10\/Productpage-gallery-16-400x400.png 400w, https:\/\/www.amsterdamrepublic.com\/wp-content\/uploads\/2025\/10\/Productpage-gallery-16-280x280.png 280w, https:\/\/www.amsterdamrepublic.com\/wp-content\/uploads\/2025\/10\/Productpage-gallery-16-768x768.png 768w, https:\/\/www.amsterdamrepublic.com\/wp-content\/uploads\/2025\/10\/Productpage-gallery-16-530x530.png 530w, https:\/\/www.amsterdamrepublic.com\/wp-content\/uploads\/2025\/10\/Productpage-gallery-16-750x750.png 750w, https:\/\/www.amsterdamrepublic.com\/wp-content\/uploads\/2025\/10\/Productpage-gallery-16-500x500.png 500w, https:\/\/www.amsterdamrepublic.com\/wp-content\/uploads\/2025\/10\/Productpage-gallery-16-247x247.png 247w, https:\/\/www.amsterdamrepublic.com\/wp-content\/uploads\/2025\/10\/Productpage-gallery-16-705x705.png 705w, https:\/\/www.amsterdamrepublic.com\/wp-content\/uploads\/2025\/10\/Productpage-gallery-16-100x100.png 100w, https:\/\/www.amsterdamrepublic.com\/wp-content\/uploads\/2025\/10\/Productpage-gallery-16.png 1000w\" sizes=\"auto, (max-width: 800px) 100vw, 800px\">\t\t\t\t\t\t\n\t\t\t\t\t<\/div>\n\t\t\t\t\t\t\t\t\n<style>\n#image_516603498 {\n  width: 100%;\n}\n<\/style>\n\t<\/div>\n\t\n\n\n\t\t<\/div>\n\t\t\t\t\n<style>\n#col-619843576 > .col-inner {\n  padding: 0px 0px 0px 0px;\n  margin: 0px 0px 0px 0px;\n}\n<\/style>\n\t<\/div>\n\n\t\n\n\t<div id=\"col-1643881540\" class=\"col medium-6 small-12 large-6\"  >\n\t\t\t\t<div class=\"col-inner\"  >\n\t\t\t\n\t\t\t\n\n\t<div id=\"text-2275961685\" class=\"text\">\n\t\t\n\n<h2>Weichster Wodka<br>im XXL-Format<\/h2>\n\t\t\n<style>\n#text-2275961685 {\n  font-size: 1.4rem;\n  text-align: left;\n}\n@media (min-width:550px) {\n  #text-2275961685 {\n    font-size: 2rem;\n  }\n}\n<\/style>\n\t<\/div>\n\t\n\t<div id=\"text-2965359747\" class=\"text\">\n\t\t\n\n<p>Unser Premium-Wodka beginnt mit Bio-Getreide von h\u00f6chster Qualit\u00e4t, gemischt mit kristallklarem Wasser. Keine Zus\u00e4tze, keine Spielereien. <\/p>\n<p>Wir destillieren zweimal, sodass nur das Weichste und Reinste \u00fcbrig bleibt. Das Ergebnis? Ein Wodka, der sanft gleitet, ohne Feuer im Hals oder chemischen Nachgeschmack. Einfach verd\u00e4chtig lecker.   <\/p>\n\t\t\n<style>\n#text-2965359747 {\n  font-size: 1.1rem;\n}\n@media (min-width:550px) {\n  #text-2965359747 {\n    font-size: 1.4rem;\n  }\n}\n<\/style>\n\t<\/div>\n\t\n\n\t\t<\/div>\n\t\t\t\t\n<style>\n#col-1643881540 > .col-inner {\n  padding: 0px 0px 0px 0px;\n  margin: 0px 0px 0px 0;\n}\n@media (min-width:550px) {\n  #col-1643881540 > .col-inner {\n    margin: 0px 0px 0px 0px;\n  }\n}\n<\/style>\n\t<\/div>\n\n\t\n\n\n<style>\n#row-2019947227 > .col > .col-inner {\n  padding: 0px 0px 0px 0px;\n}\n<\/style>\n<\/div>\n<div class=\"row align-middle align-center\" style=\"max-width:1300px\" id=\"row-1566626426\">\n\n\n\t<div id=\"col-2083005616\" class=\"col medium-6 small-12 large-6\"  >\n\t\t\t\t<div class=\"col-inner\"  >\n\t\t\t\n\t\t\t\n\n\t<div id=\"text-121980034\" class=\"text\">\n\t\t\n\n<h2>Mehr Komfort f\u00fcr die Gastronomie<\/h2>\n\t\t\n<style>\n#text-121980034 {\n  font-size: 1.4rem;\n  text-align: left;\n}\n@media (min-width:550px) {\n  #text-121980034 {\n    font-size: 2rem;\n  }\n}\n<\/style>\n\t<\/div>\n\t\n\t<div id=\"text-863346911\" class=\"text\">\n\t\t\n\n<p>Mit f\u00fcnf Litern pro Kanister m\u00fcssen Sie nicht nachf\u00fcllen \u2013 ideal f\u00fcr belebte Bars, Veranstaltungen und Cocktail-Caterer. Das kompakte Format und der robuste Griff machen das Ausschenken einfach und kleckerfrei. <\/p>\n<p>So arbeiten Sie schneller, mit weniger Abfall durch einzelne Flaschen, und halten den Service reibungslos in Gang \u2013 genau das, was Sie w\u00e4hrend eines vollen Abends brauchen.<\/p>\n\t\t\n<style>\n#text-863346911 {\n  font-size: 1.1rem;\n}\n@media (min-width:550px) {\n  #text-863346911 {\n    font-size: 1.4rem;\n  }\n}\n<\/style>\n\t<\/div>\n\t\n\n\t\t<\/div>\n\t\t\t\t\n<style>\n#col-2083005616 > .col-inner {\n  padding: 0 0px 0px 0px;\n}\n@media (min-width:550px) {\n  #col-2083005616 > .col-inner {\n    padding: 30px 0px 0px 0px;\n  }\n}\n<\/style>\n\t<\/div>\n\n\t\n\n\t<div id=\"col-832851641\" class=\"col medium-6 small-12 large-6 medium-col-first\"  >\n\t\t\t\t<div class=\"col-inner\"  >\n\t\t\t\n\t\t\t\n\n\t<div class=\"img has-hover radiusimage x md-x lg-x y md-y lg-y\" id=\"image_686044648\">\n\t\t\t\t\t\t\t\t<div class=\"img-inner image-cover dark\" style=\"padding-top:100%;\">\n\t\t\t<img loading=\"lazy\" decoding=\"async\" width=\"800\" height=\"800\" src=\"https:\/\/www.amsterdamrepublic.com\/wp-content\/uploads\/2025\/10\/Productpage-gallery-27-800x800.png\" class=\"attachment-large size-large\" alt=\"Amsterdam\" srcset=\"https:\/\/www.amsterdamrepublic.com\/wp-content\/uploads\/2025\/10\/Productpage-gallery-27-800x800.png 800w, https:\/\/www.amsterdamrepublic.com\/wp-content\/uploads\/2025\/10\/Productpage-gallery-27-400x400.png 400w, https:\/\/www.amsterdamrepublic.com\/wp-content\/uploads\/2025\/10\/Productpage-gallery-27-280x280.png 280w, https:\/\/www.amsterdamrepublic.com\/wp-content\/uploads\/2025\/10\/Productpage-gallery-27-768x768.png 768w, https:\/\/www.amsterdamrepublic.com\/wp-content\/uploads\/2025\/10\/Productpage-gallery-27-530x530.png 530w, https:\/\/www.amsterdamrepublic.com\/wp-content\/uploads\/2025\/10\/Productpage-gallery-27-750x750.png 750w, https:\/\/www.amsterdamrepublic.com\/wp-content\/uploads\/2025\/10\/Productpage-gallery-27-500x500.png 500w, https:\/\/www.amsterdamrepublic.com\/wp-content\/uploads\/2025\/10\/Productpage-gallery-27-247x247.png 247w, https:\/\/www.amsterdamrepublic.com\/wp-content\/uploads\/2025\/10\/Productpage-gallery-27-705x705.png 705w, https:\/\/www.amsterdamrepublic.com\/wp-content\/uploads\/2025\/10\/Productpage-gallery-27-100x100.png 100w, https:\/\/www.amsterdamrepublic.com\/wp-content\/uploads\/2025\/10\/Productpage-gallery-27.png 1000w\" sizes=\"auto, (max-width: 800px) 100vw, 800px\">\t\t\t\t\t\t\n\t\t\t\t\t<\/div>\n\t\t\t\t\t\t\t\t\n<style>\n#image_686044648 {\n  width: 100%;\n}\n<\/style>\n\t<\/div>\n\t\n\n\n\t\t<\/div>\n\t\t\t\t\n<style>\n#col-832851641 > .col-inner {\n  margin: -0 0px 0px 0px;\n}\n<\/style>\n\t<\/div>\n\n\t\n\n\t<div id=\"col-1535244788\" class=\"col small-12 large-12\"  >\n\t\t\t\t<div class=\"col-inner\"  >\n\t\t\t\n\t\t\t\n\n\n\t\t<\/div>\n\t\t\t\t\t<\/div>\n\n\t\n\n<\/div>\n<div class=\"row\"  id=\"row-123458440\">\n\n\n\t<div id=\"col-1895191152\" class=\"col small-12 large-12\"  >\n\t\t\t\t<div class=\"col-inner\"  >\n\t\t\t\n\t\t\t\n\n<div class=\"container section-title-container\" ><h2 class=\"section-title section-title-bold\"><b aria-hidden=\"true\"><\/b><span class=\"section-title-main\" >H\u00e4ufig gestellte Fragen<\/span><b aria-hidden=\"true\"><\/b><\/h2><\/div>\n\n<div class=\"accordion\">\n\n\t<div id=\"accordion-2182424854\" class=\"accordion-item\">\n\t\t<a id=\"accordion-2182424854-label\" class=\"accordion-title plain\" href=\"#accordion-item-wann-wird-meine-bestellung-geliefert?\" aria-expanded=\"false\" aria-controls=\"accordion-2182424854-content\">\n\t\t\t<button class=\"toggle\" aria-label=\"Umschalten\"><i class=\"icon-angle-down\" aria-hidden=\"true\"><\/i><\/button>\n\t\t\t<span>Wann wird meine Bestellung geliefert?<\/span>\n\t\t<\/a>\n\t\t<div id=\"accordion-2182424854-content\" class=\"accordion-inner\" aria-labelledby=\"accordion-2182424854-label\">\n\t\t\t\n\n<p>Voraussichtlich <strong>levering aanstaande <strong>zaterdag<\/strong> of <strong>maandag<\/strong> <\/strong><\/p>\n\n\t\t<\/div>\n\t<\/div>\n\t\n\t<div id=\"accordion-2026184078\" class=\"accordion-item\">\n\t\t<a id=\"accordion-2026184078-label\" class=\"accordion-title plain\" href=\"#accordion-item-wie-wird-meine-bestellung-versendet?\" aria-expanded=\"false\" aria-controls=\"accordion-2026184078-content\">\n\t\t\t<button class=\"toggle\" aria-label=\"Umschalten\"><i class=\"icon-angle-down\" aria-hidden=\"true\"><\/i><\/button>\n\t\t\t<span>Wie wird meine Bestellung versendet?<\/span>\n\t\t<\/a>\n\t\t<div id=\"accordion-2026184078-content\" class=\"accordion-inner\" aria-labelledby=\"accordion-2026184078-label\">\n\t\t\t\n\n<p>Wir versenden mit PostNL, die eine 18+-Pr\u00fcfung an der T\u00fcr durchf\u00fchrt. Deine Bestellung wird 1x an die Lieferadresse angeboten, danach kann sie an einem PostNL-Punkt in der N\u00e4he abgeholt werden. <\/p>\n\n\t\t<\/div>\n\t<\/div>\n\t\n\t<div id=\"accordion-783571654\" class=\"accordion-item\">\n\t\t<a id=\"accordion-783571654-label\" class=\"accordion-title plain\" href=\"#accordion-item-erhalte-ich-auch-eine-rechnung?\" aria-expanded=\"false\" aria-controls=\"accordion-783571654-content\">\n\t\t\t<button class=\"toggle\" aria-label=\"Umschalten\"><i class=\"icon-angle-down\" aria-hidden=\"true\"><\/i><\/button>\n\t\t\t<span>Erhalte ich auch eine Rechnung?<\/span>\n\t\t<\/a>\n\t\t<div id=\"accordion-783571654-content\" class=\"accordion-inner\" aria-labelledby=\"accordion-783571654-label\">\n\t\t\t\n\n<p>Ja, zu deiner Bestellung erh\u00e4ltst du eine Rechnung per E-Mail und der Bestellung wird ein Lieferschein beigef\u00fcgt. Du kannst auch eine Kopie der Rechnung auf deiner Kontoseite herunterladen. Wenn du beim Check-out angibst, dass das Paket 'nicht f\u00fcr dich selbst' ist, wird zwar ein Lieferschein in die Box gelegt, aber ohne Angabe von Preisen. Wir k\u00f6nnen Rechnungen nach der Bestellung nicht mehr anpassen.   <\/p>\n\n\t\t<\/div>\n\t<\/div>\n\t\n\n<\/div>\n\n\t\t<\/div>\n\t\t\t\t\t<\/div>\n\n\t\n\n<\/div>\n","protected":false},"excerpt":{"rendered":"<p>Unser Wodka Kanister 5L 40 % Vol. ist f\u00fcr alle gemacht, die gro\u00df denken.<\/p>\n<p>F\u00fcnf Liter purer Amsterdamer Wodka aus Bio-Getreide und kristallklarem Wasser \u2013 mild, rein und perfekt f\u00fcr Cocktails. Ideal f\u00fcr Kneipen, Events und Partys, bei denen die Flaschen zu schnell leer sind. <\/p>\n","protected":false},"featured_media":29785,"comment_status":"open","ping_status":"closed","template":"","meta":{"bwfblock_default_font":""},"product_brand":[],"product_cat":[266],"product_tag":[],"class_list":{"0":"post-29755","1":"product","2":"type-product","3":"status-publish","4":"has-post-thumbnail","6":"product_cat-kanister","7":"pa_contents-5l-5000-ml-169-fl-oz","9":"first","10":"instock","11":"taxable","12":"shipping-taxable","13":"purchasable","14":"product-type-simple"},"_links":{"self":[{"href":"https:\/\/www.amsterdamrepublic.com\/de\/wp-json\/wp\/v2\/product\/29755","targetHints":{"allow":["GET"]}}],"collection":[{"href":"https:\/\/www.amsterdamrepublic.com\/de\/wp-json\/wp\/v2\/product"}],"about":[{"href":"https:\/\/www.amsterdamrepublic.com\/de\/wp-json\/wp\/v2\/types\/product"}],"replies":[{"embeddable":true,"href":"https:\/\/www.amsterdamrepublic.com\/de\/wp-json\/wp\/v2\/comments?post=29755"}],"wp:featuredmedia":[{"embeddable":true,"href":"https:\/\/www.amsterdamrepublic.com\/de\/wp-json\/wp\/v2\/media\/29785"}],"wp:attachment":[{"href":"https:\/\/www.amsterdamrepublic.com\/de\/wp-json\/wp\/v2\/media?parent=29755"}],"wp:term":[{"taxonomy":"product_brand","embeddable":true,"href":"https:\/\/www.amsterdamrepublic.com\/de\/wp-json\/wp\/v2\/product_brand?post=29755"},{"taxonomy":"product_cat","embeddable":true,"href":"https:\/\/www.amsterdamrepublic.com\/de\/wp-json\/wp\/v2\/product_cat?post=29755"},{"taxonomy":"product_tag","embeddable":true,"href":"https:\/\/www.amsterdamrepublic.com\/de\/wp-json\/wp\/v2\/product_tag?post=29755"}],"curies":[{"name":"wp","href":"https:\/\/api.w.org\/{rel}","templated":true}]}}