{"id":29788,"date":"2021-07-05T12:55:14","date_gmt":"2021-07-05T10:55:14","guid":{"rendered":"https:\/\/www.amsterdamrepublic.com\/product\/premium-amsterdam-vodka\/"},"modified":"2026-04-20T11:26:50","modified_gmt":"2026-04-20T09:26:50","slug":"premium-amsterdam-vodka","status":"publish","type":"product","link":"https:\/\/www.amsterdamrepublic.com\/de\/produkt\/premium-amsterdam-vodka\/","title":{"rendered":"Premium Amsterdam Vodka"},"content":{"rendered":"<div class=\"row align-middle align-center\" style=\"max-width:1300px\" id=\"row-713681302\">\n\n\n\t<div id=\"col-811482402\" class=\"col medium-5 small-12 large-6\"  >\n\t\t\t\t<div class=\"col-inner\"  >\n\t\t\t\n\t\t\t\n\n\t<div id=\"text-2525968166\" class=\"text\">\n\t\t\n\n<h2>Amsterdams.<br>Mit Herz und Seele.<\/h2>\n\t\t\n<style>\n#text-2525968166 {\n  font-size: 1.4rem;\n  text-align: left;\n}\n@media (min-width:550px) {\n  #text-2525968166 {\n    font-size: 2rem;\n  }\n}\n<\/style>\n\t<\/div>\n\t\n\t<div id=\"text-1328289717\" class=\"text\">\n\t\t\n\n<p>In jedem Tropfen schmeckt man die Stadt \u2013 eigensinnig, offen und voller Energie. Abgef\u00fcllt in unserem ikonischen Amsterdammertje, eine Hommage an die stolzen Pf\u00e4hle, die die Stadt sch\u00fctzen. <\/p>\n<p>Dieser Wodka ist Amsterdams mit Herz und Seele: ehrlich, direkt und mit Liebe zum Detail hergestellt. Ob du in der Stadt wohnst oder sie aus der Ferne bewunderst, dies ist ein St\u00fcck Amsterdam, das du schmecken kannst. <\/p>\n\t\t\n<style>\n#text-1328289717 {\n  font-size: 1.1rem;\n}\n@media (min-width:550px) {\n  #text-1328289717 {\n    font-size: 1.4rem;\n  }\n}\n<\/style>\n\t<\/div>\n\t\n\n\t\t<\/div>\n\t\t\t\t\n<style>\n#col-811482402 > .col-inner {\n  padding: 0px 0px 0px 0px;\n}\n<\/style>\n\t<\/div>\n\n\t\n\n\t<div id=\"col-833253001\" class=\"col medium-6 small-12 large-6 small-col-first\"  >\n\t\t\t\t<div class=\"col-inner\"  >\n\t\t\t\n\t\t\t\n\n\t<div class=\"img has-hover radiusimage x md-x lg-x y md-y lg-y\" id=\"image_308244677\">\n\t\t\t\t\t\t\t\t<div class=\"img-inner image-cover dark\" style=\"padding-top:100%;\">\n\t\t\t<img loading=\"lazy\" decoding=\"async\" width=\"800\" height=\"800\" src=\"https:\/\/www.amsterdamrepublic.com\/wp-content\/uploads\/2021\/07\/Amsterdam-Vodka-Gaypride-800x800.jpg\" class=\"attachment-large size-large\" alt=\"Amsterdam\" srcset=\"https:\/\/www.amsterdamrepublic.com\/wp-content\/uploads\/2021\/07\/Amsterdam-Vodka-Gaypride-800x800.jpg 800w, https:\/\/www.amsterdamrepublic.com\/wp-content\/uploads\/2021\/07\/Amsterdam-Vodka-Gaypride-247x247.jpg 247w, https:\/\/www.amsterdamrepublic.com\/wp-content\/uploads\/2021\/07\/Amsterdam-Vodka-Gaypride-100x100.jpg 100w, https:\/\/www.amsterdamrepublic.com\/wp-content\/uploads\/2021\/07\/Amsterdam-Vodka-Gaypride-705x705.jpg 705w, https:\/\/www.amsterdamrepublic.com\/wp-content\/uploads\/2021\/07\/Amsterdam-Vodka-Gaypride-400x400.jpg 400w, https:\/\/www.amsterdamrepublic.com\/wp-content\/uploads\/2021\/07\/Amsterdam-Vodka-Gaypride-280x280.jpg 280w, https:\/\/www.amsterdamrepublic.com\/wp-content\/uploads\/2021\/07\/Amsterdam-Vodka-Gaypride-768x768.jpg 768w, https:\/\/www.amsterdamrepublic.com\/wp-content\/uploads\/2021\/07\/Amsterdam-Vodka-Gaypride-530x530.jpg 530w, https:\/\/www.amsterdamrepublic.com\/wp-content\/uploads\/2021\/07\/Amsterdam-Vodka-Gaypride-750x750.jpg 750w, https:\/\/www.amsterdamrepublic.com\/wp-content\/uploads\/2021\/07\/Amsterdam-Vodka-Gaypride-500x500.jpg 500w, https:\/\/www.amsterdamrepublic.com\/wp-content\/uploads\/2021\/07\/Amsterdam-Vodka-Gaypride.jpg 1000w\" sizes=\"auto, (max-width: 800px) 100vw, 800px\">\t\t\t\t\t\t\n\t\t\t\t\t<\/div>\n\t\t\t\t\t\t\t\t\n<style>\n#image_308244677 {\n  width: 100%;\n}\n<\/style>\n\t<\/div>\n\t\n\n\n\t\t<\/div>\n\t\t\t\t\t<\/div>\n\n\t\n\n<\/div>\n<div class=\"row align-middle align-center\"  id=\"row-390106013\">\n\n\n\t<div id=\"col-671752370\" class=\"col medium-6 small-12 large-6\"  >\n\t\t\t\t<div class=\"col-inner\"  >\n\t\t\t\n\t\t\t\n\n\t<div class=\"img has-hover radiusimage x md-x lg-x y md-y lg-y\" id=\"image_1124398560\">\n\t\t\t\t\t\t\t\t<div class=\"img-inner image-cover dark\" style=\"padding-top:100%;\">\n\t\t\t<img loading=\"lazy\" decoding=\"async\" width=\"800\" height=\"800\" src=\"https:\/\/www.amsterdamrepublic.com\/wp-content\/uploads\/2025\/10\/unnamed-1-800x800.jpg\" class=\"attachment-large size-large\" alt=\"Amsterdam\" srcset=\"https:\/\/www.amsterdamrepublic.com\/wp-content\/uploads\/2025\/10\/unnamed-1-800x800.jpg 800w, https:\/\/www.amsterdamrepublic.com\/wp-content\/uploads\/2025\/10\/unnamed-1-400x400.jpg 400w, https:\/\/www.amsterdamrepublic.com\/wp-content\/uploads\/2025\/10\/unnamed-1-280x280.jpg 280w, https:\/\/www.amsterdamrepublic.com\/wp-content\/uploads\/2025\/10\/unnamed-1-768x768.jpg 768w, https:\/\/www.amsterdamrepublic.com\/wp-content\/uploads\/2025\/10\/unnamed-1-530x530.jpg 530w, https:\/\/www.amsterdamrepublic.com\/wp-content\/uploads\/2025\/10\/unnamed-1-750x750.jpg 750w, https:\/\/www.amsterdamrepublic.com\/wp-content\/uploads\/2025\/10\/unnamed-1-500x500.jpg 500w, https:\/\/www.amsterdamrepublic.com\/wp-content\/uploads\/2025\/10\/unnamed-1-247x247.jpg 247w, https:\/\/www.amsterdamrepublic.com\/wp-content\/uploads\/2025\/10\/unnamed-1-705x705.jpg 705w, https:\/\/www.amsterdamrepublic.com\/wp-content\/uploads\/2025\/10\/unnamed-1-100x100.jpg 100w, https:\/\/www.amsterdamrepublic.com\/wp-content\/uploads\/2025\/10\/unnamed-1.jpg 1024w\" sizes=\"auto, (max-width: 800px) 100vw, 800px\">\t\t\t\t\t\t\n\t\t\t\t\t<\/div>\n\t\t\t\t\t\t\t\t\n<style>\n#image_1124398560 {\n  width: 100%;\n}\n<\/style>\n\t<\/div>\n\t\n\n\n\t\t<\/div>\n\t\t\t\t\n<style>\n#col-671752370 > .col-inner {\n  padding: 0px 0px 0px 0px;\n  margin: 0px 0px 0px 0px;\n}\n<\/style>\n\t<\/div>\n\n\t\n\n\t<div id=\"col-1671872050\" class=\"col medium-6 small-12 large-6\"  >\n\t\t\t\t<div class=\"col-inner\"  >\n\t\t\t\n\t\t\t\n\n\t<div id=\"text-595375887\" class=\"text\">\n\t\t\n\n<h2>Reine Handwerkskunst.<br>Verd\u00e4chtig lecker. <\/h2>\n\t\t\n<style>\n#text-595375887 {\n  font-size: 1.4rem;\n  text-align: left;\n}\n@media (min-width:550px) {\n  #text-595375887 {\n    font-size: 2rem;\n  }\n}\n<\/style>\n\t<\/div>\n\t\n\t<div id=\"text-578834282\" class=\"text\">\n\t\t\n\n<p>Unser Premium Amsterdam Vodka beginnt mit Bio-Getreide von h\u00f6chster Qualit\u00e4t, gemischt mit kristallklarem Wasser. Keine Zus\u00e4tze, keine Spielereien. <\/p>\n<p>Wir destillieren zweimal, sodass nur das Weichste und Reinste \u00fcbrig bleibt. Das Ergebnis? Ein Wodka, der sanft gleitet, ohne Feuer im Hals oder chemischen Nachgeschmack. Einfach verd\u00e4chtig lecker.   <\/p>\n\t\t\n<style>\n#text-578834282 {\n  font-size: 1.1rem;\n}\n@media (min-width:550px) {\n  #text-578834282 {\n    font-size: 1.4rem;\n  }\n}\n<\/style>\n\t<\/div>\n\t\n\n\t\t<\/div>\n\t\t\t\t\n<style>\n#col-1671872050 > .col-inner {\n  padding: 0px 0px 0px 0px;\n  margin: 0px 0px 0px 0;\n}\n@media (min-width:550px) {\n  #col-1671872050 > .col-inner {\n    margin: 0px 0px 0px 0px;\n  }\n}\n<\/style>\n\t<\/div>\n\n\t\n\n\n<style>\n#row-390106013 > .col > .col-inner {\n  padding: 0px 0px 0px 0px;\n}\n<\/style>\n<\/div>\n<div class=\"row align-middle align-center\" style=\"max-width:1300px\" id=\"row-735559383\">\n\n\n\t<div id=\"col-1396684430\" class=\"col medium-6 small-12 large-6\"  >\n\t\t\t\t<div class=\"col-inner\"  >\n\t\t\t\n\t\t\t\n\n\t<div id=\"text-2686797589\" class=\"text\">\n\t\t\n\n<h2>F\u00fcr legend\u00e4re Cocktails.<\/h2>\n\t\t\n<style>\n#text-2686797589 {\n  font-size: 1.4rem;\n  text-align: left;\n}\n@media (min-width:550px) {\n  #text-2686797589 {\n    font-size: 2rem;\n  }\n}\n<\/style>\n\t<\/div>\n\t\n\t<div id=\"text-1595847059\" class=\"text\">\n\t\t\n\n<p>Trink ihn pur, mit einem Eisw\u00fcrfel oder in einem frischen Cocktail \u2013 dieser Wodka passt zu jedem Moment, der gefeiert werden darf. Stell ihn bei guter Gesellschaft auf den Tisch oder schenk ihn jemandem, der Amsterdam im Herzen tr\u00e4gt. <\/p>\n<p>Und wenn die Flasche leer ist? Dann bleibt das Amsterdammertje einfach stehen \u2013 als Vase, Blickfang oder stille Erinnerung an einen sch\u00f6nen Abend. <\/p>\n\t\t\n<style>\n#text-1595847059 {\n  font-size: 1.1rem;\n}\n@media (min-width:550px) {\n  #text-1595847059 {\n    font-size: 1.4rem;\n  }\n}\n<\/style>\n\t<\/div>\n\t\n\n\t\t<\/div>\n\t\t\t\t\n<style>\n#col-1396684430 > .col-inner {\n  padding: 0 0px 0px 0px;\n}\n@media (min-width:550px) {\n  #col-1396684430 > .col-inner {\n    padding: 30px 0px 0px 0px;\n  }\n}\n<\/style>\n\t<\/div>\n\n\t\n\n\t<div id=\"col-1574720701\" class=\"col medium-6 small-12 large-6 medium-col-first\"  >\n\t\t\t\t<div class=\"col-inner\"  >\n\t\t\t\n\t\t\t\n\n\t<div class=\"img has-hover radiusimage x md-x lg-x y md-y lg-y\" id=\"image_1533038824\">\n\t\t\t\t\t\t\t\t<div class=\"img-inner image-cover dark\" style=\"padding-top:100%;\">\n\t\t\t<img loading=\"lazy\" decoding=\"async\" width=\"1020\" height=\"680\" src=\"https:\/\/www.amsterdamrepublic.com\/wp-content\/uploads\/2023\/03\/vanilla-skinnybitch-1200x800.jpg\" class=\"attachment-large size-large\" alt=\"Amsterdam\" srcset=\"https:\/\/www.amsterdamrepublic.com\/wp-content\/uploads\/2023\/03\/vanilla-skinnybitch-1200x800.jpg 1200w, https:\/\/www.amsterdamrepublic.com\/wp-content\/uploads\/2023\/03\/vanilla-skinnybitch-705x470.jpg 705w, https:\/\/www.amsterdamrepublic.com\/wp-content\/uploads\/2023\/03\/vanilla-skinnybitch-600x400.jpg 600w, https:\/\/www.amsterdamrepublic.com\/wp-content\/uploads\/2023\/03\/vanilla-skinnybitch-768x512.jpg 768w, https:\/\/www.amsterdamrepublic.com\/wp-content\/uploads\/2023\/03\/vanilla-skinnybitch-1536x1024.jpg 1536w, https:\/\/www.amsterdamrepublic.com\/wp-content\/uploads\/2023\/03\/vanilla-skinnybitch-750x500.jpg 750w, https:\/\/www.amsterdamrepublic.com\/wp-content\/uploads\/2023\/03\/vanilla-skinnybitch-1320x880.jpg 1320w, https:\/\/www.amsterdamrepublic.com\/wp-content\/uploads\/2023\/03\/vanilla-skinnybitch.jpg 1620w\" sizes=\"auto, (max-width: 1020px) 100vw, 1020px\">\t\t\t\t\t\t\n\t\t\t\t\t<\/div>\n\t\t\t\t\t\t\t\t\n<style>\n#image_1533038824 {\n  width: 100%;\n}\n<\/style>\n\t<\/div>\n\t\n\n\n\t\t<\/div>\n\t\t\t\t\n<style>\n#col-1574720701 > .col-inner {\n  margin: -0 0px 0px 0px;\n}\n<\/style>\n\t<\/div>\n\n\t\n\n\t<div id=\"col-2141747292\" class=\"col small-12 large-12\"  >\n\t\t\t\t<div class=\"col-inner\"  >\n\t\t\t\n\t\t\t\n\n\n\t\t<\/div>\n\t\t\t\t\t<\/div>\n\n\t\n\n<\/div>\n<div class=\"row\"  id=\"row-639777610\">\n\n\n\t<div id=\"col-633587959\" class=\"col small-12 large-12\"  >\n\t\t\t\t<div class=\"col-inner\"  >\n\t\t\t\n\t\t\t\n\n<div class=\"container section-title-container\" ><h2 class=\"section-title section-title-bold\"><b aria-hidden=\"true\"><\/b><span class=\"section-title-main\" >H\u00e4ufig gestellte Fragen<\/span><b aria-hidden=\"true\"><\/b><\/h2><\/div>\n\n<div class=\"accordion\">\n\n\t<div id=\"accordion-2362373483\" class=\"accordion-item\">\n\t\t<a id=\"accordion-2362373483-label\" class=\"accordion-title plain\" href=\"#accordion-item-wann-wird-meine-bestellung-geliefert?\" aria-expanded=\"false\" aria-controls=\"accordion-2362373483-content\">\n\t\t\t<button class=\"toggle\" aria-label=\"Umschalten\"><i class=\"icon-angle-down\" aria-hidden=\"true\"><\/i><\/button>\n\t\t\t<span>Wann wird meine Bestellung geliefert?<\/span>\n\t\t<\/a>\n\t\t<div id=\"accordion-2362373483-content\" class=\"accordion-inner\" aria-labelledby=\"accordion-2362373483-label\">\n\t\t\t\n\n<p>Voraussichtlich <strong>levering aanstaande <strong>dinsdag<\/strong> of <strong>woensdag<\/strong> <\/strong><\/p>\n\n\t\t<\/div>\n\t<\/div>\n\t\n\t<div id=\"accordion-4290134550\" class=\"accordion-item\">\n\t\t<a id=\"accordion-4290134550-label\" class=\"accordion-title plain\" href=\"#accordion-item-wie-wird-meine-bestellung-versendet?\" aria-expanded=\"false\" aria-controls=\"accordion-4290134550-content\">\n\t\t\t<button class=\"toggle\" aria-label=\"Umschalten\"><i class=\"icon-angle-down\" aria-hidden=\"true\"><\/i><\/button>\n\t\t\t<span>Wie wird meine Bestellung versendet?<\/span>\n\t\t<\/a>\n\t\t<div id=\"accordion-4290134550-content\" class=\"accordion-inner\" aria-labelledby=\"accordion-4290134550-label\">\n\t\t\t\n\n<p>Wir versenden mit PostNL, die eine 18+-Pr\u00fcfung an der T\u00fcr durchf\u00fchrt. Deine Bestellung wird 1x an die Lieferadresse angeboten, danach kann sie an einem PostNL-Punkt in der N\u00e4he abgeholt werden. <\/p>\n\n\t\t<\/div>\n\t<\/div>\n\t\n\t<div id=\"accordion-1191343970\" class=\"accordion-item\">\n\t\t<a id=\"accordion-1191343970-label\" class=\"accordion-title plain\" href=\"#accordion-item-erhalte-ich-auch-eine-rechnung?\" aria-expanded=\"false\" aria-controls=\"accordion-1191343970-content\">\n\t\t\t<button class=\"toggle\" aria-label=\"Umschalten\"><i class=\"icon-angle-down\" aria-hidden=\"true\"><\/i><\/button>\n\t\t\t<span>Erhalte ich auch eine Rechnung?<\/span>\n\t\t<\/a>\n\t\t<div id=\"accordion-1191343970-content\" class=\"accordion-inner\" aria-labelledby=\"accordion-1191343970-label\">\n\t\t\t\n\n<p>Ja, zu deiner Bestellung erh\u00e4ltst du eine Rechnung per E-Mail und der Bestellung wird ein Lieferschein beigef\u00fcgt. Du kannst auch eine Kopie der Rechnung auf deiner Kontoseite herunterladen. Wenn du beim Check-out angibst, dass das Paket 'nicht f\u00fcr dich selbst' ist, wird zwar ein Lieferschein in die Box gelegt, aber ohne Angabe von Preisen. Wir k\u00f6nnen Rechnungen nach der Bestellung nicht mehr anpassen.   <\/p>\n\n\t\t<\/div>\n\t<\/div>\n\t\n\n<\/div>\n\n\t\t<\/div>\n\t\t\t\t\t<\/div>\n\n\t\n\n<\/div>\n","protected":false},"excerpt":{"rendered":"<p>Unser Premium Amsterdam Vodka ist weich und rein. Abgef\u00fcllt in unserem exklusiven, ikonischen Amsterdammertje, als Ode an die Stadt, ihre N\u00e4chte und ihre freien Geister. <\/p>\n<p>Trink ihn pur oder mix ihn in einem Cocktail. Immer Amsterdams, immer echt. <\/p>\n","protected":false},"featured_media":29828,"comment_status":"open","ping_status":"closed","template":"","meta":{"bwfblock_default_font":""},"product_brand":[],"product_cat":[263],"product_tag":[],"class_list":{"0":"post-29788","1":"product","2":"type-product","3":"status-publish","4":"has-post-thumbnail","6":"product_cat-premium-wodkas","7":"pa_contents-1l-1000-ml-34-fl-oz","9":"first","10":"instock","11":"taxable","12":"shipping-taxable","13":"purchasable","14":"product-type-simple"},"_links":{"self":[{"href":"https:\/\/www.amsterdamrepublic.com\/de\/wp-json\/wp\/v2\/product\/29788","targetHints":{"allow":["GET"]}}],"collection":[{"href":"https:\/\/www.amsterdamrepublic.com\/de\/wp-json\/wp\/v2\/product"}],"about":[{"href":"https:\/\/www.amsterdamrepublic.com\/de\/wp-json\/wp\/v2\/types\/product"}],"replies":[{"embeddable":true,"href":"https:\/\/www.amsterdamrepublic.com\/de\/wp-json\/wp\/v2\/comments?post=29788"}],"wp:featuredmedia":[{"embeddable":true,"href":"https:\/\/www.amsterdamrepublic.com\/de\/wp-json\/wp\/v2\/media\/29828"}],"wp:attachment":[{"href":"https:\/\/www.amsterdamrepublic.com\/de\/wp-json\/wp\/v2\/media?parent=29788"}],"wp:term":[{"taxonomy":"product_brand","embeddable":true,"href":"https:\/\/www.amsterdamrepublic.com\/de\/wp-json\/wp\/v2\/product_brand?post=29788"},{"taxonomy":"product_cat","embeddable":true,"href":"https:\/\/www.amsterdamrepublic.com\/de\/wp-json\/wp\/v2\/product_cat?post=29788"},{"taxonomy":"product_tag","embeddable":true,"href":"https:\/\/www.amsterdamrepublic.com\/de\/wp-json\/wp\/v2\/product_tag?post=29788"}],"curies":[{"name":"wp","href":"https:\/\/api.w.org\/{rel}","templated":true}]}}