{"id":31187,"date":"2021-07-06T15:21:16","date_gmt":"2021-07-06T13:21:16","guid":{"rendered":"https:\/\/www.amsterdamrepublic.com\/contact\/"},"modified":"2026-04-20T11:36:46","modified_gmt":"2026-04-20T09:36:46","slug":"contact","status":"publish","type":"page","link":"https:\/\/www.amsterdamrepublic.com\/fr\/contact\/","title":{"rendered":"Contact"},"content":{"rendered":"\n\n\t<section class=\"section dark\" id=\"section_1540959844\">\n\t\t<div class=\"section-bg fill\" >\n\t\t\t<img loading=\"lazy\" decoding=\"async\" width=\"1920\" height=\"1861\" src=\"https:\/\/www.amsterdamrepublic.com\/wp-content\/uploads\/2022\/10\/contact-page.jpg\" class=\"bg attachment-original size-original\" alt=\"Amsterdam\">\t\t\t\t\t\t<div class=\"section-bg-overlay absolute fill\"><\/div>\n\t\t\t\n\n\t\t<\/div>\n\n\t\t\n\n\t\t<div class=\"section-content relative\">\n\t\t\t\n\n<div class=\"row\"  id=\"row-628548536\">\n\n\n\t<div id=\"col-1428100379\" class=\"col medium-8 small-12 large-12\"  >\n\t\t\t\t<div class=\"col-inner text-center\"  >\n\t\t\t\n\t\t\t\n\n\t<div id=\"text-109343051\" class=\"text\">\n\t\t\n\n<h6 style=\"text-align: center;\">Mis en bouteille depuis 2003, Amsterdam<\/h6>\n<h2 style=\"text-align: center;\"><span style=\"font-size: 200%;\">AMSTERDAM REPUBLIC<\/span><\/h2>\n\n\t\t\n<style>\n#text-109343051 {\n  text-align: center;\n}\n<\/style>\n\t<\/div>\n\t\n\n\t\t<\/div>\n\t\t\t\t\t<\/div>\n\n\t\n\n<\/div>\n\n\t\t<\/div>\n\n\t\t\n<style>\n#section_1540959844 {\n  padding-top: 30px;\n  padding-bottom: 30px;\n  min-height: 450px;\n  background-color: rgb(0,0,0);\n}\n#section_1540959844 .section-bg-overlay {\n  background-color: rgba(11, 21, 33, 0.57);\n}\n#section_1540959844 .section-bg img {\n  object-position: 50% 67%;\n}\n<\/style>\n\t<\/section>\n\t\n<div class=\"row row-collapse align-right\"  id=\"row-1130946394\">\n\n\n\t<div id=\"col-1187965861\" class=\"col medium-6 small-12 large-6\"  >\n\t\t\t\t<div class=\"col-inner\" style=\"background-color:#4ac193;\" >\n\t\t\t\n\t\t\t\n\n\n\t<section class=\"section\" id=\"section_1149212748\">\n\t\t<div class=\"section-bg fill\" >\n\t\t\t\t\t\t\t\t\t\n\t\t\t\n\n\t\t<\/div>\n\n\t\t\n\n\t\t<div class=\"section-content relative\">\n\t\t\t\n\n<div class=\"row row-collapse align-center\"  id=\"row-1769561479\">\n\n\n\t<div id=\"col-1256446828\" class=\"col small-12 large-12\"  >\n\t\t\t\t<div class=\"col-inner dark\"  >\n\t\t\t\n\t\t\t\n\n<h2>DES QUESTIONS ?<\/h2>\n<p>Envoie-nous un e-mail \u00e0 info@amsterdamrepublic.com<\/p>\n\n\t\t<\/div>\n\t\t\t\t\t<\/div>\n\n\t\n\n\n<style>\n#row-1769561479 > .col > .col-inner {\n  padding: 40px 20px 20px 20px;\n}\n<\/style>\n<\/div>\n\n\t\t<\/div>\n\n\t\t\n<style>\n#section_1149212748 {\n  padding-top: 0px;\n  padding-bottom: 0px;\n  background-color: rgb(0,0,0);\n}\n<\/style>\n\t<\/section>\n\t\n\n\t\t<\/div>\n\t\t\t\t\n<style>\n#col-1187965861 > .col-inner {\n  margin: -80px 0px 80px 0px;\n}\n<\/style>\n\t<\/div>\n\n\t\n\n<\/div>\n<div class=\"row align-equal\"  id=\"row-1467253716\">\n\n\n\t<div id=\"col-1804379520\" class=\"col medium-4 small-12 large-4\"  >\n\t\t\t\t<div class=\"col-inner\"  >\n\t\t\t\n\t\t\t\n\n\n\t<section class=\"section\" id=\"section_1090202723\">\n\t\t<div class=\"section-bg fill\" >\n\t\t\t\t\t\t\t\t\t\n\t\t\t\n\t<div class=\"is-border\"\n\t\tstyle=\"border-color:rgb(39, 54, 71);border-width:2px 2px 2px 2px;\">\n\t<\/div>\n\n\t\t<\/div>\n\n\t\t\n\n\t\t<div class=\"section-content relative\">\n\t\t\t\n\n<h6>01<\/h6>\n<h2>Caf\u00e9s<\/h2>\n<p>Surprends tes clients avec la bouteille Amsterdam Republic. Avec cette bouteille dans ton \u00e9tag\u00e8re, tu attireras l\u2019attention sur ton bar de mani\u00e8re exceptionnelle. Chaque bouteille raconte une histoire unique, car elles sont toutes fabriqu\u00e9es \u00e0 la main.  \n<\/p>\n<p><\/span><\/p>\n\n\n\t\t<\/div>\n\n\t\t\n<style>\n#section_1090202723 {\n  padding-top: 30px;\n  padding-bottom: 30px;\n}\n<\/style>\n\t<\/section>\n\t\n\n\t\t<\/div>\n\t\t\t\t\t<\/div>\n\n\t\n\n\t<div id=\"col-582981246\" class=\"col medium-4 small-12 large-4\"  >\n\t\t\t\t<div class=\"col-inner\"  >\n\t\t\t\n\t\t\t\n\n\n\t<section class=\"section dark\" id=\"section_296510580\">\n\t\t<div class=\"section-bg fill\" >\n\t\t\t\t\t\t\t\t\t\n\t\t\t\n\t<div class=\"is-border\"\n\t\tstyle=\"border-color:rgb(39, 54, 71);border-width:2px 2px 2px 2px;\">\n\t<\/div>\n\n\t\t<\/div>\n\n\t\t\n\n\t\t<div class=\"section-content relative\">\n\t\t\t\n\n<h6>02<\/h6>\n<h2>Boutiques<\/h2>\n<p>Avec notre bouteille iconique dans tes rayons, tu seras le magasin incontournable. Collaborer avec nous est innovant et motiv\u00e9 par le d\u00e9sir de faire le meilleur pour nos bouteilles et le meilleur pour nos clients. <\/span><\/p>\n\n\n\t\t<\/div>\n\n\t\t\n<style>\n#section_296510580 {\n  padding-top: 30px;\n  padding-bottom: 30px;\n  background-color: rgb(0, 0, 0);\n}\n<\/style>\n\t<\/section>\n\t\n\n\t\t<\/div>\n\t\t\t\t\t<\/div>\n\n\t\n\n\t<div id=\"col-1595410216\" class=\"col medium-4 small-12 large-4\"  >\n\t\t\t\t<div class=\"col-inner\"  >\n\t\t\t\n\t\t\t\n\n\n\t<section class=\"section\" id=\"section_1808278638\">\n\t\t<div class=\"section-bg fill\" >\n\t\t\t\t\t\t\t\t\t\n\t\t\t\n\t<div class=\"is-border\"\n\t\tstyle=\"border-color:rgb(39, 54, 71);border-width:2px 2px 2px 2px;\">\n\t<\/div>\n\n\t\t<\/div>\n\n\t\t\n\n\t\t<div class=\"section-content relative\">\n\t\t\t\n\n<h6>03<\/h6>\n<h2>Partenaires<\/h2>\n<p>Grandis avec nous et deviens un ambassadeur pour nous et pour ta marque. Nos boissons sont tr\u00e8s demand\u00e9es et nous avons besoin de partenaires locaux pour nous aider \u00e0 servir le march\u00e9 et \u00e0 d\u00e9passer nos r\u00eaves les plus fous. <\/p>\n\n\n\t\t<\/div>\n\n\t\t\n<style>\n#section_1808278638 {\n  padding-top: 30px;\n  padding-bottom: 30px;\n}\n<\/style>\n\t<\/section>\n\t\n\n\t\t<\/div>\n\t\t\t\t\t<\/div>\n\n\t\n\n<\/div>\n\n\t<section class=\"section\" id=\"section_1950232782\">\n\t\t<div class=\"section-bg fill\" >\n\t\t\t\t\t\t\t\t\t\n\t\t\t\n\n\t\t<\/div>\n\n\t\t\n\n\t\t<div class=\"section-content relative\">\n\t\t\t\n\n<div class=\"row\"  id=\"row-1025735722\">\n\n\n\t<div id=\"col-2003945100\" class=\"col small-12 large-12\"  >\n\t\t\t\t<div class=\"col-inner text-right\"  >\n\t\t\t\n\t\t\t\n\n\t<div id=\"text-2191227683\" class=\"text\">\n\t\t\n\n<h2>Nos adresses<\/h2>\n<h2>Nos adresses<\/h2>\n\n\t\t\n<style>\n#text-2191227683 {\n  text-align: center;\n}\n<\/style>\n\t<\/div>\n\t\n\n\t\t<\/div>\n\t\t\t\t\n<style>\n#col-2003945100 > .col-inner {\n  margin: 0 0px 0px 0px;\n}\n<\/style>\n\t<\/div>\n\n\t\n\n\t<div id=\"col-1233202167\" class=\"col medium-6 small-12 large-6\"  >\n\t\t\t\t<div class=\"col-inner\"  >\n\t\t\t\n\t\t\t\n\n\t<div id=\"gap-1693094994\" class=\"gap-element clearfix\" style=\"display:block; height:auto;\">\n\t\t\n<style>\n#gap-1693094994 {\n  padding-top: 20px;\n}\n<\/style>\n\t<\/div>\n\t\n\n<h3>Si\u00e8ge social Amsterdam Republic<\/h3>\n<p>Johan van hasseltweg 12A, 1022WV, Amsterdam <br>Pays-Bas<\/p>\n\n\n\t\t<\/div>\n\t\t\t\t\t<\/div>\n\n\t\n\n\t<div id=\"col-1918418228\" class=\"col medium-6 small-12 large-6\"  >\n\t\t\t\t<div class=\"col-inner\"  >\n\t\t\t\n\t\t\t\n\n\t<div id=\"gap-1144954680\" class=\"gap-element clearfix\" style=\"display:block; height:auto;\">\n\t\t\n<style>\n#gap-1144954680 {\n  padding-top: 20px;\n}\n<\/style>\n\t<\/div>\n\t\n\n<h3>Distillerie Amsterdam Republic<\/h3>\n<p>Metaalbewerkerweg 21, 1032 KW, Amsterdam<br>Pays-Bas<\/p>\n\n\t\t<\/div>\n\t\t\t\t\t<\/div>\n\n\t\n\n\t<div id=\"col-1165992655\" class=\"col medium-4 small-12 large-4\"  >\n\t\t\t\t<div class=\"col-inner\"  >\n\t\t\t\n\t\t\t\n\n\t<div id=\"gap-1763742378\" class=\"gap-element clearfix\" style=\"display:block; height:auto;\">\n\t\t\n<style>\n#gap-1763742378 {\n  padding-top: 20px;\n}\n<\/style>\n\t<\/div>\n\t\n\n\n\t\t<\/div>\n\t\t\t\t\t<\/div>\n\n\t\n\n<\/div>\n\n\t\t<\/div>\n\n\t\t\n<style>\n#section_1950232782 {\n  padding-top: 30px;\n  padding-bottom: 30px;\n}\n<\/style>\n\t<\/section>\n\t\n<div class=\"row align-equal\"  id=\"row-395150536\">\n\n\n\t<div id=\"col-1814049101\" class=\"col small-12 large-12\"  >\n\t\t\t\t<div class=\"col-inner\"  >\n\t\t\t\n\t\t\t\n\n<h2>Prenons un verre ensemble<\/h2>\n<p>Saisis tes coordonn\u00e9es ci-dessous. Peu importe que tu sois un caf\u00e9, un caviste, un entrep\u00f4t ou un salon de coiffure. Nous sommes l\u00e0 pour toi.   <\/span><\/p>\n\n<span class=\"scroll-to\" data-label=\"Scroll to: #boire\" data-bullet=\"false\" data-link=\"#boire\" data-title=\"boire\"><a name=\"boire\"><\/a><\/span>\n\n\n\t\t<\/div>\n\t\t\t\t\t<\/div>\n\n\t\n\n\t<div id=\"col-1427702486\" class=\"col small-12 large-12\"  >\n\t\t\t\t<div class=\"col-inner text-center\"  >\n\t\t\t\n\t\t\t\n\n\n\t<section class=\"section\" id=\"section_1115317070\">\n\t\t<div class=\"section-bg fill\" >\n\t\t\t\t\t\t\t\t\t\n\t\t\t\n\t<div class=\"is-border\"\n\t\tstyle=\"border-color:rgb(39, 54, 71);border-width:2px 2px 2px 2px;\">\n\t<\/div>\n\n\t\t<\/div>\n\n\t\t\n\n\t\t<div class=\"section-content relative\">\n\t\t\t\n\n<div class=\"forminator-ui forminator-custom-form forminator-custom-form-7338 forminator-design--material  forminator_ajax\" data-forminator-render=\"0\" data-form=\"forminator-module-7338\" data-uid=\"69e64235951d3\"><br\/><\/div><form\n\t\t\t\tid=\"forminator-module-7338\"\n\t\t\t\tclass=\"forminator-ui forminator-custom-form forminator-custom-form-7338 forminator-design--material  forminator_ajax\"\n\t\t\t\tmethod=\"post\"\n\t\t\t\tdata-forminator-render=\"0\"\n\t\t\t\tdata-form-id=\"7338\"\n\t\t\t\t data-color-option=\"default\" data-design=\"material\" data-grid=\"open\" style=\"display: none;\"\n\t\t\t\tdata-uid=\"69e64235951d3\"\n\t\t\t><div role=\"alert\" aria-live=\"polite\" class=\"forminator-response-message forminator-error\" aria-hidden=\"true\"><\/div><div class=\"forminator-row\"><div id=\"name-1\" class=\"forminator-field-name forminator-col forminator-col-4 \"><div class=\"forminator-field\"><label for=\"forminator-field-name-1_69e64235951d3\" id=\"forminator-field-name-1_69e64235951d3-label\" class=\"forminator-label\">Naam <span class=\"forminator-required\">*<\/span><\/label><input type=\"text\" name=\"name-1\" value=\"\" placeholder=\"Naam\" id=\"forminator-field-name-1_69e64235951d3\" class=\"forminator-input forminator-name--field\" aria-required=\"true\" autocomplete=\"name\" \/><\/div><\/div><div id=\"email-1\" class=\"forminator-field-email forminator-col forminator-col-4 \"><div class=\"forminator-field\"><label for=\"forminator-field-email-1_69e64235951d3\" id=\"forminator-field-email-1_69e64235951d3-label\" class=\"forminator-label\">E-mailadres <span class=\"forminator-required\">*<\/span><\/label><input type=\"email\" name=\"email-1\" value=\"\" placeholder=\"E-mailadres\" id=\"forminator-field-email-1_69e64235951d3\" class=\"forminator-input forminator-email--field\" data-required=\"true\" aria-required=\"true\" autocomplete=\"email\" \/><\/div><\/div><div id=\"phone-1\" class=\"forminator-field-phone forminator-col forminator-col-4 \"><div class=\"forminator-field\"><label for=\"forminator-field-phone-1_69e64235951d3\" id=\"forminator-field-phone-1_69e64235951d3-label\" class=\"forminator-label\">Telefoonnummer<\/label><input type=\"text\" name=\"phone-1\" value=\"\" placeholder=\"E-mailadres\" id=\"forminator-field-phone-1_69e64235951d3\" class=\"forminator-input forminator-field--phone\" data-required=\"\" aria-required=\"false\" autocomplete=\"off\" \/><\/div><\/div><\/div><div class=\"forminator-row\"><div id=\"textarea-1\" class=\"forminator-field-textarea forminator-col forminator-col-12 \"><div class=\"forminator-field\"><label for=\"forminator-field-textarea-1_69e64235951d3\" id=\"forminator-field-textarea-1_69e64235951d3-label\" class=\"forminator-label\">Bericht<\/label><textarea name=\"textarea-1\" placeholder=\"Bericht..\" id=\"forminator-field-textarea-1_69e64235951d3\" class=\"forminator-textarea\" rows=\"6\" style=\"min-height:140px;\" ><\/textarea><\/div><\/div><\/div><div class=\"forminator-row\"><div id=\"captcha-1\" class=\"forminator-field-captcha forminator-col forminator-col-12 \"><div class=\"forminator-captcha-left forminator-turnstile\" data-theme=\"auto\" data-language=\"fr-fr\" data-sitekey=\"0x4AAAAAACGyqL-7wXz8dZ63\" data-size=\"flexible\"><\/div> <\/div><\/div><input type=\"hidden\" name=\"referer_url\" value=\"\" \/><div class=\"forminator-row forminator-row-last\"><div class=\"forminator-col\"><div class=\"forminator-field\"><button class=\"forminator-button forminator-button-submit\"><span>Stuur bericht<\/span><span aria-hidden=\"true\"><\/span><\/button><\/div><\/div><\/div><input type=\"hidden\" id=\"forminator_nonce\" name=\"forminator_nonce\" value=\"af5f11c1ee\" \/><input type=\"hidden\" name=\"_wp_http_referer\" value=\"\/fr\/wp-json\/wp\/v2\/pages\/31187\" \/><input type=\"hidden\" name=\"form_id\" value=\"7338\"><input type=\"hidden\" name=\"page_id\" value=\"31187\"><input type=\"hidden\" name=\"form_type\" value=\"default\"><input type=\"hidden\" name=\"current_url\" value=\"https:\/\/www.amsterdamrepublic.com\/fr\/contact\/\"><input type=\"hidden\" name=\"render_id\" value=\"0\"><input type=\"hidden\" name=\"action\" value=\"forminator_submit_form_custom-forms\"><\/form>\n\n\t\t<\/div>\n\n\t\t\n<style>\n#section_1115317070 {\n  padding-top: 30px;\n  padding-bottom: 30px;\n}\n<\/style>\n\t<\/section>\n\t\n\n\t\t<\/div>\n\t\t\t\t\t<\/div>\n\n\t\n\n<\/div>\n\n\t<section class=\"section\" id=\"section_1675287747\">\n\t\t<div class=\"section-bg fill\" >\n\t\t\t\t\t\t\t\t\t\n\t\t\t\n\n\t\t<\/div>\n\n\t\t\n\n\t\t<div class=\"section-content relative\">\n\t\t\t\n\n<div class=\"row align-center\"  id=\"row-2057686914\">\n\n\n\t<div id=\"col-375284475\" class=\"col small-12 large-12\"  >\n\t\t\t\t<div class=\"col-inner text-center\"  >\n\t\t\t\n\t\t\t\n\n\n\t\t<\/div>\n\t\t\t\t\t<\/div>\n\n\t\n\n<\/div>\n\n\t\t<\/div>\n\n\t\t\n<style>\n#section_1675287747 {\n  padding-top: 60px;\n  padding-bottom: 60px;\n}\n<\/style>\n\t<\/section>\n\t\n\n","protected":false},"excerpt":{"rendered":"","protected":false},"author":1,"featured_media":0,"parent":0,"menu_order":0,"comment_status":"closed","ping_status":"closed","template":"page-blank.php","meta":{"bwfblock_default_font":"","footnotes":""},"class_list":["post-31187","page","type-page","status-publish","hentry"],"_links":{"self":[{"href":"https:\/\/www.amsterdamrepublic.com\/fr\/wp-json\/wp\/v2\/pages\/31187","targetHints":{"allow":["GET"]}}],"collection":[{"href":"https:\/\/www.amsterdamrepublic.com\/fr\/wp-json\/wp\/v2\/pages"}],"about":[{"href":"https:\/\/www.amsterdamrepublic.com\/fr\/wp-json\/wp\/v2\/types\/page"}],"author":[{"embeddable":true,"href":"https:\/\/www.amsterdamrepublic.com\/fr\/wp-json\/wp\/v2\/users\/1"}],"replies":[{"embeddable":true,"href":"https:\/\/www.amsterdamrepublic.com\/fr\/wp-json\/wp\/v2\/comments?post=31187"}],"version-history":[{"count":2,"href":"https:\/\/www.amsterdamrepublic.com\/fr\/wp-json\/wp\/v2\/pages\/31187\/revisions"}],"predecessor-version":[{"id":31202,"href":"https:\/\/www.amsterdamrepublic.com\/fr\/wp-json\/wp\/v2\/pages\/31187\/revisions\/31202"}],"wp:attachment":[{"href":"https:\/\/www.amsterdamrepublic.com\/fr\/wp-json\/wp\/v2\/media?parent=31187"}],"curies":[{"name":"wp","href":"https:\/\/api.w.org\/{rel}","templated":true}]}}