{"id":31239,"date":"2022-09-10T23:06:47","date_gmt":"2022-09-10T21:06:47","guid":{"rendered":"https:\/\/www.amsterdamrepublic.com\/saveurs-2\/"},"modified":"2026-04-20T11:37:53","modified_gmt":"2026-04-20T09:37:53","slug":"saveurs-2","status":"publish","type":"page","link":"https:\/\/www.amsterdamrepublic.com\/fr\/saveurs-2\/","title":{"rendered":"Saveurs"},"content":{"rendered":"\n\n  \n    <div class=\"row large-columns-4 medium-columns-3 small-columns-2 row-small\" >\n  <div class=\"product-category col\" data-animate=\"fadeInUp\">\n            <div class=\"col-inner\">\n              <a aria-label=\"Acc\u00e9der \u00e0 la cat\u00e9gorie de produits Vodkas\" href=\"https:\/\/www.amsterdamrepublic.com\/fr\/vodkas-premium\/\">                <div class=\"box box-category has-hover box-default \">\n                <div class=\"box-image\" >\n                  <div class=\"\" >\n                  <img loading=\"lazy\" decoding=\"async\" src=\"https:\/\/www.amsterdamrepublic.com\/wp-content\/uploads\/2026\/04\/vodka-splash-2-400x400.png\" alt=\"Vodkas\" width=\"300\" height=\"300\" \/>                                                      <\/div>\n                <\/div>\n                <div class=\"box-text text-center is-large\" >\n                  <div class=\"box-text-inner\">\n                      <h5 class=\"uppercase header-title\">\n                              Vodkas                      <\/h5>\n                                            <p class=\"is-xsmall uppercase count \">\n\t                      4 Produits                      <\/p>\n                                            \n                  <\/div>\n                <\/div>\n                <\/div>\n            <\/a>            <\/div>\n            <\/div><div class=\"product-category col\" data-animate=\"fadeInUp\">\n            <div class=\"col-inner\">\n              <a aria-label=\"Acc\u00e9der \u00e0 la cat\u00e9gorie de produits Gin et liqueurs\" href=\"https:\/\/www.amsterdamrepublic.com\/fr\/gin-et-liqueurs\/\">                <div class=\"box box-category has-hover box-default \">\n                <div class=\"box-image\" >\n                  <div class=\"\" >\n                  <img loading=\"lazy\" decoding=\"async\" src=\"https:\/\/www.amsterdamrepublic.com\/wp-content\/uploads\/2026\/04\/Gin-en-likeuren-categorie-1-1-400x400.png\" alt=\"Gin et liqueurs\" width=\"300\" height=\"300\" \/>                                                      <\/div>\n                <\/div>\n                <div class=\"box-text text-center is-large\" >\n                  <div class=\"box-text-inner\">\n                      <h5 class=\"uppercase header-title\">\n                              Gin et liqueurs                      <\/h5>\n                                            <p class=\"is-xsmall uppercase count \">\n\t                      3 Produits                      <\/p>\n                                            \n                  <\/div>\n                <\/div>\n                <\/div>\n            <\/a>            <\/div>\n            <\/div><div class=\"product-category col\" data-animate=\"fadeInUp\">\n            <div class=\"col-inner\">\n              <a aria-label=\"Acc\u00e9der \u00e0 la cat\u00e9gorie de produits \u00c9ditions limit\u00e9es &amp; sp\u00e9ciaux\" href=\"https:\/\/www.amsterdamrepublic.com\/fr\/editions-limitees-speciaux\/\">                <div class=\"box box-category has-hover box-default \">\n                <div class=\"box-image\" >\n                  <div class=\"\" >\n                  <img loading=\"lazy\" decoding=\"async\" src=\"https:\/\/www.amsterdamrepublic.com\/wp-content\/uploads\/2026\/04\/Specials-1-400x400.png\" alt=\"\u00c9ditions limit\u00e9es &amp; sp\u00e9ciaux\" width=\"300\" height=\"300\" \/>                                                      <\/div>\n                <\/div>\n                <div class=\"box-text text-center is-large\" >\n                  <div class=\"box-text-inner\">\n                      <h5 class=\"uppercase header-title\">\n                              \u00c9ditions limit\u00e9es &amp; sp\u00e9ciaux                      <\/h5>\n                                            <p class=\"is-xsmall uppercase count \">\n\t                      4 Produits                      <\/p>\n                                            \n                  <\/div>\n                <\/div>\n                <\/div>\n            <\/a>            <\/div>\n            <\/div><div class=\"product-category col\" data-animate=\"fadeInUp\">\n            <div class=\"col-inner\">\n              <a aria-label=\"Acc\u00e9der \u00e0 la cat\u00e9gorie de produits Jerricanes\" href=\"https:\/\/www.amsterdamrepublic.com\/fr\/jerricanes\/\">                <div class=\"box box-category has-hover box-default \">\n                <div class=\"box-image\" >\n                  <div class=\"\" >\n                  <img loading=\"lazy\" decoding=\"async\" src=\"https:\/\/www.amsterdamrepublic.com\/wp-content\/uploads\/2026\/04\/Jerrycans-categorie-vodka-400x400.png\" alt=\"Jerricanes\" width=\"300\" height=\"300\" \/>                                                      <\/div>\n                <\/div>\n                <div class=\"box-text text-center is-large\" >\n                  <div class=\"box-text-inner\">\n                      <h5 class=\"uppercase header-title\">\n                              Jerricanes                      <\/h5>\n                                            <p class=\"is-xsmall uppercase count \">\n\t                      2 Produits                      <\/p>\n                                            \n                  <\/div>\n                <\/div>\n                <\/div>\n            <\/a>            <\/div>\n            <\/div><\/div>\n\n\n\t<section class=\"section\" id=\"section_366041073\">\n\t\t<div class=\"section-bg fill\" >\n\t\t\t<img loading=\"lazy\" decoding=\"async\" width=\"1920\" height=\"1280\" src=\"https:\/\/www.amsterdamrepublic.com\/wp-content\/uploads\/2021\/07\/Amsterdam-Vodka-Full-Pink.jpg\" class=\"bg attachment-original size-original\" alt=\"Amsterdam\">\t\t\t\t\t\t<div class=\"section-bg-overlay absolute fill\"><\/div>\n\t\t\t\n\n\t\t<\/div>\n\n\t\t\n\n\t\t<div class=\"section-content relative\">\n\t\t\t\n\n<div class=\"row align-middle\"  id=\"row-644696924\">\n\n\n\t<div id=\"col-639616840\" class=\"col medium-12 small-12 large-6\"  >\n\t\t\t\t<div class=\"col-inner\"  >\n\t\t\t\n\t\t\t\n\n\t<div id=\"text-3464049165\" class=\"text\">\n\t\t\n\n<h1><strong><span style=\"color: #ffffff;\">Vodka Premium<\/span><\/strong><\/h1>\n\t\t\n<style>\n#text-3464049165 {\n  font-size: 1.75rem;\n  line-height: 1.5;\n}\n@media (min-width:550px) {\n  #text-3464049165 {\n    font-size: 1.5rem;\n  }\n}\n<\/style>\n\t<\/div>\n\t\n\t<div id=\"text-2929440467\" class=\"text\">\n\t\t\n\n<h3><span style=\"font-size: 100%; color: #ffffff;\">Un incontournable pour tous ceux qui se sentent li\u00e9s \u00e0 Amsterdam, mais aussi id\u00e9al \u00e0 offrir \u00e0 des amis en dehors de la ville. Cette <span style=\"text-decoration: underline;\"><strong><a style=\"color: #ffffff; text-decoration: underline;\" href=\"https:\/\/www.amsterdamrepublic.com\/fr\/produit\/vodka-premium-damsterdam\/\">bouteille amstellodamoise<\/a><\/strong><\/span> est remplie d\u2019une v\u00e9ritable vodka d\u2019Amsterdam et offre une sensation de douceur en bouche. <\/span><\/h3>\n<h3><span style=\"font-size: 100%; color: #ffffff;\">Amsterdam Republic Vodka est une vodka d\u2019une douceur in\u00e9gal\u00e9e, distill\u00e9e et mise en bouteille \u00e0 Amsterdam. Les c\u00e9r\u00e9ales biologiques proviennent d\u2019agriculteurs des environs de la ville, que nous associons \u00e0 la d\u00e9licieuse douceur de l\u2019eau d\u2019Amsterdam. <\/span><\/h3>\n\t\t\n<style>\n#text-2929440467 {\n  font-size: 1rem;\n  color: rgb(255, 255, 255);\n}\n#text-2929440467 > * {\n  color: rgb(255, 255, 255);\n}\n<\/style>\n\t<\/div>\n\t\n\t<div id=\"gap-108654439\" class=\"gap-element clearfix\" style=\"display:block; height:auto;\">\n\t\t\n<style>\n#gap-108654439 {\n  padding-top: 58px;\n}\n<\/style>\n\t<\/div>\n\t\n\n\t<div id=\"stack-1500250769\" class=\"stack stack-row justify-start items-stretch\">\n\t\t\n\n<a href=\"https:\/\/www.amsterdamrepublic.com\/fr\/produit\/vodka-premium-damsterdam\/\" class=\"button secondary\" style=\"border-radius:7px;padding:10px 30px 10px 30px;\">\n\t<i class=\"icon-shopping-cart\" aria-hidden=\"true\"><\/i>\t<span>Commander<\/span>\n\t<\/a>\n\n\n<a href=\"https:\/\/www.amsterdamrepublic.com\/fr\/ou-acheter\/\" class=\"button white\" style=\"border-radius:7px;padding:10px 30px 10px 30px;\">\n\t\t<span>trouver un magasin<\/span>\n\t<i class=\"icon-angle-right\" aria-hidden=\"true\"><\/i><\/a>\n\n\n\n\t\t\n<style>\n#stack-1500250769 > * {\n  --stack-gap: 1.5rem;\n}\n<\/style>\n\t<\/div>\n\t\n\n\t\t<\/div>\n\t\t\t\t\t<\/div>\n\n\t\n\n<\/div>\n\n\t\t<\/div>\n\n\t\t\n<style>\n#section_366041073 {\n  padding-top: 20px;\n  padding-bottom: 20px;\n  background-color: rgb(255, 255, 255);\n}\n#section_366041073 .section-bg-overlay {\n  background-color: rgba(0, 0, 0, 0.424);\n}\n#section_366041073 .section-bg img {\n  object-position: 79% 37%;\n}\n@media (min-width:550px) {\n  #section_366041073 {\n    padding-top: 50px;\n    padding-bottom: 50px;\n  }\n}\n@media (min-width:850px) {\n  #section_366041073 {\n    padding-top: 92px;\n    padding-bottom: 92px;\n  }\n}\n<\/style>\n\t<\/section>\n\t\n\n\t<section class=\"section\" id=\"section_1802015577\">\n\t\t<div class=\"section-bg fill\" >\n\t\t\t<img loading=\"lazy\" decoding=\"async\" width=\"1652\" height=\"747\" src=\"https:\/\/www.amsterdamrepublic.com\/wp-content\/uploads\/2023\/04\/vanilla-banner-smaken.jpg\" class=\"bg attachment-original size-original\" alt=\"Amsterdam\">\t\t\t\t\t\t<div class=\"section-bg-overlay absolute fill\"><\/div>\n\t\t\t\n\n\t\t<\/div>\n\n\t\t\n\n\t\t<div class=\"section-content relative\">\n\t\t\t\n\n<div class=\"row align-middle\"  id=\"row-1283978837\">\n\n\n\t<div id=\"col-1923248391\" class=\"col medium-12 small-12 large-6\"  >\n\t\t\t\t<div class=\"col-inner\"  >\n\t\t\t\n\t\t\t\n\n\t<div id=\"text-2613869537\" class=\"text\">\n\t\t\n\n<h2><strong>Vodka Vanille<\/strong><\/h2>\n\t\t\n<style>\n#text-2613869537 {\n  font-size: 1.75rem;\n  line-height: 1.5;\n  color: rgb(255, 255, 255);\n}\n#text-2613869537 > * {\n  color: rgb(255, 255, 255);\n}\n@media (min-width:550px) {\n  #text-2613869537 {\n    font-size: 1.5rem;\n  }\n}\n<\/style>\n\t<\/div>\n\t\n\t<div id=\"text-1349207739\" class=\"text\">\n\t\t\n\n<h3 class=\"lead\">Amsterdam Republic Vanilla Vodka poss\u00e8de une saveur d\u00e9licieusement douce et sucr\u00e9e, associ\u00e9e au caract\u00e8re l\u00e9g\u00e8rement \u00e9pic\u00e9 de notre <span style=\"color: #ffffff;\"><strong> <a style=\"color: #ffffff;\" href=\"https:\/\/www.amsterdamrepublic.com\/fr\/produit\/vodka-premium-damsterdam\/\" data-wplink-edit=\"true\">Vodka Premium<\/a><\/strong>.<\/span> Le parfum de la vodka \u00e0 la vanille est chaleureux, sucr\u00e9 et rappelle l\u2019odeur de d\u00e9licieux biscuits sortant du four.<\/h3>\n\t\t\n<style>\n#text-1349207739 {\n  font-size: 1rem;\n  color: rgb(255, 255, 255);\n}\n#text-1349207739 > * {\n  color: rgb(255, 255, 255);\n}\n<\/style>\n\t<\/div>\n\t\n\t<div id=\"gap-1339584365\" class=\"gap-element clearfix\" style=\"display:block; height:auto;\">\n\t\t\n<style>\n#gap-1339584365 {\n  padding-top: 58px;\n}\n<\/style>\n\t<\/div>\n\t\n\n\t<div id=\"stack-3724344982\" class=\"stack stack-row justify-start items-stretch\">\n\t\t\n\n<a href=\"https:\/\/www.amsterdamrepublic.com\/fr\/produit\/vodka-vanille\/\" class=\"button secondary\" style=\"border-radius:7px;padding:10px 30px 10px 30px;\">\n\t<i class=\"icon-shopping-cart\" aria-hidden=\"true\"><\/i>\t<span>Commander<\/span>\n\t<\/a>\n\n\n<a href=\"https:\/\/www.amsterdamrepublic.com\/fr\/ou-acheter\/\" class=\"button white\" style=\"border-radius:7px;padding:10px 30px 10px 30px;\">\n\t\t<span>trouver un magasin<\/span>\n\t<i class=\"icon-angle-right\" aria-hidden=\"true\"><\/i><\/a>\n\n\n\n\t\t\n<style>\n#stack-3724344982 > * {\n  --stack-gap: 1.5rem;\n}\n<\/style>\n\t<\/div>\n\t\n\n\t\t<\/div>\n\t\t\t\t\t<\/div>\n\n\t\n\n<\/div>\n\n\t\t<\/div>\n\n\t\t\n<style>\n#section_1802015577 {\n  padding-top: 20px;\n  padding-bottom: 20px;\n}\n#section_1802015577 .section-bg-overlay {\n  background-color: rgba(0, 0, 0, 0.221);\n}\n#section_1802015577 .section-bg img {\n  object-position: 71% 58%;\n}\n@media (min-width:550px) {\n  #section_1802015577 {\n    padding-top: 50px;\n    padding-bottom: 50px;\n  }\n}\n@media (min-width:850px) {\n  #section_1802015577 {\n    padding-top: 94px;\n    padding-bottom: 94px;\n  }\n}\n<\/style>\n\t<\/section>\n\t\n\n\t<section class=\"section\" id=\"section_1779538587\">\n\t\t<div class=\"section-bg fill\" >\n\t\t\t<img loading=\"lazy\" decoding=\"async\" width=\"1652\" height=\"747\" src=\"https:\/\/www.amsterdamrepublic.com\/wp-content\/uploads\/2023\/07\/watermelon-banner-smaken.jpg\" class=\"bg attachment-original size-original\" alt=\"Amsterdam\">\t\t\t\t\t\t<div class=\"section-bg-overlay absolute fill\"><\/div>\n\t\t\t\n\n\t\t<\/div>\n\n\t\t\n\n\t\t<div class=\"section-content relative\">\n\t\t\t\n\n<div class=\"row align-middle\"  id=\"row-568975534\">\n\n\n\t<div id=\"col-1193514684\" class=\"col medium-12 small-12 large-6\"  >\n\t\t\t\t<div class=\"col-inner\"  >\n\t\t\t\n\t\t\t\n\n\t<div id=\"text-3853729674\" class=\"text\">\n\t\t\n\n<h2><strong>Vodka Past\u00e8que<\/strong><\/h2>\n\t\t\n<style>\n#text-3853729674 {\n  font-size: 1.75rem;\n  line-height: 1.5;\n  color: rgb(255, 255, 255);\n}\n#text-3853729674 > * {\n  color: rgb(255, 255, 255);\n}\n@media (min-width:550px) {\n  #text-3853729674 {\n    font-size: 1.5rem;\n  }\n}\n<\/style>\n\t<\/div>\n\t\n\t<div id=\"text-2310886144\" class=\"text\">\n\t\t\n\n<h3 class=\"lead\"><span style=\"color: #ffffff;\">La past\u00e8que est r\u00e9put\u00e9e pour ses propri\u00e9t\u00e9s juteuses et rafra\u00eechissantes, et lorsqu\u2019elle est associ\u00e9e \u00e0 notre <a style=\"color: #ffffff;\" href=\"https:\/\/www.amsterdamrepublic.com\/fr\/produit\/vodka-premium-damsterdam\/\"><strong>Vodka Premium<\/strong><\/a>, elle cr\u00e9e une exp\u00e9rience gustative unique et surprenante. La douceur de la past\u00e8que se m\u00eale \u00e0 notre vodka puissante pour un jeu de saveurs estival. <\/span><\/h3>\n\t\t\n<style>\n#text-2310886144 {\n  font-size: 1rem;\n  color: rgb(255, 255, 255);\n}\n#text-2310886144 > * {\n  color: rgb(255, 255, 255);\n}\n<\/style>\n\t<\/div>\n\t\n\t<div id=\"gap-1480958256\" class=\"gap-element clearfix\" style=\"display:block; height:auto;\">\n\t\t\n<style>\n#gap-1480958256 {\n  padding-top: 58px;\n}\n<\/style>\n\t<\/div>\n\t\n\n\t<div id=\"stack-3343648455\" class=\"stack stack-row justify-start items-stretch\">\n\t\t\n\n<a href=\"https:\/\/www.amsterdamrepublic.com\/fr\/vodka-pasteque\/\" class=\"button secondary\" style=\"border-radius:7px;padding:10px 30px 10px 30px;\">\n\t<i class=\"icon-shopping-cart\" aria-hidden=\"true\"><\/i>\t<span>Commander<\/span>\n\t<\/a>\n\n\n<a href=\"https:\/\/www.amsterdamrepublic.com\/fr\/ou-acheter\/\" class=\"button white\" style=\"border-radius:7px;padding:10px 30px 10px 30px;\">\n\t\t<span>trouver un magasin<\/span>\n\t<i class=\"icon-angle-right\" aria-hidden=\"true\"><\/i><\/a>\n\n\n\n\t\t\n<style>\n#stack-3343648455 > * {\n  --stack-gap: 1.5rem;\n}\n<\/style>\n\t<\/div>\n\t\n\n\t\t<\/div>\n\t\t\t\t\t<\/div>\n\n\t\n\n<\/div>\n\n\t\t<\/div>\n\n\t\t\n<style>\n#section_1779538587 {\n  padding-top: 20px;\n  padding-bottom: 20px;\n}\n#section_1779538587 .section-bg-overlay {\n  background-color: rgba(0, 0, 0, 0.221);\n}\n#section_1779538587 .section-bg img {\n  object-position: 71% 58%;\n}\n@media (min-width:550px) {\n  #section_1779538587 {\n    padding-top: 50px;\n    padding-bottom: 50px;\n  }\n}\n@media (min-width:850px) {\n  #section_1779538587 {\n    padding-top: 94px;\n    padding-bottom: 94px;\n  }\n}\n<\/style>\n\t<\/section>\n\t\n\n\t<section class=\"section\" id=\"section_494651247\">\n\t\t<div class=\"section-bg fill\" >\n\t\t\t<img loading=\"lazy\" decoding=\"async\" width=\"1652\" height=\"747\" src=\"https:\/\/www.amsterdamrepublic.com\/wp-content\/uploads\/2022\/09\/stroopwafel-min.png\" class=\"bg attachment-original size-original\" alt=\"Amsterdam\">\t\t\t\t\t\t<div class=\"section-bg-overlay absolute fill\"><\/div>\n\t\t\t\n\n\t\t<\/div>\n\n\t\t\n\n\t\t<div class=\"section-content relative\">\n\t\t\t\n\n<div class=\"row align-middle\"  id=\"row-733743979\">\n\n\n\t<div id=\"col-310175437\" class=\"col medium-12 small-12 large-6\"  >\n\t\t\t\t<div class=\"col-inner\"  >\n\t\t\t\n\t\t\t\n\n\t<div id=\"text-1132706800\" class=\"text\">\n\t\t\n\n<h2><strong>Stroopwafel hollandaise<\/strong><\/h2>\n\t\t\n<style>\n#text-1132706800 {\n  font-size: 1.75rem;\n  line-height: 1.5;\n  color: rgb(255, 255, 255);\n}\n#text-1132706800 > * {\n  color: rgb(255, 255, 255);\n}\n@media (min-width:550px) {\n  #text-1132706800 {\n    font-size: 1.5rem;\n  }\n}\n<\/style>\n\t<\/div>\n\t\n\t<div id=\"text-1969879585\" class=\"text\">\n\t\t\n\n<h3 class=\"lead\"><span style=\"color: #ffffff;\">Dutch Stroopwafel est une <strong><span style=\"text-decoration: underline;\"><a style=\"color: #ffffff; text-decoration: underline;\" href=\"https:\/\/www.amsterdamrepublic.com\/fr\/produit\/liqueur-de-stroopwafel-hollandaise\/\">gaufre au sirop d\u00e9licieusement douce et savoureuse m\u00e9lang\u00e9e \u00e0 notre propre vodka<\/a><\/span><\/strong>. Tout comme les v\u00e9ritables gaufres au sirop d\u2019Amsterdam, cette boisson est \u00e9labor\u00e9e avec les meilleurs ingr\u00e9dients locaux. <\/span><\/h3>\n<h3 class=\"lead\"><span style=\"color: #ffffff;\">Savoure la douceur d\u00e9licieuse de la Dutch Stroopwafel, pure avec un gla\u00e7on comme digestif, dans un cocktail ou pour napper un dessert (glac\u00e9).<\/span><\/h3>\n\t\t\n<style>\n#text-1969879585 {\n  font-size: 1rem;\n  color: rgb(255, 255, 255);\n}\n#text-1969879585 > * {\n  color: rgb(255, 255, 255);\n}\n<\/style>\n\t<\/div>\n\t\n\t<div id=\"gap-832349245\" class=\"gap-element clearfix\" style=\"display:block; height:auto;\">\n\t\t\n<style>\n#gap-832349245 {\n  padding-top: 58px;\n}\n<\/style>\n\t<\/div>\n\t\n\n\t<div id=\"stack-1912658811\" class=\"stack stack-row justify-start items-stretch\">\n\t\t\n\n<a href=\"https:\/\/www.amsterdamrepublic.com\/fr\/produit\/liqueur-de-stroopwafel-hollandaise\/\" class=\"button secondary\" style=\"border-radius:7px;padding:10px 30px 10px 30px;\">\n\t<i class=\"icon-shopping-cart\" aria-hidden=\"true\"><\/i>\t<span>Commander<\/span>\n\t<\/a>\n\n\n<a href=\"https:\/\/www.amsterdamrepublic.com\/fr\/ou-acheter\/\" class=\"button white\" style=\"border-radius:7px;padding:10px 30px 10px 30px;\">\n\t\t<span>trouver un magasin<\/span>\n\t<i class=\"icon-angle-right\" aria-hidden=\"true\"><\/i><\/a>\n\n\n\n\t\t\n<style>\n#stack-1912658811 > * {\n  --stack-gap: 1.5rem;\n}\n<\/style>\n\t<\/div>\n\t\n\n\t\t<\/div>\n\t\t\t\t\t<\/div>\n\n\t\n\n<\/div>\n\n\t\t<\/div>\n\n\t\t\n<style>\n#section_494651247 {\n  padding-top: 20px;\n  padding-bottom: 20px;\n}\n#section_494651247 .section-bg-overlay {\n  background-color: rgba(0, 0, 0, 0.424);\n}\n#section_494651247 .section-bg img {\n  object-position: 82% 0%;\n}\n@media (min-width:550px) {\n  #section_494651247 {\n    padding-top: 50px;\n    padding-bottom: 50px;\n  }\n}\n@media (min-width:850px) {\n  #section_494651247 {\n    padding-top: 94px;\n    padding-bottom: 94px;\n  }\n}\n<\/style>\n\t<\/section>\n\t\n\n\n","protected":false},"excerpt":{"rendered":"","protected":false},"author":1,"featured_media":0,"parent":0,"menu_order":0,"comment_status":"closed","ping_status":"closed","template":"page-blank.php","meta":{"bwfblock_default_font":"","footnotes":""},"class_list":["post-31239","page","type-page","status-publish","hentry"],"_links":{"self":[{"href":"https:\/\/www.amsterdamrepublic.com\/fr\/wp-json\/wp\/v2\/pages\/31239","targetHints":{"allow":["GET"]}}],"collection":[{"href":"https:\/\/www.amsterdamrepublic.com\/fr\/wp-json\/wp\/v2\/pages"}],"about":[{"href":"https:\/\/www.amsterdamrepublic.com\/fr\/wp-json\/wp\/v2\/types\/page"}],"author":[{"embeddable":true,"href":"https:\/\/www.amsterdamrepublic.com\/fr\/wp-json\/wp\/v2\/users\/1"}],"replies":[{"embeddable":true,"href":"https:\/\/www.amsterdamrepublic.com\/fr\/wp-json\/wp\/v2\/comments?post=31239"}],"version-history":[{"count":1,"href":"https:\/\/www.amsterdamrepublic.com\/fr\/wp-json\/wp\/v2\/pages\/31239\/revisions"}],"predecessor-version":[{"id":31240,"href":"https:\/\/www.amsterdamrepublic.com\/fr\/wp-json\/wp\/v2\/pages\/31239\/revisions\/31240"}],"wp:attachment":[{"href":"https:\/\/www.amsterdamrepublic.com\/fr\/wp-json\/wp\/v2\/media?parent=31239"}],"curies":[{"name":"wp","href":"https:\/\/api.w.org\/{rel}","templated":true}]}}