{"id":30869,"date":"2022-09-07T16:34:30","date_gmt":"2022-09-07T14:34:30","guid":{"rendered":"https:\/\/www.amsterdamrepublic.com\/product\/duopack-vodka-stroopwafel\/"},"modified":"2026-04-20T11:26:17","modified_gmt":"2026-04-20T09:26:17","slug":"duopack-vodka-stroopwafel","status":"publish","type":"product","link":"https:\/\/www.amsterdamrepublic.com\/fr\/produit\/duopack-vodka-stroopwafel\/","title":{"rendered":"Duopack Vodka &amp; Stroopwafel"},"content":{"rendered":"","protected":false},"excerpt":{"rendered":"<p>Le Duopack Amsterdam Vodka classique, sp\u00e9cialement pour les vrais amoureux d\u2019Amsterdam. Profite de ce d\u00e9licieux m\u00e9lange \u00ab fort &amp; sucr\u00e9 \u00bb. Tu re\u00e7ois la Premium Amsterdam Vodka (1 L, 40 %), ainsi que notre authentique liqueur Dutch Stroopwafel Vodka (0,5 L, 14,5 %). Les deux sont embouteill\u00e9es dans l\u2019iconique Amsterdammertje.   <\/p>\n<p>D\u00e9licieusement doux et parfait pour les cocktails<\/p>\n<p>Un produit local d\u2019Amsterdam authentique<\/p>\n<p>\u00c9labor\u00e9 \u00e0 partir de c\u00e9r\u00e9ales bio<\/p>\n<p>Livret de cocktails gratuit<\/p>\n","protected":false},"featured_media":30893,"comment_status":"open","ping_status":"closed","template":"","meta":{"bwfblock_default_font":""},"product_brand":[],"product_cat":[308],"product_tag":[],"class_list":{"0":"post-30869","1":"product","2":"type-product","3":"status-publish","4":"has-post-thumbnail","6":"product_cat-editions-limitees-speciaux","8":"first","9":"instock","10":"sale","11":"taxable","12":"shipping-taxable","13":"purchasable","14":"product-type-simple"},"_links":{"self":[{"href":"https:\/\/www.amsterdamrepublic.com\/fr\/wp-json\/wp\/v2\/product\/30869","targetHints":{"allow":["GET"]}}],"collection":[{"href":"https:\/\/www.amsterdamrepublic.com\/fr\/wp-json\/wp\/v2\/product"}],"about":[{"href":"https:\/\/www.amsterdamrepublic.com\/fr\/wp-json\/wp\/v2\/types\/product"}],"replies":[{"embeddable":true,"href":"https:\/\/www.amsterdamrepublic.com\/fr\/wp-json\/wp\/v2\/comments?post=30869"}],"wp:featuredmedia":[{"embeddable":true,"href":"https:\/\/www.amsterdamrepublic.com\/fr\/wp-json\/wp\/v2\/media\/30893"}],"wp:attachment":[{"href":"https:\/\/www.amsterdamrepublic.com\/fr\/wp-json\/wp\/v2\/media?parent=30869"}],"wp:term":[{"taxonomy":"product_brand","embeddable":true,"href":"https:\/\/www.amsterdamrepublic.com\/fr\/wp-json\/wp\/v2\/product_brand?post=30869"},{"taxonomy":"product_cat","embeddable":true,"href":"https:\/\/www.amsterdamrepublic.com\/fr\/wp-json\/wp\/v2\/product_cat?post=30869"},{"taxonomy":"product_tag","embeddable":true,"href":"https:\/\/www.amsterdamrepublic.com\/fr\/wp-json\/wp\/v2\/product_tag?post=30869"}],"curies":[{"name":"wp","href":"https:\/\/api.w.org\/{rel}","templated":true}]}}