{"id":30870,"date":"2025-10-20T15:05:24","date_gmt":"2025-10-20T13:05:24","guid":{"rendered":"https:\/\/www.amsterdamrepublic.com\/product\/duopack-vanille-pasteque\/"},"modified":"2026-04-20T11:26:18","modified_gmt":"2026-04-20T09:26:18","slug":"duopack-vanille-pasteque","status":"publish","type":"product","link":"https:\/\/www.amsterdamrepublic.com\/fr\/produit\/duopack-vanille-pasteque\/","title":{"rendered":"Duopack Vanille &amp; Past\u00e8que"},"content":{"rendered":"","protected":false},"excerpt":{"rendered":"<p>Anime tes soir\u00e9es avec cette combinaison irr\u00e9sistible de Vodka Vanille et Vodka Past\u00e8que.<\/p>\n<p>Les notes douces et cr\u00e9meuses de la vanille rencontrent le caract\u00e8re frais et l\u00e9g\u00e8rement sucr\u00e9 de la past\u00e8que \u2014 parfait pour tes cocktails ou \u00e0 d\u00e9guster pur lors d\u2019une nuit pleine de myst\u00e8re.<\/p>\n","protected":false},"featured_media":27689,"comment_status":"open","ping_status":"closed","template":"","meta":{"bwfblock_default_font":""},"product_brand":[],"product_cat":[308,309],"product_tag":[],"class_list":{"0":"post-30870","1":"product","2":"type-product","3":"status-publish","4":"has-post-thumbnail","6":"product_cat-editions-limitees-speciaux","7":"product_cat-vodkas-premium","9":"first","10":"instock","11":"sale","12":"taxable","13":"shipping-taxable","14":"purchasable","15":"product-type-simple"},"_links":{"self":[{"href":"https:\/\/www.amsterdamrepublic.com\/fr\/wp-json\/wp\/v2\/product\/30870","targetHints":{"allow":["GET"]}}],"collection":[{"href":"https:\/\/www.amsterdamrepublic.com\/fr\/wp-json\/wp\/v2\/product"}],"about":[{"href":"https:\/\/www.amsterdamrepublic.com\/fr\/wp-json\/wp\/v2\/types\/product"}],"replies":[{"embeddable":true,"href":"https:\/\/www.amsterdamrepublic.com\/fr\/wp-json\/wp\/v2\/comments?post=30870"}],"wp:featuredmedia":[{"embeddable":true,"href":"https:\/\/www.amsterdamrepublic.com\/fr\/wp-json\/wp\/v2\/media\/27689"}],"wp:attachment":[{"href":"https:\/\/www.amsterdamrepublic.com\/fr\/wp-json\/wp\/v2\/media?parent=30870"}],"wp:term":[{"taxonomy":"product_brand","embeddable":true,"href":"https:\/\/www.amsterdamrepublic.com\/fr\/wp-json\/wp\/v2\/product_brand?post=30870"},{"taxonomy":"product_cat","embeddable":true,"href":"https:\/\/www.amsterdamrepublic.com\/fr\/wp-json\/wp\/v2\/product_cat?post=30870"},{"taxonomy":"product_tag","embeddable":true,"href":"https:\/\/www.amsterdamrepublic.com\/fr\/wp-json\/wp\/v2\/product_tag?post=30870"}],"curies":[{"name":"wp","href":"https:\/\/api.w.org\/{rel}","templated":true}]}}