{"id":30905,"date":"2024-03-25T13:07:36","date_gmt":"2024-03-25T12:07:36","guid":{"rendered":"https:\/\/www.amsterdamrepublic.com\/product\/jerrycan-de-gin-5l-premium-40-vol\/"},"modified":"2026-04-20T11:26:22","modified_gmt":"2026-04-20T09:26:22","slug":"jerrycan-de-gin-5l-premium-40-vol","status":"publish","type":"product","link":"https:\/\/www.amsterdamrepublic.com\/fr\/produit\/jerrycan-de-gin-5l-premium-40-vol\/","title":{"rendered":"Jerrycan de Gin 5L \u2013 Premium 40 % Vol."},"content":{"rendered":"<div class=\"row align-middle align-center\" style=\"max-width:1300px\" id=\"row-1277733712\">\n\n\n\t<div id=\"col-782272673\" class=\"col medium-5 small-12 large-6\"  >\n\t\t\t\t<div class=\"col-inner\"  >\n\t\t\t\n\t\t\t\n\n\t<div id=\"text-1815729942\" class=\"text\">\n\t\t\n\n<h2>On apporte le gin, tu apportes le tonic<\/h2>\n\t\t\n<style>\n#text-1815729942 {\n  font-size: 1.4rem;\n  text-align: left;\n}\n@media (min-width:550px) {\n  #text-1815729942 {\n    font-size: 2rem;\n  }\n}\n<\/style>\n\t<\/div>\n\t\n\t<div id=\"text-1033166776\" class=\"text\">\n\t\t\n\n<p>Ce jerrycan de 5 litres est con\u00e7u pour les moments o\u00f9 une seule bouteille ne suffit pas. \u00c0 l\u2019int\u00e9rieur, tu trouveras notre Premium Amsterdam Gin \u2013 limpide, aromatique et plein de caract\u00e8re.  <\/p>\n<p>Parfait pour servir lors d\u2019\u00e9v\u00e9nements, de festivals ou de soir\u00e9es anim\u00e9es au bar.<\/p>\n\t\t\n<style>\n#text-1033166776 {\n  font-size: 1.1rem;\n}\n@media (min-width:550px) {\n  #text-1033166776 {\n    font-size: 1.4rem;\n  }\n}\n<\/style>\n\t<\/div>\n\t\n\n\t\t<\/div>\n\t\t\t\t\n<style>\n#col-782272673 > .col-inner {\n  padding: 0px 0px 0px 0px;\n}\n<\/style>\n\t<\/div>\n\n\t\n\n\t<div id=\"col-440292419\" class=\"col medium-6 small-12 large-6 small-col-first\"  >\n\t\t\t\t<div class=\"col-inner\"  >\n\t\t\t\n\t\t\t\n\n\t<div class=\"img has-hover radiusimage x md-x lg-x y md-y lg-y\" id=\"image_1753344194\">\n\t\t\t\t\t\t\t\t<div class=\"img-inner image-cover dark\" style=\"padding-top:100%;\">\n\t\t\t<img loading=\"lazy\" decoding=\"async\" width=\"800\" height=\"800\" src=\"https:\/\/www.amsterdamrepublic.com\/wp-content\/uploads\/2025\/10\/Productpage-gallery-19-800x800.png\" class=\"attachment-large size-large\" alt=\"Amsterdam\" srcset=\"https:\/\/www.amsterdamrepublic.com\/wp-content\/uploads\/2025\/10\/Productpage-gallery-19-800x800.png 800w, https:\/\/www.amsterdamrepublic.com\/wp-content\/uploads\/2025\/10\/Productpage-gallery-19-400x400.png 400w, https:\/\/www.amsterdamrepublic.com\/wp-content\/uploads\/2025\/10\/Productpage-gallery-19-280x280.png 280w, https:\/\/www.amsterdamrepublic.com\/wp-content\/uploads\/2025\/10\/Productpage-gallery-19-768x768.png 768w, https:\/\/www.amsterdamrepublic.com\/wp-content\/uploads\/2025\/10\/Productpage-gallery-19-530x530.png 530w, https:\/\/www.amsterdamrepublic.com\/wp-content\/uploads\/2025\/10\/Productpage-gallery-19-750x750.png 750w, https:\/\/www.amsterdamrepublic.com\/wp-content\/uploads\/2025\/10\/Productpage-gallery-19-500x500.png 500w, https:\/\/www.amsterdamrepublic.com\/wp-content\/uploads\/2025\/10\/Productpage-gallery-19-247x247.png 247w, https:\/\/www.amsterdamrepublic.com\/wp-content\/uploads\/2025\/10\/Productpage-gallery-19-705x705.png 705w, https:\/\/www.amsterdamrepublic.com\/wp-content\/uploads\/2025\/10\/Productpage-gallery-19-100x100.png 100w, https:\/\/www.amsterdamrepublic.com\/wp-content\/uploads\/2025\/10\/Productpage-gallery-19.png 1000w\" sizes=\"auto, (max-width: 800px) 100vw, 800px\">\t\t\t\t\t\t\n\t\t\t\t\t<\/div>\n\t\t\t\t\t\t\t\t\n<style>\n#image_1753344194 {\n  width: 100%;\n}\n<\/style>\n\t<\/div>\n\t\n\n\n\t\t<\/div>\n\t\t\t\t\t<\/div>\n\n\t\n\n<\/div>\n<div class=\"row align-middle align-center\"  id=\"row-1917860989\">\n\n\n\t<div id=\"col-1890367277\" class=\"col medium-6 small-12 large-6\"  >\n\t\t\t\t<div class=\"col-inner\"  >\n\t\t\t\n\t\t\t\n\n\t<div class=\"img has-hover radiusimage x md-x lg-x y md-y lg-y\" id=\"image_969612279\">\n\t\t\t\t\t\t\t\t<div class=\"img-inner image-cover dark\" style=\"padding-top:100%;\">\n\t\t\t<img loading=\"lazy\" decoding=\"async\" width=\"800\" height=\"800\" src=\"https:\/\/www.amsterdamrepublic.com\/wp-content\/uploads\/2025\/10\/Productpage-gallery-18-800x800.png\" class=\"attachment-large size-large\" alt=\"Amsterdam\" srcset=\"https:\/\/www.amsterdamrepublic.com\/wp-content\/uploads\/2025\/10\/Productpage-gallery-18-800x800.png 800w, https:\/\/www.amsterdamrepublic.com\/wp-content\/uploads\/2025\/10\/Productpage-gallery-18-400x400.png 400w, https:\/\/www.amsterdamrepublic.com\/wp-content\/uploads\/2025\/10\/Productpage-gallery-18-280x280.png 280w, https:\/\/www.amsterdamrepublic.com\/wp-content\/uploads\/2025\/10\/Productpage-gallery-18-768x768.png 768w, https:\/\/www.amsterdamrepublic.com\/wp-content\/uploads\/2025\/10\/Productpage-gallery-18-530x530.png 530w, https:\/\/www.amsterdamrepublic.com\/wp-content\/uploads\/2025\/10\/Productpage-gallery-18-750x750.png 750w, https:\/\/www.amsterdamrepublic.com\/wp-content\/uploads\/2025\/10\/Productpage-gallery-18-500x500.png 500w, https:\/\/www.amsterdamrepublic.com\/wp-content\/uploads\/2025\/10\/Productpage-gallery-18-247x247.png 247w, https:\/\/www.amsterdamrepublic.com\/wp-content\/uploads\/2025\/10\/Productpage-gallery-18-705x705.png 705w, https:\/\/www.amsterdamrepublic.com\/wp-content\/uploads\/2025\/10\/Productpage-gallery-18-100x100.png 100w, https:\/\/www.amsterdamrepublic.com\/wp-content\/uploads\/2025\/10\/Productpage-gallery-18.png 1000w\" sizes=\"auto, (max-width: 800px) 100vw, 800px\">\t\t\t\t\t\t\n\t\t\t\t\t<\/div>\n\t\t\t\t\t\t\t\t\n<style>\n#image_969612279 {\n  width: 100%;\n}\n<\/style>\n\t<\/div>\n\t\n\n\n\t\t<\/div>\n\t\t\t\t\n<style>\n#col-1890367277 > .col-inner {\n  padding: 0px 0px 0px 0px;\n  margin: 0px 0px 0px 0px;\n}\n<\/style>\n\t<\/div>\n\n\t\n\n\t<div id=\"col-965015130\" class=\"col medium-6 small-12 large-6\"  >\n\t\t\t\t<div class=\"col-inner\"  >\n\t\t\t\n\t\t\t\n\n\t<div id=\"text-3844732574\" class=\"text\">\n\t\t\n\n<h2>Gin d\u2019Amsterdam, avec du caract\u00e8re<\/h2>\n\t\t\n<style>\n#text-3844732574 {\n  font-size: 1.4rem;\n  text-align: left;\n}\n@media (min-width:550px) {\n  #text-3844732574 {\n    font-size: 2rem;\n  }\n}\n<\/style>\n\t<\/div>\n\t\n\t<div id=\"text-619633662\" class=\"text\">\n\t\t\n\n<p>Distill\u00e9 \u00e0 partir de botaniques naturelles et \u00e9quilibr\u00e9 avec la sobri\u00e9t\u00e9 typique d\u2019Amsterdam. Le geni\u00e8vre forme la base, compl\u00e9t\u00e9 par des agrumes frais et une touche de graines de coriandre. <\/p>\n<p>Le r\u00e9sultat est un gin qui se m\u00e9lange onctueusement dans les cocktails, mais qui tient aussi la route pur. Mis en bouteille \u00e0 40 % vol. pour un go\u00fbt plein sans agressivit\u00e9. <\/p>\n\t\t\n<style>\n#text-619633662 {\n  font-size: 1.1rem;\n}\n@media (min-width:550px) {\n  #text-619633662 {\n    font-size: 1.4rem;\n  }\n}\n<\/style>\n\t<\/div>\n\t\n\n\t\t<\/div>\n\t\t\t\t\n<style>\n#col-965015130 > .col-inner {\n  padding: 0px 0px 0px 0px;\n  margin: 0px 0px 0px 0;\n}\n@media (min-width:550px) {\n  #col-965015130 > .col-inner {\n    margin: 0px 0px 0px 0px;\n  }\n}\n<\/style>\n\t<\/div>\n\n\t\n\n\n<style>\n#row-1917860989 > .col > .col-inner {\n  padding: 0px 0px 0px 0px;\n}\n<\/style>\n<\/div>\n<div class=\"row align-middle align-center\" style=\"max-width:1300px\" id=\"row-1029776947\">\n\n\n\t<div id=\"col-2008656643\" class=\"col medium-6 small-12 large-6\"  >\n\t\t\t\t<div class=\"col-inner\"  >\n\t\t\t\n\t\t\t\n\n\t<div id=\"text-2852552302\" class=\"text\">\n\t\t\n\n<h2>Moins de bouteilles, plus de facilit\u00e9<\/h2>\n\t\t\n<style>\n#text-2852552302 {\n  font-size: 1.4rem;\n  text-align: left;\n}\n@media (min-width:550px) {\n  #text-2852552302 {\n    font-size: 2rem;\n  }\n}\n<\/style>\n\t<\/div>\n\t\n\t<div id=\"text-391617919\" class=\"text\">\n\t\t\n\n<p>Avec cinq litres par jerrycan, tu gagnes du temps, de l\u2019espace et tu t\u2019\u00e9pargnes des tracas. Id\u00e9al pour les traiteurs de cocktails, les bars et les clubs o\u00f9 les bouteilles se vident rapidement. <\/p>\n<p>Le jerrycan robuste est facile \u00e0 verser et efficace \u00e0 empiler, pour que tu sois toujours pr\u00eat pour la prochaine tourn\u00e9e.<\/p>\n\t\t\n<style>\n#text-391617919 {\n  font-size: 1.1rem;\n}\n@media (min-width:550px) {\n  #text-391617919 {\n    font-size: 1.4rem;\n  }\n}\n<\/style>\n\t<\/div>\n\t\n\n\t\t<\/div>\n\t\t\t\t\n<style>\n#col-2008656643 > .col-inner {\n  padding: 0 0px 0px 0px;\n}\n@media (min-width:550px) {\n  #col-2008656643 > .col-inner {\n    padding: 30px 0px 0px 0px;\n  }\n}\n<\/style>\n\t<\/div>\n\n\t\n\n\t<div id=\"col-375997010\" class=\"col medium-6 small-12 large-6 medium-col-first\"  >\n\t\t\t\t<div class=\"col-inner\"  >\n\t\t\t\n\t\t\t\n\n\t<div class=\"img has-hover radiusimage x md-x lg-x y md-y lg-y\" id=\"image_1949488046\">\n\t\t\t\t\t\t\t\t<div class=\"img-inner image-cover dark\" style=\"padding-top:100%;\">\n\t\t\t<img loading=\"lazy\" decoding=\"async\" width=\"800\" height=\"800\" src=\"https:\/\/www.amsterdamrepublic.com\/wp-content\/uploads\/2025\/10\/Productpage-gallery-24-800x800.png\" class=\"attachment-large size-large\" alt=\"Amsterdam\" srcset=\"https:\/\/www.amsterdamrepublic.com\/wp-content\/uploads\/2025\/10\/Productpage-gallery-24-800x800.png 800w, https:\/\/www.amsterdamrepublic.com\/wp-content\/uploads\/2025\/10\/Productpage-gallery-24-400x400.png 400w, https:\/\/www.amsterdamrepublic.com\/wp-content\/uploads\/2025\/10\/Productpage-gallery-24-280x280.png 280w, https:\/\/www.amsterdamrepublic.com\/wp-content\/uploads\/2025\/10\/Productpage-gallery-24-768x768.png 768w, https:\/\/www.amsterdamrepublic.com\/wp-content\/uploads\/2025\/10\/Productpage-gallery-24-530x530.png 530w, https:\/\/www.amsterdamrepublic.com\/wp-content\/uploads\/2025\/10\/Productpage-gallery-24-750x750.png 750w, https:\/\/www.amsterdamrepublic.com\/wp-content\/uploads\/2025\/10\/Productpage-gallery-24-500x500.png 500w, https:\/\/www.amsterdamrepublic.com\/wp-content\/uploads\/2025\/10\/Productpage-gallery-24-247x247.png 247w, https:\/\/www.amsterdamrepublic.com\/wp-content\/uploads\/2025\/10\/Productpage-gallery-24-705x705.png 705w, https:\/\/www.amsterdamrepublic.com\/wp-content\/uploads\/2025\/10\/Productpage-gallery-24-100x100.png 100w, https:\/\/www.amsterdamrepublic.com\/wp-content\/uploads\/2025\/10\/Productpage-gallery-24.png 1000w\" sizes=\"auto, (max-width: 800px) 100vw, 800px\">\t\t\t\t\t\t\n\t\t\t\t\t<\/div>\n\t\t\t\t\t\t\t\t\n<style>\n#image_1949488046 {\n  width: 100%;\n}\n<\/style>\n\t<\/div>\n\t\n\n\n\t\t<\/div>\n\t\t\t\t\n<style>\n#col-375997010 > .col-inner {\n  margin: -0 0px 0px 0px;\n}\n<\/style>\n\t<\/div>\n\n\t\n\n\t<div id=\"col-1421571913\" class=\"col small-12 large-12\"  >\n\t\t\t\t<div class=\"col-inner\"  >\n\t\t\t\n\t\t\t\n\n\n\t\t<\/div>\n\t\t\t\t\t<\/div>\n\n\t\n\n<\/div>\n<div class=\"row\"  id=\"row-1342997759\">\n\n\n\t<div id=\"col-1141937887\" class=\"col small-12 large-12\"  >\n\t\t\t\t<div class=\"col-inner\"  >\n\t\t\t\n\t\t\t\n\n<div class=\"container section-title-container\" ><h2 class=\"section-title section-title-bold\"><b aria-hidden=\"true\"><\/b><span class=\"section-title-main\" >Foire aux questions<\/span><b aria-hidden=\"true\"><\/b><\/h2><\/div>\n\n<div class=\"accordion\">\n\n\t<div id=\"accordion-3226426443\" class=\"accordion-item\">\n\t\t<a id=\"accordion-3226426443-label\" class=\"accordion-title plain\" href=\"#accordion-item-quand-ma-commande-sera-t-elle-livr\u00e9e-?\" aria-expanded=\"false\" aria-controls=\"accordion-3226426443-content\">\n\t\t\t<button class=\"toggle\" aria-label=\"Basculer\"><i class=\"icon-angle-down\" aria-hidden=\"true\"><\/i><\/button>\n\t\t\t<span>Quand ma commande sera-t-elle livr\u00e9e ?<\/span>\n\t\t<\/a>\n\t\t<div id=\"accordion-3226426443-content\" class=\"accordion-inner\" aria-labelledby=\"accordion-3226426443-label\">\n\t\t\t\n\n<p>Pr\u00e9vue  <strong>levering aanstaande <strong>dinsdag<\/strong> of <strong>woensdag<\/strong> <\/strong><\/p>\n\n\t\t<\/div>\n\t<\/div>\n\t\n\t<div id=\"accordion-2767542560\" class=\"accordion-item\">\n\t\t<a id=\"accordion-2767542560-label\" class=\"accordion-title plain\" href=\"#accordion-item-comment-ma-commande-est-elle-exp\u00e9di\u00e9e-?\" aria-expanded=\"false\" aria-controls=\"accordion-2767542560-content\">\n\t\t\t<button class=\"toggle\" aria-label=\"Basculer\"><i class=\"icon-angle-down\" aria-hidden=\"true\"><\/i><\/button>\n\t\t\t<span>Comment ma commande est-elle exp\u00e9di\u00e9e ?<\/span>\n\t\t<\/a>\n\t\t<div id=\"accordion-2767542560-content\" class=\"accordion-inner\" aria-labelledby=\"accordion-2767542560-label\">\n\t\t\t\n\n<p>Nous exp\u00e9dions avec PostNL qui effectue un contr\u00f4le 18+ \u00e0 la porte. Ta commande est pr\u00e9sent\u00e9e une fois \u00e0 l\u2019adresse de livraison, apr\u00e8s quoi elle peut \u00eatre r\u00e9cup\u00e9r\u00e9e dans un point PostNL \u00e0 proximit\u00e9. <\/p>\n\n\t\t<\/div>\n\t<\/div>\n\t\n\t<div id=\"accordion-131142198\" class=\"accordion-item\">\n\t\t<a id=\"accordion-131142198-label\" class=\"accordion-title plain\" href=\"#accordion-item-est-ce-que-je-re\u00e7ois-aussi-une-facture-?\" aria-expanded=\"false\" aria-controls=\"accordion-131142198-content\">\n\t\t\t<button class=\"toggle\" aria-label=\"Basculer\"><i class=\"icon-angle-down\" aria-hidden=\"true\"><\/i><\/button>\n\t\t\t<span>Est-ce que je re\u00e7ois aussi une facture ?<\/span>\n\t\t<\/a>\n\t\t<div id=\"accordion-131142198-content\" class=\"accordion-inner\" aria-labelledby=\"accordion-131142198-label\">\n\t\t\t\n\n<p>Oui, tu recevras une facture par e-mail avec ta commande et un bon de livraison sera inclus. Tu peux \u00e9galement t\u00e9l\u00e9charger une copie de la facture sur la page de ton compte. Si tu indiques lors du paiement que le colis n\u2019est \u00ab pas pour toi \u00bb, un bon de livraison sera mis dans la bo\u00eete, mais sans mention des prix. Nous ne pouvons plus modifier les factures apr\u00e8s la validation de la commande.   <\/p>\n\n\t\t<\/div>\n\t<\/div>\n\t\n\n<\/div>\n\n\t\t<\/div>\n\t\t\t\t\t<\/div>\n\n\t\n\n<\/div>\n","protected":false},"excerpt":{"rendered":"<p>Notre Jerrycan de Gin 5L \u2013 Premium 40 % Vol. est con\u00e7u pour les barmans, les \u00e9v\u00e9nements et les amateurs de gin qui voient les choses en grand.<\/p>\n<p>Cinq litres de gin frais et \u00e9pic\u00e9 avec un \u00e9quilibre onctueux de geni\u00e8vre, d\u2019agrumes et d\u2019herbes subtiles. Id\u00e9al pour les cocktails, parfait pour les soir\u00e9es anim\u00e9es derri\u00e8re le bar. <\/p>\n","protected":false},"featured_media":30908,"comment_status":"open","ping_status":"closed","template":"","meta":{"bwfblock_default_font":""},"product_brand":[],"product_cat":[310,311],"product_tag":[],"class_list":{"0":"post-30905","1":"product","2":"type-product","3":"status-publish","4":"has-post-thumbnail","6":"product_cat-jerricanes","7":"product_cat-gin-et-liqueurs","8":"pa_contents-5l-5000-ml-169-fl-oz","10":"first","11":"instock","12":"taxable","13":"shipping-taxable","14":"purchasable","15":"product-type-simple"},"_links":{"self":[{"href":"https:\/\/www.amsterdamrepublic.com\/fr\/wp-json\/wp\/v2\/product\/30905","targetHints":{"allow":["GET"]}}],"collection":[{"href":"https:\/\/www.amsterdamrepublic.com\/fr\/wp-json\/wp\/v2\/product"}],"about":[{"href":"https:\/\/www.amsterdamrepublic.com\/fr\/wp-json\/wp\/v2\/types\/product"}],"replies":[{"embeddable":true,"href":"https:\/\/www.amsterdamrepublic.com\/fr\/wp-json\/wp\/v2\/comments?post=30905"}],"wp:featuredmedia":[{"embeddable":true,"href":"https:\/\/www.amsterdamrepublic.com\/fr\/wp-json\/wp\/v2\/media\/30908"}],"wp:attachment":[{"href":"https:\/\/www.amsterdamrepublic.com\/fr\/wp-json\/wp\/v2\/media?parent=30905"}],"wp:term":[{"taxonomy":"product_brand","embeddable":true,"href":"https:\/\/www.amsterdamrepublic.com\/fr\/wp-json\/wp\/v2\/product_brand?post=30905"},{"taxonomy":"product_cat","embeddable":true,"href":"https:\/\/www.amsterdamrepublic.com\/fr\/wp-json\/wp\/v2\/product_cat?post=30905"},{"taxonomy":"product_tag","embeddable":true,"href":"https:\/\/www.amsterdamrepublic.com\/fr\/wp-json\/wp\/v2\/product_tag?post=30905"}],"curies":[{"name":"wp","href":"https:\/\/api.w.org\/{rel}","templated":true}]}}