{"id":30912,"date":"2025-02-11T11:12:11","date_gmt":"2025-02-11T10:12:11","guid":{"rendered":"https:\/\/www.amsterdamrepublic.com\/product\/gin-hollandais-premium\/"},"modified":"2026-04-20T11:26:25","modified_gmt":"2026-04-20T09:26:25","slug":"gin-hollandais-premium","status":"publish","type":"product","link":"https:\/\/www.amsterdamrepublic.com\/fr\/produit\/gin-hollandais-premium\/","title":{"rendered":"Gin hollandais premium"},"content":{"rendered":"<div class=\"row align-middle align-center\" style=\"max-width:1300px\" id=\"row-931840567\">\n\n\n\t<div id=\"col-55119782\" class=\"col medium-5 small-12 large-6\"  >\n\t\t\t\t<div class=\"col-inner\"  >\n\t\t\t\n\t\t\t\n\n\t<div id=\"text-1597280691\" class=\"text\">\n\t\t\n\n<h2>Saveur et \u00e9quilibre<\/h2>\n\t\t\n<style>\n#text-1597280691 {\n  font-size: 1.4rem;\n  text-align: left;\n}\n@media (min-width:550px) {\n  #text-1597280691 {\n    font-size: 2rem;\n  }\n}\n<\/style>\n\t<\/div>\n\t\n\t<div id=\"text-1526215418\" class=\"text\">\n\t\t\n\n<p>Notre Gin est frais, \u00e9pic\u00e9 et raffin\u00e9 \u00e0 chaque gorg\u00e9e. Le geni\u00e8vre en constitue la base, tandis que les agrumes, la coriandre et la cardamome apportent une fra\u00eecheur vive. Des notes subtiles de lavande, de poivre et de cannelle donnent de la profondeur et du caract\u00e8re, sans \u00eatre trop envahissantes.  <\/p>\n<p>Un gin pur et onctueux qui regorge d\u2019exp\u00e9rience.<\/p>\n\t\t\n<style>\n#text-1526215418 {\n  font-size: 1.1rem;\n}\n@media (min-width:550px) {\n  #text-1526215418 {\n    font-size: 1.4rem;\n  }\n}\n<\/style>\n\t<\/div>\n\t\n\n\t\t<\/div>\n\t\t\t\t\n<style>\n#col-55119782 > .col-inner {\n  padding: 0px 0px 0px 0px;\n}\n<\/style>\n\t<\/div>\n\n\t\n\n\t<div id=\"col-2001611372\" class=\"col medium-6 small-12 large-6 small-col-first\"  >\n\t\t\t\t<div class=\"col-inner\"  >\n\t\t\t\n\t\t\t\n\n\t<div class=\"img has-hover radiusimage x md-x lg-x y md-y lg-y\" id=\"image_536972197\">\n\t\t\t\t\t\t\t\t<div class=\"img-inner image-cover dark\" style=\"padding-top:100%;\">\n\t\t\t<img loading=\"lazy\" decoding=\"async\" width=\"800\" height=\"800\" src=\"https:\/\/www.amsterdamrepublic.com\/wp-content\/uploads\/2025\/11\/gin-ingredien-800x800.jpg\" class=\"attachment-large size-large\" alt=\"Amsterdam\" srcset=\"https:\/\/www.amsterdamrepublic.com\/wp-content\/uploads\/2025\/11\/gin-ingredien-800x800.jpg 800w, https:\/\/www.amsterdamrepublic.com\/wp-content\/uploads\/2025\/11\/gin-ingredien-400x400.jpg 400w, https:\/\/www.amsterdamrepublic.com\/wp-content\/uploads\/2025\/11\/gin-ingredien-280x280.jpg 280w, https:\/\/www.amsterdamrepublic.com\/wp-content\/uploads\/2025\/11\/gin-ingredien-768x768.jpg 768w, https:\/\/www.amsterdamrepublic.com\/wp-content\/uploads\/2025\/11\/gin-ingredien-530x530.jpg 530w, https:\/\/www.amsterdamrepublic.com\/wp-content\/uploads\/2025\/11\/gin-ingredien-750x750.jpg 750w, https:\/\/www.amsterdamrepublic.com\/wp-content\/uploads\/2025\/11\/gin-ingredien-500x500.jpg 500w, https:\/\/www.amsterdamrepublic.com\/wp-content\/uploads\/2025\/11\/gin-ingredien-705x705.jpg 705w, https:\/\/www.amsterdamrepublic.com\/wp-content\/uploads\/2025\/11\/gin-ingredien-100x100.jpg 100w, https:\/\/www.amsterdamrepublic.com\/wp-content\/uploads\/2025\/11\/gin-ingredien.jpg 1024w\" sizes=\"auto, (max-width: 800px) 100vw, 800px\">\t\t\t\t\t\t\n\t\t\t\t\t<\/div>\n\t\t\t\t\t\t\t\t\n<style>\n#image_536972197 {\n  width: 100%;\n}\n<\/style>\n\t<\/div>\n\t\n\n\n\t\t<\/div>\n\t\t\t\t\t<\/div>\n\n\t\n\n<\/div>\n<div class=\"row align-middle align-center\"  id=\"row-1803085709\">\n\n\n\t<div id=\"col-1054103330\" class=\"col medium-6 small-12 large-6\"  >\n\t\t\t\t<div class=\"col-inner\"  >\n\t\t\t\n\t\t\t\n\n\t<div class=\"img has-hover radiusimage x md-x lg-x y md-y lg-y\" id=\"image_514516560\">\n\t\t\t\t\t\t\t\t<div class=\"img-inner image-cover dark\" style=\"padding-top:100%;\">\n\t\t\t<img loading=\"lazy\" decoding=\"async\" width=\"800\" height=\"800\" src=\"https:\/\/www.amsterdamrepublic.com\/wp-content\/uploads\/2025\/11\/dutch-gin-red-800x800.jpg\" class=\"attachment-large size-large\" alt=\"Amsterdam\" srcset=\"https:\/\/www.amsterdamrepublic.com\/wp-content\/uploads\/2025\/11\/dutch-gin-red-800x800.jpg 800w, https:\/\/www.amsterdamrepublic.com\/wp-content\/uploads\/2025\/11\/dutch-gin-red-400x400.jpg 400w, https:\/\/www.amsterdamrepublic.com\/wp-content\/uploads\/2025\/11\/dutch-gin-red-280x280.jpg 280w, https:\/\/www.amsterdamrepublic.com\/wp-content\/uploads\/2025\/11\/dutch-gin-red-768x768.jpg 768w, https:\/\/www.amsterdamrepublic.com\/wp-content\/uploads\/2025\/11\/dutch-gin-red-530x530.jpg 530w, https:\/\/www.amsterdamrepublic.com\/wp-content\/uploads\/2025\/11\/dutch-gin-red-750x750.jpg 750w, https:\/\/www.amsterdamrepublic.com\/wp-content\/uploads\/2025\/11\/dutch-gin-red-500x500.jpg 500w, https:\/\/www.amsterdamrepublic.com\/wp-content\/uploads\/2025\/11\/dutch-gin-red-705x705.jpg 705w, https:\/\/www.amsterdamrepublic.com\/wp-content\/uploads\/2025\/11\/dutch-gin-red-100x100.jpg 100w, https:\/\/www.amsterdamrepublic.com\/wp-content\/uploads\/2025\/11\/dutch-gin-red.jpg 1024w\" sizes=\"auto, (max-width: 800px) 100vw, 800px\">\t\t\t\t\t\t\n\t\t\t\t\t<\/div>\n\t\t\t\t\t\t\t\t\n<style>\n#image_514516560 {\n  width: 100%;\n}\n<\/style>\n\t<\/div>\n\t\n\n\n\t\t<\/div>\n\t\t\t\t\n<style>\n#col-1054103330 > .col-inner {\n  padding: 0px 0px 0px 0px;\n  margin: 0px 0px 0px 0px;\n}\n<\/style>\n\t<\/div>\n\n\t\n\n\t<div id=\"col-1032902151\" class=\"col medium-6 small-12 large-6\"  >\n\t\t\t\t<div class=\"col-inner\"  >\n\t\t\t\n\t\t\t\n\n\t<div id=\"text-117395154\" class=\"text\">\n\t\t\n\n<h2>Pour le moment gin-to parfait<\/h2>\n\n\t\t\n<style>\n#text-117395154 {\n  font-size: 1.4rem;\n  text-align: left;\n}\n@media (min-width:550px) {\n  #text-117395154 {\n    font-size: 2rem;\n  }\n}\n<\/style>\n\t<\/div>\n\t\n\t<div id=\"text-3783318793\" class=\"text\">\n\t\t\n\n<p>Le gin est n\u00e9 pour \u00eatre m\u00e9lang\u00e9. Combine-le avec un tonic premium et une tranche d\u2019orange ou un brin de romarin et tu obtiendras un classique rafra\u00eechissant avec une touche amstellodamoise. <br><br data-start=\"970\" data-end=\"973\">Sa finale douce et \u00e9pic\u00e9e le rend \u00e9galement id\u00e9al pour les cocktails : d\u2019un <em data-start=\"1053\" data-end=\"1066\">Tom Collins<\/em> frais \u00e0 un <em data-start=\"1087\" data-end=\"1096\">Negroni<\/em> aromatique. Ni trop sec, ni trop sucr\u00e9, mais juste le bon \u00e9quilibre pour chaque moment. <\/p>\n\t\t\n<style>\n#text-3783318793 {\n  font-size: 1.1rem;\n}\n@media (min-width:550px) {\n  #text-3783318793 {\n    font-size: 1.4rem;\n  }\n}\n<\/style>\n\t<\/div>\n\t\n\n\t\t<\/div>\n\t\t\t\t\n<style>\n#col-1032902151 > .col-inner {\n  padding: 0px 0px 0px 0px;\n  margin: 0px 0px 0px 0;\n}\n@media (min-width:550px) {\n  #col-1032902151 > .col-inner {\n    margin: 0px 0px 0px 0px;\n  }\n}\n<\/style>\n\t<\/div>\n\n\t\n\n\n<style>\n#row-1803085709 > .col > .col-inner {\n  padding: 0px 0px 0px 0px;\n}\n<\/style>\n<\/div>\n<div class=\"row align-middle align-center\" style=\"max-width:1300px\" id=\"row-1750673019\">\n\n\n\t<div id=\"col-1975463813\" class=\"col medium-6 small-12 large-6\"  >\n\t\t\t\t<div class=\"col-inner\"  >\n\t\t\t\n\t\t\t\n\n\t<div id=\"text-249890094\" class=\"text\">\n\t\t\n\n<h2>Mis en bouteille au c\u0153ur d\u2019Amsterdam<\/h2>\n\t\t\n<style>\n#text-249890094 {\n  font-size: 1.4rem;\n  text-align: left;\n}\n@media (min-width:550px) {\n  #text-249890094 {\n    font-size: 2rem;\n  }\n}\n<\/style>\n\t<\/div>\n\t\n\t<div id=\"text-2533292581\" class=\"text\">\n\t\t\n\n<p>Comme il se doit pour tout ce qui est v\u00e9ritablement amstellodamois, notre Gin est fabriqu\u00e9 localement et mis en bouteille dans l\u2019iconique <em data-start=\"1345\" data-end=\"1362\">Amsterdammertje,<\/em> notre bouteille givr\u00e9e mate de 1 litre.<br data-start=\"1401\" data-end=\"1404\"><br>Une ode \u00e0 la ville et \u00e0 ses esprits libres, et un ajout \u00e9l\u00e9gant \u00e0 n\u2019importe quel bar. Ici, le savoir-faire, le go\u00fbt et la fiert\u00e9 se rejoignent dans une seule bouteille. <\/p>\n\t\t\n<style>\n#text-2533292581 {\n  font-size: 1.1rem;\n}\n@media (min-width:550px) {\n  #text-2533292581 {\n    font-size: 1.4rem;\n  }\n}\n<\/style>\n\t<\/div>\n\t\n\n\t\t<\/div>\n\t\t\t\t\n<style>\n#col-1975463813 > .col-inner {\n  padding: 0 0px 0px 0px;\n}\n@media (min-width:550px) {\n  #col-1975463813 > .col-inner {\n    padding: 30px 0px 0px 0px;\n  }\n}\n<\/style>\n\t<\/div>\n\n\t\n\n\t<div id=\"col-908371140\" class=\"col medium-6 small-12 large-6 medium-col-first\"  >\n\t\t\t\t<div class=\"col-inner\"  >\n\t\t\t\n\t\t\t\n\n\t<div class=\"img has-hover radiusimage x md-x lg-x y md-y lg-y\" id=\"image_164154260\">\n\t\t\t\t\t\t\t\t<div class=\"img-inner image-cover dark\" style=\"padding-top:100%;\">\n\t\t\t<img loading=\"lazy\" decoding=\"async\" width=\"800\" height=\"800\" src=\"https:\/\/www.amsterdamrepublic.com\/wp-content\/uploads\/2025\/11\/Dutch-ginn-800x800.jpg\" class=\"attachment-large size-large\" alt=\"Amsterdam\" srcset=\"https:\/\/www.amsterdamrepublic.com\/wp-content\/uploads\/2025\/11\/Dutch-ginn-800x800.jpg 800w, https:\/\/www.amsterdamrepublic.com\/wp-content\/uploads\/2025\/11\/Dutch-ginn-400x400.jpg 400w, https:\/\/www.amsterdamrepublic.com\/wp-content\/uploads\/2025\/11\/Dutch-ginn-280x280.jpg 280w, https:\/\/www.amsterdamrepublic.com\/wp-content\/uploads\/2025\/11\/Dutch-ginn-768x768.jpg 768w, https:\/\/www.amsterdamrepublic.com\/wp-content\/uploads\/2025\/11\/Dutch-ginn-530x530.jpg 530w, https:\/\/www.amsterdamrepublic.com\/wp-content\/uploads\/2025\/11\/Dutch-ginn-750x750.jpg 750w, https:\/\/www.amsterdamrepublic.com\/wp-content\/uploads\/2025\/11\/Dutch-ginn-500x500.jpg 500w, https:\/\/www.amsterdamrepublic.com\/wp-content\/uploads\/2025\/11\/Dutch-ginn-705x705.jpg 705w, https:\/\/www.amsterdamrepublic.com\/wp-content\/uploads\/2025\/11\/Dutch-ginn-100x100.jpg 100w, https:\/\/www.amsterdamrepublic.com\/wp-content\/uploads\/2025\/11\/Dutch-ginn.jpg 1024w\" sizes=\"auto, (max-width: 800px) 100vw, 800px\">\t\t\t\t\t\t\n\t\t\t\t\t<\/div>\n\t\t\t\t\t\t\t\t\n<style>\n#image_164154260 {\n  width: 100%;\n}\n<\/style>\n\t<\/div>\n\t\n\n\n\t\t<\/div>\n\t\t\t\t\n<style>\n#col-908371140 > .col-inner {\n  margin: -0 0px 0px 0px;\n}\n<\/style>\n\t<\/div>\n\n\t\n\n\t<div id=\"col-1934358387\" class=\"col small-12 large-12\"  >\n\t\t\t\t<div class=\"col-inner\"  >\n\t\t\t\n\t\t\t\n\n\n\t\t<\/div>\n\t\t\t\t\t<\/div>\n\n\t\n\n<\/div>\n<div class=\"row\"  id=\"row-1659707563\">\n\n\n\t<div id=\"col-1555358657\" class=\"col small-12 large-12\"  >\n\t\t\t\t<div class=\"col-inner\"  >\n\t\t\t\n\t\t\t\n\n<div class=\"container section-title-container\" ><h2 class=\"section-title section-title-bold\"><b aria-hidden=\"true\"><\/b><span class=\"section-title-main\" >Foire aux questions<\/span><b aria-hidden=\"true\"><\/b><\/h2><\/div>\n\n<div class=\"accordion\">\n\n\t<div id=\"accordion-2850555489\" class=\"accordion-item\">\n\t\t<a id=\"accordion-2850555489-label\" class=\"accordion-title plain\" href=\"#accordion-item-quand-ma-commande-sera-t-elle-livr\u00e9e-?\" aria-expanded=\"false\" aria-controls=\"accordion-2850555489-content\">\n\t\t\t<button class=\"toggle\" aria-label=\"Basculer\"><i class=\"icon-angle-down\" aria-hidden=\"true\"><\/i><\/button>\n\t\t\t<span>Quand ma commande sera-t-elle livr\u00e9e ?<\/span>\n\t\t<\/a>\n\t\t<div id=\"accordion-2850555489-content\" class=\"accordion-inner\" aria-labelledby=\"accordion-2850555489-label\">\n\t\t\t\n\n<p>Pr\u00e9vue  <strong>levering aanstaande <strong>dinsdag<\/strong> of <strong>woensdag<\/strong> <\/strong><\/p>\n\n\t\t<\/div>\n\t<\/div>\n\t\n\t<div id=\"accordion-3209873538\" class=\"accordion-item\">\n\t\t<a id=\"accordion-3209873538-label\" class=\"accordion-title plain\" href=\"#accordion-item-comment-ma-commande-est-elle-exp\u00e9di\u00e9e-?\" aria-expanded=\"false\" aria-controls=\"accordion-3209873538-content\">\n\t\t\t<button class=\"toggle\" aria-label=\"Basculer\"><i class=\"icon-angle-down\" aria-hidden=\"true\"><\/i><\/button>\n\t\t\t<span>Comment ma commande est-elle exp\u00e9di\u00e9e ?<\/span>\n\t\t<\/a>\n\t\t<div id=\"accordion-3209873538-content\" class=\"accordion-inner\" aria-labelledby=\"accordion-3209873538-label\">\n\t\t\t\n\n<p>Nous exp\u00e9dions avec PostNL qui effectue un contr\u00f4le 18+ \u00e0 la porte. Ta commande sera pr\u00e9sent\u00e9e une fois \u00e0 l\u2019adresse de livraison, apr\u00e8s quoi elle pourra \u00eatre r\u00e9cup\u00e9r\u00e9e dans un point PostNL \u00e0 proximit\u00e9. <\/p>\n\n\t\t<\/div>\n\t<\/div>\n\t\n\t<div id=\"accordion-4272152844\" class=\"accordion-item\">\n\t\t<a id=\"accordion-4272152844-label\" class=\"accordion-title plain\" href=\"#accordion-item-est-ce-que-je-recevrai-aussi-une-facture-?\" aria-expanded=\"false\" aria-controls=\"accordion-4272152844-content\">\n\t\t\t<button class=\"toggle\" aria-label=\"Basculer\"><i class=\"icon-angle-down\" aria-hidden=\"true\"><\/i><\/button>\n\t\t\t<span>Est-ce que je recevrai aussi une facture ?<\/span>\n\t\t<\/a>\n\t\t<div id=\"accordion-4272152844-content\" class=\"accordion-inner\" aria-labelledby=\"accordion-4272152844-label\">\n\t\t\t\n\n<p>Oui, avec ta commande, tu recevras une facture par e-mail et un bon de livraison sera inclus avec la commande. Tu peux \u00e9galement t\u00e9l\u00e9charger une copie de la facture sur ta page de compte. Si tu indiques lors du paiement que le colis n\u2019est \u00ab pas pour toi \u00bb, un bon de livraison sera bien mis dans la bo\u00eete, mais sans mention des prix. Nous ne pouvons plus modifier les factures apr\u00e8s la validation de la commande.   <\/p>\n\n\t\t<\/div>\n\t<\/div>\n\t\n\n<\/div>\n\n\t\t<\/div>\n\t\t\t\t\t<\/div>\n\n\t\n\n<\/div>\n","protected":false},"excerpt":{"rendered":"<p>Notre Gin associe geni\u00e8vre, agrumes, coriandre et une touche de lavande pour une saveur souple et vive qui se marie parfaitement avec le tonic. Un gin frais et \u00e9pic\u00e9 avec du caract\u00e8re. <\/p>\n<p>\u00c9labor\u00e9 \u00e0 partir d\u2019ingr\u00e9dients biologiques, mis en bouteille dans l\u2019iconique Amsterdammertje.<\/p>\n","protected":false},"featured_media":30921,"comment_status":"open","ping_status":"closed","template":"","meta":{"bwfblock_default_font":""},"product_brand":[],"product_cat":[311],"product_tag":[],"class_list":{"0":"post-30912","1":"product","2":"type-product","3":"status-publish","4":"has-post-thumbnail","6":"product_cat-gin-et-liqueurs","7":"pa_contents-1l-1000-ml-34-fl-oz","9":"first","10":"instock","11":"taxable","12":"shipping-taxable","13":"purchasable","14":"product-type-simple"},"_links":{"self":[{"href":"https:\/\/www.amsterdamrepublic.com\/fr\/wp-json\/wp\/v2\/product\/30912","targetHints":{"allow":["GET"]}}],"collection":[{"href":"https:\/\/www.amsterdamrepublic.com\/fr\/wp-json\/wp\/v2\/product"}],"about":[{"href":"https:\/\/www.amsterdamrepublic.com\/fr\/wp-json\/wp\/v2\/types\/product"}],"replies":[{"embeddable":true,"href":"https:\/\/www.amsterdamrepublic.com\/fr\/wp-json\/wp\/v2\/comments?post=30912"}],"wp:featuredmedia":[{"embeddable":true,"href":"https:\/\/www.amsterdamrepublic.com\/fr\/wp-json\/wp\/v2\/media\/30921"}],"wp:attachment":[{"href":"https:\/\/www.amsterdamrepublic.com\/fr\/wp-json\/wp\/v2\/media?parent=30912"}],"wp:term":[{"taxonomy":"product_brand","embeddable":true,"href":"https:\/\/www.amsterdamrepublic.com\/fr\/wp-json\/wp\/v2\/product_brand?post=30912"},{"taxonomy":"product_cat","embeddable":true,"href":"https:\/\/www.amsterdamrepublic.com\/fr\/wp-json\/wp\/v2\/product_cat?post=30912"},{"taxonomy":"product_tag","embeddable":true,"href":"https:\/\/www.amsterdamrepublic.com\/fr\/wp-json\/wp\/v2\/product_tag?post=30912"}],"curies":[{"name":"wp","href":"https:\/\/api.w.org\/{rel}","templated":true}]}}