{"id":30927,"date":"2021-07-05T11:42:52","date_gmt":"2021-07-05T09:42:52","guid":{"rendered":"https:\/\/www.amsterdamrepublic.com\/product\/liqueur-de-stroopwafel-hollandaise\/"},"modified":"2026-04-20T11:26:45","modified_gmt":"2026-04-20T09:26:45","slug":"liqueur-de-stroopwafel-hollandaise","status":"publish","type":"product","link":"https:\/\/www.amsterdamrepublic.com\/fr\/produit\/liqueur-de-stroopwafel-hollandaise\/","title":{"rendered":"Liqueur de Stroopwafel hollandaise"},"content":{"rendered":"<div class=\"row align-middle align-center\"  id=\"row-304840396\">\n\n\n\t<div id=\"col-1722736208\" class=\"col medium-6 small-12 large-6\"  >\n\t\t\t\t<div class=\"col-inner\"  >\n\t\t\t\n\t\t\t\n\n\t<div id=\"text-1854586576\" class=\"text\">\n\t\t\n\n<h2>La gaufre hollandaise (Stroopwafel) en liqueur.<\/span><\/h2>\n\t\t\n<style>\n#text-1854586576 {\n  font-size: 1.4rem;\n  text-align: left;\n  color: rgb(197, 95, 45);\n}\n#text-1854586576 > * {\n  color: rgb(197, 95, 45);\n}\n@media (min-width:550px) {\n  #text-1854586576 {\n    font-size: 2rem;\n  }\n}\n<\/style>\n\t<\/div>\n\t\n\t<div id=\"text-2920598330\" class=\"text\">\n\t\t\n\n<p>Notre liqueur Dutch Stroopwafel a le go\u00fbt d\u2019une gaufre fra\u00eechement cuite que tu verserais dans ton verre. Douce, onctueuse et avec l\u2019\u00e9quilibre parfait entre douceur et fra\u00eecheur. <\/p>\n<p>L\u2019odeur du caramel chaud et une touche d\u2019\u00e9pices te replongent imm\u00e9diatement dans l\u2019ambiance de la ville.<\/p>\n<p>Bois-la pure avec des gla\u00e7ons, comme gourmandise apr\u00e8s le d\u00eener ou dans un cocktail cr\u00e9meux. Une seule gorg\u00e9e et tu go\u00fbtes \u00e0 la convivialit\u00e9 des Pays-Bas. <\/p>\n\t\t\n<style>\n#text-2920598330 {\n  font-size: 1.1rem;\n}\n@media (min-width:550px) {\n  #text-2920598330 {\n    font-size: 1.4rem;\n  }\n}\n<\/style>\n\t<\/div>\n\t\n\n\t\t<\/div>\n\t\t\t\t\n<style>\n#col-1722736208 > .col-inner {\n  padding: 0px 0px 0px 0px;\n  margin: 0px 0px 0px 0;\n}\n@media (min-width:550px) {\n  #col-1722736208 > .col-inner {\n    margin: 0px 0px 0px 0px;\n  }\n}\n<\/style>\n\t<\/div>\n\n\t\n\n\t<div id=\"col-96094318\" class=\"col medium-6 small-12 large-6 medium-col-first\"  >\n\t\t\t\t<div class=\"col-inner\"  >\n\t\t\t\n\t\t\t\n\n\t<div class=\"img has-hover radiusimage x md-x lg-x y md-y lg-y\" id=\"image_68251010\">\n\t\t\t\t\t\t\t\t<div class=\"img-inner image-cover dark\" style=\"padding-top:100%;\">\n\t\t\t<img loading=\"lazy\" decoding=\"async\" width=\"800\" height=\"800\" src=\"https:\/\/www.amsterdamrepublic.com\/wp-content\/uploads\/2025\/10\/unnamed-800x800.jpg\" class=\"attachment-large size-large\" alt=\"Amsterdam\" srcset=\"https:\/\/www.amsterdamrepublic.com\/wp-content\/uploads\/2025\/10\/unnamed-800x800.jpg 800w, https:\/\/www.amsterdamrepublic.com\/wp-content\/uploads\/2025\/10\/unnamed-400x400.jpg 400w, https:\/\/www.amsterdamrepublic.com\/wp-content\/uploads\/2025\/10\/unnamed-280x280.jpg 280w, https:\/\/www.amsterdamrepublic.com\/wp-content\/uploads\/2025\/10\/unnamed-768x768.jpg 768w, https:\/\/www.amsterdamrepublic.com\/wp-content\/uploads\/2025\/10\/unnamed-530x530.jpg 530w, https:\/\/www.amsterdamrepublic.com\/wp-content\/uploads\/2025\/10\/unnamed-750x750.jpg 750w, https:\/\/www.amsterdamrepublic.com\/wp-content\/uploads\/2025\/10\/unnamed-500x500.jpg 500w, https:\/\/www.amsterdamrepublic.com\/wp-content\/uploads\/2025\/10\/unnamed-247x247.jpg 247w, https:\/\/www.amsterdamrepublic.com\/wp-content\/uploads\/2025\/10\/unnamed-705x705.jpg 705w, https:\/\/www.amsterdamrepublic.com\/wp-content\/uploads\/2025\/10\/unnamed-100x100.jpg 100w, https:\/\/www.amsterdamrepublic.com\/wp-content\/uploads\/2025\/10\/unnamed.jpg 1024w\" sizes=\"auto, (max-width: 800px) 100vw, 800px\">\t\t\t\t\t\t\n\t\t\t\t\t<\/div>\n\t\t\t\t\t\t\t\t\n<style>\n#image_68251010 {\n  width: 100%;\n}\n<\/style>\n\t<\/div>\n\t\n\n\n\t\t<\/div>\n\t\t\t\t\n<style>\n#col-96094318 > .col-inner {\n  padding: 0px 0px 0px 0px;\n  margin: 0px 0px 0px 0px;\n}\n<\/style>\n\t<\/div>\n\n\t\n\n\n<style>\n#row-304840396 > .col > .col-inner {\n  padding: 0px 0px 0px 0px;\n}\n<\/style>\n<\/div>\n<div class=\"row align-middle align-center\" style=\"max-width:1300px\" id=\"row-1770962121\">\n\n\n\t<div id=\"col-1254391996\" class=\"col medium-6 small-12 large-6 small-col-first\"  >\n\t\t\t\t<div class=\"col-inner\"  >\n\t\t\t\n\t\t\t\n\n\t<div class=\"img has-hover radiusimage x md-x lg-x y md-y lg-y\" id=\"image_1820324366\">\n\t\t\t\t\t\t\t\t<div class=\"img-inner image-cover dark\" style=\"padding-top:100%;\">\n\t\t\t<img loading=\"lazy\" decoding=\"async\" width=\"773\" height=\"800\" src=\"https:\/\/www.amsterdamrepublic.com\/wp-content\/uploads\/2023\/03\/dutchstroopwafel-773x800.jpg\" class=\"attachment-large size-large\" alt=\"dutch stroopwafel\" srcset=\"https:\/\/www.amsterdamrepublic.com\/wp-content\/uploads\/2023\/03\/dutchstroopwafel-773x800.jpg 773w, https:\/\/www.amsterdamrepublic.com\/wp-content\/uploads\/2023\/03\/dutchstroopwafel-705x730.jpg 705w, https:\/\/www.amsterdamrepublic.com\/wp-content\/uploads\/2023\/03\/dutchstroopwafel-387x400.jpg 387w, https:\/\/www.amsterdamrepublic.com\/wp-content\/uploads\/2023\/03\/dutchstroopwafel-768x795.jpg 768w, https:\/\/www.amsterdamrepublic.com\/wp-content\/uploads\/2023\/03\/dutchstroopwafel-1484x1536.jpg 1484w, https:\/\/www.amsterdamrepublic.com\/wp-content\/uploads\/2023\/03\/dutchstroopwafel-750x776.jpg 750w, https:\/\/www.amsterdamrepublic.com\/wp-content\/uploads\/2023\/03\/dutchstroopwafel-1320x1366.jpg 1320w, https:\/\/www.amsterdamrepublic.com\/wp-content\/uploads\/2023\/03\/dutchstroopwafel.jpg 1546w\" sizes=\"auto, (max-width: 773px) 100vw, 773px\" \/>\t\t\t\t\t\t\n\t\t\t\t\t<\/div>\n\t\t\t\t\t\t\t\t\n<style>\n#image_1820324366 {\n  width: 100%;\n}\n<\/style>\n\t<\/div>\n\t\n\n\n\t\t<\/div>\n\t\t\t\t\t<\/div>\n\n\t\n\n\t<div id=\"col-916852388\" class=\"col medium-5 small-12 large-6\"  >\n\t\t\t\t<div class=\"col-inner\"  >\n\t\t\t\n\t\t\t\n\n\t<div id=\"text-3743681199\" class=\"text\">\n\t\t\n\n<h2>Hommage \u00e0 Amsterdam<\/h2>\n\t\t\n<style>\n#text-3743681199 {\n  font-size: 1.4rem;\n  text-align: left;\n  color: rgb(197, 95, 45);\n}\n#text-3743681199 > * {\n  color: rgb(197, 95, 45);\n}\n@media (min-width:550px) {\n  #text-3743681199 {\n    font-size: 2rem;\n  }\n}\n<\/style>\n\t<\/div>\n\t\n\t<div id=\"text-99510879\" class=\"text\">\n\t\t\n\n<p>La bouteille est un hommage \u00e0 la ville. \u00c9labor\u00e9e avec notre propre vodka d\u2019Amsterdam \u00e0 base de c\u00e9r\u00e9ales biologiques et d\u2019eau cristalline \u2013 distill\u00e9e localement selon notre propre recette pour devenir une d\u00e9licieuse liqueur. <\/p>\n<p>La bouteille ? L\u2019iconique \u00ab Amsterdammertje \u00bb : un condens\u00e9 de design, d\u2019histoire et de fiert\u00e9. Chaque bouteille raconte une histoire de savoir-faire, de fiert\u00e9 urbaine et un go\u00fbt typiquement amstellodamois.  <\/p>\n\t\t\n<style>\n#text-99510879 {\n  font-size: 1.1rem;\n}\n@media (min-width:550px) {\n  #text-99510879 {\n    font-size: 1.4rem;\n  }\n}\n<\/style>\n\t<\/div>\n\t\n\n\t\t<\/div>\n\t\t\t\t\n<style>\n#col-916852388 > .col-inner {\n  padding: 0px 0px 0px 0px;\n}\n<\/style>\n\t<\/div>\n\n\t\n\n<\/div>\n<div class=\"row align-middle align-center\" style=\"max-width:1300px\" id=\"row-1936769590\">\n\n\n\t<div id=\"col-1917480409\" class=\"col medium-6 small-12 large-6\"  >\n\t\t\t\t<div class=\"col-inner\"  >\n\t\t\t\n\t\t\t\n\n\t<div id=\"text-2999752553\" class=\"text\">\n\t\t\n\n<h2>Favori pour les cocktails &amp; les cadeaux !<\/h2>\n\t\t\n<style>\n#text-2999752553 {\n  font-size: 1.4rem;\n  text-align: left;\n  color: rgb(197, 95, 45);\n}\n#text-2999752553 > * {\n  color: rgb(197, 95, 45);\n}\n@media (min-width:550px) {\n  #text-2999752553 {\n    font-size: 2rem;\n  }\n}\n<\/style>\n\t<\/div>\n\t\n\t<div id=\"text-3627859772\" class=\"text\">\n\t\t\n\n<p>Que tu cherches un cadeau original ou simplement quelque chose de bon pour toi-m\u00eame, la Dutch Stroopwafel s\u2019adapte \u00e0 chaque instant.<\/p>\n<p>Parfait comme souvenir savoureux, comme surprise pour un ami \u00e0 l\u2019\u00e9tranger ou comme touche sucr\u00e9e pour conclure un d\u00eener.<\/p>\n<p>Essaie d\u2019en verser un filet sur de la glace \u00e0 la vanille, ou combine-la avec un expresso pour un \u00ab Dutch twist \u00bb sur le martini classique.<\/p>\n\t\t\n<style>\n#text-3627859772 {\n  font-size: 1.1rem;\n}\n@media (min-width:550px) {\n  #text-3627859772 {\n    font-size: 1.4rem;\n  }\n}\n<\/style>\n\t<\/div>\n\t\n\n\t\t<\/div>\n\t\t\t\t\n<style>\n#col-1917480409 > .col-inner {\n  padding: 0 0px 0px 0px;\n}\n@media (min-width:550px) {\n  #col-1917480409 > .col-inner {\n    padding: 30px 0px 0px 0px;\n  }\n}\n<\/style>\n\t<\/div>\n\n\t\n\n\t<div id=\"col-687024593\" class=\"col medium-6 small-12 large-6 medium-col-first\"  >\n\t\t\t\t<div class=\"col-inner\"  >\n\t\t\t\n\t\t\t\n\n\t<div class=\"img has-hover radiusimage x md-x lg-x y md-y lg-y\" id=\"image_1819857524\">\n\t\t\t\t\t\t\t\t<div class=\"img-inner image-cover dark\" style=\"padding-top:100%;\">\n\t\t\t<img loading=\"lazy\" decoding=\"async\" width=\"1020\" height=\"765\" src=\"https:\/\/www.amsterdamrepublic.com\/wp-content\/uploads\/2022\/09\/Dutch-Stroopwafel-Cocktail-min.jpeg\" class=\"attachment-large size-large\" alt=\"Amsterdam\" srcset=\"https:\/\/www.amsterdamrepublic.com\/wp-content\/uploads\/2022\/09\/Dutch-Stroopwafel-Cocktail-min.jpeg 1024w, https:\/\/www.amsterdamrepublic.com\/wp-content\/uploads\/2022\/09\/Dutch-Stroopwafel-Cocktail-min-705x529.jpeg 705w, https:\/\/www.amsterdamrepublic.com\/wp-content\/uploads\/2022\/09\/Dutch-Stroopwafel-Cocktail-min-533x400.jpeg 533w, https:\/\/www.amsterdamrepublic.com\/wp-content\/uploads\/2022\/09\/Dutch-Stroopwafel-Cocktail-min-768x576.jpeg 768w, https:\/\/www.amsterdamrepublic.com\/wp-content\/uploads\/2022\/09\/Dutch-Stroopwafel-Cocktail-min-750x563.jpeg 750w, https:\/\/www.amsterdamrepublic.com\/wp-content\/uploads\/2022\/09\/Dutch-Stroopwafel-Cocktail-min-500x375.jpeg 500w\" sizes=\"auto, (max-width: 1020px) 100vw, 1020px\">\t\t\t\t\t\t\n\t\t\t\t\t<\/div>\n\t\t\t\t\t\t\t\t\n<style>\n#image_1819857524 {\n  width: 100%;\n}\n<\/style>\n\t<\/div>\n\t\n\n\n\t\t<\/div>\n\t\t\t\t\n<style>\n#col-687024593 > .col-inner {\n  margin: -0 0px 0px 0px;\n}\n<\/style>\n\t<\/div>\n\n\t\n\n\t<div id=\"col-2093106379\" class=\"col small-12 large-12\"  >\n\t\t\t\t<div class=\"col-inner\"  >\n\t\t\t\n\t\t\t\n\n\n\t\t<\/div>\n\t\t\t\t\t<\/div>\n\n\t\n\n<\/div>\n<div class=\"row\"  id=\"row-595564336\">\n\n\n\t<div id=\"col-424756672\" class=\"col small-12 large-12\"  >\n\t\t\t\t<div class=\"col-inner\"  >\n\t\t\t\n\t\t\t\n\n<div class=\"container section-title-container\" ><h2 class=\"section-title section-title-bold\"><b aria-hidden=\"true\"><\/b><span class=\"section-title-main\" >Foire aux questions<\/span><b aria-hidden=\"true\"><\/b><\/h2><\/div>\n\n<div class=\"accordion\">\n\n\t<div id=\"accordion-2421952841\" class=\"accordion-item\">\n\t\t<a id=\"accordion-2421952841-label\" class=\"accordion-title plain\" href=\"#accordion-item-quand-ma-dutch-stroopwafel-sera-t-elle-livr\u00e9e-?\" aria-expanded=\"false\" aria-controls=\"accordion-2421952841-content\">\n\t\t\t<button class=\"toggle\" aria-label=\"Basculer\"><i class=\"icon-angle-down\" aria-hidden=\"true\"><\/i><\/button>\n\t\t\t<span>Quand ma Dutch Stroopwafel sera-t-elle livr\u00e9e ?<\/span>\n\t\t<\/a>\n\t\t<div id=\"accordion-2421952841-content\" class=\"accordion-inner\" aria-labelledby=\"accordion-2421952841-label\">\n\t\t\t\n\n<p>Si tu commandes avant 15h00 les jours ouvrables, ta commande sera exp\u00e9di\u00e9e le jour m\u00eame. <\/p>\n\n\t\t<\/div>\n\t<\/div>\n\t\n\t<div id=\"accordion-2346495123\" class=\"accordion-item\">\n\t\t<a id=\"accordion-2346495123-label\" class=\"accordion-title plain\" href=\"#accordion-item-comment-ma-commande-est-elle-exp\u00e9di\u00e9e-?\" aria-expanded=\"false\" aria-controls=\"accordion-2346495123-content\">\n\t\t\t<button class=\"toggle\" aria-label=\"Basculer\"><i class=\"icon-angle-down\" aria-hidden=\"true\"><\/i><\/button>\n\t\t\t<span>Comment ma commande est-elle exp\u00e9di\u00e9e ?<\/span>\n\t\t<\/a>\n\t\t<div id=\"accordion-2346495123-content\" class=\"accordion-inner\" aria-labelledby=\"accordion-2346495123-label\">\n\t\t\t\n\n<p>Nous exp\u00e9dions avec PostNL, qui effectue un contr\u00f4le 18+ \u00e0 la porte. Ta commande est pr\u00e9sent\u00e9e une fois \u00e0 l\u2019adresse de livraison, apr\u00e8s quoi elle peut \u00eatre r\u00e9cup\u00e9r\u00e9e dans un point PostNL \u00e0 proximit\u00e9. <\/p>\n\n\t\t<\/div>\n\t<\/div>\n\t\n\t<div id=\"accordion-2761263075\" class=\"accordion-item\">\n\t\t<a id=\"accordion-2761263075-label\" class=\"accordion-title plain\" href=\"#accordion-item-est-ce-que-je-re\u00e7ois-aussi-une-facture-?\" aria-expanded=\"false\" aria-controls=\"accordion-2761263075-content\">\n\t\t\t<button class=\"toggle\" aria-label=\"Basculer\"><i class=\"icon-angle-down\" aria-hidden=\"true\"><\/i><\/button>\n\t\t\t<span>Est-ce que je re\u00e7ois aussi une facture ?<\/span>\n\t\t<\/a>\n\t\t<div id=\"accordion-2761263075-content\" class=\"accordion-inner\" aria-labelledby=\"accordion-2761263075-label\">\n\t\t\t\n\n<p>Oui, tu recevras une facture par e-mail avec ta commande et un bon de livraison sera inclus dans le colis. Tu peux \u00e9galement t\u00e9l\u00e9charger une copie de la facture sur ta page de compte. Si tu indiques lors du paiement que le colis n\u2019est \u00ab pas pour toi \u00bb, un bon de livraison sera bien mis dans la bo\u00eete, mais sans mention des prix. Nous ne pouvons plus modifier les factures apr\u00e8s la validation de la commande.   <\/p>\n\n\t\t<\/div>\n\t<\/div>\n\t\n\n<\/div>\n\n\t\t<\/div>\n\t\t\t\t\t<\/div>\n\n\t\n\n<\/div>\n","protected":false},"excerpt":{"rendered":"<p>Douce, cr\u00e9meuse et irr\u00e9sistible, comme une stroopwafel fra\u00eeche doit l\u2019\u00eatre.<\/p>\n<p>Une liqueur typiquement hollandaise \u00e9labor\u00e9e avec notre propre vodka d\u2019Amsterdam (14,5 %) et mise en bouteille dans l\u2019iconique Amsterdammertje. Parfaite comme souvenir, d\u00e9licieuse avec des gla\u00e7ons ou pure. <\/p>\n","protected":false},"featured_media":30956,"comment_status":"open","ping_status":"closed","template":"","meta":{"bwfblock_default_font":""},"product_brand":[],"product_cat":[311],"product_tag":[],"class_list":{"0":"post-30927","1":"product","2":"type-product","3":"status-publish","4":"has-post-thumbnail","6":"product_cat-gin-et-liqueurs","7":"pa_contents-05l-500ml-17-fl-oz","9":"first","10":"instock","11":"taxable","12":"shipping-taxable","13":"purchasable","14":"product-type-simple"},"_links":{"self":[{"href":"https:\/\/www.amsterdamrepublic.com\/fr\/wp-json\/wp\/v2\/product\/30927","targetHints":{"allow":["GET"]}}],"collection":[{"href":"https:\/\/www.amsterdamrepublic.com\/fr\/wp-json\/wp\/v2\/product"}],"about":[{"href":"https:\/\/www.amsterdamrepublic.com\/fr\/wp-json\/wp\/v2\/types\/product"}],"replies":[{"embeddable":true,"href":"https:\/\/www.amsterdamrepublic.com\/fr\/wp-json\/wp\/v2\/comments?post=30927"}],"wp:featuredmedia":[{"embeddable":true,"href":"https:\/\/www.amsterdamrepublic.com\/fr\/wp-json\/wp\/v2\/media\/30956"}],"wp:attachment":[{"href":"https:\/\/www.amsterdamrepublic.com\/fr\/wp-json\/wp\/v2\/media?parent=30927"}],"wp:term":[{"taxonomy":"product_brand","embeddable":true,"href":"https:\/\/www.amsterdamrepublic.com\/fr\/wp-json\/wp\/v2\/product_brand?post=30927"},{"taxonomy":"product_cat","embeddable":true,"href":"https:\/\/www.amsterdamrepublic.com\/fr\/wp-json\/wp\/v2\/product_cat?post=30927"},{"taxonomy":"product_tag","embeddable":true,"href":"https:\/\/www.amsterdamrepublic.com\/fr\/wp-json\/wp\/v2\/product_tag?post=30927"}],"curies":[{"name":"wp","href":"https:\/\/api.w.org\/{rel}","templated":true}]}}