{"id":30961,"date":"2021-07-05T12:55:14","date_gmt":"2021-07-05T10:55:14","guid":{"rendered":"https:\/\/www.amsterdamrepublic.com\/product\/vodka-premium-damsterdam\/"},"modified":"2026-04-20T11:26:50","modified_gmt":"2026-04-20T09:26:50","slug":"vodka-premium-damsterdam","status":"publish","type":"product","link":"https:\/\/www.amsterdamrepublic.com\/fr\/produit\/vodka-premium-damsterdam\/","title":{"rendered":"Vodka Premium d\u2019Amsterdam"},"content":{"rendered":"<div class=\"row align-middle align-center\" style=\"max-width:1300px\" id=\"row-1526312019\">\n\n\n\t<div id=\"col-1984864490\" class=\"col medium-5 small-12 large-6\"  >\n\t\t\t\t<div class=\"col-inner\"  >\n\t\t\t\n\t\t\t\n\n\t<div id=\"text-2124820443\" class=\"text\">\n\t\t\n\n<h2>Amsterdamoise.<br>Dans l\u2019\u00e2me et dans le c\u0153ur.<\/h2>\n\t\t\n<style>\n#text-2124820443 {\n  font-size: 1.4rem;\n  text-align: left;\n}\n@media (min-width:550px) {\n  #text-2124820443 {\n    font-size: 2rem;\n  }\n}\n<\/style>\n\t<\/div>\n\t\n\t<div id=\"text-2410924536\" class=\"text\">\n\t\t\n\n<p>Dans chaque goutte, tu go\u00fbtes la ville : originale, ouverte et pleine d\u2019\u00e9nergie. Mise en bouteille dans notre embl\u00e9matique Amsterdammertje, un hommage aux fiers poteaux qui prot\u00e8gent la ville. <\/p>\n<p>Cette vodka est amsterdamoise dans l\u2019\u00e2me et dans le c\u0153ur : honn\u00eate, directe et \u00e9labor\u00e9e avec l\u2019amour du d\u00e9tail. Que tu habites en ville ou que tu l\u2019admires de loin, c\u2019est un morceau d\u2019Amsterdam que tu peux d\u00e9guster. <\/p>\n\t\t\n<style>\n#text-2410924536 {\n  font-size: 1.1rem;\n}\n@media (min-width:550px) {\n  #text-2410924536 {\n    font-size: 1.4rem;\n  }\n}\n<\/style>\n\t<\/div>\n\t\n\n\t\t<\/div>\n\t\t\t\t\n<style>\n#col-1984864490 > .col-inner {\n  padding: 0px 0px 0px 0px;\n}\n<\/style>\n\t<\/div>\n\n\t\n\n\t<div id=\"col-1489072627\" class=\"col medium-6 small-12 large-6 small-col-first\"  >\n\t\t\t\t<div class=\"col-inner\"  >\n\t\t\t\n\t\t\t\n\n\t<div class=\"img has-hover radiusimage x md-x lg-x y md-y lg-y\" id=\"image_1132291386\">\n\t\t\t\t\t\t\t\t<div class=\"img-inner image-cover dark\" style=\"padding-top:100%;\">\n\t\t\t<img loading=\"lazy\" decoding=\"async\" width=\"800\" height=\"800\" src=\"https:\/\/www.amsterdamrepublic.com\/wp-content\/uploads\/2021\/07\/Amsterdam-Vodka-Gaypride-800x800.jpg\" class=\"attachment-large size-large\" alt=\"Amsterdam\" srcset=\"https:\/\/www.amsterdamrepublic.com\/wp-content\/uploads\/2021\/07\/Amsterdam-Vodka-Gaypride-800x800.jpg 800w, https:\/\/www.amsterdamrepublic.com\/wp-content\/uploads\/2021\/07\/Amsterdam-Vodka-Gaypride-247x247.jpg 247w, https:\/\/www.amsterdamrepublic.com\/wp-content\/uploads\/2021\/07\/Amsterdam-Vodka-Gaypride-100x100.jpg 100w, https:\/\/www.amsterdamrepublic.com\/wp-content\/uploads\/2021\/07\/Amsterdam-Vodka-Gaypride-705x705.jpg 705w, https:\/\/www.amsterdamrepublic.com\/wp-content\/uploads\/2021\/07\/Amsterdam-Vodka-Gaypride-400x400.jpg 400w, https:\/\/www.amsterdamrepublic.com\/wp-content\/uploads\/2021\/07\/Amsterdam-Vodka-Gaypride-280x280.jpg 280w, https:\/\/www.amsterdamrepublic.com\/wp-content\/uploads\/2021\/07\/Amsterdam-Vodka-Gaypride-768x768.jpg 768w, https:\/\/www.amsterdamrepublic.com\/wp-content\/uploads\/2021\/07\/Amsterdam-Vodka-Gaypride-530x530.jpg 530w, https:\/\/www.amsterdamrepublic.com\/wp-content\/uploads\/2021\/07\/Amsterdam-Vodka-Gaypride-750x750.jpg 750w, https:\/\/www.amsterdamrepublic.com\/wp-content\/uploads\/2021\/07\/Amsterdam-Vodka-Gaypride-500x500.jpg 500w, https:\/\/www.amsterdamrepublic.com\/wp-content\/uploads\/2021\/07\/Amsterdam-Vodka-Gaypride.jpg 1000w\" sizes=\"auto, (max-width: 800px) 100vw, 800px\">\t\t\t\t\t\t\n\t\t\t\t\t<\/div>\n\t\t\t\t\t\t\t\t\n<style>\n#image_1132291386 {\n  width: 100%;\n}\n<\/style>\n\t<\/div>\n\t\n\n\n\t\t<\/div>\n\t\t\t\t\t<\/div>\n\n\t\n\n<\/div>\n<div class=\"row align-middle align-center\"  id=\"row-424821389\">\n\n\n\t<div id=\"col-1181535069\" class=\"col medium-6 small-12 large-6\"  >\n\t\t\t\t<div class=\"col-inner\"  >\n\t\t\t\n\t\t\t\n\n\t<div class=\"img has-hover radiusimage x md-x lg-x y md-y lg-y\" id=\"image_892743854\">\n\t\t\t\t\t\t\t\t<div class=\"img-inner image-cover dark\" style=\"padding-top:100%;\">\n\t\t\t<img loading=\"lazy\" decoding=\"async\" width=\"800\" height=\"800\" src=\"https:\/\/www.amsterdamrepublic.com\/wp-content\/uploads\/2025\/10\/unnamed-1-800x800.jpg\" class=\"attachment-large size-large\" alt=\"Amsterdam\" srcset=\"https:\/\/www.amsterdamrepublic.com\/wp-content\/uploads\/2025\/10\/unnamed-1-800x800.jpg 800w, https:\/\/www.amsterdamrepublic.com\/wp-content\/uploads\/2025\/10\/unnamed-1-400x400.jpg 400w, https:\/\/www.amsterdamrepublic.com\/wp-content\/uploads\/2025\/10\/unnamed-1-280x280.jpg 280w, https:\/\/www.amsterdamrepublic.com\/wp-content\/uploads\/2025\/10\/unnamed-1-768x768.jpg 768w, https:\/\/www.amsterdamrepublic.com\/wp-content\/uploads\/2025\/10\/unnamed-1-530x530.jpg 530w, https:\/\/www.amsterdamrepublic.com\/wp-content\/uploads\/2025\/10\/unnamed-1-750x750.jpg 750w, https:\/\/www.amsterdamrepublic.com\/wp-content\/uploads\/2025\/10\/unnamed-1-500x500.jpg 500w, https:\/\/www.amsterdamrepublic.com\/wp-content\/uploads\/2025\/10\/unnamed-1-247x247.jpg 247w, https:\/\/www.amsterdamrepublic.com\/wp-content\/uploads\/2025\/10\/unnamed-1-705x705.jpg 705w, https:\/\/www.amsterdamrepublic.com\/wp-content\/uploads\/2025\/10\/unnamed-1-100x100.jpg 100w, https:\/\/www.amsterdamrepublic.com\/wp-content\/uploads\/2025\/10\/unnamed-1.jpg 1024w\" sizes=\"auto, (max-width: 800px) 100vw, 800px\">\t\t\t\t\t\t\n\t\t\t\t\t<\/div>\n\t\t\t\t\t\t\t\t\n<style>\n#image_892743854 {\n  width: 100%;\n}\n<\/style>\n\t<\/div>\n\t\n\n\n\t\t<\/div>\n\t\t\t\t\n<style>\n#col-1181535069 > .col-inner {\n  padding: 0px 0px 0px 0px;\n  margin: 0px 0px 0px 0px;\n}\n<\/style>\n\t<\/div>\n\n\t\n\n\t<div id=\"col-421952695\" class=\"col medium-6 small-12 large-6\"  >\n\t\t\t\t<div class=\"col-inner\"  >\n\t\t\t\n\t\t\t\n\n\t<div id=\"text-272823105\" class=\"text\">\n\t\t\n\n<h2>Un pur savoir-faire.<br>Suspectement bon. <\/h2>\n\t\t\n<style>\n#text-272823105 {\n  font-size: 1.4rem;\n  text-align: left;\n}\n@media (min-width:550px) {\n  #text-272823105 {\n    font-size: 2rem;\n  }\n}\n<\/style>\n\t<\/div>\n\t\n\t<div id=\"text-3953519390\" class=\"text\">\n\t\t\n\n<p>Notre Vodka Premium Amsterdam commence par des c\u00e9r\u00e9ales biologiques de la plus haute qualit\u00e9, m\u00e9lang\u00e9es \u00e0 une eau cristalline. Sans additifs, sans chichis. <\/p>\n<p>Nous distillons deux fois, pour ne garder que le plus doux et le plus pur. Le r\u00e9sultat ? Une vodka qui glisse tout en souplesse, sans br\u00fblure dans la gorge ni arri\u00e8re-go\u00fbt chimique. Tout simplement suspectement bon.   <\/p>\n\t\t\n<style>\n#text-3953519390 {\n  font-size: 1.1rem;\n}\n@media (min-width:550px) {\n  #text-3953519390 {\n    font-size: 1.4rem;\n  }\n}\n<\/style>\n\t<\/div>\n\t\n\n\t\t<\/div>\n\t\t\t\t\n<style>\n#col-421952695 > .col-inner {\n  padding: 0px 0px 0px 0px;\n  margin: 0px 0px 0px 0;\n}\n@media (min-width:550px) {\n  #col-421952695 > .col-inner {\n    margin: 0px 0px 0px 0px;\n  }\n}\n<\/style>\n\t<\/div>\n\n\t\n\n\n<style>\n#row-424821389 > .col > .col-inner {\n  padding: 0px 0px 0px 0px;\n}\n<\/style>\n<\/div>\n<div class=\"row align-middle align-center\" style=\"max-width:1300px\" id=\"row-1602199479\">\n\n\n\t<div id=\"col-788473511\" class=\"col medium-6 small-12 large-6\"  >\n\t\t\t\t<div class=\"col-inner\"  >\n\t\t\t\n\t\t\t\n\n\t<div id=\"text-3199088939\" class=\"text\">\n\t\t\n\n<h2>Pour des cocktails l\u00e9gendaires.<\/h2>\n\t\t\n<style>\n#text-3199088939 {\n  font-size: 1.4rem;\n  text-align: left;\n}\n@media (min-width:550px) {\n  #text-3199088939 {\n    font-size: 2rem;\n  }\n}\n<\/style>\n\t<\/div>\n\t\n\t<div id=\"text-282021406\" class=\"text\">\n\t\t\n\n<p>Bois-la pure, avec un gla\u00e7on ou dans un cocktail frais \u2013 cette vodka convient \u00e0 chaque moment qui m\u00e9rite d\u2019\u00eatre c\u00e9l\u00e9br\u00e9. Pose-la sur la table en bonne compagnie ou offre-la en cadeau \u00e0 quelqu\u2019un qui porte Amsterdam dans son c\u0153ur. <\/p>\n<p>Et quand la bouteille est vide ? Alors l\u2019Amsterdammertje reste l\u00e0 \u2013 comme petit vase, objet de d\u00e9coration ou souvenir silencieux d\u2019une bonne soir\u00e9e. <\/p>\n\t\t\n<style>\n#text-282021406 {\n  font-size: 1.1rem;\n}\n@media (min-width:550px) {\n  #text-282021406 {\n    font-size: 1.4rem;\n  }\n}\n<\/style>\n\t<\/div>\n\t\n\n\t\t<\/div>\n\t\t\t\t\n<style>\n#col-788473511 > .col-inner {\n  padding: 0 0px 0px 0px;\n}\n@media (min-width:550px) {\n  #col-788473511 > .col-inner {\n    padding: 30px 0px 0px 0px;\n  }\n}\n<\/style>\n\t<\/div>\n\n\t\n\n\t<div id=\"col-608404022\" class=\"col medium-6 small-12 large-6 medium-col-first\"  >\n\t\t\t\t<div class=\"col-inner\"  >\n\t\t\t\n\t\t\t\n\n\t<div class=\"img has-hover radiusimage x md-x lg-x y md-y lg-y\" id=\"image_1943587245\">\n\t\t\t\t\t\t\t\t<div class=\"img-inner image-cover dark\" style=\"padding-top:100%;\">\n\t\t\t<img loading=\"lazy\" decoding=\"async\" width=\"1020\" height=\"680\" src=\"https:\/\/www.amsterdamrepublic.com\/wp-content\/uploads\/2023\/03\/vanilla-skinnybitch-1200x800.jpg\" class=\"attachment-large size-large\" alt=\"Amsterdam\" srcset=\"https:\/\/www.amsterdamrepublic.com\/wp-content\/uploads\/2023\/03\/vanilla-skinnybitch-1200x800.jpg 1200w, https:\/\/www.amsterdamrepublic.com\/wp-content\/uploads\/2023\/03\/vanilla-skinnybitch-705x470.jpg 705w, https:\/\/www.amsterdamrepublic.com\/wp-content\/uploads\/2023\/03\/vanilla-skinnybitch-600x400.jpg 600w, https:\/\/www.amsterdamrepublic.com\/wp-content\/uploads\/2023\/03\/vanilla-skinnybitch-768x512.jpg 768w, https:\/\/www.amsterdamrepublic.com\/wp-content\/uploads\/2023\/03\/vanilla-skinnybitch-1536x1024.jpg 1536w, https:\/\/www.amsterdamrepublic.com\/wp-content\/uploads\/2023\/03\/vanilla-skinnybitch-750x500.jpg 750w, https:\/\/www.amsterdamrepublic.com\/wp-content\/uploads\/2023\/03\/vanilla-skinnybitch-1320x880.jpg 1320w, https:\/\/www.amsterdamrepublic.com\/wp-content\/uploads\/2023\/03\/vanilla-skinnybitch.jpg 1620w\" sizes=\"auto, (max-width: 1020px) 100vw, 1020px\">\t\t\t\t\t\t\n\t\t\t\t\t<\/div>\n\t\t\t\t\t\t\t\t\n<style>\n#image_1943587245 {\n  width: 100%;\n}\n<\/style>\n\t<\/div>\n\t\n\n\n\t\t<\/div>\n\t\t\t\t\n<style>\n#col-608404022 > .col-inner {\n  margin: -0 0px 0px 0px;\n}\n<\/style>\n\t<\/div>\n\n\t\n\n\t<div id=\"col-640279407\" class=\"col small-12 large-12\"  >\n\t\t\t\t<div class=\"col-inner\"  >\n\t\t\t\n\t\t\t\n\n\n\t\t<\/div>\n\t\t\t\t\t<\/div>\n\n\t\n\n<\/div>\n<div class=\"row\"  id=\"row-1922741073\">\n\n\n\t<div id=\"col-572998646\" class=\"col small-12 large-12\"  >\n\t\t\t\t<div class=\"col-inner\"  >\n\t\t\t\n\t\t\t\n\n<div class=\"container section-title-container\" ><h2 class=\"section-title section-title-bold\"><b aria-hidden=\"true\"><\/b><span class=\"section-title-main\" >Foire aux questions<\/span><b aria-hidden=\"true\"><\/b><\/h2><\/div>\n\n<div class=\"accordion\">\n\n\t<div id=\"accordion-1881788454\" class=\"accordion-item\">\n\t\t<a id=\"accordion-1881788454-label\" class=\"accordion-title plain\" href=\"#accordion-item-quand-ma-commande-sera-t-elle-livr\u00e9e-?\" aria-expanded=\"false\" aria-controls=\"accordion-1881788454-content\">\n\t\t\t<button class=\"toggle\" aria-label=\"Basculer\"><i class=\"icon-angle-down\" aria-hidden=\"true\"><\/i><\/button>\n\t\t\t<span>Quand ma commande sera-t-elle livr\u00e9e ?<\/span>\n\t\t<\/a>\n\t\t<div id=\"accordion-1881788454-content\" class=\"accordion-inner\" aria-labelledby=\"accordion-1881788454-label\">\n\t\t\t\n\n<p>Pr\u00e9vu  <strong>levering aanstaande <strong>dinsdag<\/strong> of <strong>woensdag<\/strong> <\/strong><\/p>\n\n\t\t<\/div>\n\t<\/div>\n\t\n\t<div id=\"accordion-3204151954\" class=\"accordion-item\">\n\t\t<a id=\"accordion-3204151954-label\" class=\"accordion-title plain\" href=\"#accordion-item-comment-ma-commande-est-elle-exp\u00e9di\u00e9e-?\" aria-expanded=\"false\" aria-controls=\"accordion-3204151954-content\">\n\t\t\t<button class=\"toggle\" aria-label=\"Basculer\"><i class=\"icon-angle-down\" aria-hidden=\"true\"><\/i><\/button>\n\t\t\t<span>Comment ma commande est-elle exp\u00e9di\u00e9e ?<\/span>\n\t\t<\/a>\n\t\t<div id=\"accordion-3204151954-content\" class=\"accordion-inner\" aria-labelledby=\"accordion-3204151954-label\">\n\t\t\t\n\n<p>Nous exp\u00e9dions avec PostNL qui effectue un contr\u00f4le 18+ \u00e0 la porte. Ta commande sera pr\u00e9sent\u00e9e une fois \u00e0 l\u2019adresse de livraison, apr\u00e8s quoi elle pourra \u00eatre r\u00e9cup\u00e9r\u00e9e dans un point PostNL \u00e0 proximit\u00e9. <\/p>\n\n\t\t<\/div>\n\t<\/div>\n\t\n\t<div id=\"accordion-175939540\" class=\"accordion-item\">\n\t\t<a id=\"accordion-175939540-label\" class=\"accordion-title plain\" href=\"#accordion-item-est-ce-que-je-re\u00e7ois-aussi-une-facture-?\" aria-expanded=\"false\" aria-controls=\"accordion-175939540-content\">\n\t\t\t<button class=\"toggle\" aria-label=\"Basculer\"><i class=\"icon-angle-down\" aria-hidden=\"true\"><\/i><\/button>\n\t\t\t<span>Est-ce que je re\u00e7ois aussi une facture ?<\/span>\n\t\t<\/a>\n\t\t<div id=\"accordion-175939540-content\" class=\"accordion-inner\" aria-labelledby=\"accordion-175939540-label\">\n\t\t\t\n\n<p>Oui, avec ta commande, tu recevras une facture par e-mail et un bon de livraison est inclus avec le colis. Tu peux \u00e9galement t\u00e9l\u00e9charger une copie de la facture sur ta page de compte. Si tu indiques lors du paiement que le colis n\u2019est \u00ab pas pour toi-m\u00eame \u00bb, un bon de livraison sera bien mis dans la bo\u00eete, mais sans mention des prix. Nous ne pouvons plus modifier les factures apr\u00e8s la passation de la commande.   <\/p>\n\n\t\t<\/div>\n\t<\/div>\n\t\n\n<\/div>\n\n\t\t<\/div>\n\t\t\t\t\t<\/div>\n\n\t\n\n<\/div>\n","protected":false},"excerpt":{"rendered":"<p>Notre Vodka Premium d\u2019Amsterdam est douce et pure. Mise en bouteille dans notre Amsterdammertje iconique et exclusif, comme une ode \u00e0 la ville, \u00e0 ses nuits et \u00e0 ses esprits libres. <\/p>\n<p>Bois-la pure ou m\u00e9lange-la en cocktail. Toujours Amsterdam, toujours authentique. <\/p>\n","protected":false},"featured_media":30962,"comment_status":"open","ping_status":"closed","template":"","meta":{"bwfblock_default_font":""},"product_brand":[],"product_cat":[309],"product_tag":[],"class_list":{"0":"post-30961","1":"product","2":"type-product","3":"status-publish","4":"has-post-thumbnail","6":"product_cat-vodkas-premium","7":"pa_contents-1l-1000-ml-34-fl-oz","9":"first","10":"instock","11":"taxable","12":"shipping-taxable","13":"purchasable","14":"product-type-simple"},"_links":{"self":[{"href":"https:\/\/www.amsterdamrepublic.com\/fr\/wp-json\/wp\/v2\/product\/30961","targetHints":{"allow":["GET"]}}],"collection":[{"href":"https:\/\/www.amsterdamrepublic.com\/fr\/wp-json\/wp\/v2\/product"}],"about":[{"href":"https:\/\/www.amsterdamrepublic.com\/fr\/wp-json\/wp\/v2\/types\/product"}],"replies":[{"embeddable":true,"href":"https:\/\/www.amsterdamrepublic.com\/fr\/wp-json\/wp\/v2\/comments?post=30961"}],"wp:featuredmedia":[{"embeddable":true,"href":"https:\/\/www.amsterdamrepublic.com\/fr\/wp-json\/wp\/v2\/media\/30962"}],"wp:attachment":[{"href":"https:\/\/www.amsterdamrepublic.com\/fr\/wp-json\/wp\/v2\/media?parent=30961"}],"wp:term":[{"taxonomy":"product_brand","embeddable":true,"href":"https:\/\/www.amsterdamrepublic.com\/fr\/wp-json\/wp\/v2\/product_brand?post=30961"},{"taxonomy":"product_cat","embeddable":true,"href":"https:\/\/www.amsterdamrepublic.com\/fr\/wp-json\/wp\/v2\/product_cat?post=30961"},{"taxonomy":"product_tag","embeddable":true,"href":"https:\/\/www.amsterdamrepublic.com\/fr\/wp-json\/wp\/v2\/product_tag?post=30961"}],"curies":[{"name":"wp","href":"https:\/\/api.w.org\/{rel}","templated":true}]}}