{"id":30967,"date":"2023-03-08T17:40:28","date_gmt":"2023-03-08T16:40:28","guid":{"rendered":"https:\/\/www.amsterdamrepublic.com\/product\/vodka-vanille\/"},"modified":"2026-04-20T11:26:53","modified_gmt":"2026-04-20T09:26:53","slug":"vodka-vanille","status":"publish","type":"product","link":"https:\/\/www.amsterdamrepublic.com\/fr\/produit\/vodka-vanille\/","title":{"rendered":"Vodka Vanille"},"content":{"rendered":"<div class=\"row\"  id=\"row-502800018\">\r\n\r\n\n\t<div id=\"col-727300304\" class=\"col medium-6 small-12 large-6 small-col-first\"  >\n\t\t\t\t<div class=\"col-inner\"  >\n\t\t\t\n\t\t\t\r\n\r\n\t<div class=\"img has-hover x md-x lg-x y md-y lg-y\" id=\"image_520782610\">\n\t\t\t\t\t\t\t\t<div class=\"img-inner dark\" >\n\t\t\t<img loading=\"lazy\" decoding=\"async\" width=\"1920\" height=\"1280\" src=\"https:\/\/www.amsterdamrepublic.com\/wp-content\/uploads\/2023\/05\/vanilla-banner-02.jpg\" class=\"attachment-original size-original\" alt=\"Amsterdam\" srcset=\"https:\/\/www.amsterdamrepublic.com\/wp-content\/uploads\/2023\/05\/vanilla-banner-02.jpg 1920w, https:\/\/www.amsterdamrepublic.com\/wp-content\/uploads\/2023\/05\/vanilla-banner-02-705x470.jpg 705w, https:\/\/www.amsterdamrepublic.com\/wp-content\/uploads\/2023\/05\/vanilla-banner-02-600x400.jpg 600w, https:\/\/www.amsterdamrepublic.com\/wp-content\/uploads\/2023\/05\/vanilla-banner-02-1200x800.jpg 1200w, https:\/\/www.amsterdamrepublic.com\/wp-content\/uploads\/2023\/05\/vanilla-banner-02-768x512.jpg 768w, https:\/\/www.amsterdamrepublic.com\/wp-content\/uploads\/2023\/05\/vanilla-banner-02-1536x1024.jpg 1536w, https:\/\/www.amsterdamrepublic.com\/wp-content\/uploads\/2023\/05\/vanilla-banner-02-750x500.jpg 750w, https:\/\/www.amsterdamrepublic.com\/wp-content\/uploads\/2023\/05\/vanilla-banner-02-1320x880.jpg 1320w\" sizes=\"auto, (max-width: 1920px) 100vw, 1920px\">\t\t\t\t\t\t\n\t\t\t\t\t<\/div>\n\t\t\t\t\t\t\t\t\n<style>\n#image_520782610 {\n  width: 100%;\n}\n<\/style>\n\t<\/div>\n\t\r\n\r\n\r\n\t\t<\/div>\n\t\t\t\t\t<\/div>\n\n\t\r\n\n\t<div id=\"col-1188348876\" class=\"col medium-6 small-12 large-6\"  >\n\t\t\t\t<div class=\"col-inner\"  >\n\t\t\t\n\t\t\t\r\n\r\n<h2>Amsterdam Republic Vodka Vanille<\/h2>\r\n<p class=\"lead\">La vodka vanille est tr\u00e8s utilis\u00e9e dans les cocktails. C\u2019est parfait \u00e0 servir lors de soir\u00e9es, en dessert ou simplement quand tu as envie de quelque chose de sucr\u00e9. On a d\u00e9j\u00e0 pr\u00e9par\u00e9 quelques d\u00e9licieux m\u00e9langes vanille pour toi.   <br>Tu trouves les recettes ici. Sant\u00e9 ! <\/p>\r\n\r\n\t\t<\/div>\n\t\t\t\t\t<\/div>\n\n\t\r\n\r\n<\/div>\r\n\n\t<section class=\"section\" id=\"section_531263008\">\n\t\t<div class=\"section-bg fill\" >\n\t\t\t\t\t\t\t\t\t\n\t\t\t\n\n\t\t<\/div>\n\n\t\t\n\n\t\t<div class=\"section-content relative\">\n\t\t\t\r\n\r\n\t<div id=\"text-1207950105\" class=\"text\">\n\t\t\r\n\r\n<h1>COCKTAILS VANILLE<\/h1>\r\n\t\t\n<style>\n#text-1207950105 {\n  font-size: 2.25rem;\n  text-align: center;\n  color: rgb(0,0,0);\n}\n#text-1207950105 > * {\n  color: rgb(0,0,0);\n}\n<\/style>\n\t<\/div>\n\t\r\n\n  \n    <div class=\"row large-columns-3 medium-columns-1 small-columns-1 slider row-slider slider-nav-reveal slider-nav-push\"  data-flickity-options='{&quot;imagesLoaded&quot;: true, &quot;groupCells&quot;: &quot;100%&quot;, &quot;dragThreshold&quot; : 5, &quot;cellAlign&quot;: &quot;left&quot;,&quot;wrapAround&quot;: true,&quot;prevNextButtons&quot;: true,&quot;percentPosition&quot;: true,&quot;pageDots&quot;: false, &quot;rightToLeft&quot;: false, &quot;autoPlay&quot; : false}' >\n\n  <div class=\"col post-item\" >\n\t\t\t<div class=\"col-inner\">\n\t\t\t\t<div class=\"box box-normal box-text-bottom box-blog-post has-hover\">\n            \t\t\t\t\t<div class=\"box-image\" >\n  \t\t\t\t\t\t<div class=\"image-cover\" style=\"padding-top:56.25%;\">\n\t\t\t\t\t\t\t<a href=\"https:\/\/www.amsterdamrepublic.com\/fr\/comment-preparer-un-vanilla-sky\/\" class=\"plain\" aria-label=\"Comment pr\u00e9parer un Vanilla Sky ?\">\n\t\t\t\t\t\t\t\t<img loading=\"lazy\" decoding=\"async\" width=\"600\" height=\"400\" src=\"https:\/\/www.amsterdamrepublic.com\/wp-content\/uploads\/2023\/02\/vanilla-sky-1620-600x400.jpg\" class=\"attachment-medium size-medium wp-post-image\" alt=\"vanilla sky\" srcset=\"https:\/\/www.amsterdamrepublic.com\/wp-content\/uploads\/2023\/02\/vanilla-sky-1620-600x400.jpg 600w, https:\/\/www.amsterdamrepublic.com\/wp-content\/uploads\/2023\/02\/vanilla-sky-1620-768x512.jpg 768w, https:\/\/www.amsterdamrepublic.com\/wp-content\/uploads\/2023\/02\/vanilla-sky-1620-1200x800.jpg 1200w, https:\/\/www.amsterdamrepublic.com\/wp-content\/uploads\/2023\/02\/vanilla-sky-1620-1536x1024.jpg 1536w, https:\/\/www.amsterdamrepublic.com\/wp-content\/uploads\/2023\/02\/vanilla-sky-1620-750x500.jpg 750w, https:\/\/www.amsterdamrepublic.com\/wp-content\/uploads\/2023\/02\/vanilla-sky-1620-1320x880.jpg 1320w, https:\/\/www.amsterdamrepublic.com\/wp-content\/uploads\/2023\/02\/vanilla-sky-1620-705x470.jpg 705w, https:\/\/www.amsterdamrepublic.com\/wp-content\/uploads\/2023\/02\/vanilla-sky-1620.jpg 1620w\" sizes=\"auto, (max-width: 600px) 100vw, 600px\" \/>\t\t\t\t\t\t\t<\/a>\n  \t\t\t\t\t\t\t  \t\t\t\t\t\t\t  \t\t\t\t\t\t<\/div>\n  \t\t\t\t\t\t  \t\t\t\t\t<\/div>\n          \t\t\t\t\t<div class=\"box-text text-center\" >\n\t\t\t\t\t<div class=\"box-text-inner blog-post-inner\">\n\n\t\t\t\t\t\n\t\t\t\t\t\t\t\t\t\t<h5 class=\"post-title is-large \">\n\t\t\t\t\t\t<a href=\"https:\/\/www.amsterdamrepublic.com\/fr\/comment-preparer-un-vanilla-sky\/\" class=\"plain\">Comment pr\u00e9parer un Vanilla Sky ?<\/a>\n\t\t\t\t\t<\/h5>\n\t\t\t\t\t\t\t\t\t\t<div class=\"is-divider\"><\/div>\n\t\t\t\t\t                    \n\t\t\t\t\t\n\t\t\t\t\t\n\t\t\t\t\t<\/div>\n\t\t\t\t\t<\/div>\n\t\t\t\t\t\t\t\t\t<\/div>\n\t\t\t<\/div>\n\t\t<\/div><div class=\"col post-item\" >\n\t\t\t<div class=\"col-inner\">\n\t\t\t\t<div class=\"box box-normal box-text-bottom box-blog-post has-hover\">\n            \t\t\t\t\t<div class=\"box-image\" >\n  \t\t\t\t\t\t<div class=\"image-cover\" style=\"padding-top:56.25%;\">\n\t\t\t\t\t\t\t<a href=\"https:\/\/www.amsterdamrepublic.com\/fr\/comment-preparer-un-vanilla-skinny-bitch\/\" class=\"plain\" aria-label=\"Comment pr\u00e9parer un Vanilla Skinny Bitch\">\n\t\t\t\t\t\t\t\t<img loading=\"lazy\" decoding=\"async\" width=\"600\" height=\"400\" src=\"https:\/\/www.amsterdamrepublic.com\/wp-content\/uploads\/2023\/02\/vanilla-skinnybitch-1620-600x400.jpg\" class=\"attachment-medium size-medium wp-post-image\" alt=\"vanilla skinny bitch\" srcset=\"https:\/\/www.amsterdamrepublic.com\/wp-content\/uploads\/2023\/02\/vanilla-skinnybitch-1620-600x400.jpg 600w, https:\/\/www.amsterdamrepublic.com\/wp-content\/uploads\/2023\/02\/vanilla-skinnybitch-1620-768x512.jpg 768w, https:\/\/www.amsterdamrepublic.com\/wp-content\/uploads\/2023\/02\/vanilla-skinnybitch-1620-1200x800.jpg 1200w, https:\/\/www.amsterdamrepublic.com\/wp-content\/uploads\/2023\/02\/vanilla-skinnybitch-1620-1536x1024.jpg 1536w, https:\/\/www.amsterdamrepublic.com\/wp-content\/uploads\/2023\/02\/vanilla-skinnybitch-1620-750x500.jpg 750w, https:\/\/www.amsterdamrepublic.com\/wp-content\/uploads\/2023\/02\/vanilla-skinnybitch-1620-1320x880.jpg 1320w, https:\/\/www.amsterdamrepublic.com\/wp-content\/uploads\/2023\/02\/vanilla-skinnybitch-1620-705x470.jpg 705w, https:\/\/www.amsterdamrepublic.com\/wp-content\/uploads\/2023\/02\/vanilla-skinnybitch-1620.jpg 1620w\" sizes=\"auto, (max-width: 600px) 100vw, 600px\" \/>\t\t\t\t\t\t\t<\/a>\n  \t\t\t\t\t\t\t  \t\t\t\t\t\t\t  \t\t\t\t\t\t<\/div>\n  \t\t\t\t\t\t  \t\t\t\t\t<\/div>\n          \t\t\t\t\t<div class=\"box-text text-center\" >\n\t\t\t\t\t<div class=\"box-text-inner blog-post-inner\">\n\n\t\t\t\t\t\n\t\t\t\t\t\t\t\t\t\t<h5 class=\"post-title is-large \">\n\t\t\t\t\t\t<a href=\"https:\/\/www.amsterdamrepublic.com\/fr\/comment-preparer-un-vanilla-skinny-bitch\/\" class=\"plain\">Comment pr\u00e9parer un Vanilla Skinny Bitch<\/a>\n\t\t\t\t\t<\/h5>\n\t\t\t\t\t\t\t\t\t\t<div class=\"is-divider\"><\/div>\n\t\t\t\t\t                    \n\t\t\t\t\t\n\t\t\t\t\t\n\t\t\t\t\t<\/div>\n\t\t\t\t\t<\/div>\n\t\t\t\t\t\t\t\t\t<\/div>\n\t\t\t<\/div>\n\t\t<\/div><div class=\"col post-item\" >\n\t\t\t<div class=\"col-inner\">\n\t\t\t\t<div class=\"box box-normal box-text-bottom box-blog-post has-hover\">\n            \t\t\t\t\t<div class=\"box-image\" >\n  \t\t\t\t\t\t<div class=\"image-cover\" style=\"padding-top:56.25%;\">\n\t\t\t\t\t\t\t<a href=\"https:\/\/www.amsterdamrepublic.com\/fr\/comment-preparer-un-vanilla-screwdriver\/\" class=\"plain\" aria-label=\"Comment pr\u00e9parer un Vanilla Screwdriver\">\n\t\t\t\t\t\t\t\t<img loading=\"lazy\" decoding=\"async\" width=\"600\" height=\"400\" src=\"https:\/\/www.amsterdamrepublic.com\/wp-content\/uploads\/2023\/02\/vanilla-screwdriver-1620-600x400.jpg\" class=\"attachment-medium size-medium wp-post-image\" alt=\"vanilla screwdriver\" srcset=\"https:\/\/www.amsterdamrepublic.com\/wp-content\/uploads\/2023\/02\/vanilla-screwdriver-1620-600x400.jpg 600w, https:\/\/www.amsterdamrepublic.com\/wp-content\/uploads\/2023\/02\/vanilla-screwdriver-1620-768x512.jpg 768w, https:\/\/www.amsterdamrepublic.com\/wp-content\/uploads\/2023\/02\/vanilla-screwdriver-1620-1200x800.jpg 1200w, https:\/\/www.amsterdamrepublic.com\/wp-content\/uploads\/2023\/02\/vanilla-screwdriver-1620-1536x1024.jpg 1536w, https:\/\/www.amsterdamrepublic.com\/wp-content\/uploads\/2023\/02\/vanilla-screwdriver-1620-750x500.jpg 750w, https:\/\/www.amsterdamrepublic.com\/wp-content\/uploads\/2023\/02\/vanilla-screwdriver-1620-1320x880.jpg 1320w, https:\/\/www.amsterdamrepublic.com\/wp-content\/uploads\/2023\/02\/vanilla-screwdriver-1620-705x470.jpg 705w, https:\/\/www.amsterdamrepublic.com\/wp-content\/uploads\/2023\/02\/vanilla-screwdriver-1620.jpg 1620w\" sizes=\"auto, (max-width: 600px) 100vw, 600px\" \/>\t\t\t\t\t\t\t<\/a>\n  \t\t\t\t\t\t\t  \t\t\t\t\t\t\t  \t\t\t\t\t\t<\/div>\n  \t\t\t\t\t\t  \t\t\t\t\t<\/div>\n          \t\t\t\t\t<div class=\"box-text text-center\" >\n\t\t\t\t\t<div class=\"box-text-inner blog-post-inner\">\n\n\t\t\t\t\t\n\t\t\t\t\t\t\t\t\t\t<h5 class=\"post-title is-large \">\n\t\t\t\t\t\t<a href=\"https:\/\/www.amsterdamrepublic.com\/fr\/comment-preparer-un-vanilla-screwdriver\/\" class=\"plain\">Comment pr\u00e9parer un Vanilla Screwdriver<\/a>\n\t\t\t\t\t<\/h5>\n\t\t\t\t\t\t\t\t\t\t<div class=\"is-divider\"><\/div>\n\t\t\t\t\t                    \n\t\t\t\t\t\n\t\t\t\t\t\n\t\t\t\t\t<\/div>\n\t\t\t\t\t<\/div>\n\t\t\t\t\t\t\t\t\t<\/div>\n\t\t\t<\/div>\n\t\t<\/div><div class=\"col post-item\" >\n\t\t\t<div class=\"col-inner\">\n\t\t\t\t<div class=\"box box-normal box-text-bottom box-blog-post has-hover\">\n            \t\t\t\t\t<div class=\"box-image\" >\n  \t\t\t\t\t\t<div class=\"image-cover\" style=\"padding-top:56.25%;\">\n\t\t\t\t\t\t\t<a href=\"https:\/\/www.amsterdamrepublic.com\/fr\/comment-preparer-un-vanilla-mule\/\" class=\"plain\" aria-label=\"Comment pr\u00e9parer un Vanilla Mule ?\">\n\t\t\t\t\t\t\t\t<img loading=\"lazy\" decoding=\"async\" width=\"600\" height=\"400\" src=\"https:\/\/www.amsterdamrepublic.com\/wp-content\/uploads\/2023\/02\/vanilla-mule-1620-600x400.jpg\" class=\"attachment-medium size-medium wp-post-image\" alt=\"Vanilla Mule\" srcset=\"https:\/\/www.amsterdamrepublic.com\/wp-content\/uploads\/2023\/02\/vanilla-mule-1620-600x400.jpg 600w, https:\/\/www.amsterdamrepublic.com\/wp-content\/uploads\/2023\/02\/vanilla-mule-1620-768x512.jpg 768w, https:\/\/www.amsterdamrepublic.com\/wp-content\/uploads\/2023\/02\/vanilla-mule-1620-1200x800.jpg 1200w, https:\/\/www.amsterdamrepublic.com\/wp-content\/uploads\/2023\/02\/vanilla-mule-1620-1536x1024.jpg 1536w, https:\/\/www.amsterdamrepublic.com\/wp-content\/uploads\/2023\/02\/vanilla-mule-1620-750x500.jpg 750w, https:\/\/www.amsterdamrepublic.com\/wp-content\/uploads\/2023\/02\/vanilla-mule-1620-1320x880.jpg 1320w, https:\/\/www.amsterdamrepublic.com\/wp-content\/uploads\/2023\/02\/vanilla-mule-1620-705x470.jpg 705w, https:\/\/www.amsterdamrepublic.com\/wp-content\/uploads\/2023\/02\/vanilla-mule-1620.jpg 1620w\" sizes=\"auto, (max-width: 600px) 100vw, 600px\" \/>\t\t\t\t\t\t\t<\/a>\n  \t\t\t\t\t\t\t  \t\t\t\t\t\t\t  \t\t\t\t\t\t<\/div>\n  \t\t\t\t\t\t  \t\t\t\t\t<\/div>\n          \t\t\t\t\t<div class=\"box-text text-center\" >\n\t\t\t\t\t<div class=\"box-text-inner blog-post-inner\">\n\n\t\t\t\t\t\n\t\t\t\t\t\t\t\t\t\t<h5 class=\"post-title is-large \">\n\t\t\t\t\t\t<a href=\"https:\/\/www.amsterdamrepublic.com\/fr\/comment-preparer-un-vanilla-mule\/\" class=\"plain\">Comment pr\u00e9parer un Vanilla Mule ?<\/a>\n\t\t\t\t\t<\/h5>\n\t\t\t\t\t\t\t\t\t\t<div class=\"is-divider\"><\/div>\n\t\t\t\t\t                    \n\t\t\t\t\t\n\t\t\t\t\t\n\t\t\t\t\t<\/div>\n\t\t\t\t\t<\/div>\n\t\t\t\t\t\t\t\t\t<\/div>\n\t\t\t<\/div>\n\t\t<\/div><div class=\"col post-item\" >\n\t\t\t<div class=\"col-inner\">\n\t\t\t\t<div class=\"box box-normal box-text-bottom box-blog-post has-hover\">\n            \t\t\t\t\t<div class=\"box-image\" >\n  \t\t\t\t\t\t<div class=\"image-cover\" style=\"padding-top:56.25%;\">\n\t\t\t\t\t\t\t<a href=\"https:\/\/www.amsterdamrepublic.com\/fr\/comment-preparer-un-vanilla-cola\/\" class=\"plain\" aria-label=\"Comment pr\u00e9parer un Vanilla Cola\">\n\t\t\t\t\t\t\t\t<img loading=\"lazy\" decoding=\"async\" width=\"600\" height=\"400\" src=\"https:\/\/www.amsterdamrepublic.com\/wp-content\/uploads\/2023\/02\/vanilla-cola-1620-600x400.jpg\" class=\"attachment-medium size-medium wp-post-image\" alt=\"vanilla cola\" srcset=\"https:\/\/www.amsterdamrepublic.com\/wp-content\/uploads\/2023\/02\/vanilla-cola-1620-600x400.jpg 600w, https:\/\/www.amsterdamrepublic.com\/wp-content\/uploads\/2023\/02\/vanilla-cola-1620-768x512.jpg 768w, https:\/\/www.amsterdamrepublic.com\/wp-content\/uploads\/2023\/02\/vanilla-cola-1620-1200x800.jpg 1200w, https:\/\/www.amsterdamrepublic.com\/wp-content\/uploads\/2023\/02\/vanilla-cola-1620-1536x1024.jpg 1536w, https:\/\/www.amsterdamrepublic.com\/wp-content\/uploads\/2023\/02\/vanilla-cola-1620-750x500.jpg 750w, https:\/\/www.amsterdamrepublic.com\/wp-content\/uploads\/2023\/02\/vanilla-cola-1620-1320x880.jpg 1320w, https:\/\/www.amsterdamrepublic.com\/wp-content\/uploads\/2023\/02\/vanilla-cola-1620-705x470.jpg 705w, https:\/\/www.amsterdamrepublic.com\/wp-content\/uploads\/2023\/02\/vanilla-cola-1620.jpg 1620w\" sizes=\"auto, (max-width: 600px) 100vw, 600px\" \/>\t\t\t\t\t\t\t<\/a>\n  \t\t\t\t\t\t\t  \t\t\t\t\t\t\t  \t\t\t\t\t\t<\/div>\n  \t\t\t\t\t\t  \t\t\t\t\t<\/div>\n          \t\t\t\t\t<div class=\"box-text text-center\" >\n\t\t\t\t\t<div class=\"box-text-inner blog-post-inner\">\n\n\t\t\t\t\t\n\t\t\t\t\t\t\t\t\t\t<h5 class=\"post-title is-large \">\n\t\t\t\t\t\t<a href=\"https:\/\/www.amsterdamrepublic.com\/fr\/comment-preparer-un-vanilla-cola\/\" class=\"plain\">Comment pr\u00e9parer un Vanilla Cola<\/a>\n\t\t\t\t\t<\/h5>\n\t\t\t\t\t\t\t\t\t\t<div class=\"is-divider\"><\/div>\n\t\t\t\t\t                    \n\t\t\t\t\t\n\t\t\t\t\t\n\t\t\t\t\t<\/div>\n\t\t\t\t\t<\/div>\n\t\t\t\t\t\t\t\t\t<\/div>\n\t\t\t<\/div>\n\t\t<\/div><\/div>\r\n\r\n<div class=\"row\"  id=\"row-283988788\">\r\n\r\n\n\t<div id=\"col-2054032160\" class=\"col small-12 large-12\"  >\n\t\t\t\t<div class=\"col-inner\"  >\n\t\t\t\n\t\t\t\r\n\r\n<div class=\"row align-equal align-center\"  id=\"row-1031961016\">\r\n\r\n\n\t<div id=\"col-632540076\" class=\"col small-12 large-12\"  >\n\t\t\t\t<div class=\"col-inner text-center\"  >\n\t\t\t\n\t\t\t\r\n\r\n<a href=\"https:\/\/www.amsterdamrepublic.com\/fr\/cocktails\/\" class=\"button primary is-large\" style=\"border-radius:10px;padding:10px 30px 10px 30px;\">\n\t\t<span>cocktails vanille<\/span>\n\t<\/a>\n\r\n\r\n\r\n\t\t<\/div>\n\t\t\t\t\t<\/div>\n\n\t\r\n\r\n<\/div>\r\n\r\n\t\t<\/div>\n\t\t\t\t\t<\/div>\n\n\t\r\n\r\n<\/div>\r\n\r\n\t\t<\/div>\n\n\t\t\n<style>\n#section_531263008 {\n  padding-top: 30px;\n  padding-bottom: 30px;\n  background-color: rgba(229, 211, 163, 0.459);\n}\n<\/style>\n\t<\/section>\n\t\n","protected":false},"excerpt":{"rendered":"<p>L\u2019Amsterdam Republic Vanilla Vodka offre une saveur d\u00e9licieusement douce et sucr\u00e9e, mari\u00e9e au caract\u00e8re l\u00e9g\u00e8rement \u00e9pic\u00e9 de notre <a href=\"https:\/\/www.amsterdamrepublic.com\/fr\/produit\/vodka-premium-damsterdam\/\">Premium Vodka<\/a>. Son parfum de vanille est chaleureux, sucr\u00e9 et rappelle l\u2019odeur de biscuits sortant du four. <\/p>\n<p>D\u00e9licieuse vodka vanille douce pour cocktails ou pure<\/p>\n<p>Un produit authentique d\u2019Amsterdam<\/p>\n<p>\u00c9labor\u00e9e \u00e0 partir de c\u00e9r\u00e9ales biologiques<\/p>\n","protected":false},"featured_media":30968,"comment_status":"open","ping_status":"closed","template":"","meta":{"bwfblock_default_font":""},"product_brand":[],"product_cat":[309,308],"product_tag":[],"class_list":{"0":"post-30967","1":"product","2":"type-product","3":"status-publish","4":"has-post-thumbnail","6":"product_cat-vodkas-premium","7":"product_cat-editions-limitees-speciaux","8":"pa_contents-1l-1000-ml-34-fl-oz","10":"first","11":"instock","12":"sale","13":"taxable","14":"shipping-taxable","15":"purchasable","16":"product-type-simple"},"_links":{"self":[{"href":"https:\/\/www.amsterdamrepublic.com\/fr\/wp-json\/wp\/v2\/product\/30967","targetHints":{"allow":["GET"]}}],"collection":[{"href":"https:\/\/www.amsterdamrepublic.com\/fr\/wp-json\/wp\/v2\/product"}],"about":[{"href":"https:\/\/www.amsterdamrepublic.com\/fr\/wp-json\/wp\/v2\/types\/product"}],"replies":[{"embeddable":true,"href":"https:\/\/www.amsterdamrepublic.com\/fr\/wp-json\/wp\/v2\/comments?post=30967"}],"wp:featuredmedia":[{"embeddable":true,"href":"https:\/\/www.amsterdamrepublic.com\/fr\/wp-json\/wp\/v2\/media\/30968"}],"wp:attachment":[{"href":"https:\/\/www.amsterdamrepublic.com\/fr\/wp-json\/wp\/v2\/media?parent=30967"}],"wp:term":[{"taxonomy":"product_brand","embeddable":true,"href":"https:\/\/www.amsterdamrepublic.com\/fr\/wp-json\/wp\/v2\/product_brand?post=30967"},{"taxonomy":"product_cat","embeddable":true,"href":"https:\/\/www.amsterdamrepublic.com\/fr\/wp-json\/wp\/v2\/product_cat?post=30967"},{"taxonomy":"product_tag","embeddable":true,"href":"https:\/\/www.amsterdamrepublic.com\/fr\/wp-json\/wp\/v2\/product_tag?post=30967"}],"curies":[{"name":"wp","href":"https:\/\/api.w.org\/{rel}","templated":true}]}}