{"id":30974,"date":"2021-07-05T12:46:17","date_gmt":"2021-07-05T10:46:17","guid":{"rendered":"https:\/\/www.amsterdamrepublic.com\/product\/vodka-jerrycan-5-l-40-vol\/"},"modified":"2026-04-20T11:27:10","modified_gmt":"2026-04-20T09:27:10","slug":"vodka-jerrycan-5-l-40-vol","status":"publish","type":"product","link":"https:\/\/www.amsterdamrepublic.com\/fr\/produit\/vodka-jerrycan-5-l-40-vol\/","title":{"rendered":"Vodka Jerrycan 5 l \u2013 40 % vol."},"content":{"rendered":"<div class=\"row align-middle align-center\" style=\"max-width:1300px\" id=\"row-69336538\">\n\n\n\t<div id=\"col-998051489\" class=\"col medium-5 small-12 large-6\"  >\n\t\t\t\t<div class=\"col-inner\"  >\n\t\t\t\n\t\t\t\n\n\t<div id=\"text-4055606732\" class=\"text\">\n\t\t\n\n<h2>Pour les moments grandioses<\/h2>\n\t\t\n<style>\n#text-4055606732 {\n  font-size: 1.4rem;\n  text-align: left;\n}\n@media (min-width:550px) {\n  #text-4055606732 {\n    font-size: 2rem;\n  }\n}\n<\/style>\n\t<\/div>\n\t\n\t<div id=\"text-3719076661\" class=\"text\">\n\t\t\n\n<p>Que ce soit derri\u00e8re le bar, lors d\u2019un mariage ou pendant une nuit trop courte \u2014 ce jerrycan de 5 litres permet de garder les verres bien remplis.<\/p>\n<p>Notre vodka premium est douce, limpide et con\u00e7ue pour \u00eatre m\u00e9lang\u00e9e sans perdre sa saveur. Parfaite pour les barmans professionnels, les traiteurs de cocktails et tous ceux qui veulent servir en grand. <\/p>\n\t\t\n<style>\n#text-3719076661 {\n  font-size: 1.1rem;\n}\n@media (min-width:550px) {\n  #text-3719076661 {\n    font-size: 1.4rem;\n  }\n}\n<\/style>\n\t<\/div>\n\t\n\n\t\t<\/div>\n\t\t\t\t\n<style>\n#col-998051489 > .col-inner {\n  padding: 0px 0px 0px 0px;\n}\n<\/style>\n\t<\/div>\n\n\t\n\n\t<div id=\"col-1868699833\" class=\"col medium-6 small-12 large-6 small-col-first\"  >\n\t\t\t\t<div class=\"col-inner\"  >\n\t\t\t\n\t\t\t\n\n\t<div class=\"img has-hover radiusimage x md-x lg-x y md-y lg-y\" id=\"image_280396101\">\n\t\t\t\t\t\t\t\t<div class=\"img-inner image-cover dark\" style=\"padding-top:100%;\">\n\t\t\t<img loading=\"lazy\" decoding=\"async\" width=\"800\" height=\"800\" src=\"https:\/\/www.amsterdamrepublic.com\/wp-content\/uploads\/2025\/10\/Productpage-gallery-11-800x800.png\" class=\"attachment-large size-large\" alt=\"Amsterdam\" srcset=\"https:\/\/www.amsterdamrepublic.com\/wp-content\/uploads\/2025\/10\/Productpage-gallery-11-800x800.png 800w, https:\/\/www.amsterdamrepublic.com\/wp-content\/uploads\/2025\/10\/Productpage-gallery-11-400x400.png 400w, https:\/\/www.amsterdamrepublic.com\/wp-content\/uploads\/2025\/10\/Productpage-gallery-11-280x280.png 280w, https:\/\/www.amsterdamrepublic.com\/wp-content\/uploads\/2025\/10\/Productpage-gallery-11-768x768.png 768w, https:\/\/www.amsterdamrepublic.com\/wp-content\/uploads\/2025\/10\/Productpage-gallery-11-530x530.png 530w, https:\/\/www.amsterdamrepublic.com\/wp-content\/uploads\/2025\/10\/Productpage-gallery-11-750x750.png 750w, https:\/\/www.amsterdamrepublic.com\/wp-content\/uploads\/2025\/10\/Productpage-gallery-11-500x500.png 500w, https:\/\/www.amsterdamrepublic.com\/wp-content\/uploads\/2025\/10\/Productpage-gallery-11-247x247.png 247w, https:\/\/www.amsterdamrepublic.com\/wp-content\/uploads\/2025\/10\/Productpage-gallery-11-705x705.png 705w, https:\/\/www.amsterdamrepublic.com\/wp-content\/uploads\/2025\/10\/Productpage-gallery-11-100x100.png 100w, https:\/\/www.amsterdamrepublic.com\/wp-content\/uploads\/2025\/10\/Productpage-gallery-11.png 1000w\" sizes=\"auto, (max-width: 800px) 100vw, 800px\">\t\t\t\t\t\t\n\t\t\t\t\t<\/div>\n\t\t\t\t\t\t\t\t\n<style>\n#image_280396101 {\n  width: 100%;\n}\n<\/style>\n\t<\/div>\n\t\n\n\n\t\t<\/div>\n\t\t\t\t\t<\/div>\n\n\t\n\n<\/div>\n<div class=\"row align-middle align-center\"  id=\"row-1785502626\">\n\n\n\t<div id=\"col-1442107690\" class=\"col medium-6 small-12 large-6\"  >\n\t\t\t\t<div class=\"col-inner\"  >\n\t\t\t\n\t\t\t\n\n\t<div class=\"img has-hover radiusimage x md-x lg-x y md-y lg-y\" id=\"image_343506655\">\n\t\t\t\t\t\t\t\t<div class=\"img-inner image-cover dark\" style=\"padding-top:100%;\">\n\t\t\t<img loading=\"lazy\" decoding=\"async\" width=\"800\" height=\"800\" src=\"https:\/\/www.amsterdamrepublic.com\/wp-content\/uploads\/2025\/10\/Productpage-gallery-16-800x800.png\" class=\"attachment-large size-large\" alt=\"Amsterdam\" srcset=\"https:\/\/www.amsterdamrepublic.com\/wp-content\/uploads\/2025\/10\/Productpage-gallery-16-800x800.png 800w, https:\/\/www.amsterdamrepublic.com\/wp-content\/uploads\/2025\/10\/Productpage-gallery-16-400x400.png 400w, https:\/\/www.amsterdamrepublic.com\/wp-content\/uploads\/2025\/10\/Productpage-gallery-16-280x280.png 280w, https:\/\/www.amsterdamrepublic.com\/wp-content\/uploads\/2025\/10\/Productpage-gallery-16-768x768.png 768w, https:\/\/www.amsterdamrepublic.com\/wp-content\/uploads\/2025\/10\/Productpage-gallery-16-530x530.png 530w, https:\/\/www.amsterdamrepublic.com\/wp-content\/uploads\/2025\/10\/Productpage-gallery-16-750x750.png 750w, https:\/\/www.amsterdamrepublic.com\/wp-content\/uploads\/2025\/10\/Productpage-gallery-16-500x500.png 500w, https:\/\/www.amsterdamrepublic.com\/wp-content\/uploads\/2025\/10\/Productpage-gallery-16-247x247.png 247w, https:\/\/www.amsterdamrepublic.com\/wp-content\/uploads\/2025\/10\/Productpage-gallery-16-705x705.png 705w, https:\/\/www.amsterdamrepublic.com\/wp-content\/uploads\/2025\/10\/Productpage-gallery-16-100x100.png 100w, https:\/\/www.amsterdamrepublic.com\/wp-content\/uploads\/2025\/10\/Productpage-gallery-16.png 1000w\" sizes=\"auto, (max-width: 800px) 100vw, 800px\">\t\t\t\t\t\t\n\t\t\t\t\t<\/div>\n\t\t\t\t\t\t\t\t\n<style>\n#image_343506655 {\n  width: 100%;\n}\n<\/style>\n\t<\/div>\n\t\n\n\n\t\t<\/div>\n\t\t\t\t\n<style>\n#col-1442107690 > .col-inner {\n  padding: 0px 0px 0px 0px;\n  margin: 0px 0px 0px 0px;\n}\n<\/style>\n\t<\/div>\n\n\t\n\n\t<div id=\"col-668016177\" class=\"col medium-6 small-12 large-6\"  >\n\t\t\t\t<div class=\"col-inner\"  >\n\t\t\t\n\t\t\t\n\n\t<div id=\"text-3121023056\" class=\"text\">\n\t\t\n\n<h2>La vodka la plus douce<br>en format XXL<\/h2>\n\t\t\n<style>\n#text-3121023056 {\n  font-size: 1.4rem;\n  text-align: left;\n}\n@media (min-width:550px) {\n  #text-3121023056 {\n    font-size: 2rem;\n  }\n}\n<\/style>\n\t<\/div>\n\t\n\t<div id=\"text-3405057921\" class=\"text\">\n\t\t\n\n<p>Notre Vodka Premium commence par des c\u00e9r\u00e9ales biologiques de la plus haute qualit\u00e9, m\u00e9lang\u00e9es \u00e0 une eau cristalline. Pas d\u2019additifs, pas de chichis. <\/p>\n<p>Nous distillons deux fois, pour ne garder que le plus doux et le plus pur. Le r\u00e9sultat ? Une vodka qui glisse tout en souplesse, sans br\u00fblure dans la gorge ni arri\u00e8re-go\u00fbt chimique. Tout simplement d\u00e9licieuse.   <\/p>\n\t\t\n<style>\n#text-3405057921 {\n  font-size: 1.1rem;\n}\n@media (min-width:550px) {\n  #text-3405057921 {\n    font-size: 1.4rem;\n  }\n}\n<\/style>\n\t<\/div>\n\t\n\n\t\t<\/div>\n\t\t\t\t\n<style>\n#col-668016177 > .col-inner {\n  padding: 0px 0px 0px 0px;\n  margin: 0px 0px 0px 0;\n}\n@media (min-width:550px) {\n  #col-668016177 > .col-inner {\n    margin: 0px 0px 0px 0px;\n  }\n}\n<\/style>\n\t<\/div>\n\n\t\n\n\n<style>\n#row-1785502626 > .col > .col-inner {\n  padding: 0px 0px 0px 0px;\n}\n<\/style>\n<\/div>\n<div class=\"row align-middle align-center\" style=\"max-width:1300px\" id=\"row-978271230\">\n\n\n\t<div id=\"col-1469306833\" class=\"col medium-6 small-12 large-6\"  >\n\t\t\t\t<div class=\"col-inner\"  >\n\t\t\t\n\t\t\t\n\n\t<div id=\"text-242295733\" class=\"text\">\n\t\t\n\n<h2>Plus de facilit\u00e9 pour l\u2019Horeca<\/h2>\n\t\t\n<style>\n#text-242295733 {\n  font-size: 1.4rem;\n  text-align: left;\n}\n@media (min-width:550px) {\n  #text-242295733 {\n    font-size: 2rem;\n  }\n}\n<\/style>\n\t<\/div>\n\t\n\t<div id=\"text-2348455390\" class=\"text\">\n\t\t\n\n<p>Avec cinq litres par jerrycan, tu n\u2019as pas besoin de recharger \u2013 id\u00e9al pour les bars bond\u00e9s, les \u00e9v\u00e9nements et les traiteurs de cocktails. Son format compact et sa poign\u00e9e robuste rendent le service simple et sans \u00e9claboussures. <\/p>\n<p>Tu travailles ainsi plus rapidement, avec moins de d\u00e9chets provenant des bouteilles individuelles, et tu maintiens un service fluide \u2013 exactement ce dont tu as besoin lors d\u2019une soir\u00e9e bien remplie.<\/p>\n\t\t\n<style>\n#text-2348455390 {\n  font-size: 1.1rem;\n}\n@media (min-width:550px) {\n  #text-2348455390 {\n    font-size: 1.4rem;\n  }\n}\n<\/style>\n\t<\/div>\n\t\n\n\t\t<\/div>\n\t\t\t\t\n<style>\n#col-1469306833 > .col-inner {\n  padding: 0 0px 0px 0px;\n}\n@media (min-width:550px) {\n  #col-1469306833 > .col-inner {\n    padding: 30px 0px 0px 0px;\n  }\n}\n<\/style>\n\t<\/div>\n\n\t\n\n\t<div id=\"col-774722404\" class=\"col medium-6 small-12 large-6 medium-col-first\"  >\n\t\t\t\t<div class=\"col-inner\"  >\n\t\t\t\n\t\t\t\n\n\t<div class=\"img has-hover radiusimage x md-x lg-x y md-y lg-y\" id=\"image_1739558446\">\n\t\t\t\t\t\t\t\t<div class=\"img-inner image-cover dark\" style=\"padding-top:100%;\">\n\t\t\t<img loading=\"lazy\" decoding=\"async\" width=\"800\" height=\"800\" src=\"https:\/\/www.amsterdamrepublic.com\/wp-content\/uploads\/2025\/10\/Productpage-gallery-27-800x800.png\" class=\"attachment-large size-large\" alt=\"Amsterdam\" srcset=\"https:\/\/www.amsterdamrepublic.com\/wp-content\/uploads\/2025\/10\/Productpage-gallery-27-800x800.png 800w, https:\/\/www.amsterdamrepublic.com\/wp-content\/uploads\/2025\/10\/Productpage-gallery-27-400x400.png 400w, https:\/\/www.amsterdamrepublic.com\/wp-content\/uploads\/2025\/10\/Productpage-gallery-27-280x280.png 280w, https:\/\/www.amsterdamrepublic.com\/wp-content\/uploads\/2025\/10\/Productpage-gallery-27-768x768.png 768w, https:\/\/www.amsterdamrepublic.com\/wp-content\/uploads\/2025\/10\/Productpage-gallery-27-530x530.png 530w, https:\/\/www.amsterdamrepublic.com\/wp-content\/uploads\/2025\/10\/Productpage-gallery-27-750x750.png 750w, https:\/\/www.amsterdamrepublic.com\/wp-content\/uploads\/2025\/10\/Productpage-gallery-27-500x500.png 500w, https:\/\/www.amsterdamrepublic.com\/wp-content\/uploads\/2025\/10\/Productpage-gallery-27-247x247.png 247w, https:\/\/www.amsterdamrepublic.com\/wp-content\/uploads\/2025\/10\/Productpage-gallery-27-705x705.png 705w, https:\/\/www.amsterdamrepublic.com\/wp-content\/uploads\/2025\/10\/Productpage-gallery-27-100x100.png 100w, https:\/\/www.amsterdamrepublic.com\/wp-content\/uploads\/2025\/10\/Productpage-gallery-27.png 1000w\" sizes=\"auto, (max-width: 800px) 100vw, 800px\">\t\t\t\t\t\t\n\t\t\t\t\t<\/div>\n\t\t\t\t\t\t\t\t\n<style>\n#image_1739558446 {\n  width: 100%;\n}\n<\/style>\n\t<\/div>\n\t\n\n\n\t\t<\/div>\n\t\t\t\t\n<style>\n#col-774722404 > .col-inner {\n  margin: -0 0px 0px 0px;\n}\n<\/style>\n\t<\/div>\n\n\t\n\n\t<div id=\"col-2071605623\" class=\"col small-12 large-12\"  >\n\t\t\t\t<div class=\"col-inner\"  >\n\t\t\t\n\t\t\t\n\n\n\t\t<\/div>\n\t\t\t\t\t<\/div>\n\n\t\n\n<\/div>\n<div class=\"row\"  id=\"row-624227695\">\n\n\n\t<div id=\"col-657545163\" class=\"col small-12 large-12\"  >\n\t\t\t\t<div class=\"col-inner\"  >\n\t\t\t\n\t\t\t\n\n<div class=\"container section-title-container\" ><h2 class=\"section-title section-title-bold\"><b aria-hidden=\"true\"><\/b><span class=\"section-title-main\" >Foire aux questions<\/span><b aria-hidden=\"true\"><\/b><\/h2><\/div>\n\n<div class=\"accordion\">\n\n\t<div id=\"accordion-1951213887\" class=\"accordion-item\">\n\t\t<a id=\"accordion-1951213887-label\" class=\"accordion-title plain\" href=\"#accordion-item-quand-ma-commande-sera-t-elle-livr\u00e9e-?\" aria-expanded=\"false\" aria-controls=\"accordion-1951213887-content\">\n\t\t\t<button class=\"toggle\" aria-label=\"Basculer\"><i class=\"icon-angle-down\" aria-hidden=\"true\"><\/i><\/button>\n\t\t\t<span>Quand ma commande sera-t-elle livr\u00e9e ?<\/span>\n\t\t<\/a>\n\t\t<div id=\"accordion-1951213887-content\" class=\"accordion-inner\" aria-labelledby=\"accordion-1951213887-label\">\n\t\t\t\n\n<p>Pr\u00e9vue  <strong>levering aanstaande <strong>dinsdag<\/strong> of <strong>woensdag<\/strong> <\/strong><\/p>\n\n\t\t<\/div>\n\t<\/div>\n\t\n\t<div id=\"accordion-3957320103\" class=\"accordion-item\">\n\t\t<a id=\"accordion-3957320103-label\" class=\"accordion-title plain\" href=\"#accordion-item-comment-ma-commande-est-elle-exp\u00e9di\u00e9e-?\" aria-expanded=\"false\" aria-controls=\"accordion-3957320103-content\">\n\t\t\t<button class=\"toggle\" aria-label=\"Basculer\"><i class=\"icon-angle-down\" aria-hidden=\"true\"><\/i><\/button>\n\t\t\t<span>Comment ma commande est-elle exp\u00e9di\u00e9e ?<\/span>\n\t\t<\/a>\n\t\t<div id=\"accordion-3957320103-content\" class=\"accordion-inner\" aria-labelledby=\"accordion-3957320103-label\">\n\t\t\t\n\n<p>Nous exp\u00e9dions avec PostNL qui effectue un contr\u00f4le 18+ \u00e0 la porte. Ta commande est pr\u00e9sent\u00e9e une fois \u00e0 l\u2019adresse de livraison, apr\u00e8s quoi elle peut \u00eatre r\u00e9cup\u00e9r\u00e9e dans un point PostNL \u00e0 proximit\u00e9. <\/p>\n\n\t\t<\/div>\n\t<\/div>\n\t\n\t<div id=\"accordion-2249522035\" class=\"accordion-item\">\n\t\t<a id=\"accordion-2249522035-label\" class=\"accordion-title plain\" href=\"#accordion-item-est-ce-que-je-re\u00e7ois-aussi-une-facture-?\" aria-expanded=\"false\" aria-controls=\"accordion-2249522035-content\">\n\t\t\t<button class=\"toggle\" aria-label=\"Basculer\"><i class=\"icon-angle-down\" aria-hidden=\"true\"><\/i><\/button>\n\t\t\t<span>Est-ce que je re\u00e7ois aussi une facture ?<\/span>\n\t\t<\/a>\n\t\t<div id=\"accordion-2249522035-content\" class=\"accordion-inner\" aria-labelledby=\"accordion-2249522035-label\">\n\t\t\t\n\n<p>Oui, tu recevras une facture par e-mail avec ta commande et un bon de livraison sera inclus dans le colis. Tu peux \u00e9galement t\u00e9l\u00e9charger une copie de la facture sur ta page de compte. Si tu indiques lors du paiement que le colis n\u2019est \u00ab pas pour toi \u00bb, un bon de livraison sera bien mis dans la bo\u00eete, mais sans mention des prix. Nous ne pouvons plus modifier les factures apr\u00e8s la validation de la commande.   <\/p>\n\n\t\t<\/div>\n\t<\/div>\n\t\n\n<\/div>\n\n\t\t<\/div>\n\t\t\t\t\t<\/div>\n\n\t\n\n<\/div>\n","protected":false},"excerpt":{"rendered":"<p>Notre Vodka Jerrycan 5 l 40 % vol. est faite pour ceux qui voient grand.<\/p>\n<p>Cinq litres de vodka pure d\u2019Amsterdam, \u00e9labor\u00e9e \u00e0 partir de c\u00e9r\u00e9ales biologiques et d\u2019eau cristalline \u2013 douce, pure et parfaite pour les cocktails. Id\u00e9ale pour les bars, les \u00e9v\u00e9nements et les f\u00eates o\u00f9 les bouteilles se vident trop vite. <\/p>\n","protected":false},"featured_media":30998,"comment_status":"open","ping_status":"closed","template":"","meta":{"bwfblock_default_font":""},"product_brand":[],"product_cat":[310],"product_tag":[],"class_list":{"0":"post-30974","1":"product","2":"type-product","3":"status-publish","4":"has-post-thumbnail","6":"product_cat-jerricanes","7":"pa_contents-5l-5000-ml-169-fl-oz","9":"first","10":"instock","11":"taxable","12":"shipping-taxable","13":"purchasable","14":"product-type-simple"},"_links":{"self":[{"href":"https:\/\/www.amsterdamrepublic.com\/fr\/wp-json\/wp\/v2\/product\/30974","targetHints":{"allow":["GET"]}}],"collection":[{"href":"https:\/\/www.amsterdamrepublic.com\/fr\/wp-json\/wp\/v2\/product"}],"about":[{"href":"https:\/\/www.amsterdamrepublic.com\/fr\/wp-json\/wp\/v2\/types\/product"}],"replies":[{"embeddable":true,"href":"https:\/\/www.amsterdamrepublic.com\/fr\/wp-json\/wp\/v2\/comments?post=30974"}],"wp:featuredmedia":[{"embeddable":true,"href":"https:\/\/www.amsterdamrepublic.com\/fr\/wp-json\/wp\/v2\/media\/30998"}],"wp:attachment":[{"href":"https:\/\/www.amsterdamrepublic.com\/fr\/wp-json\/wp\/v2\/media?parent=30974"}],"wp:term":[{"taxonomy":"product_brand","embeddable":true,"href":"https:\/\/www.amsterdamrepublic.com\/fr\/wp-json\/wp\/v2\/product_brand?post=30974"},{"taxonomy":"product_cat","embeddable":true,"href":"https:\/\/www.amsterdamrepublic.com\/fr\/wp-json\/wp\/v2\/product_cat?post=30974"},{"taxonomy":"product_tag","embeddable":true,"href":"https:\/\/www.amsterdamrepublic.com\/fr\/wp-json\/wp\/v2\/product_tag?post=30974"}],"curies":[{"name":"wp","href":"https:\/\/api.w.org\/{rel}","templated":true}]}}