{"id":31001,"date":"2023-04-20T17:57:06","date_gmt":"2023-04-20T15:57:06","guid":{"rendered":"https:\/\/www.amsterdamrepublic.com\/product\/vodka-pasteque\/"},"modified":"2026-04-20T11:27:31","modified_gmt":"2026-04-20T09:27:31","slug":"vodka-pasteque","status":"publish","type":"product","link":"https:\/\/www.amsterdamrepublic.com\/fr\/produit\/vodka-pasteque\/","title":{"rendered":"Vodka Past\u00e8que"},"content":{"rendered":"<div class=\"row\"  id=\"row-1457490664\">\n\n\n\t<div id=\"col-1276952095\" class=\"col medium-6 small-12 large-6 small-col-first\"  >\n\t\t\t\t<div class=\"col-inner\"  >\n\t\t\t\n\t\t\t\n\n\t<div class=\"img has-hover x md-x lg-x y md-y lg-y\" id=\"image_57033805\">\n\t\t\t\t\t\t\t\t<div class=\"img-inner dark\" >\n\t\t\t<img loading=\"lazy\" decoding=\"async\" width=\"1652\" height=\"747\" src=\"https:\/\/www.amsterdamrepublic.com\/wp-content\/uploads\/2023\/07\/watermelon-banner-smaken.jpg\" class=\"attachment-original size-original\" alt=\"Amsterdam\" srcset=\"https:\/\/www.amsterdamrepublic.com\/wp-content\/uploads\/2023\/07\/watermelon-banner-smaken.jpg 1652w, https:\/\/www.amsterdamrepublic.com\/wp-content\/uploads\/2023\/07\/watermelon-banner-smaken-705x319.jpg 705w, https:\/\/www.amsterdamrepublic.com\/wp-content\/uploads\/2023\/07\/watermelon-banner-smaken-800x362.jpg 800w, https:\/\/www.amsterdamrepublic.com\/wp-content\/uploads\/2023\/07\/watermelon-banner-smaken-1400x633.jpg 1400w, https:\/\/www.amsterdamrepublic.com\/wp-content\/uploads\/2023\/07\/watermelon-banner-smaken-768x347.jpg 768w, https:\/\/www.amsterdamrepublic.com\/wp-content\/uploads\/2023\/07\/watermelon-banner-smaken-1536x695.jpg 1536w, https:\/\/www.amsterdamrepublic.com\/wp-content\/uploads\/2023\/07\/watermelon-banner-smaken-750x339.jpg 750w, https:\/\/www.amsterdamrepublic.com\/wp-content\/uploads\/2023\/07\/watermelon-banner-smaken-1320x597.jpg 1320w\" sizes=\"auto, (max-width: 1652px) 100vw, 1652px\">\t\t\t\t\t\t\n\t\t\t\t\t<\/div>\n\t\t\t\t\t\t\t\t\n<style>\n#image_57033805 {\n  width: 100%;\n}\n<\/style>\n\t<\/div>\n\t\n\n\n\t\t<\/div>\n\t\t\t\t\t<\/div>\n\n\t\n\n\t<div id=\"col-2105143650\" class=\"col medium-6 small-12 large-6\"  >\n\t\t\t\t<div class=\"col-inner\"  >\n\t\t\t\n\t\t\t\n\n<p class=\"lead\">Notre Vodka Past\u00e8que est un m\u00e9lange rafra\u00eechissant de saveur sucr\u00e9e de past\u00e8que et de <span style=\"text-decoration: underline;\"><strong><a href=\"https:\/\/www.amsterdamrepublic.com\/fr\/produit\/vodka-premium-damsterdam\/\">notre vodka premium<\/a><\/strong><\/span>. \u00c9labor\u00e9e \u00e0 partir de c\u00e9r\u00e9ales biologiques, cette cr\u00e9ation locale d\u2019Amsterdam promet un go\u00fbt naturel et de haute qualit\u00e9. Elle est id\u00e9ale pour les cocktails ou \u00e0 d\u00e9guster pure, parfaite pour les f\u00eates, les barbecues, ou simplement quand tu as envie de quelque chose de d\u00e9licieux et de rafra\u00eechissant.   <\/p>\n\n\t\t<\/div>\n\t\t\t\t\t<\/div>\n\n\t\n\n<\/div>\n<div class=\"row\"  id=\"row-181910068\">\n\n\n\t<div id=\"col-686756826\" class=\"col medium-6 small-12 large-6\"  >\n\t\t\t\t<div class=\"col-inner\"  >\n\t\t\t\n\t\t\t\n\n<p class=\"lead\">L\u2019odeur sucr\u00e9e de la past\u00e8que t\u2019accueille d\u00e8s que tu d\u00e9visses le bouchon de la bouteille. Tu te retrouves imm\u00e9diatement dans une ambiance estivale. La Vodka Past\u00e8que d\u2019Amsterdam Republic est parfaite \u00e0 boire lors de f\u00eates, de barbecues ou simplement quand tu as envie de quelque chose de bon et de rafra\u00eechissant. C\u2019est une excellente vodka pour les cocktails et les m\u00e9langes, ce qui donne une dimension suppl\u00e9mentaire \u00e0 tes boissons. Nous en avons d\u00e9j\u00e0 go\u00fbt\u00e9 quelques-unes pour toi et tu peux toutes les d\u00e9couvrir dans      <a href=\"https:\/\/www.amsterdamrepublic.com\/fr\/cocktails\/\"><span style=\"text-decoration: underline;\"><strong>notre livret de cocktails<\/strong><\/a>.<\/p>\n\n\t\t<\/div>\n\t\t\t\t\t<\/div>\n\n\t\n\n\t<div id=\"col-1579427879\" class=\"col medium-6 small-12 large-6 small-col-first\"  >\n\t\t\t\t<div class=\"col-inner\"  >\n\t\t\t\n\t\t\t\n\n\t<div class=\"img has-hover x md-x lg-x y md-y lg-y\" id=\"image_228972458\">\n\t\t\t\t\t\t\t\t<div class=\"img-inner image-cover dark\" style=\"padding-top:70%;\">\n\t\t\t<img loading=\"lazy\" decoding=\"async\" width=\"1480\" height=\"1531\" src=\"https:\/\/www.amsterdamrepublic.com\/wp-content\/uploads\/2023\/03\/waterlmelon-vodka-hands.jpg\" class=\"attachment-original size-original\" alt=\"watermelon vodka\" srcset=\"https:\/\/www.amsterdamrepublic.com\/wp-content\/uploads\/2023\/03\/waterlmelon-vodka-hands.jpg 1480w, https:\/\/www.amsterdamrepublic.com\/wp-content\/uploads\/2023\/03\/waterlmelon-vodka-hands-705x729.jpg 705w, https:\/\/www.amsterdamrepublic.com\/wp-content\/uploads\/2023\/03\/waterlmelon-vodka-hands-387x400.jpg 387w, https:\/\/www.amsterdamrepublic.com\/wp-content\/uploads\/2023\/03\/waterlmelon-vodka-hands-773x800.jpg 773w, https:\/\/www.amsterdamrepublic.com\/wp-content\/uploads\/2023\/03\/waterlmelon-vodka-hands-768x794.jpg 768w, https:\/\/www.amsterdamrepublic.com\/wp-content\/uploads\/2023\/03\/waterlmelon-vodka-hands-750x776.jpg 750w, https:\/\/www.amsterdamrepublic.com\/wp-content\/uploads\/2023\/03\/waterlmelon-vodka-hands-1320x1365.jpg 1320w\" sizes=\"auto, (max-width: 1480px) 100vw, 1480px\" \/>\t\t\t\t\t\t\n\t\t\t\t\t<\/div>\n\t\t\t\t\t\t\t\t\n<style>\n#image_228972458 {\n  width: 100%;\n}\n<\/style>\n\t<\/div>\n\t\n\n\n\t\t<\/div>\n\t\t\t\t\t<\/div>\n\n\t\n\n<\/div>\n\n\t<section class=\"section\" id=\"section_231242577\">\n\t\t<div class=\"section-bg fill\" >\n\t\t\t\t\t\t\t\t\t\n\t\t\t\n\n\t\t<\/div>\n\n\t\t\n\n\t\t<div class=\"section-content relative\">\n\t\t\t\n\n<div class=\"row\"  id=\"row-1390066675\">\n\n\n\t<div id=\"col-1970692885\" class=\"col small-12 large-12\"  >\n\t\t\t\t<div class=\"col-inner\"  >\n\t\t\t\n\t\t\t\n\n\t<div id=\"text-2572032651\" class=\"text\">\n\t\t\n\n<h1 style=\"text-align: center;\">COCKTAILS \u00c0 LA PAST\u00c8QUE<\/h1>\n\t\t\n<style>\n#text-2572032651 {\n  font-size: 2.25rem;\n}\n<\/style>\n\t<\/div>\n\t\n\n  \n    <div class=\"row large-columns-3 medium-columns-1 small-columns-1 slider row-slider slider-nav-reveal slider-nav-push\"  data-flickity-options='{&quot;imagesLoaded&quot;: true, &quot;groupCells&quot;: &quot;100%&quot;, &quot;dragThreshold&quot; : 5, &quot;cellAlign&quot;: &quot;left&quot;,&quot;wrapAround&quot;: true,&quot;prevNextButtons&quot;: true,&quot;percentPosition&quot;: true,&quot;pageDots&quot;: false, &quot;rightToLeft&quot;: false, &quot;autoPlay&quot; : false}' >\n\n  <\/div>\n\n<a href=\"https:\/\/www.amsterdamrepublic.com\/fr\/cocktails\/\" class=\"button primary is-large expand\" style=\"border-radius:10px;padding:10px 30px 10px 30px;\">\n\t\t<span>COCKTAILS \u00c0 LA PAST\u00c8QUE<\/span>\n\t<\/a>\n\n\n\n\t\t<\/div>\n\t\t\t\t\t<\/div>\n\n\t\n\n\n<style>\n#row-1390066675 > .col > .col-inner {\n  background-color: rgb(254, 212, 212);\n}\n<\/style>\n<\/div>\n\n\t\t<\/div>\n\n\t\t\n<style>\n#section_231242577 {\n  padding-top: 30px;\n  padding-bottom: 30px;\n  background-color: rgb(254, 212, 212);\n}\n<\/style>\n\t<\/section>\n\t\n","protected":false},"excerpt":{"rendered":"<p>Le go\u00fbt juteux et sucr\u00e9 de la past\u00e8que associ\u00e9 \u00e0 la finale douce de notre <span style=\"text-decoration: underline;\"><strong><a href=\"https:\/\/www.amsterdamrepublic.com\/fr\/produit\/vodka-premium-damsterdam\/\">vodka de qualit\u00e9 sup\u00e9rieure<\/a><\/strong><\/span>. C\u2019est la base id\u00e9ale pour ton prochain cocktail pr\u00e9f\u00e9r\u00e9. <\/p>\n<p>D\u00e9licieuse vodka past\u00e8que onctueuse, pour cocktails ou \u00e0 d\u00e9guster pure<\/p>\n<p>Un produit authentiquement local d\u2019Amsterdam<\/p>\n<p>\u00c9labor\u00e9e \u00e0 partir de c\u00e9r\u00e9ales biologiques<\/p>\n<p>Livret de cocktails gratuit<\/p>\n","protected":false},"featured_media":31002,"comment_status":"open","ping_status":"closed","template":"","meta":{"bwfblock_default_font":""},"product_brand":[],"product_cat":[309,308],"product_tag":[],"class_list":{"0":"post-31001","1":"product","2":"type-product","3":"status-publish","4":"has-post-thumbnail","6":"product_cat-vodkas-premium","7":"product_cat-editions-limitees-speciaux","9":"first","10":"instock","11":"sale","12":"taxable","13":"shipping-taxable","14":"purchasable","15":"product-type-simple"},"_links":{"self":[{"href":"https:\/\/www.amsterdamrepublic.com\/fr\/wp-json\/wp\/v2\/product\/31001","targetHints":{"allow":["GET"]}}],"collection":[{"href":"https:\/\/www.amsterdamrepublic.com\/fr\/wp-json\/wp\/v2\/product"}],"about":[{"href":"https:\/\/www.amsterdamrepublic.com\/fr\/wp-json\/wp\/v2\/types\/product"}],"replies":[{"embeddable":true,"href":"https:\/\/www.amsterdamrepublic.com\/fr\/wp-json\/wp\/v2\/comments?post=31001"}],"wp:featuredmedia":[{"embeddable":true,"href":"https:\/\/www.amsterdamrepublic.com\/fr\/wp-json\/wp\/v2\/media\/31002"}],"wp:attachment":[{"href":"https:\/\/www.amsterdamrepublic.com\/fr\/wp-json\/wp\/v2\/media?parent=31001"}],"wp:term":[{"taxonomy":"product_brand","embeddable":true,"href":"https:\/\/www.amsterdamrepublic.com\/fr\/wp-json\/wp\/v2\/product_brand?post=31001"},{"taxonomy":"product_cat","embeddable":true,"href":"https:\/\/www.amsterdamrepublic.com\/fr\/wp-json\/wp\/v2\/product_cat?post=31001"},{"taxonomy":"product_tag","embeddable":true,"href":"https:\/\/www.amsterdamrepublic.com\/fr\/wp-json\/wp\/v2\/product_tag?post=31001"}],"curies":[{"name":"wp","href":"https:\/\/api.w.org\/{rel}","templated":true}]}}